{"id":375,"date":"2024-03-16T09:42:06","date_gmt":"2024-03-16T09:42:06","guid":{"rendered":"https:\/\/floratiara.com\/?post_type=product&#038;p=375"},"modified":"2024-12-12T01:44:41","modified_gmt":"2024-12-12T01:44:41","slug":"tiara-com-grinalda-floral-para-cabelo-de-casamento","status":"publish","type":"product","link":"https:\/\/floratiara.com\/pt\/p\/tiara-com-grinalda-floral-para-cabelo-de-casamento\/","title":{"rendered":"Chap\u00e9u de noiva com coroa de flores de rosa encantadora"},"content":{"rendered":"<p>Descubra o auge da eleg\u00e2ncia floral com a nossa requintada coroa de flores Bridal Rose. Este toucado artesanal, com uma mistura rom\u00e2ntica de rosas brancas e cor de vinho, flores de clematis e bagas caprichosas, \u00e9 a derradeira afirma\u00e7\u00e3o da gra\u00e7a nupcial. O design ajust\u00e1vel garante um ajuste perfeito para qualquer adulto ou crian\u00e7a, oferecendo versatilidade e conforto. Ideal para casamentos, celebra\u00e7\u00f5es e eventos especiais, esta luxuosa coroa transcende o comum, transformando o seu estilo numa deslumbrante vis\u00e3o de beleza bot\u00e2nica. Eleve o seu traje com este acess\u00f3rio de cortar a respira\u00e7\u00e3o e torne o seu momento inesquec\u00edvel.<\/p><p>Composi\u00e7\u00e3o: rosas cor de vinho, rosas brancas, clematite branca, bagas cor-de-rosa claro, bot\u00f5es brancos, folhas verdes.<\/p>","protected":false},"excerpt":{"rendered":"<div style=\"width: 90%;text-align: left;margin: auto\"><p style=\"text-align:center\"><b>\ud83d\udc51 Das nossas m\u00e3os para a tua cabe\u00e7a<\/b><br \/><i>Coroas de flores de luxo para todas as ocasi\u00f5es<\/i><\/p><ul><li>\u2702\ufe0f Criado com cuidado no cora\u00e7\u00e3o de <b>Portugal<\/b><\/li><li><b>Composi\u00e7\u00e3o: rosas borgonha, rosas brancas, clematis brancas, bagas rosa claro, bot\u00f5es brancos, folhas verdes.<\/b><\/li><\/ul><\/div>","protected":false},"featured_media":373,"template":"","meta":[],"product_brand":[],"product_cat":[61,79,77,59],"product_tag":[],"class_list":{"0":"post-375","1":"product","2":"type-product","3":"status-publish","4":"has-post-thumbnail","6":"product_cat-bridesmaid-floral-headpiece","7":"product_cat-real-floral-headpiece","8":"product_cat-red-floral-headpiece","9":"product_cat-bridal-floral-headpiece","11":"first","12":"instock","13":"shipping-taxable","14":"purchasable","15":"product-type-simple"},"yoast_head":"<!-- This site is optimized with the Yoast SEO plugin v25.9 - https:\/\/yoast.com\/wordpress\/plugins\/seo\/ -->\n<title>Enchanting Bridal Rose Flower Crown Headpiece - Flora Tiara<\/title>\n<meta name=\"description\" content=\"Unique and beautiful: Shop our Enchanting Bridal Rose Flower Crown Headpiece. Premium high quality headpiece to make the occasion unforgettable.\" \/>\n<meta name=\"robots\" content=\"index, follow, max-snippet:-1, max-image-preview:large, max-video-preview:-1\" \/>\n<link rel=\"canonical\" href=\"https:\/\/floratiara.com\/pt\/p\/tiara-com-grinalda-floral-para-cabelo-de-casamento\/\" \/>\n<meta property=\"og:locale\" content=\"pt_PT\" \/>\n<meta property=\"og:type\" content=\"article\" \/>\n<meta property=\"og:title\" content=\"Enchanting Bridal Rose Flower Crown Headpiece - Flora Tiara\" \/>\n<meta property=\"og:description\" content=\"Unique and beautiful: Shop our Enchanting Bridal Rose Flower Crown Headpiece. Premium high quality headpiece to make the occasion unforgettable.\" \/>\n<meta property=\"og:url\" content=\"https:\/\/floratiara.com\/pt\/p\/tiara-com-grinalda-floral-para-cabelo-de-casamento\/\" \/>\n<meta property=\"og:site_name\" content=\"Flora Tiara\" \/>\n<meta property=\"article:modified_time\" content=\"2024-12-12T01:44:41+00:00\" \/>\n<meta property=\"og:image\" content=\"https:\/\/floratiara.com\/wp-content\/uploads\/2024\/03\/H6142e1049a974740a118fac78689a834x.webp\" \/>\n\t<meta property=\"og:image:width\" content=\"1500\" \/>\n\t<meta property=\"og:image:height\" content=\"1500\" \/>\n\t<meta property=\"og:image:type\" content=\"image\/webp\" \/>\n<meta name=\"twitter:card\" content=\"summary_large_image\" \/>\n<meta name=\"twitter:label1\" content=\"Tempo estimado de leitura\" \/>\n\t<meta name=\"twitter:data1\" content=\"8 minutos\" \/>\n<script type=\"application\/ld+json\" class=\"yoast-schema-graph\">{\"@context\":\"https:\/\/schema.org\",\"@graph\":[{\"@type\":\"WebPage\",\"@id\":\"https:\/\/floratiara.com\/p\/floral-wedding-hair-garland-tiara\/\",\"url\":\"https:\/\/floratiara.com\/p\/floral-wedding-hair-garland-tiara\/\",\"name\":\"Enchanting Bridal Rose Flower Crown Headpiece - Flora Tiara\",\"isPartOf\":{\"@id\":\"https:\/\/floratiara.com\/#website\"},\"primaryImageOfPage\":{\"@id\":\"https:\/\/floratiara.com\/p\/floral-wedding-hair-garland-tiara\/#primaryimage\"},\"image\":{\"@id\":\"https:\/\/floratiara.com\/p\/floral-wedding-hair-garland-tiara\/#primaryimage\"},\"thumbnailUrl\":\"https:\/\/floratiara.com\/wp-content\/uploads\/2024\/03\/H6142e1049a974740a118fac78689a834x.webp\",\"datePublished\":\"2024-03-16T09:42:06+00:00\",\"dateModified\":\"2024-12-12T01:44:41+00:00\",\"description\":\"Unique and beautiful: Shop our Enchanting Bridal Rose Flower Crown Headpiece. Premium high quality headpiece to make the occasion unforgettable.\",\"breadcrumb\":{\"@id\":\"https:\/\/floratiara.com\/p\/floral-wedding-hair-garland-tiara\/#breadcrumb\"},\"inLanguage\":\"pt-PT\",\"potentialAction\":[{\"@type\":\"ReadAction\",\"target\":[\"https:\/\/floratiara.com\/p\/floral-wedding-hair-garland-tiara\/\"]}]},{\"@type\":\"ImageObject\",\"inLanguage\":\"pt-PT\",\"@id\":\"https:\/\/floratiara.com\/p\/floral-wedding-hair-garland-tiara\/#primaryimage\",\"url\":\"https:\/\/floratiara.com\/wp-content\/uploads\/2024\/03\/H6142e1049a974740a118fac78689a834x.webp\",\"contentUrl\":\"https:\/\/floratiara.com\/wp-content\/uploads\/2024\/03\/H6142e1049a974740a118fac78689a834x.webp\",\"width\":1500,\"height\":1500},{\"@type\":\"BreadcrumbList\",\"@id\":\"https:\/\/floratiara.com\/p\/floral-wedding-hair-garland-tiara\/#breadcrumb\",\"itemListElement\":[{\"@type\":\"ListItem\",\"position\":1,\"name\":\"Home\",\"item\":\"https:\/\/floratiara.com\/\"},{\"@type\":\"ListItem\",\"position\":2,\"name\":\"Shop\",\"item\":\"https:\/\/floratiara.com\/shop\/\"},{\"@type\":\"ListItem\",\"position\":3,\"name\":\"Enchanting Bridal Rose Flower Crown Headpiece\"}]},{\"@type\":\"WebSite\",\"@id\":\"https:\/\/floratiara.com\/#website\",\"url\":\"https:\/\/floratiara.com\/\",\"name\":\"Flora Tiara\",\"description\":\"\",\"publisher\":{\"@id\":\"https:\/\/floratiara.com\/#organization\"},\"potentialAction\":[{\"@type\":\"SearchAction\",\"target\":{\"@type\":\"EntryPoint\",\"urlTemplate\":\"https:\/\/floratiara.com\/?s={search_term_string}\"},\"query-input\":{\"@type\":\"PropertyValueSpecification\",\"valueRequired\":true,\"valueName\":\"search_term_string\"}}],\"inLanguage\":\"pt-PT\"},{\"@type\":\"Organization\",\"@id\":\"https:\/\/floratiara.com\/#organization\",\"name\":\"Flora Tiara\",\"url\":\"https:\/\/floratiara.com\/\",\"logo\":{\"@type\":\"ImageObject\",\"inLanguage\":\"pt-PT\",\"@id\":\"https:\/\/floratiara.com\/#\/schema\/logo\/image\/\",\"url\":\"https:\/\/floratiara.com\/wp-content\/uploads\/2024\/03\/flora-tiara-logo.png\",\"contentUrl\":\"https:\/\/floratiara.com\/wp-content\/uploads\/2024\/03\/flora-tiara-logo.png\",\"width\":1024,\"height\":274,\"caption\":\"Flora Tiara\"},\"image\":{\"@id\":\"https:\/\/floratiara.com\/#\/schema\/logo\/image\/\"}}]}<\/script>\n<!-- \/ Yoast SEO plugin. -->","yoast_head_json":{"title":"Coroa de flores de rosas para noivas - Flora Tiara","description":"\u00danica e bonita: Compre o nosso capacete de coroa de flores de rosas de noiva encantador. Um toucado de alta qualidade para tornar a ocasi\u00e3o inesquec\u00edvel.","robots":{"index":"index","follow":"follow","max-snippet":"max-snippet:-1","max-image-preview":"max-image-preview:large","max-video-preview":"max-video-preview:-1"},"canonical":"https:\/\/floratiara.com\/pt\/p\/tiara-com-grinalda-floral-para-cabelo-de-casamento\/","og_locale":"pt_PT","og_type":"article","og_title":"Enchanting Bridal Rose Flower Crown Headpiece - Flora Tiara","og_description":"Unique and beautiful: Shop our Enchanting Bridal Rose Flower Crown Headpiece. Premium high quality headpiece to make the occasion unforgettable.","og_url":"https:\/\/floratiara.com\/pt\/p\/tiara-com-grinalda-floral-para-cabelo-de-casamento\/","og_site_name":"Flora Tiara","article_modified_time":"2024-12-12T01:44:41+00:00","og_image":[{"width":1500,"height":1500,"url":"https:\/\/floratiara.com\/wp-content\/uploads\/2024\/03\/H6142e1049a974740a118fac78689a834x.webp","type":"image\/webp"}],"twitter_card":"summary_large_image","twitter_misc":{"Tempo estimado de leitura":"8 minutos"},"schema":{"@context":"https:\/\/schema.org","@graph":[{"@type":"WebPage","@id":"https:\/\/floratiara.com\/p\/floral-wedding-hair-garland-tiara\/","url":"https:\/\/floratiara.com\/p\/floral-wedding-hair-garland-tiara\/","name":"Coroa de flores de rosas para noivas - Flora Tiara","isPartOf":{"@id":"https:\/\/floratiara.com\/#website"},"primaryImageOfPage":{"@id":"https:\/\/floratiara.com\/p\/floral-wedding-hair-garland-tiara\/#primaryimage"},"image":{"@id":"https:\/\/floratiara.com\/p\/floral-wedding-hair-garland-tiara\/#primaryimage"},"thumbnailUrl":"https:\/\/floratiara.com\/wp-content\/uploads\/2024\/03\/H6142e1049a974740a118fac78689a834x.webp","datePublished":"2024-03-16T09:42:06+00:00","dateModified":"2024-12-12T01:44:41+00:00","description":"\u00danica e bonita: Compre o nosso capacete de coroa de flores de rosas de noiva encantador. Um toucado de alta qualidade para tornar a ocasi\u00e3o inesquec\u00edvel.","breadcrumb":{"@id":"https:\/\/floratiara.com\/p\/floral-wedding-hair-garland-tiara\/#breadcrumb"},"inLanguage":"pt-PT","potentialAction":[{"@type":"ReadAction","target":["https:\/\/floratiara.com\/p\/floral-wedding-hair-garland-tiara\/"]}]},{"@type":"ImageObject","inLanguage":"pt-PT","@id":"https:\/\/floratiara.com\/p\/floral-wedding-hair-garland-tiara\/#primaryimage","url":"https:\/\/floratiara.com\/wp-content\/uploads\/2024\/03\/H6142e1049a974740a118fac78689a834x.webp","contentUrl":"https:\/\/floratiara.com\/wp-content\/uploads\/2024\/03\/H6142e1049a974740a118fac78689a834x.webp","width":1500,"height":1500},{"@type":"BreadcrumbList","@id":"https:\/\/floratiara.com\/p\/floral-wedding-hair-garland-tiara\/#breadcrumb","itemListElement":[{"@type":"ListItem","position":1,"name":"Home","item":"https:\/\/floratiara.com\/"},{"@type":"ListItem","position":2,"name":"Shop","item":"https:\/\/floratiara.com\/shop\/"},{"@type":"ListItem","position":3,"name":"Enchanting Bridal Rose Flower Crown Headpiece"}]},{"@type":"WebSite","@id":"https:\/\/floratiara.com\/#website","url":"https:\/\/floratiara.com\/","name":"Flora Tiara","description":"","publisher":{"@id":"https:\/\/floratiara.com\/#organization"},"potentialAction":[{"@type":"SearchAction","target":{"@type":"EntryPoint","urlTemplate":"https:\/\/floratiara.com\/?s={search_term_string}"},"query-input":{"@type":"PropertyValueSpecification","valueRequired":true,"valueName":"search_term_string"}}],"inLanguage":"pt-PT"},{"@type":"Organization","@id":"https:\/\/floratiara.com\/#organization","name":"Flora Tiara","url":"https:\/\/floratiara.com\/","logo":{"@type":"ImageObject","inLanguage":"pt-PT","@id":"https:\/\/floratiara.com\/#\/schema\/logo\/image\/","url":"https:\/\/floratiara.com\/wp-content\/uploads\/2024\/03\/flora-tiara-logo.png","contentUrl":"https:\/\/floratiara.com\/wp-content\/uploads\/2024\/03\/flora-tiara-logo.png","width":1024,"height":274,"caption":"Flora Tiara"},"image":{"@id":"https:\/\/floratiara.com\/#\/schema\/logo\/image\/"}}]}},"_links":{"self":[{"href":"https:\/\/floratiara.com\/pt\/wp-json\/wp\/v2\/product\/375","targetHints":{"allow":["GET"]}}],"collection":[{"href":"https:\/\/floratiara.com\/pt\/wp-json\/wp\/v2\/product"}],"about":[{"href":"https:\/\/floratiara.com\/pt\/wp-json\/wp\/v2\/types\/product"}],"wp:featuredmedia":[{"embeddable":true,"href":"https:\/\/floratiara.com\/pt\/wp-json\/wp\/v2\/media\/373"}],"wp:attachment":[{"href":"https:\/\/floratiara.com\/pt\/wp-json\/wp\/v2\/media?parent=375"}],"wp:term":[{"taxonomy":"product_brand","embeddable":true,"href":"https:\/\/floratiara.com\/pt\/wp-json\/wp\/v2\/product_brand?post=375"},{"taxonomy":"product_cat","embeddable":true,"href":"https:\/\/floratiara.com\/pt\/wp-json\/wp\/v2\/product_cat?post=375"},{"taxonomy":"product_tag","embeddable":true,"href":"https:\/\/floratiara.com\/pt\/wp-json\/wp\/v2\/product_tag?post=375"}],"curies":[{"name":"wp","href":"https:\/\/api.w.org\/{rel}","templated":true}]}}