{"id":422,"date":"2024-03-16T09:43:13","date_gmt":"2024-03-16T09:43:13","guid":{"rendered":"https:\/\/floratiara.com\/?post_type=product&#038;p=422"},"modified":"2024-12-12T01:43:47","modified_gmt":"2024-12-12T01:43:47","slug":"elegante-bandolete-floral-seraphina","status":"publish","type":"product","link":"https:\/\/floratiara.com\/pt\/p\/elegante-bandolete-floral-seraphina\/","title":{"rendered":"Coroa de flores para noivas Seraphina - Toucado festivo"},"content":{"rendered":"<p>Eleve o estilo do seu evento com a nossa Seraphina Bridal Flower Crown, uma obra-prima de eleg\u00e2ncia e charme natural. Este toucado artesanal combina an\u00e9monas brancas imaculadas, fr\u00e9sias e snapdragons, acentuados por bagas e folhagem verde exuberante de hypericum. Perfeito para noivas, \u00e9 tamb\u00e9m ideal para festas no jardim e saraus, acrescentando um toque de sofistica\u00e7\u00e3o a qualquer penteado. Com o seu design ajust\u00e1vel, adapta-se a todas. Use a encantadora Seraphina Crown para um toque de gra\u00e7a bot\u00e2nica e torne os seus momentos especiais inesquec\u00edveis.<\/p><p>Composi\u00e7\u00e3o: an\u00e9monas brancas, fr\u00e9sias brancas, bagas verdes de hypericum, snapdragons brancos e verdura variada.<\/p>","protected":false},"excerpt":{"rendered":"<div style=\"width: 90%;text-align: left;margin: auto\"><p style=\"text-align:center\"><b>\ud83d\udc51 Das nossas m\u00e3os para a tua cabe\u00e7a<\/b><br \/><i>Coroas de flores de luxo para todas as ocasi\u00f5es<\/i><\/p><ul><li>\u2702\ufe0f Criado com cuidado no cora\u00e7\u00e3o de <b>Portugal<\/b><\/li><li><b>Composi\u00e7\u00e3o: an\u00e9monas brancas, fr\u00e9sias brancas, bagas verdes de hypericum, snapdragons brancos e verdura variada.<\/b><\/li><\/ul><\/div>","protected":false},"featured_media":421,"template":"","meta":[],"product_brand":[],"product_cat":[62,60,59,71],"product_tag":[],"class_list":{"0":"post-422","1":"product","2":"type-product","3":"status-publish","4":"has-post-thumbnail","6":"product_cat-communion-floral-headpiece","7":"product_cat-floral-headpiece-flower-girl","8":"product_cat-bridal-floral-headpiece","9":"product_cat-white-floral-headpiece","11":"first","12":"instock","13":"shipping-taxable","14":"purchasable","15":"product-type-simple"},"yoast_head":"<!-- This site is optimized with the Yoast SEO plugin v25.9 - https:\/\/yoast.com\/wordpress\/plugins\/seo\/ -->\n<title>Seraphina Bridal Flower Crown - Festive Headwear - Flora Tiara<\/title>\n<meta name=\"description\" content=\"Unique and beautiful: Shop our Seraphina Bridal Flower Crown - Festive Headwear. Premium high quality headpiece to make the occasion unforgettable.\" \/>\n<meta name=\"robots\" content=\"index, follow, max-snippet:-1, max-image-preview:large, max-video-preview:-1\" \/>\n<link rel=\"canonical\" href=\"https:\/\/floratiara.com\/pt\/p\/elegante-bandolete-floral-seraphina\/\" \/>\n<meta property=\"og:locale\" content=\"pt_PT\" \/>\n<meta property=\"og:type\" content=\"article\" \/>\n<meta property=\"og:title\" content=\"Seraphina Bridal Flower Crown - Festive Headwear - Flora Tiara\" \/>\n<meta property=\"og:description\" content=\"Unique and beautiful: Shop our Seraphina Bridal Flower Crown - Festive Headwear. Premium high quality headpiece to make the occasion unforgettable.\" \/>\n<meta property=\"og:url\" content=\"https:\/\/floratiara.com\/pt\/p\/elegante-bandolete-floral-seraphina\/\" \/>\n<meta property=\"og:site_name\" content=\"Flora Tiara\" \/>\n<meta property=\"article:modified_time\" content=\"2024-12-12T01:43:47+00:00\" \/>\n<meta property=\"og:image\" content=\"https:\/\/floratiara.com\/wp-content\/uploads\/2024\/03\/S9ce3d0c9ec5645a2982d0e1cff1053389.webp\" \/>\n\t<meta property=\"og:image:width\" content=\"1500\" \/>\n\t<meta property=\"og:image:height\" content=\"1500\" \/>\n\t<meta property=\"og:image:type\" content=\"image\/webp\" \/>\n<meta name=\"twitter:card\" content=\"summary_large_image\" \/>\n<meta name=\"twitter:label1\" content=\"Tempo estimado de leitura\" \/>\n\t<meta name=\"twitter:data1\" content=\"5 minutos\" \/>\n<script type=\"application\/ld+json\" class=\"yoast-schema-graph\">{\"@context\":\"https:\/\/schema.org\",\"@graph\":[{\"@type\":\"WebPage\",\"@id\":\"https:\/\/floratiara.com\/p\/elegant-seraphina-floral-headband\/\",\"url\":\"https:\/\/floratiara.com\/p\/elegant-seraphina-floral-headband\/\",\"name\":\"Seraphina Bridal Flower Crown - Festive Headwear - Flora Tiara\",\"isPartOf\":{\"@id\":\"https:\/\/floratiara.com\/#website\"},\"primaryImageOfPage\":{\"@id\":\"https:\/\/floratiara.com\/p\/elegant-seraphina-floral-headband\/#primaryimage\"},\"image\":{\"@id\":\"https:\/\/floratiara.com\/p\/elegant-seraphina-floral-headband\/#primaryimage\"},\"thumbnailUrl\":\"https:\/\/floratiara.com\/wp-content\/uploads\/2024\/03\/S9ce3d0c9ec5645a2982d0e1cff1053389.webp\",\"datePublished\":\"2024-03-16T09:43:13+00:00\",\"dateModified\":\"2024-12-12T01:43:47+00:00\",\"description\":\"Unique and beautiful: Shop our Seraphina Bridal Flower Crown - Festive Headwear. Premium high quality headpiece to make the occasion unforgettable.\",\"breadcrumb\":{\"@id\":\"https:\/\/floratiara.com\/p\/elegant-seraphina-floral-headband\/#breadcrumb\"},\"inLanguage\":\"pt-PT\",\"potentialAction\":[{\"@type\":\"ReadAction\",\"target\":[\"https:\/\/floratiara.com\/p\/elegant-seraphina-floral-headband\/\"]}]},{\"@type\":\"ImageObject\",\"inLanguage\":\"pt-PT\",\"@id\":\"https:\/\/floratiara.com\/p\/elegant-seraphina-floral-headband\/#primaryimage\",\"url\":\"https:\/\/floratiara.com\/wp-content\/uploads\/2024\/03\/S9ce3d0c9ec5645a2982d0e1cff1053389.webp\",\"contentUrl\":\"https:\/\/floratiara.com\/wp-content\/uploads\/2024\/03\/S9ce3d0c9ec5645a2982d0e1cff1053389.webp\",\"width\":1500,\"height\":1500},{\"@type\":\"BreadcrumbList\",\"@id\":\"https:\/\/floratiara.com\/p\/elegant-seraphina-floral-headband\/#breadcrumb\",\"itemListElement\":[{\"@type\":\"ListItem\",\"position\":1,\"name\":\"Home\",\"item\":\"https:\/\/floratiara.com\/\"},{\"@type\":\"ListItem\",\"position\":2,\"name\":\"Shop\",\"item\":\"https:\/\/floratiara.com\/shop\/\"},{\"@type\":\"ListItem\",\"position\":3,\"name\":\"Seraphina Bridal Flower Crown &#8211; Festive Headwear\"}]},{\"@type\":\"WebSite\",\"@id\":\"https:\/\/floratiara.com\/#website\",\"url\":\"https:\/\/floratiara.com\/\",\"name\":\"Flora Tiara\",\"description\":\"\",\"publisher\":{\"@id\":\"https:\/\/floratiara.com\/#organization\"},\"potentialAction\":[{\"@type\":\"SearchAction\",\"target\":{\"@type\":\"EntryPoint\",\"urlTemplate\":\"https:\/\/floratiara.com\/?s={search_term_string}\"},\"query-input\":{\"@type\":\"PropertyValueSpecification\",\"valueRequired\":true,\"valueName\":\"search_term_string\"}}],\"inLanguage\":\"pt-PT\"},{\"@type\":\"Organization\",\"@id\":\"https:\/\/floratiara.com\/#organization\",\"name\":\"Flora Tiara\",\"url\":\"https:\/\/floratiara.com\/\",\"logo\":{\"@type\":\"ImageObject\",\"inLanguage\":\"pt-PT\",\"@id\":\"https:\/\/floratiara.com\/#\/schema\/logo\/image\/\",\"url\":\"https:\/\/floratiara.com\/wp-content\/uploads\/2024\/03\/flora-tiara-logo.png\",\"contentUrl\":\"https:\/\/floratiara.com\/wp-content\/uploads\/2024\/03\/flora-tiara-logo.png\",\"width\":1024,\"height\":274,\"caption\":\"Flora Tiara\"},\"image\":{\"@id\":\"https:\/\/floratiara.com\/#\/schema\/logo\/image\/\"}}]}<\/script>\n<!-- \/ Yoast SEO plugin. -->","yoast_head_json":{"title":"Coroa de flores para noivas Seraphina - Toucado festivo - Flora Tiara","description":"\u00danica e bonita: Compre a nossa coroa de flores de noiva Seraphina - toucado festivo. Um toucado de alta qualidade para tornar a ocasi\u00e3o inesquec\u00edvel.","robots":{"index":"index","follow":"follow","max-snippet":"max-snippet:-1","max-image-preview":"max-image-preview:large","max-video-preview":"max-video-preview:-1"},"canonical":"https:\/\/floratiara.com\/pt\/p\/elegante-bandolete-floral-seraphina\/","og_locale":"pt_PT","og_type":"article","og_title":"Seraphina Bridal Flower Crown - Festive Headwear - Flora Tiara","og_description":"Unique and beautiful: Shop our Seraphina Bridal Flower Crown - Festive Headwear. Premium high quality headpiece to make the occasion unforgettable.","og_url":"https:\/\/floratiara.com\/pt\/p\/elegante-bandolete-floral-seraphina\/","og_site_name":"Flora Tiara","article_modified_time":"2024-12-12T01:43:47+00:00","og_image":[{"width":1500,"height":1500,"url":"https:\/\/floratiara.com\/wp-content\/uploads\/2024\/03\/S9ce3d0c9ec5645a2982d0e1cff1053389.webp","type":"image\/webp"}],"twitter_card":"summary_large_image","twitter_misc":{"Tempo estimado de leitura":"5 minutos"},"schema":{"@context":"https:\/\/schema.org","@graph":[{"@type":"WebPage","@id":"https:\/\/floratiara.com\/p\/elegant-seraphina-floral-headband\/","url":"https:\/\/floratiara.com\/p\/elegant-seraphina-floral-headband\/","name":"Coroa de flores para noivas Seraphina - Toucado festivo - Flora Tiara","isPartOf":{"@id":"https:\/\/floratiara.com\/#website"},"primaryImageOfPage":{"@id":"https:\/\/floratiara.com\/p\/elegant-seraphina-floral-headband\/#primaryimage"},"image":{"@id":"https:\/\/floratiara.com\/p\/elegant-seraphina-floral-headband\/#primaryimage"},"thumbnailUrl":"https:\/\/floratiara.com\/wp-content\/uploads\/2024\/03\/S9ce3d0c9ec5645a2982d0e1cff1053389.webp","datePublished":"2024-03-16T09:43:13+00:00","dateModified":"2024-12-12T01:43:47+00:00","description":"\u00danica e bonita: Compre a nossa coroa de flores de noiva Seraphina - toucado festivo. Um toucado de alta qualidade para tornar a ocasi\u00e3o inesquec\u00edvel.","breadcrumb":{"@id":"https:\/\/floratiara.com\/p\/elegant-seraphina-floral-headband\/#breadcrumb"},"inLanguage":"pt-PT","potentialAction":[{"@type":"ReadAction","target":["https:\/\/floratiara.com\/p\/elegant-seraphina-floral-headband\/"]}]},{"@type":"ImageObject","inLanguage":"pt-PT","@id":"https:\/\/floratiara.com\/p\/elegant-seraphina-floral-headband\/#primaryimage","url":"https:\/\/floratiara.com\/wp-content\/uploads\/2024\/03\/S9ce3d0c9ec5645a2982d0e1cff1053389.webp","contentUrl":"https:\/\/floratiara.com\/wp-content\/uploads\/2024\/03\/S9ce3d0c9ec5645a2982d0e1cff1053389.webp","width":1500,"height":1500},{"@type":"BreadcrumbList","@id":"https:\/\/floratiara.com\/p\/elegant-seraphina-floral-headband\/#breadcrumb","itemListElement":[{"@type":"ListItem","position":1,"name":"Home","item":"https:\/\/floratiara.com\/"},{"@type":"ListItem","position":2,"name":"Shop","item":"https:\/\/floratiara.com\/shop\/"},{"@type":"ListItem","position":3,"name":"Seraphina Bridal Flower Crown &#8211; Festive Headwear"}]},{"@type":"WebSite","@id":"https:\/\/floratiara.com\/#website","url":"https:\/\/floratiara.com\/","name":"Flora Tiara","description":"","publisher":{"@id":"https:\/\/floratiara.com\/#organization"},"potentialAction":[{"@type":"SearchAction","target":{"@type":"EntryPoint","urlTemplate":"https:\/\/floratiara.com\/?s={search_term_string}"},"query-input":{"@type":"PropertyValueSpecification","valueRequired":true,"valueName":"search_term_string"}}],"inLanguage":"pt-PT"},{"@type":"Organization","@id":"https:\/\/floratiara.com\/#organization","name":"Flora Tiara","url":"https:\/\/floratiara.com\/","logo":{"@type":"ImageObject","inLanguage":"pt-PT","@id":"https:\/\/floratiara.com\/#\/schema\/logo\/image\/","url":"https:\/\/floratiara.com\/wp-content\/uploads\/2024\/03\/flora-tiara-logo.png","contentUrl":"https:\/\/floratiara.com\/wp-content\/uploads\/2024\/03\/flora-tiara-logo.png","width":1024,"height":274,"caption":"Flora Tiara"},"image":{"@id":"https:\/\/floratiara.com\/#\/schema\/logo\/image\/"}}]}},"_links":{"self":[{"href":"https:\/\/floratiara.com\/pt\/wp-json\/wp\/v2\/product\/422","targetHints":{"allow":["GET"]}}],"collection":[{"href":"https:\/\/floratiara.com\/pt\/wp-json\/wp\/v2\/product"}],"about":[{"href":"https:\/\/floratiara.com\/pt\/wp-json\/wp\/v2\/types\/product"}],"wp:featuredmedia":[{"embeddable":true,"href":"https:\/\/floratiara.com\/pt\/wp-json\/wp\/v2\/media\/421"}],"wp:attachment":[{"href":"https:\/\/floratiara.com\/pt\/wp-json\/wp\/v2\/media?parent=422"}],"wp:term":[{"taxonomy":"product_brand","embeddable":true,"href":"https:\/\/floratiara.com\/pt\/wp-json\/wp\/v2\/product_brand?post=422"},{"taxonomy":"product_cat","embeddable":true,"href":"https:\/\/floratiara.com\/pt\/wp-json\/wp\/v2\/product_cat?post=422"},{"taxonomy":"product_tag","embeddable":true,"href":"https:\/\/floratiara.com\/pt\/wp-json\/wp\/v2\/product_tag?post=422"}],"curies":[{"name":"wp","href":"https:\/\/api.w.org\/{rel}","templated":true}]}}