{"id":445,"date":"2024-03-16T09:44:22","date_gmt":"2024-03-16T09:44:22","guid":{"rendered":"https:\/\/floratiara.com\/?post_type=product&#038;p=445"},"modified":"2024-12-12T01:43:24","modified_gmt":"2024-12-12T01:43:24","slug":"bandolete-floral-para-casamento-elegancia","status":"publish","type":"product","link":"https:\/\/floratiara.com\/pt\/p\/bandolete-floral-para-casamento-elegancia\/","title":{"rendered":"Tiara de noiva com coroa de flores Serenity"},"content":{"rendered":"<p>Descubra o ep\u00edtome da gra\u00e7a com a nossa coroa de flores Serenity, uma pe\u00e7a que exala tranquilidade e eleg\u00e2ncia. Com a sua mistura et\u00e9rea de rosas brancas e orqu\u00eddeas azuis, em contraste com vegeta\u00e7\u00e3o verdejante e subtis flores azuis, este toucado \u00e9 o pin\u00e1culo da sofistica\u00e7\u00e3o. Perfeito para noivas, festivaleiros ou para dar um toque floral refinado a qualquer visual, foi concebido para elevar o seu estilo e transport\u00e1-la para um mundo de majestade calma. Transforme o seu dia especial e capte olhares de admira\u00e7\u00e3o com esta encantadora coroa floral. Abrace a beleza serena hoje mesmo.<\/p><p>Composi\u00e7\u00e3o: rosas brancas, orqu\u00eddeas azuis, verdura, flores azuis de realce.<\/p>","protected":false},"excerpt":{"rendered":"<div style=\"width: 90%;text-align: left;margin: auto\"><p style=\"text-align:center\"><b>\ud83d\udc51 Das nossas m\u00e3os para a tua cabe\u00e7a<\/b><br \/><i>Coroas de flores de luxo para todas as ocasi\u00f5es<\/i><\/p><ul><li>\u2702\ufe0f Criado com cuidado no cora\u00e7\u00e3o de <b>Portugal<\/b><\/li><li><b>\ud83d\udc90 Composi\u00e7\u00e3o: rosas brancas, orqu\u00eddeas azuis, folhagens, flores azuis de realce.<\/b><\/li><\/ul><\/div>","protected":false},"featured_media":444,"template":"","meta":[],"product_brand":[],"product_cat":[72,61,59],"product_tag":[],"class_list":{"0":"post-445","1":"product","2":"type-product","3":"status-publish","4":"has-post-thumbnail","6":"product_cat-blue-floral-headpiece","7":"product_cat-bridesmaid-floral-headpiece","8":"product_cat-bridal-floral-headpiece","10":"first","11":"instock","12":"shipping-taxable","13":"purchasable","14":"product-type-simple"},"yoast_head":"<!-- This site is optimized with the Yoast SEO plugin v25.9 - https:\/\/yoast.com\/wordpress\/plugins\/seo\/ -->\n<title>Serenity Flower Crown Bridal Headpiece - Flora Tiara<\/title>\n<meta name=\"description\" content=\"Unique and beautiful: Shop our Serenity Flower Crown Bridal Headpiece. Premium high quality headpiece to make the occasion unforgettable.\" \/>\n<meta name=\"robots\" content=\"index, follow, max-snippet:-1, max-image-preview:large, max-video-preview:-1\" \/>\n<link rel=\"canonical\" href=\"https:\/\/floratiara.com\/pt\/p\/bandolete-floral-para-casamento-elegancia\/\" \/>\n<meta property=\"og:locale\" content=\"pt_PT\" \/>\n<meta property=\"og:type\" content=\"article\" \/>\n<meta property=\"og:title\" content=\"Serenity Flower Crown Bridal Headpiece - Flora Tiara\" \/>\n<meta property=\"og:description\" content=\"Unique and beautiful: Shop our Serenity Flower Crown Bridal Headpiece. Premium high quality headpiece to make the occasion unforgettable.\" \/>\n<meta property=\"og:url\" content=\"https:\/\/floratiara.com\/pt\/p\/bandolete-floral-para-casamento-elegancia\/\" \/>\n<meta property=\"og:site_name\" content=\"Flora Tiara\" \/>\n<meta property=\"article:modified_time\" content=\"2024-12-12T01:43:24+00:00\" \/>\n<meta property=\"og:image\" content=\"https:\/\/floratiara.com\/wp-content\/uploads\/2024\/03\/Sa87b0613a1604ca5a3d169a48818294c2.webp\" \/>\n\t<meta property=\"og:image:width\" content=\"1500\" \/>\n\t<meta property=\"og:image:height\" content=\"1500\" \/>\n\t<meta property=\"og:image:type\" content=\"image\/webp\" \/>\n<meta name=\"twitter:card\" content=\"summary_large_image\" \/>\n<script type=\"application\/ld+json\" class=\"yoast-schema-graph\">{\"@context\":\"https:\/\/schema.org\",\"@graph\":[{\"@type\":\"WebPage\",\"@id\":\"https:\/\/floratiara.com\/p\/wedding-floral-headband-elegance\/\",\"url\":\"https:\/\/floratiara.com\/p\/wedding-floral-headband-elegance\/\",\"name\":\"Serenity Flower Crown Bridal Headpiece - Flora Tiara\",\"isPartOf\":{\"@id\":\"https:\/\/floratiara.com\/#website\"},\"primaryImageOfPage\":{\"@id\":\"https:\/\/floratiara.com\/p\/wedding-floral-headband-elegance\/#primaryimage\"},\"image\":{\"@id\":\"https:\/\/floratiara.com\/p\/wedding-floral-headband-elegance\/#primaryimage\"},\"thumbnailUrl\":\"https:\/\/floratiara.com\/wp-content\/uploads\/2024\/03\/Sa87b0613a1604ca5a3d169a48818294c2.webp\",\"datePublished\":\"2024-03-16T09:44:22+00:00\",\"dateModified\":\"2024-12-12T01:43:24+00:00\",\"description\":\"Unique and beautiful: Shop our Serenity Flower Crown Bridal Headpiece. Premium high quality headpiece to make the occasion unforgettable.\",\"breadcrumb\":{\"@id\":\"https:\/\/floratiara.com\/p\/wedding-floral-headband-elegance\/#breadcrumb\"},\"inLanguage\":\"pt-PT\",\"potentialAction\":[{\"@type\":\"ReadAction\",\"target\":[\"https:\/\/floratiara.com\/p\/wedding-floral-headband-elegance\/\"]}]},{\"@type\":\"ImageObject\",\"inLanguage\":\"pt-PT\",\"@id\":\"https:\/\/floratiara.com\/p\/wedding-floral-headband-elegance\/#primaryimage\",\"url\":\"https:\/\/floratiara.com\/wp-content\/uploads\/2024\/03\/Sa87b0613a1604ca5a3d169a48818294c2.webp\",\"contentUrl\":\"https:\/\/floratiara.com\/wp-content\/uploads\/2024\/03\/Sa87b0613a1604ca5a3d169a48818294c2.webp\",\"width\":1500,\"height\":1500},{\"@type\":\"BreadcrumbList\",\"@id\":\"https:\/\/floratiara.com\/p\/wedding-floral-headband-elegance\/#breadcrumb\",\"itemListElement\":[{\"@type\":\"ListItem\",\"position\":1,\"name\":\"Home\",\"item\":\"https:\/\/floratiara.com\/\"},{\"@type\":\"ListItem\",\"position\":2,\"name\":\"Shop\",\"item\":\"https:\/\/floratiara.com\/shop\/\"},{\"@type\":\"ListItem\",\"position\":3,\"name\":\"Serenity Flower Crown Bridal Headpiece\"}]},{\"@type\":\"WebSite\",\"@id\":\"https:\/\/floratiara.com\/#website\",\"url\":\"https:\/\/floratiara.com\/\",\"name\":\"Flora Tiara\",\"description\":\"\",\"publisher\":{\"@id\":\"https:\/\/floratiara.com\/#organization\"},\"potentialAction\":[{\"@type\":\"SearchAction\",\"target\":{\"@type\":\"EntryPoint\",\"urlTemplate\":\"https:\/\/floratiara.com\/?s={search_term_string}\"},\"query-input\":{\"@type\":\"PropertyValueSpecification\",\"valueRequired\":true,\"valueName\":\"search_term_string\"}}],\"inLanguage\":\"pt-PT\"},{\"@type\":\"Organization\",\"@id\":\"https:\/\/floratiara.com\/#organization\",\"name\":\"Flora Tiara\",\"url\":\"https:\/\/floratiara.com\/\",\"logo\":{\"@type\":\"ImageObject\",\"inLanguage\":\"pt-PT\",\"@id\":\"https:\/\/floratiara.com\/#\/schema\/logo\/image\/\",\"url\":\"https:\/\/floratiara.com\/wp-content\/uploads\/2024\/03\/flora-tiara-logo.png\",\"contentUrl\":\"https:\/\/floratiara.com\/wp-content\/uploads\/2024\/03\/flora-tiara-logo.png\",\"width\":1024,\"height\":274,\"caption\":\"Flora Tiara\"},\"image\":{\"@id\":\"https:\/\/floratiara.com\/#\/schema\/logo\/image\/\"}}]}<\/script>\n<!-- \/ Yoast SEO plugin. -->","yoast_head_json":{"title":"Toucado de noiva com coroa de flores Serenity - Flora Tiara","description":"\u00danico e bonito: Compre o nosso acess\u00f3rio de cabe\u00e7a para noivas Serenity Flower Crown. Um toucado de alta qualidade para tornar a ocasi\u00e3o inesquec\u00edvel.","robots":{"index":"index","follow":"follow","max-snippet":"max-snippet:-1","max-image-preview":"max-image-preview:large","max-video-preview":"max-video-preview:-1"},"canonical":"https:\/\/floratiara.com\/pt\/p\/bandolete-floral-para-casamento-elegancia\/","og_locale":"pt_PT","og_type":"article","og_title":"Serenity Flower Crown Bridal Headpiece - Flora Tiara","og_description":"Unique and beautiful: Shop our Serenity Flower Crown Bridal Headpiece. Premium high quality headpiece to make the occasion unforgettable.","og_url":"https:\/\/floratiara.com\/pt\/p\/bandolete-floral-para-casamento-elegancia\/","og_site_name":"Flora Tiara","article_modified_time":"2024-12-12T01:43:24+00:00","og_image":[{"width":1500,"height":1500,"url":"https:\/\/floratiara.com\/wp-content\/uploads\/2024\/03\/Sa87b0613a1604ca5a3d169a48818294c2.webp","type":"image\/webp"}],"twitter_card":"summary_large_image","schema":{"@context":"https:\/\/schema.org","@graph":[{"@type":"WebPage","@id":"https:\/\/floratiara.com\/p\/wedding-floral-headband-elegance\/","url":"https:\/\/floratiara.com\/p\/wedding-floral-headband-elegance\/","name":"Toucado de noiva com coroa de flores Serenity - Flora Tiara","isPartOf":{"@id":"https:\/\/floratiara.com\/#website"},"primaryImageOfPage":{"@id":"https:\/\/floratiara.com\/p\/wedding-floral-headband-elegance\/#primaryimage"},"image":{"@id":"https:\/\/floratiara.com\/p\/wedding-floral-headband-elegance\/#primaryimage"},"thumbnailUrl":"https:\/\/floratiara.com\/wp-content\/uploads\/2024\/03\/Sa87b0613a1604ca5a3d169a48818294c2.webp","datePublished":"2024-03-16T09:44:22+00:00","dateModified":"2024-12-12T01:43:24+00:00","description":"\u00danico e bonito: Compre o nosso acess\u00f3rio de cabe\u00e7a para noivas Serenity Flower Crown. Um toucado de alta qualidade para tornar a ocasi\u00e3o inesquec\u00edvel.","breadcrumb":{"@id":"https:\/\/floratiara.com\/p\/wedding-floral-headband-elegance\/#breadcrumb"},"inLanguage":"pt-PT","potentialAction":[{"@type":"ReadAction","target":["https:\/\/floratiara.com\/p\/wedding-floral-headband-elegance\/"]}]},{"@type":"ImageObject","inLanguage":"pt-PT","@id":"https:\/\/floratiara.com\/p\/wedding-floral-headband-elegance\/#primaryimage","url":"https:\/\/floratiara.com\/wp-content\/uploads\/2024\/03\/Sa87b0613a1604ca5a3d169a48818294c2.webp","contentUrl":"https:\/\/floratiara.com\/wp-content\/uploads\/2024\/03\/Sa87b0613a1604ca5a3d169a48818294c2.webp","width":1500,"height":1500},{"@type":"BreadcrumbList","@id":"https:\/\/floratiara.com\/p\/wedding-floral-headband-elegance\/#breadcrumb","itemListElement":[{"@type":"ListItem","position":1,"name":"Home","item":"https:\/\/floratiara.com\/"},{"@type":"ListItem","position":2,"name":"Shop","item":"https:\/\/floratiara.com\/shop\/"},{"@type":"ListItem","position":3,"name":"Serenity Flower Crown Bridal Headpiece"}]},{"@type":"WebSite","@id":"https:\/\/floratiara.com\/#website","url":"https:\/\/floratiara.com\/","name":"Flora Tiara","description":"","publisher":{"@id":"https:\/\/floratiara.com\/#organization"},"potentialAction":[{"@type":"SearchAction","target":{"@type":"EntryPoint","urlTemplate":"https:\/\/floratiara.com\/?s={search_term_string}"},"query-input":{"@type":"PropertyValueSpecification","valueRequired":true,"valueName":"search_term_string"}}],"inLanguage":"pt-PT"},{"@type":"Organization","@id":"https:\/\/floratiara.com\/#organization","name":"Flora Tiara","url":"https:\/\/floratiara.com\/","logo":{"@type":"ImageObject","inLanguage":"pt-PT","@id":"https:\/\/floratiara.com\/#\/schema\/logo\/image\/","url":"https:\/\/floratiara.com\/wp-content\/uploads\/2024\/03\/flora-tiara-logo.png","contentUrl":"https:\/\/floratiara.com\/wp-content\/uploads\/2024\/03\/flora-tiara-logo.png","width":1024,"height":274,"caption":"Flora Tiara"},"image":{"@id":"https:\/\/floratiara.com\/#\/schema\/logo\/image\/"}}]}},"_links":{"self":[{"href":"https:\/\/floratiara.com\/pt\/wp-json\/wp\/v2\/product\/445","targetHints":{"allow":["GET"]}}],"collection":[{"href":"https:\/\/floratiara.com\/pt\/wp-json\/wp\/v2\/product"}],"about":[{"href":"https:\/\/floratiara.com\/pt\/wp-json\/wp\/v2\/types\/product"}],"wp:featuredmedia":[{"embeddable":true,"href":"https:\/\/floratiara.com\/pt\/wp-json\/wp\/v2\/media\/444"}],"wp:attachment":[{"href":"https:\/\/floratiara.com\/pt\/wp-json\/wp\/v2\/media?parent=445"}],"wp:term":[{"taxonomy":"product_brand","embeddable":true,"href":"https:\/\/floratiara.com\/pt\/wp-json\/wp\/v2\/product_brand?post=445"},{"taxonomy":"product_cat","embeddable":true,"href":"https:\/\/floratiara.com\/pt\/wp-json\/wp\/v2\/product_cat?post=445"},{"taxonomy":"product_tag","embeddable":true,"href":"https:\/\/floratiara.com\/pt\/wp-json\/wp\/v2\/product_tag?post=445"}],"curies":[{"name":"wp","href":"https:\/\/api.w.org\/{rel}","templated":true}]}}