{"id":660,"date":"2024-03-16T10:30:43","date_gmt":"2024-03-16T10:30:43","guid":{"rendered":"https:\/\/floratiara.com\/?post_type=product&#038;p=660"},"modified":"2025-07-22T03:50:46","modified_gmt":"2025-07-22T03:50:46","slug":"fita-floral-para-o-cabelo-acessorio-de-estilo-jardim","status":"publish","type":"product","link":"https:\/\/floratiara.com\/pt\/p\/fita-floral-para-o-cabelo-acessorio-de-estilo-jardim\/","title":{"rendered":"Coroa de flores bo\u00e9mia - Fotografia de casamento e art\u00edstica"},"content":{"rendered":"<p>Abrace a eleg\u00e2ncia com a nossa Coroa de Flores Bo\u00e9mia, uma obra-prima que exala gra\u00e7a para os seus momentos mais queridos. Cada flor cuidadosamente selecionada combina-se para formar uma variedade de cores de cortar a respira\u00e7\u00e3o, desde o verde refrescante dos ran\u00fanculos at\u00e9 ao borgonha profundo das orqu\u00eddeas. O seu ajuste confort\u00e1vel complementa qualquer penteado, garantindo que se destaca em qualquer casamento ou festa no jardim. Ideal para quem procura captar a ess\u00eancia da beleza da natureza, este luxuoso toucado n\u00e3o \u00e9 apenas um acess\u00f3rio; \u00e9 uma porta de entrada para conquistar cora\u00e7\u00f5es e encarnar o encanto do jardim em cada utiliza\u00e7\u00e3o.<\/p><p>Composi\u00e7\u00e3o: ran\u00fanculos verde lima, rosas cor de laranja, fr\u00e9sias brancas, cravos p\u00eassego p\u00e1lido, orqu\u00eddeas borgonha, snapdragons cor-de-rosa.<\/p>","protected":false},"excerpt":{"rendered":"<div style=\"width: 90%;text-align: left;margin: auto\"><p style=\"text-align:center\"><b>\ud83d\udc51 Das nossas m\u00e3os para a tua cabe\u00e7a<\/b><br \/><i>Coroas de flores de luxo para todas as ocasi\u00f5es<\/i><\/p><ul><li>\u2702\ufe0f Criado com cuidado no cora\u00e7\u00e3o de <b>Portugal<\/b><\/li><li><b>Composi\u00e7\u00e3o: ran\u00fanculos verde lima, rosas laranja, fr\u00e9sias brancas, cravos p\u00eassego p\u00e1lido, orqu\u00eddeas borgonha, snapdragons rosa.<\/b><\/li><\/ul><\/div>","protected":false},"featured_media":659,"template":"","meta":[],"product_brand":[],"product_cat":[68],"product_tag":[],"class_list":{"0":"post-660","1":"product","2":"type-product","3":"status-publish","4":"has-post-thumbnail","6":"product_cat-floral-headpiece-headband","8":"first","9":"instock","10":"shipping-taxable","11":"purchasable","12":"product-type-simple"},"yoast_head":"<!-- This site is optimized with the Yoast SEO plugin v25.9 - https:\/\/yoast.com\/wordpress\/plugins\/seo\/ -->\n<title>Bohemian Flower Crown - Wedding &amp; Artful Photography - Flora Tiara<\/title>\n<meta name=\"description\" content=\"Unique and beautiful: Shop our Bohemian Flower Crown - Wedding &amp; Artful Photography. Premium high quality headpiece to make the occasion unforgettable.\" \/>\n<meta name=\"robots\" content=\"index, follow, max-snippet:-1, max-image-preview:large, max-video-preview:-1\" \/>\n<link rel=\"canonical\" href=\"https:\/\/floratiara.com\/pt\/p\/fita-floral-para-o-cabelo-acessorio-de-estilo-jardim\/\" \/>\n<meta property=\"og:locale\" content=\"pt_PT\" \/>\n<meta property=\"og:type\" content=\"article\" \/>\n<meta property=\"og:title\" content=\"Bohemian Flower Crown - Wedding &amp; Artful Photography - Flora Tiara\" \/>\n<meta property=\"og:description\" content=\"Unique and beautiful: Shop our Bohemian Flower Crown - Wedding &amp; Artful Photography. Premium high quality headpiece to make the occasion unforgettable.\" \/>\n<meta property=\"og:url\" content=\"https:\/\/floratiara.com\/pt\/p\/fita-floral-para-o-cabelo-acessorio-de-estilo-jardim\/\" \/>\n<meta property=\"og:site_name\" content=\"Flora Tiara\" \/>\n<meta property=\"article:modified_time\" content=\"2025-07-22T03:50:46+00:00\" \/>\n<meta property=\"og:image\" content=\"https:\/\/floratiara.com\/wp-content\/uploads\/2024\/03\/S57b6ed593c1f43809f30e3dbf3b29065V.webp\" \/>\n\t<meta property=\"og:image:width\" content=\"900\" \/>\n\t<meta property=\"og:image:height\" content=\"900\" \/>\n\t<meta property=\"og:image:type\" content=\"image\/webp\" \/>\n<meta name=\"twitter:card\" content=\"summary_large_image\" \/>\n<meta name=\"twitter:label1\" content=\"Tempo estimado de leitura\" \/>\n\t<meta name=\"twitter:data1\" content=\"1 minuto\" \/>\n<script type=\"application\/ld+json\" class=\"yoast-schema-graph\">{\"@context\":\"https:\/\/schema.org\",\"@graph\":[{\"@type\":\"WebPage\",\"@id\":\"https:\/\/floratiara.com\/p\/floral-hairband-garden-style-accessory\/\",\"url\":\"https:\/\/floratiara.com\/p\/floral-hairband-garden-style-accessory\/\",\"name\":\"Bohemian Flower Crown - Wedding &amp; Artful Photography - Flora Tiara\",\"isPartOf\":{\"@id\":\"https:\/\/floratiara.com\/#website\"},\"primaryImageOfPage\":{\"@id\":\"https:\/\/floratiara.com\/p\/floral-hairband-garden-style-accessory\/#primaryimage\"},\"image\":{\"@id\":\"https:\/\/floratiara.com\/p\/floral-hairband-garden-style-accessory\/#primaryimage\"},\"thumbnailUrl\":\"https:\/\/floratiara.com\/wp-content\/uploads\/2024\/03\/S57b6ed593c1f43809f30e3dbf3b29065V.webp\",\"datePublished\":\"2024-03-16T10:30:43+00:00\",\"dateModified\":\"2025-07-22T03:50:46+00:00\",\"description\":\"Unique and beautiful: Shop our Bohemian Flower Crown - Wedding &amp; Artful Photography. Premium high quality headpiece to make the occasion unforgettable.\",\"breadcrumb\":{\"@id\":\"https:\/\/floratiara.com\/p\/floral-hairband-garden-style-accessory\/#breadcrumb\"},\"inLanguage\":\"pt-PT\",\"potentialAction\":[{\"@type\":\"ReadAction\",\"target\":[\"https:\/\/floratiara.com\/p\/floral-hairband-garden-style-accessory\/\"]}]},{\"@type\":\"ImageObject\",\"inLanguage\":\"pt-PT\",\"@id\":\"https:\/\/floratiara.com\/p\/floral-hairband-garden-style-accessory\/#primaryimage\",\"url\":\"https:\/\/floratiara.com\/wp-content\/uploads\/2024\/03\/S57b6ed593c1f43809f30e3dbf3b29065V.webp\",\"contentUrl\":\"https:\/\/floratiara.com\/wp-content\/uploads\/2024\/03\/S57b6ed593c1f43809f30e3dbf3b29065V.webp\",\"width\":900,\"height\":900},{\"@type\":\"BreadcrumbList\",\"@id\":\"https:\/\/floratiara.com\/p\/floral-hairband-garden-style-accessory\/#breadcrumb\",\"itemListElement\":[{\"@type\":\"ListItem\",\"position\":1,\"name\":\"Home\",\"item\":\"https:\/\/floratiara.com\/\"},{\"@type\":\"ListItem\",\"position\":2,\"name\":\"Shop\",\"item\":\"https:\/\/floratiara.com\/shop\/\"},{\"@type\":\"ListItem\",\"position\":3,\"name\":\"Bohemian Flower Crown &#8211; Wedding &amp; Artful Photography\"}]},{\"@type\":\"WebSite\",\"@id\":\"https:\/\/floratiara.com\/#website\",\"url\":\"https:\/\/floratiara.com\/\",\"name\":\"Flora Tiara\",\"description\":\"\",\"publisher\":{\"@id\":\"https:\/\/floratiara.com\/#organization\"},\"potentialAction\":[{\"@type\":\"SearchAction\",\"target\":{\"@type\":\"EntryPoint\",\"urlTemplate\":\"https:\/\/floratiara.com\/?s={search_term_string}\"},\"query-input\":{\"@type\":\"PropertyValueSpecification\",\"valueRequired\":true,\"valueName\":\"search_term_string\"}}],\"inLanguage\":\"pt-PT\"},{\"@type\":\"Organization\",\"@id\":\"https:\/\/floratiara.com\/#organization\",\"name\":\"Flora Tiara\",\"url\":\"https:\/\/floratiara.com\/\",\"logo\":{\"@type\":\"ImageObject\",\"inLanguage\":\"pt-PT\",\"@id\":\"https:\/\/floratiara.com\/#\/schema\/logo\/image\/\",\"url\":\"https:\/\/floratiara.com\/wp-content\/uploads\/2024\/03\/flora-tiara-logo.png\",\"contentUrl\":\"https:\/\/floratiara.com\/wp-content\/uploads\/2024\/03\/flora-tiara-logo.png\",\"width\":1024,\"height\":274,\"caption\":\"Flora Tiara\"},\"image\":{\"@id\":\"https:\/\/floratiara.com\/#\/schema\/logo\/image\/\"}}]}<\/script>\n<!-- \/ Yoast SEO plugin. -->","yoast_head_json":{"title":"Coroa de flores bo\u00e9mia - Fotografia de casamento e art\u00edstica - Flora Tiara","description":"\u00danica e bonita: Compre a nossa coroa de flores da Bo\u00e9mia - Fotografia de casamento e art\u00edstica. Um toucado de alta qualidade para tornar a ocasi\u00e3o inesquec\u00edvel.","robots":{"index":"index","follow":"follow","max-snippet":"max-snippet:-1","max-image-preview":"max-image-preview:large","max-video-preview":"max-video-preview:-1"},"canonical":"https:\/\/floratiara.com\/pt\/p\/fita-floral-para-o-cabelo-acessorio-de-estilo-jardim\/","og_locale":"pt_PT","og_type":"article","og_title":"Bohemian Flower Crown - Wedding &amp; Artful Photography - Flora Tiara","og_description":"Unique and beautiful: Shop our Bohemian Flower Crown - Wedding &amp; Artful Photography. Premium high quality headpiece to make the occasion unforgettable.","og_url":"https:\/\/floratiara.com\/pt\/p\/fita-floral-para-o-cabelo-acessorio-de-estilo-jardim\/","og_site_name":"Flora Tiara","article_modified_time":"2025-07-22T03:50:46+00:00","og_image":[{"width":900,"height":900,"url":"https:\/\/floratiara.com\/wp-content\/uploads\/2024\/03\/S57b6ed593c1f43809f30e3dbf3b29065V.webp","type":"image\/webp"}],"twitter_card":"summary_large_image","twitter_misc":{"Tempo estimado de leitura":"1 minuto"},"schema":{"@context":"https:\/\/schema.org","@graph":[{"@type":"WebPage","@id":"https:\/\/floratiara.com\/p\/floral-hairband-garden-style-accessory\/","url":"https:\/\/floratiara.com\/p\/floral-hairband-garden-style-accessory\/","name":"Coroa de flores bo\u00e9mia - Fotografia de casamento e art\u00edstica - Flora Tiara","isPartOf":{"@id":"https:\/\/floratiara.com\/#website"},"primaryImageOfPage":{"@id":"https:\/\/floratiara.com\/p\/floral-hairband-garden-style-accessory\/#primaryimage"},"image":{"@id":"https:\/\/floratiara.com\/p\/floral-hairband-garden-style-accessory\/#primaryimage"},"thumbnailUrl":"https:\/\/floratiara.com\/wp-content\/uploads\/2024\/03\/S57b6ed593c1f43809f30e3dbf3b29065V.webp","datePublished":"2024-03-16T10:30:43+00:00","dateModified":"2025-07-22T03:50:46+00:00","description":"\u00danica e bonita: Compre a nossa coroa de flores da Bo\u00e9mia - Fotografia de casamento e art\u00edstica. Um toucado de alta qualidade para tornar a ocasi\u00e3o inesquec\u00edvel.","breadcrumb":{"@id":"https:\/\/floratiara.com\/p\/floral-hairband-garden-style-accessory\/#breadcrumb"},"inLanguage":"pt-PT","potentialAction":[{"@type":"ReadAction","target":["https:\/\/floratiara.com\/p\/floral-hairband-garden-style-accessory\/"]}]},{"@type":"ImageObject","inLanguage":"pt-PT","@id":"https:\/\/floratiara.com\/p\/floral-hairband-garden-style-accessory\/#primaryimage","url":"https:\/\/floratiara.com\/wp-content\/uploads\/2024\/03\/S57b6ed593c1f43809f30e3dbf3b29065V.webp","contentUrl":"https:\/\/floratiara.com\/wp-content\/uploads\/2024\/03\/S57b6ed593c1f43809f30e3dbf3b29065V.webp","width":900,"height":900},{"@type":"BreadcrumbList","@id":"https:\/\/floratiara.com\/p\/floral-hairband-garden-style-accessory\/#breadcrumb","itemListElement":[{"@type":"ListItem","position":1,"name":"Home","item":"https:\/\/floratiara.com\/"},{"@type":"ListItem","position":2,"name":"Shop","item":"https:\/\/floratiara.com\/shop\/"},{"@type":"ListItem","position":3,"name":"Bohemian Flower Crown &#8211; Wedding &amp; Artful Photography"}]},{"@type":"WebSite","@id":"https:\/\/floratiara.com\/#website","url":"https:\/\/floratiara.com\/","name":"Flora Tiara","description":"","publisher":{"@id":"https:\/\/floratiara.com\/#organization"},"potentialAction":[{"@type":"SearchAction","target":{"@type":"EntryPoint","urlTemplate":"https:\/\/floratiara.com\/?s={search_term_string}"},"query-input":{"@type":"PropertyValueSpecification","valueRequired":true,"valueName":"search_term_string"}}],"inLanguage":"pt-PT"},{"@type":"Organization","@id":"https:\/\/floratiara.com\/#organization","name":"Flora Tiara","url":"https:\/\/floratiara.com\/","logo":{"@type":"ImageObject","inLanguage":"pt-PT","@id":"https:\/\/floratiara.com\/#\/schema\/logo\/image\/","url":"https:\/\/floratiara.com\/wp-content\/uploads\/2024\/03\/flora-tiara-logo.png","contentUrl":"https:\/\/floratiara.com\/wp-content\/uploads\/2024\/03\/flora-tiara-logo.png","width":1024,"height":274,"caption":"Flora Tiara"},"image":{"@id":"https:\/\/floratiara.com\/#\/schema\/logo\/image\/"}}]}},"_links":{"self":[{"href":"https:\/\/floratiara.com\/pt\/wp-json\/wp\/v2\/product\/660","targetHints":{"allow":["GET"]}}],"collection":[{"href":"https:\/\/floratiara.com\/pt\/wp-json\/wp\/v2\/product"}],"about":[{"href":"https:\/\/floratiara.com\/pt\/wp-json\/wp\/v2\/types\/product"}],"wp:featuredmedia":[{"embeddable":true,"href":"https:\/\/floratiara.com\/pt\/wp-json\/wp\/v2\/media\/659"}],"wp:attachment":[{"href":"https:\/\/floratiara.com\/pt\/wp-json\/wp\/v2\/media?parent=660"}],"wp:term":[{"taxonomy":"product_brand","embeddable":true,"href":"https:\/\/floratiara.com\/pt\/wp-json\/wp\/v2\/product_brand?post=660"},{"taxonomy":"product_cat","embeddable":true,"href":"https:\/\/floratiara.com\/pt\/wp-json\/wp\/v2\/product_cat?post=660"},{"taxonomy":"product_tag","embeddable":true,"href":"https:\/\/floratiara.com\/pt\/wp-json\/wp\/v2\/product_tag?post=660"}],"curies":[{"name":"wp","href":"https:\/\/api.w.org\/{rel}","templated":true}]}}