{"id":126,"date":"2024-03-16T06:53:36","date_gmt":"2024-03-16T06:53:36","guid":{"rendered":"https:\/\/floratiara.com\/?post_type=product&#038;p=126"},"modified":"2025-03-04T04:42:30","modified_gmt":"2025-03-04T04:42:30","slug":"mireasa-coroana-florala-coroana-de-flori-headband","status":"publish","type":"product","link":"https:\/\/floratiara.com\/ro\/p\/mireasa-coroana-florala-coroana-de-flori-headband\/","title":{"rendered":"\u00cenc\u00e2nt\u0103tor Floral Coroana coroana de cap pentru femei"},"content":{"rendered":"<p>Ridic\u0103-\u021bi stilul cu coroana noastr\u0103 Enchanted Floral Crown, completarea perfect\u0103 pentru orice \u021binut\u0103 de mireas\u0103 sau de s\u0103rb\u0103toare. Debordeaz\u0103 de frumuse\u021be inspirat\u0103 de natur\u0103, prezint\u0103 un amestec de flori ro\u0219ii, galbene \u0219i burgunde, completate de flori albe \u0219i crem delicate. Verdele delicat \u0219i accentele de galben viu adaug\u0103 un aer s\u0103lbatic, asigur\u00e2ndu-v\u0103 c\u0103 ie\u0219i\u021bi \u00een eviden\u021b\u0103. Designul s\u0103u reglabil asigur\u0103 o potrivire confortabil\u0103 pentru to\u021bi, ceea ce \u00eel face ideal pentru nun\u021bi, festivaluri \u0219i evenimente speciale. \u00cembr\u0103\u021bi\u0219eaz\u0103 elegan\u021ba \u0219i farmecul - \u00eempodobe\u0219te-\u021bi p\u0103rul cu aceast\u0103 capodoper\u0103 floral\u0103 uluitoare \u0219i transform\u0103-te \u00een zei\u021ba care e\u0219ti menit\u0103 s\u0103 fii.<\/p><p>Compozi\u021bie: flori mari de culoare ro\u0219ie, galben\u0103 \u0219i burgund\u0103 (asem\u0103n\u0103toare cu maci sau anemone), flori albe \u0219i crem (asem\u0103n\u0103toare cu cosmos sau margarete), flori mici de culoare roz, flori albastre \u00een form\u0103 de clopot, frunze verzi \u0219i flori mici de culoare galben\u0103 cu stamine proeminente.<\/p>","protected":false},"excerpt":{"rendered":"<div style=\"width: 90%;text-align: left;margin: auto\"><p style=\"text-align:center\"><b>\ud83d\udc51 De la m\u00e2inile noastre la capul t\u0103u<\/b><br \/><i>Coroane de flori de lux pentru orice ocazie<\/i><\/p><ul><li>\u2702\ufe0f Realizat cu grij\u0103 \u00een inima ora\u0219ului <b>Rom\u00e2nia<\/b><\/li><li><b>\ud83d\udc90 Compozi\u021bie: flori mari de culoare ro\u0219ie, galben\u0103 \u0219i burgund\u0103 (asem\u0103n\u0103toare cu maci sau anemone), flori albe \u0219i crem (asem\u0103n\u0103toare cu cosmos sau margarete), flori mici de culoare roz, flori albastre \u00een form\u0103 de clopo\u021bei, frunze verzi \u0219i flori mici de culoare galben\u0103 cu stamine proeminente.<\/b><\/li><\/ul><\/div>","protected":false},"featured_media":125,"template":"","meta":[],"product_brand":[],"product_cat":[61,79,59],"product_tag":[],"class_list":{"0":"post-126","1":"product","2":"type-product","3":"status-publish","4":"has-post-thumbnail","6":"product_cat-bridesmaid-floral-headpiece","7":"product_cat-real-floral-headpiece","8":"product_cat-bridal-floral-headpiece","10":"first","11":"instock","12":"shipping-taxable","13":"purchasable","14":"product-type-simple"},"yoast_head":"<!-- This site is optimized with the Yoast SEO plugin v25.9 - https:\/\/yoast.com\/wordpress\/plugins\/seo\/ -->\n<title>Enchanted Floral Crown Headdress for Women - Flora Tiara<\/title>\n<meta name=\"description\" content=\"Unique and beautiful: Shop our Enchanted Floral Crown Headdress for Women. Premium high quality headpiece to make the occasion unforgettable.\" \/>\n<meta name=\"robots\" content=\"index, follow, max-snippet:-1, max-image-preview:large, max-video-preview:-1\" \/>\n<link rel=\"canonical\" href=\"https:\/\/floratiara.com\/ro\/p\/mireasa-coroana-florala-coroana-de-flori-headband\/\" \/>\n<meta property=\"og:locale\" content=\"ro_RO\" \/>\n<meta property=\"og:type\" content=\"article\" \/>\n<meta property=\"og:title\" content=\"Enchanted Floral Crown Headdress for Women - Flora Tiara\" \/>\n<meta property=\"og:description\" content=\"Unique and beautiful: Shop our Enchanted Floral Crown Headdress for Women. Premium high quality headpiece to make the occasion unforgettable.\" \/>\n<meta property=\"og:url\" content=\"https:\/\/floratiara.com\/ro\/p\/mireasa-coroana-florala-coroana-de-flori-headband\/\" \/>\n<meta property=\"og:site_name\" content=\"Flora Tiara\" \/>\n<meta property=\"article:modified_time\" content=\"2025-03-04T04:42:30+00:00\" \/>\n<meta property=\"og:image\" content=\"https:\/\/floratiara.com\/wp-content\/uploads\/2024\/03\/H34c978fb24c24248b640951d76dd94a7E.webp\" \/>\n\t<meta property=\"og:image:width\" content=\"1500\" \/>\n\t<meta property=\"og:image:height\" content=\"1500\" \/>\n\t<meta property=\"og:image:type\" content=\"image\/webp\" \/>\n<meta name=\"twitter:card\" content=\"summary_large_image\" \/>\n<meta name=\"twitter:label1\" content=\"Timp estimat pentru citire\" \/>\n\t<meta name=\"twitter:data1\" content=\"1 minut\" \/>\n<script type=\"application\/ld+json\" class=\"yoast-schema-graph\">{\"@context\":\"https:\/\/schema.org\",\"@graph\":[{\"@type\":\"WebPage\",\"@id\":\"https:\/\/floratiara.com\/p\/bridal-floral-wreath-headband\/\",\"url\":\"https:\/\/floratiara.com\/p\/bridal-floral-wreath-headband\/\",\"name\":\"Enchanted Floral Crown Headdress for Women - Flora Tiara\",\"isPartOf\":{\"@id\":\"https:\/\/floratiara.com\/#website\"},\"primaryImageOfPage\":{\"@id\":\"https:\/\/floratiara.com\/p\/bridal-floral-wreath-headband\/#primaryimage\"},\"image\":{\"@id\":\"https:\/\/floratiara.com\/p\/bridal-floral-wreath-headband\/#primaryimage\"},\"thumbnailUrl\":\"https:\/\/floratiara.com\/wp-content\/uploads\/2024\/03\/H34c978fb24c24248b640951d76dd94a7E.webp\",\"datePublished\":\"2024-03-16T06:53:36+00:00\",\"dateModified\":\"2025-03-04T04:42:30+00:00\",\"description\":\"Unique and beautiful: Shop our Enchanted Floral Crown Headdress for Women. Premium high quality headpiece to make the occasion unforgettable.\",\"breadcrumb\":{\"@id\":\"https:\/\/floratiara.com\/p\/bridal-floral-wreath-headband\/#breadcrumb\"},\"inLanguage\":\"ro-RO\",\"potentialAction\":[{\"@type\":\"ReadAction\",\"target\":[\"https:\/\/floratiara.com\/p\/bridal-floral-wreath-headband\/\"]}]},{\"@type\":\"ImageObject\",\"inLanguage\":\"ro-RO\",\"@id\":\"https:\/\/floratiara.com\/p\/bridal-floral-wreath-headband\/#primaryimage\",\"url\":\"https:\/\/floratiara.com\/wp-content\/uploads\/2024\/03\/H34c978fb24c24248b640951d76dd94a7E.webp\",\"contentUrl\":\"https:\/\/floratiara.com\/wp-content\/uploads\/2024\/03\/H34c978fb24c24248b640951d76dd94a7E.webp\",\"width\":1500,\"height\":1500},{\"@type\":\"BreadcrumbList\",\"@id\":\"https:\/\/floratiara.com\/p\/bridal-floral-wreath-headband\/#breadcrumb\",\"itemListElement\":[{\"@type\":\"ListItem\",\"position\":1,\"name\":\"Home\",\"item\":\"https:\/\/floratiara.com\/\"},{\"@type\":\"ListItem\",\"position\":2,\"name\":\"Shop\",\"item\":\"https:\/\/floratiara.com\/shop\/\"},{\"@type\":\"ListItem\",\"position\":3,\"name\":\"Enchanted Floral Crown Headdress for Women\"}]},{\"@type\":\"WebSite\",\"@id\":\"https:\/\/floratiara.com\/#website\",\"url\":\"https:\/\/floratiara.com\/\",\"name\":\"Flora Tiara\",\"description\":\"\",\"publisher\":{\"@id\":\"https:\/\/floratiara.com\/#organization\"},\"potentialAction\":[{\"@type\":\"SearchAction\",\"target\":{\"@type\":\"EntryPoint\",\"urlTemplate\":\"https:\/\/floratiara.com\/?s={search_term_string}\"},\"query-input\":{\"@type\":\"PropertyValueSpecification\",\"valueRequired\":true,\"valueName\":\"search_term_string\"}}],\"inLanguage\":\"ro-RO\"},{\"@type\":\"Organization\",\"@id\":\"https:\/\/floratiara.com\/#organization\",\"name\":\"Flora Tiara\",\"url\":\"https:\/\/floratiara.com\/\",\"logo\":{\"@type\":\"ImageObject\",\"inLanguage\":\"ro-RO\",\"@id\":\"https:\/\/floratiara.com\/#\/schema\/logo\/image\/\",\"url\":\"https:\/\/floratiara.com\/wp-content\/uploads\/2024\/03\/flora-tiara-logo.png\",\"contentUrl\":\"https:\/\/floratiara.com\/wp-content\/uploads\/2024\/03\/flora-tiara-logo.png\",\"width\":1024,\"height\":274,\"caption\":\"Flora Tiara\"},\"image\":{\"@id\":\"https:\/\/floratiara.com\/#\/schema\/logo\/image\/\"}}]}<\/script>\n<!-- \/ Yoast SEO plugin. -->","yoast_head_json":{"title":"Coafur\u0103 cu coroan\u0103 floral\u0103 fermecat\u0103 pentru femei - Flora Tiara","description":"Unic \u0219i frumos: Cump\u0103ra\u021bi coafura noastr\u0103 de coroan\u0103 floral\u0103 fermecat\u0103 pentru femei. Coafur\u0103 premium de \u00eenalt\u0103 calitate pentru a face ca ocazia s\u0103 fie de neuitat.","robots":{"index":"index","follow":"follow","max-snippet":"max-snippet:-1","max-image-preview":"max-image-preview:large","max-video-preview":"max-video-preview:-1"},"canonical":"https:\/\/floratiara.com\/ro\/p\/mireasa-coroana-florala-coroana-de-flori-headband\/","og_locale":"ro_RO","og_type":"article","og_title":"Enchanted Floral Crown Headdress for Women - Flora Tiara","og_description":"Unique and beautiful: Shop our Enchanted Floral Crown Headdress for Women. Premium high quality headpiece to make the occasion unforgettable.","og_url":"https:\/\/floratiara.com\/ro\/p\/mireasa-coroana-florala-coroana-de-flori-headband\/","og_site_name":"Flora Tiara","article_modified_time":"2025-03-04T04:42:30+00:00","og_image":[{"width":1500,"height":1500,"url":"https:\/\/floratiara.com\/wp-content\/uploads\/2024\/03\/H34c978fb24c24248b640951d76dd94a7E.webp","type":"image\/webp"}],"twitter_card":"summary_large_image","twitter_misc":{"Timp estimat pentru citire":"1 minut"},"schema":{"@context":"https:\/\/schema.org","@graph":[{"@type":"WebPage","@id":"https:\/\/floratiara.com\/p\/bridal-floral-wreath-headband\/","url":"https:\/\/floratiara.com\/p\/bridal-floral-wreath-headband\/","name":"Coafur\u0103 cu coroan\u0103 floral\u0103 fermecat\u0103 pentru femei - Flora Tiara","isPartOf":{"@id":"https:\/\/floratiara.com\/#website"},"primaryImageOfPage":{"@id":"https:\/\/floratiara.com\/p\/bridal-floral-wreath-headband\/#primaryimage"},"image":{"@id":"https:\/\/floratiara.com\/p\/bridal-floral-wreath-headband\/#primaryimage"},"thumbnailUrl":"https:\/\/floratiara.com\/wp-content\/uploads\/2024\/03\/H34c978fb24c24248b640951d76dd94a7E.webp","datePublished":"2024-03-16T06:53:36+00:00","dateModified":"2025-03-04T04:42:30+00:00","description":"Unic \u0219i frumos: Cump\u0103ra\u021bi coafura noastr\u0103 de coroan\u0103 floral\u0103 fermecat\u0103 pentru femei. Coafur\u0103 premium de \u00eenalt\u0103 calitate pentru a face ca ocazia s\u0103 fie de neuitat.","breadcrumb":{"@id":"https:\/\/floratiara.com\/p\/bridal-floral-wreath-headband\/#breadcrumb"},"inLanguage":"ro-RO","potentialAction":[{"@type":"ReadAction","target":["https:\/\/floratiara.com\/p\/bridal-floral-wreath-headband\/"]}]},{"@type":"ImageObject","inLanguage":"ro-RO","@id":"https:\/\/floratiara.com\/p\/bridal-floral-wreath-headband\/#primaryimage","url":"https:\/\/floratiara.com\/wp-content\/uploads\/2024\/03\/H34c978fb24c24248b640951d76dd94a7E.webp","contentUrl":"https:\/\/floratiara.com\/wp-content\/uploads\/2024\/03\/H34c978fb24c24248b640951d76dd94a7E.webp","width":1500,"height":1500},{"@type":"BreadcrumbList","@id":"https:\/\/floratiara.com\/p\/bridal-floral-wreath-headband\/#breadcrumb","itemListElement":[{"@type":"ListItem","position":1,"name":"Home","item":"https:\/\/floratiara.com\/"},{"@type":"ListItem","position":2,"name":"Shop","item":"https:\/\/floratiara.com\/shop\/"},{"@type":"ListItem","position":3,"name":"Enchanted Floral Crown Headdress for Women"}]},{"@type":"WebSite","@id":"https:\/\/floratiara.com\/#website","url":"https:\/\/floratiara.com\/","name":"Flora Tiara","description":"","publisher":{"@id":"https:\/\/floratiara.com\/#organization"},"potentialAction":[{"@type":"SearchAction","target":{"@type":"EntryPoint","urlTemplate":"https:\/\/floratiara.com\/?s={search_term_string}"},"query-input":{"@type":"PropertyValueSpecification","valueRequired":true,"valueName":"search_term_string"}}],"inLanguage":"ro-RO"},{"@type":"Organization","@id":"https:\/\/floratiara.com\/#organization","name":"Flora Tiara","url":"https:\/\/floratiara.com\/","logo":{"@type":"ImageObject","inLanguage":"ro-RO","@id":"https:\/\/floratiara.com\/#\/schema\/logo\/image\/","url":"https:\/\/floratiara.com\/wp-content\/uploads\/2024\/03\/flora-tiara-logo.png","contentUrl":"https:\/\/floratiara.com\/wp-content\/uploads\/2024\/03\/flora-tiara-logo.png","width":1024,"height":274,"caption":"Flora Tiara"},"image":{"@id":"https:\/\/floratiara.com\/#\/schema\/logo\/image\/"}}]}},"_links":{"self":[{"href":"https:\/\/floratiara.com\/ro\/wp-json\/wp\/v2\/product\/126","targetHints":{"allow":["GET"]}}],"collection":[{"href":"https:\/\/floratiara.com\/ro\/wp-json\/wp\/v2\/product"}],"about":[{"href":"https:\/\/floratiara.com\/ro\/wp-json\/wp\/v2\/types\/product"}],"wp:featuredmedia":[{"embeddable":true,"href":"https:\/\/floratiara.com\/ro\/wp-json\/wp\/v2\/media\/125"}],"wp:attachment":[{"href":"https:\/\/floratiara.com\/ro\/wp-json\/wp\/v2\/media?parent=126"}],"wp:term":[{"taxonomy":"product_brand","embeddable":true,"href":"https:\/\/floratiara.com\/ro\/wp-json\/wp\/v2\/product_brand?post=126"},{"taxonomy":"product_cat","embeddable":true,"href":"https:\/\/floratiara.com\/ro\/wp-json\/wp\/v2\/product_cat?post=126"},{"taxonomy":"product_tag","embeddable":true,"href":"https:\/\/floratiara.com\/ro\/wp-json\/wp\/v2\/product_tag?post=126"}],"curies":[{"name":"wp","href":"https:\/\/api.w.org\/{rel}","templated":true}]}}