{"id":138,"date":"2024-03-16T06:53:49","date_gmt":"2024-03-16T06:53:49","guid":{"rendered":"https:\/\/floratiara.com\/?post_type=product&#038;p=138"},"modified":"2025-03-04T04:42:31","modified_gmt":"2025-03-04T04:42:31","slug":"floare-de-flori-coafura-de-nunta-cap-de-cap-de-ghirlanda","status":"publish","type":"product","link":"https:\/\/floratiara.com\/ro\/p\/floare-de-flori-coafura-de-nunta-cap-de-cap-de-ghirlanda\/","title":{"rendered":"Coroana de flori de mireas\u0103 de nunt\u0103 Band\u0103 de cap Floral Garland"},"content":{"rendered":"<p>\u00cenc\u00e2nt\u0103 orice ocazie cu \u00eenc\u00e2nt\u0103toarea noastr\u0103 benti\u021b\u0103 de mireas\u0103 Flower Crown, o fuziune de elegan\u021b\u0103 \u0219i natur\u0103. Trandafirii cremo\u0219i \u0219i florile mov luxuriante creeaz\u0103 o aur\u0103 regal\u0103, completat\u0103 de margarete senine de lavand\u0103 \u0219i flori albe delicate. Frunzi\u0219ul verde vibrant \u00eencadreaz\u0103 aceast\u0103 capodoper\u0103, asigur\u00e2ndu-v\u0103 c\u0103 radia\u021bi de fantezie \u0219i rafinament. Complet ajustabil\u0103, aceast\u0103 ghirland\u0103 floral\u0103 este un accesoriu atemporal pentru garderoba ta - perfect\u0103 pentru nun\u021bi, s\u0103rb\u0103tori sau pentru a te r\u0103sf\u0103\u021ba cu o not\u0103 de magie zilnic\u0103. Eleva\u021bi-v\u0103 look-ul cu acest accesoriu de basm \u0219i surprinde\u021bi esen\u021ba fiec\u0103rui moment pre\u021bios cu echilibru \u0219i farmec. Asigur\u0103-\u021bi-l pe al t\u0103u acum \u0219i las\u0103-\u021bi frumuse\u021bea s\u0103 \u00eenfloreasc\u0103.<\/p><p>Compozi\u021bie: trandafiri crem, flori purpurii cu flori duble care seam\u0103n\u0103 cu dalii sau camelii, flori mici de lavand\u0103 asem\u0103n\u0103toare margaretelor, frunze verzi \u0219i crengu\u021be de flori albe mici.<\/p>","protected":false},"excerpt":{"rendered":"<div style=\"width: 90%;text-align: left;margin: auto\"><p style=\"text-align:center\"><b>\ud83d\udc51 De la m\u00e2inile noastre la capul t\u0103u<\/b><br \/><i>Coroane de flori de lux pentru orice ocazie<\/i><\/p><ul><li>\u2702\ufe0f Realizat cu grij\u0103 \u00een inima ora\u0219ului <b>Rom\u00e2nia<\/b><\/li><li><b>\ud83d\udc90 Compozi\u021bie: trandafiri crem, flori purpurii cu flori duble care seam\u0103n\u0103 cu dalii sau camelii, flori mici de lavand\u0103 asem\u0103n\u0103toare margaretelor, frunze verzi \u0219i crengu\u021be de flori albe mici.<\/b><\/li><\/ul><\/div>","protected":false},"featured_media":136,"template":"","meta":[],"product_brand":[],"product_cat":[61,74,59],"product_tag":[],"class_list":{"0":"post-138","1":"product","2":"type-product","3":"status-publish","4":"has-post-thumbnail","6":"product_cat-bridesmaid-floral-headpiece","7":"product_cat-purple-floral-headpiece","8":"product_cat-bridal-floral-headpiece","10":"first","11":"instock","12":"shipping-taxable","13":"purchasable","14":"product-type-simple"},"yoast_head":"<!-- This site is optimized with the Yoast SEO plugin v25.9 - https:\/\/yoast.com\/wordpress\/plugins\/seo\/ -->\n<title>Flower Crown Bridal Headband Floral Garland - Flora Tiara<\/title>\n<meta name=\"description\" content=\"Unique and beautiful: Shop our Flower Crown Bridal Headband Floral Garland. Premium high quality headpiece to make the occasion unforgettable.\" \/>\n<meta name=\"robots\" content=\"index, follow, max-snippet:-1, max-image-preview:large, max-video-preview:-1\" \/>\n<link rel=\"canonical\" href=\"https:\/\/floratiara.com\/ro\/p\/floare-de-flori-coafura-de-nunta-cap-de-cap-de-ghirlanda\/\" \/>\n<meta property=\"og:locale\" content=\"ro_RO\" \/>\n<meta property=\"og:type\" content=\"article\" \/>\n<meta property=\"og:title\" content=\"Flower Crown Bridal Headband Floral Garland - Flora Tiara\" \/>\n<meta property=\"og:description\" content=\"Unique and beautiful: Shop our Flower Crown Bridal Headband Floral Garland. Premium high quality headpiece to make the occasion unforgettable.\" \/>\n<meta property=\"og:url\" content=\"https:\/\/floratiara.com\/ro\/p\/floare-de-flori-coafura-de-nunta-cap-de-cap-de-ghirlanda\/\" \/>\n<meta property=\"og:site_name\" content=\"Flora Tiara\" \/>\n<meta property=\"article:modified_time\" content=\"2025-03-04T04:42:31+00:00\" \/>\n<meta property=\"og:image\" content=\"https:\/\/floratiara.com\/wp-content\/uploads\/2024\/03\/Hbd86f72795e7414fbb7b65a9c783cb8d8.webp\" \/>\n\t<meta property=\"og:image:width\" content=\"1500\" \/>\n\t<meta property=\"og:image:height\" content=\"1500\" \/>\n\t<meta property=\"og:image:type\" content=\"image\/webp\" \/>\n<meta name=\"twitter:card\" content=\"summary_large_image\" \/>\n<meta name=\"twitter:label1\" content=\"Timp estimat pentru citire\" \/>\n\t<meta name=\"twitter:data1\" content=\"1 minut\" \/>\n<script type=\"application\/ld+json\" class=\"yoast-schema-graph\">{\"@context\":\"https:\/\/schema.org\",\"@graph\":[{\"@type\":\"WebPage\",\"@id\":\"https:\/\/floratiara.com\/p\/blossom-headdress-wedding-headpiece-garland\/\",\"url\":\"https:\/\/floratiara.com\/p\/blossom-headdress-wedding-headpiece-garland\/\",\"name\":\"Flower Crown Bridal Headband Floral Garland - Flora Tiara\",\"isPartOf\":{\"@id\":\"https:\/\/floratiara.com\/#website\"},\"primaryImageOfPage\":{\"@id\":\"https:\/\/floratiara.com\/p\/blossom-headdress-wedding-headpiece-garland\/#primaryimage\"},\"image\":{\"@id\":\"https:\/\/floratiara.com\/p\/blossom-headdress-wedding-headpiece-garland\/#primaryimage\"},\"thumbnailUrl\":\"https:\/\/floratiara.com\/wp-content\/uploads\/2024\/03\/Hbd86f72795e7414fbb7b65a9c783cb8d8.webp\",\"datePublished\":\"2024-03-16T06:53:49+00:00\",\"dateModified\":\"2025-03-04T04:42:31+00:00\",\"description\":\"Unique and beautiful: Shop our Flower Crown Bridal Headband Floral Garland. Premium high quality headpiece to make the occasion unforgettable.\",\"breadcrumb\":{\"@id\":\"https:\/\/floratiara.com\/p\/blossom-headdress-wedding-headpiece-garland\/#breadcrumb\"},\"inLanguage\":\"ro-RO\",\"potentialAction\":[{\"@type\":\"ReadAction\",\"target\":[\"https:\/\/floratiara.com\/p\/blossom-headdress-wedding-headpiece-garland\/\"]}]},{\"@type\":\"ImageObject\",\"inLanguage\":\"ro-RO\",\"@id\":\"https:\/\/floratiara.com\/p\/blossom-headdress-wedding-headpiece-garland\/#primaryimage\",\"url\":\"https:\/\/floratiara.com\/wp-content\/uploads\/2024\/03\/Hbd86f72795e7414fbb7b65a9c783cb8d8.webp\",\"contentUrl\":\"https:\/\/floratiara.com\/wp-content\/uploads\/2024\/03\/Hbd86f72795e7414fbb7b65a9c783cb8d8.webp\",\"width\":1500,\"height\":1500},{\"@type\":\"BreadcrumbList\",\"@id\":\"https:\/\/floratiara.com\/p\/blossom-headdress-wedding-headpiece-garland\/#breadcrumb\",\"itemListElement\":[{\"@type\":\"ListItem\",\"position\":1,\"name\":\"Home\",\"item\":\"https:\/\/floratiara.com\/\"},{\"@type\":\"ListItem\",\"position\":2,\"name\":\"Shop\",\"item\":\"https:\/\/floratiara.com\/shop\/\"},{\"@type\":\"ListItem\",\"position\":3,\"name\":\"Flower Crown Bridal Headband Floral Garland\"}]},{\"@type\":\"WebSite\",\"@id\":\"https:\/\/floratiara.com\/#website\",\"url\":\"https:\/\/floratiara.com\/\",\"name\":\"Flora Tiara\",\"description\":\"\",\"publisher\":{\"@id\":\"https:\/\/floratiara.com\/#organization\"},\"potentialAction\":[{\"@type\":\"SearchAction\",\"target\":{\"@type\":\"EntryPoint\",\"urlTemplate\":\"https:\/\/floratiara.com\/?s={search_term_string}\"},\"query-input\":{\"@type\":\"PropertyValueSpecification\",\"valueRequired\":true,\"valueName\":\"search_term_string\"}}],\"inLanguage\":\"ro-RO\"},{\"@type\":\"Organization\",\"@id\":\"https:\/\/floratiara.com\/#organization\",\"name\":\"Flora Tiara\",\"url\":\"https:\/\/floratiara.com\/\",\"logo\":{\"@type\":\"ImageObject\",\"inLanguage\":\"ro-RO\",\"@id\":\"https:\/\/floratiara.com\/#\/schema\/logo\/image\/\",\"url\":\"https:\/\/floratiara.com\/wp-content\/uploads\/2024\/03\/flora-tiara-logo.png\",\"contentUrl\":\"https:\/\/floratiara.com\/wp-content\/uploads\/2024\/03\/flora-tiara-logo.png\",\"width\":1024,\"height\":274,\"caption\":\"Flora Tiara\"},\"image\":{\"@id\":\"https:\/\/floratiara.com\/#\/schema\/logo\/image\/\"}}]}<\/script>\n<!-- \/ Yoast SEO plugin. -->","yoast_head_json":{"title":"Coroan\u0103 de flori de mireas\u0103 de flori de nunt\u0103 Band\u0103 de cap Floral ghirland\u0103 - Flora Tiara","description":"Unic \u0219i frumos: Cump\u0103ra\u021bi coroana de flori de mireas\u0103 cu benti\u021b\u0103 de mireas\u0103 ghirland\u0103 floral\u0103. Coafur\u0103 de \u00eenalt\u0103 calitate premium pentru a face ocazia de neuitat.","robots":{"index":"index","follow":"follow","max-snippet":"max-snippet:-1","max-image-preview":"max-image-preview:large","max-video-preview":"max-video-preview:-1"},"canonical":"https:\/\/floratiara.com\/ro\/p\/floare-de-flori-coafura-de-nunta-cap-de-cap-de-ghirlanda\/","og_locale":"ro_RO","og_type":"article","og_title":"Flower Crown Bridal Headband Floral Garland - Flora Tiara","og_description":"Unique and beautiful: Shop our Flower Crown Bridal Headband Floral Garland. Premium high quality headpiece to make the occasion unforgettable.","og_url":"https:\/\/floratiara.com\/ro\/p\/floare-de-flori-coafura-de-nunta-cap-de-cap-de-ghirlanda\/","og_site_name":"Flora Tiara","article_modified_time":"2025-03-04T04:42:31+00:00","og_image":[{"width":1500,"height":1500,"url":"https:\/\/floratiara.com\/wp-content\/uploads\/2024\/03\/Hbd86f72795e7414fbb7b65a9c783cb8d8.webp","type":"image\/webp"}],"twitter_card":"summary_large_image","twitter_misc":{"Timp estimat pentru citire":"1 minut"},"schema":{"@context":"https:\/\/schema.org","@graph":[{"@type":"WebPage","@id":"https:\/\/floratiara.com\/p\/blossom-headdress-wedding-headpiece-garland\/","url":"https:\/\/floratiara.com\/p\/blossom-headdress-wedding-headpiece-garland\/","name":"Coroan\u0103 de flori de mireas\u0103 de flori de nunt\u0103 Band\u0103 de cap Floral ghirland\u0103 - Flora Tiara","isPartOf":{"@id":"https:\/\/floratiara.com\/#website"},"primaryImageOfPage":{"@id":"https:\/\/floratiara.com\/p\/blossom-headdress-wedding-headpiece-garland\/#primaryimage"},"image":{"@id":"https:\/\/floratiara.com\/p\/blossom-headdress-wedding-headpiece-garland\/#primaryimage"},"thumbnailUrl":"https:\/\/floratiara.com\/wp-content\/uploads\/2024\/03\/Hbd86f72795e7414fbb7b65a9c783cb8d8.webp","datePublished":"2024-03-16T06:53:49+00:00","dateModified":"2025-03-04T04:42:31+00:00","description":"Unic \u0219i frumos: Cump\u0103ra\u021bi coroana de flori de mireas\u0103 cu benti\u021b\u0103 de mireas\u0103 ghirland\u0103 floral\u0103. Coafur\u0103 de \u00eenalt\u0103 calitate premium pentru a face ocazia de neuitat.","breadcrumb":{"@id":"https:\/\/floratiara.com\/p\/blossom-headdress-wedding-headpiece-garland\/#breadcrumb"},"inLanguage":"ro-RO","potentialAction":[{"@type":"ReadAction","target":["https:\/\/floratiara.com\/p\/blossom-headdress-wedding-headpiece-garland\/"]}]},{"@type":"ImageObject","inLanguage":"ro-RO","@id":"https:\/\/floratiara.com\/p\/blossom-headdress-wedding-headpiece-garland\/#primaryimage","url":"https:\/\/floratiara.com\/wp-content\/uploads\/2024\/03\/Hbd86f72795e7414fbb7b65a9c783cb8d8.webp","contentUrl":"https:\/\/floratiara.com\/wp-content\/uploads\/2024\/03\/Hbd86f72795e7414fbb7b65a9c783cb8d8.webp","width":1500,"height":1500},{"@type":"BreadcrumbList","@id":"https:\/\/floratiara.com\/p\/blossom-headdress-wedding-headpiece-garland\/#breadcrumb","itemListElement":[{"@type":"ListItem","position":1,"name":"Home","item":"https:\/\/floratiara.com\/"},{"@type":"ListItem","position":2,"name":"Shop","item":"https:\/\/floratiara.com\/shop\/"},{"@type":"ListItem","position":3,"name":"Flower Crown Bridal Headband Floral Garland"}]},{"@type":"WebSite","@id":"https:\/\/floratiara.com\/#website","url":"https:\/\/floratiara.com\/","name":"Flora Tiara","description":"","publisher":{"@id":"https:\/\/floratiara.com\/#organization"},"potentialAction":[{"@type":"SearchAction","target":{"@type":"EntryPoint","urlTemplate":"https:\/\/floratiara.com\/?s={search_term_string}"},"query-input":{"@type":"PropertyValueSpecification","valueRequired":true,"valueName":"search_term_string"}}],"inLanguage":"ro-RO"},{"@type":"Organization","@id":"https:\/\/floratiara.com\/#organization","name":"Flora Tiara","url":"https:\/\/floratiara.com\/","logo":{"@type":"ImageObject","inLanguage":"ro-RO","@id":"https:\/\/floratiara.com\/#\/schema\/logo\/image\/","url":"https:\/\/floratiara.com\/wp-content\/uploads\/2024\/03\/flora-tiara-logo.png","contentUrl":"https:\/\/floratiara.com\/wp-content\/uploads\/2024\/03\/flora-tiara-logo.png","width":1024,"height":274,"caption":"Flora Tiara"},"image":{"@id":"https:\/\/floratiara.com\/#\/schema\/logo\/image\/"}}]}},"_links":{"self":[{"href":"https:\/\/floratiara.com\/ro\/wp-json\/wp\/v2\/product\/138","targetHints":{"allow":["GET"]}}],"collection":[{"href":"https:\/\/floratiara.com\/ro\/wp-json\/wp\/v2\/product"}],"about":[{"href":"https:\/\/floratiara.com\/ro\/wp-json\/wp\/v2\/types\/product"}],"wp:featuredmedia":[{"embeddable":true,"href":"https:\/\/floratiara.com\/ro\/wp-json\/wp\/v2\/media\/136"}],"wp:attachment":[{"href":"https:\/\/floratiara.com\/ro\/wp-json\/wp\/v2\/media?parent=138"}],"wp:term":[{"taxonomy":"product_brand","embeddable":true,"href":"https:\/\/floratiara.com\/ro\/wp-json\/wp\/v2\/product_brand?post=138"},{"taxonomy":"product_cat","embeddable":true,"href":"https:\/\/floratiara.com\/ro\/wp-json\/wp\/v2\/product_cat?post=138"},{"taxonomy":"product_tag","embeddable":true,"href":"https:\/\/floratiara.com\/ro\/wp-json\/wp\/v2\/product_tag?post=138"}],"curies":[{"name":"wp","href":"https:\/\/api.w.org\/{rel}","templated":true}]}}