{"id":250,"date":"2024-03-16T09:39:13","date_gmt":"2024-03-16T09:39:13","guid":{"rendered":"https:\/\/floratiara.com\/?post_type=product&#038;p=250"},"modified":"2024-12-12T01:46:51","modified_gmt":"2024-12-12T01:46:51","slug":"lavanda-nunta-florale-banda-de-cap-de-lavanda","status":"publish","type":"product","link":"https:\/\/floratiara.com\/ro\/p\/lavanda-nunta-florale-banda-de-cap-de-lavanda\/","title":{"rendered":"Coroan\u0103 floral\u0103 de vis lavanda - Accesoriu de nunt\u0103 eteric"},"content":{"rendered":"<p>Ridic\u0103-\u021bi \u00een sl\u0103vi ziua ta special\u0103 cu fermec\u0103toarea coroan\u0103 de flori Lavender Dream, poarta ta spre elegan\u021ba de basm. Acest accesoriu lucrat manual, cu nuan\u021bele sale bogate de mov \u0219i liliac, \u00eemplete\u0219te rafinamentul \u0219i frumuse\u021bea rustic\u0103. Perfect\u0103 pentru nun\u021bi sau pentru orice eveniment elegant, aceast\u0103 coroan\u0103 adaug\u0103 o not\u0103 de farmec eteric ansamblului t\u0103u. Designul versatil promite o stilizare u\u0219oar\u0103 pentru orice coafur\u0103, infuz\u00e2nd \u00een acela\u0219i timp look-ul t\u0103u cu romantism poetic. \u00cembr\u0103\u021bi\u0219eaz\u0103 magia \u0219i farmecul coroanei noastre de flori Lavender Dream, o pies\u0103 rafinat\u0103 destinat\u0103 s\u0103 captiveze \u0219i s\u0103 inspire admira\u021bie. Cump\u0103ra\u021bi acum \u0219i p\u0103\u0219i\u021bi \u00een propriul dvs. moment de poveste.<\/p><p>Compozi\u021bie: lavand\u0103 artificial\u0103 mov \u0219i lila, verdea\u021b\u0103, flori de accent albastru.<\/p>","protected":false},"excerpt":{"rendered":"<div style=\"width: 90%;text-align: left;margin: auto\"><p style=\"text-align:center\"><b>\ud83d\udc51 De la m\u00e2inile noastre la capul t\u0103u<\/b><br \/><i>Coroane de flori de lux pentru orice ocazie<\/i><\/p><ul><li>\u2702\ufe0f Realizat cu grij\u0103 \u00een inima ora\u0219ului <b>Rom\u00e2nia<\/b><\/li><li><b>\ud83d\udc90 Compozi\u021bie: lavand\u0103 artificial\u0103 mov \u0219i liliac, verdea\u021b\u0103, flori de accent albastru.<\/b><\/li><\/ul><\/div>","protected":false},"featured_media":249,"template":"","meta":[],"product_brand":[],"product_cat":[74,59],"product_tag":[],"class_list":{"0":"post-250","1":"product","2":"type-product","3":"status-publish","4":"has-post-thumbnail","6":"product_cat-purple-floral-headpiece","7":"product_cat-bridal-floral-headpiece","9":"first","10":"instock","11":"shipping-taxable","12":"purchasable","13":"product-type-simple"},"yoast_head":"<!-- This site is optimized with the Yoast SEO plugin v25.9 - https:\/\/yoast.com\/wordpress\/plugins\/seo\/ -->\n<title>Lavender Dream Floral Crown - Ethereal Wedding Accessory - Flora Tiara<\/title>\n<meta name=\"description\" content=\"Unique and beautiful: Shop our Lavender Dream Floral Crown - Ethereal Wedding Accessory. Premium high quality headpiece to make the occasion unforgettable.\" \/>\n<meta name=\"robots\" content=\"index, follow, max-snippet:-1, max-image-preview:large, max-video-preview:-1\" \/>\n<link rel=\"canonical\" href=\"https:\/\/floratiara.com\/ro\/p\/lavanda-nunta-florale-banda-de-cap-de-lavanda\/\" \/>\n<meta property=\"og:locale\" content=\"ro_RO\" \/>\n<meta property=\"og:type\" content=\"article\" \/>\n<meta property=\"og:title\" content=\"Lavender Dream Floral Crown - Ethereal Wedding Accessory - Flora Tiara\" \/>\n<meta property=\"og:description\" content=\"Unique and beautiful: Shop our Lavender Dream Floral Crown - Ethereal Wedding Accessory. Premium high quality headpiece to make the occasion unforgettable.\" \/>\n<meta property=\"og:url\" content=\"https:\/\/floratiara.com\/ro\/p\/lavanda-nunta-florale-banda-de-cap-de-lavanda\/\" \/>\n<meta property=\"og:site_name\" content=\"Flora Tiara\" \/>\n<meta property=\"article:modified_time\" content=\"2024-12-12T01:46:51+00:00\" \/>\n<meta property=\"og:image\" content=\"https:\/\/floratiara.com\/wp-content\/uploads\/2024\/03\/S50c32b26fb364553bf7a1ab18573fa1cD.webp\" \/>\n\t<meta property=\"og:image:width\" content=\"1500\" \/>\n\t<meta property=\"og:image:height\" content=\"1500\" \/>\n\t<meta property=\"og:image:type\" content=\"image\/webp\" \/>\n<meta name=\"twitter:card\" content=\"summary_large_image\" \/>\n<meta name=\"twitter:label1\" content=\"Timp estimat pentru citire\" \/>\n\t<meta name=\"twitter:data1\" content=\"2 minute\" \/>\n<script type=\"application\/ld+json\" class=\"yoast-schema-graph\">{\"@context\":\"https:\/\/schema.org\",\"@graph\":[{\"@type\":\"WebPage\",\"@id\":\"https:\/\/floratiara.com\/p\/lavender-wedding-floral-headband\/\",\"url\":\"https:\/\/floratiara.com\/p\/lavender-wedding-floral-headband\/\",\"name\":\"Lavender Dream Floral Crown - Ethereal Wedding Accessory - Flora Tiara\",\"isPartOf\":{\"@id\":\"https:\/\/floratiara.com\/#website\"},\"primaryImageOfPage\":{\"@id\":\"https:\/\/floratiara.com\/p\/lavender-wedding-floral-headband\/#primaryimage\"},\"image\":{\"@id\":\"https:\/\/floratiara.com\/p\/lavender-wedding-floral-headband\/#primaryimage\"},\"thumbnailUrl\":\"https:\/\/floratiara.com\/wp-content\/uploads\/2024\/03\/S50c32b26fb364553bf7a1ab18573fa1cD.webp\",\"datePublished\":\"2024-03-16T09:39:13+00:00\",\"dateModified\":\"2024-12-12T01:46:51+00:00\",\"description\":\"Unique and beautiful: Shop our Lavender Dream Floral Crown - Ethereal Wedding Accessory. Premium high quality headpiece to make the occasion unforgettable.\",\"breadcrumb\":{\"@id\":\"https:\/\/floratiara.com\/p\/lavender-wedding-floral-headband\/#breadcrumb\"},\"inLanguage\":\"ro-RO\",\"potentialAction\":[{\"@type\":\"ReadAction\",\"target\":[\"https:\/\/floratiara.com\/p\/lavender-wedding-floral-headband\/\"]}]},{\"@type\":\"ImageObject\",\"inLanguage\":\"ro-RO\",\"@id\":\"https:\/\/floratiara.com\/p\/lavender-wedding-floral-headband\/#primaryimage\",\"url\":\"https:\/\/floratiara.com\/wp-content\/uploads\/2024\/03\/S50c32b26fb364553bf7a1ab18573fa1cD.webp\",\"contentUrl\":\"https:\/\/floratiara.com\/wp-content\/uploads\/2024\/03\/S50c32b26fb364553bf7a1ab18573fa1cD.webp\",\"width\":1500,\"height\":1500},{\"@type\":\"BreadcrumbList\",\"@id\":\"https:\/\/floratiara.com\/p\/lavender-wedding-floral-headband\/#breadcrumb\",\"itemListElement\":[{\"@type\":\"ListItem\",\"position\":1,\"name\":\"Home\",\"item\":\"https:\/\/floratiara.com\/\"},{\"@type\":\"ListItem\",\"position\":2,\"name\":\"Shop\",\"item\":\"https:\/\/floratiara.com\/shop\/\"},{\"@type\":\"ListItem\",\"position\":3,\"name\":\"Lavender Dream Floral Crown &#8211; Ethereal Wedding Accessory\"}]},{\"@type\":\"WebSite\",\"@id\":\"https:\/\/floratiara.com\/#website\",\"url\":\"https:\/\/floratiara.com\/\",\"name\":\"Flora Tiara\",\"description\":\"\",\"publisher\":{\"@id\":\"https:\/\/floratiara.com\/#organization\"},\"potentialAction\":[{\"@type\":\"SearchAction\",\"target\":{\"@type\":\"EntryPoint\",\"urlTemplate\":\"https:\/\/floratiara.com\/?s={search_term_string}\"},\"query-input\":{\"@type\":\"PropertyValueSpecification\",\"valueRequired\":true,\"valueName\":\"search_term_string\"}}],\"inLanguage\":\"ro-RO\"},{\"@type\":\"Organization\",\"@id\":\"https:\/\/floratiara.com\/#organization\",\"name\":\"Flora Tiara\",\"url\":\"https:\/\/floratiara.com\/\",\"logo\":{\"@type\":\"ImageObject\",\"inLanguage\":\"ro-RO\",\"@id\":\"https:\/\/floratiara.com\/#\/schema\/logo\/image\/\",\"url\":\"https:\/\/floratiara.com\/wp-content\/uploads\/2024\/03\/flora-tiara-logo.png\",\"contentUrl\":\"https:\/\/floratiara.com\/wp-content\/uploads\/2024\/03\/flora-tiara-logo.png\",\"width\":1024,\"height\":274,\"caption\":\"Flora Tiara\"},\"image\":{\"@id\":\"https:\/\/floratiara.com\/#\/schema\/logo\/image\/\"}}]}<\/script>\n<!-- \/ Yoast SEO plugin. -->","yoast_head_json":{"title":"Coroan\u0103 floral\u0103 de vis lavanda - Accesoriu de nunt\u0103 eteric - Flora Tiara","description":"Unic \u0219i frumos: Cump\u0103ra\u021bi Coroana floral\u0103 Lavender Dream - Accesoriu de nunt\u0103 eteric. Coafur\u0103 premium de \u00eenalt\u0103 calitate pentru a face ca ocazia s\u0103 fie de neuitat.","robots":{"index":"index","follow":"follow","max-snippet":"max-snippet:-1","max-image-preview":"max-image-preview:large","max-video-preview":"max-video-preview:-1"},"canonical":"https:\/\/floratiara.com\/ro\/p\/lavanda-nunta-florale-banda-de-cap-de-lavanda\/","og_locale":"ro_RO","og_type":"article","og_title":"Lavender Dream Floral Crown - Ethereal Wedding Accessory - Flora Tiara","og_description":"Unique and beautiful: Shop our Lavender Dream Floral Crown - Ethereal Wedding Accessory. Premium high quality headpiece to make the occasion unforgettable.","og_url":"https:\/\/floratiara.com\/ro\/p\/lavanda-nunta-florale-banda-de-cap-de-lavanda\/","og_site_name":"Flora Tiara","article_modified_time":"2024-12-12T01:46:51+00:00","og_image":[{"width":1500,"height":1500,"url":"https:\/\/floratiara.com\/wp-content\/uploads\/2024\/03\/S50c32b26fb364553bf7a1ab18573fa1cD.webp","type":"image\/webp"}],"twitter_card":"summary_large_image","twitter_misc":{"Timp estimat pentru citire":"2 minute"},"schema":{"@context":"https:\/\/schema.org","@graph":[{"@type":"WebPage","@id":"https:\/\/floratiara.com\/p\/lavender-wedding-floral-headband\/","url":"https:\/\/floratiara.com\/p\/lavender-wedding-floral-headband\/","name":"Coroan\u0103 floral\u0103 de vis lavanda - Accesoriu de nunt\u0103 eteric - Flora Tiara","isPartOf":{"@id":"https:\/\/floratiara.com\/#website"},"primaryImageOfPage":{"@id":"https:\/\/floratiara.com\/p\/lavender-wedding-floral-headband\/#primaryimage"},"image":{"@id":"https:\/\/floratiara.com\/p\/lavender-wedding-floral-headband\/#primaryimage"},"thumbnailUrl":"https:\/\/floratiara.com\/wp-content\/uploads\/2024\/03\/S50c32b26fb364553bf7a1ab18573fa1cD.webp","datePublished":"2024-03-16T09:39:13+00:00","dateModified":"2024-12-12T01:46:51+00:00","description":"Unic \u0219i frumos: Cump\u0103ra\u021bi Coroana floral\u0103 Lavender Dream - Accesoriu de nunt\u0103 eteric. Coafur\u0103 premium de \u00eenalt\u0103 calitate pentru a face ca ocazia s\u0103 fie de neuitat.","breadcrumb":{"@id":"https:\/\/floratiara.com\/p\/lavender-wedding-floral-headband\/#breadcrumb"},"inLanguage":"ro-RO","potentialAction":[{"@type":"ReadAction","target":["https:\/\/floratiara.com\/p\/lavender-wedding-floral-headband\/"]}]},{"@type":"ImageObject","inLanguage":"ro-RO","@id":"https:\/\/floratiara.com\/p\/lavender-wedding-floral-headband\/#primaryimage","url":"https:\/\/floratiara.com\/wp-content\/uploads\/2024\/03\/S50c32b26fb364553bf7a1ab18573fa1cD.webp","contentUrl":"https:\/\/floratiara.com\/wp-content\/uploads\/2024\/03\/S50c32b26fb364553bf7a1ab18573fa1cD.webp","width":1500,"height":1500},{"@type":"BreadcrumbList","@id":"https:\/\/floratiara.com\/p\/lavender-wedding-floral-headband\/#breadcrumb","itemListElement":[{"@type":"ListItem","position":1,"name":"Home","item":"https:\/\/floratiara.com\/"},{"@type":"ListItem","position":2,"name":"Shop","item":"https:\/\/floratiara.com\/shop\/"},{"@type":"ListItem","position":3,"name":"Lavender Dream Floral Crown &#8211; Ethereal Wedding Accessory"}]},{"@type":"WebSite","@id":"https:\/\/floratiara.com\/#website","url":"https:\/\/floratiara.com\/","name":"Flora Tiara","description":"","publisher":{"@id":"https:\/\/floratiara.com\/#organization"},"potentialAction":[{"@type":"SearchAction","target":{"@type":"EntryPoint","urlTemplate":"https:\/\/floratiara.com\/?s={search_term_string}"},"query-input":{"@type":"PropertyValueSpecification","valueRequired":true,"valueName":"search_term_string"}}],"inLanguage":"ro-RO"},{"@type":"Organization","@id":"https:\/\/floratiara.com\/#organization","name":"Flora Tiara","url":"https:\/\/floratiara.com\/","logo":{"@type":"ImageObject","inLanguage":"ro-RO","@id":"https:\/\/floratiara.com\/#\/schema\/logo\/image\/","url":"https:\/\/floratiara.com\/wp-content\/uploads\/2024\/03\/flora-tiara-logo.png","contentUrl":"https:\/\/floratiara.com\/wp-content\/uploads\/2024\/03\/flora-tiara-logo.png","width":1024,"height":274,"caption":"Flora Tiara"},"image":{"@id":"https:\/\/floratiara.com\/#\/schema\/logo\/image\/"}}]}},"_links":{"self":[{"href":"https:\/\/floratiara.com\/ro\/wp-json\/wp\/v2\/product\/250","targetHints":{"allow":["GET"]}}],"collection":[{"href":"https:\/\/floratiara.com\/ro\/wp-json\/wp\/v2\/product"}],"about":[{"href":"https:\/\/floratiara.com\/ro\/wp-json\/wp\/v2\/types\/product"}],"wp:featuredmedia":[{"embeddable":true,"href":"https:\/\/floratiara.com\/ro\/wp-json\/wp\/v2\/media\/249"}],"wp:attachment":[{"href":"https:\/\/floratiara.com\/ro\/wp-json\/wp\/v2\/media?parent=250"}],"wp:term":[{"taxonomy":"product_brand","embeddable":true,"href":"https:\/\/floratiara.com\/ro\/wp-json\/wp\/v2\/product_brand?post=250"},{"taxonomy":"product_cat","embeddable":true,"href":"https:\/\/floratiara.com\/ro\/wp-json\/wp\/v2\/product_cat?post=250"},{"taxonomy":"product_tag","embeddable":true,"href":"https:\/\/floratiara.com\/ro\/wp-json\/wp\/v2\/product_tag?post=250"}],"curies":[{"name":"wp","href":"https:\/\/api.w.org\/{rel}","templated":true}]}}