{"id":254,"date":"2024-03-16T09:39:23","date_gmt":"2024-03-16T09:39:23","guid":{"rendered":"https:\/\/floratiara.com\/?post_type=product&#038;p=254"},"modified":"2024-12-12T01:46:43","modified_gmt":"2024-12-12T01:46:43","slug":"nunta-bentita-floral-floral-seraphina-coroana-de-flori","status":"publish","type":"product","link":"https:\/\/floratiara.com\/ro\/p\/nunta-bentita-floral-floral-seraphina-coroana-de-flori\/","title":{"rendered":"Coroana de flori de mireas\u0103 eteric\u0103 Seraphina"},"content":{"rendered":"<p>Descoperi\u021bi fermec\u0103toarea Seraphina, o coroan\u0103 de flori de mireas\u0103 care surprinde f\u0103r\u0103 efort esen\u021ba romantismului de prim\u0103var\u0103. \u00cempodobe\u0219te-\u021bi p\u0103rul cu o floare de bujori roz deschis, trandafiri lavanda de vis \u0219i respira\u021bie de copil alb\u0103, completat\u0103 frumos de note de jacint roz pal. Frunzele minuscule de verdea\u021b\u0103 adaug\u0103 o not\u0103 de farmec natural, perfect pentru mireasa care \u00ee\u0219i dore\u0219te un accesoriu capricios, dar elegant. Face\u021bi din ziua dvs. special\u0103 una de neuitat cu aceast\u0103 coafur\u0103 atemporal\u0103, o mo\u0219tenire \u00een a\u0219teptare care promite s\u0103 pun\u0103 \u00een valoare fiecare moment cu nuan\u021bele sale subtile \u0219i designul delicat. L\u0103sa\u021bi coroana Seraphina s\u0103 fie simbolul pove\u0219tii voastre de dragoste.<\/p><p>Compozi\u021bie: bujori roz deschis, trandafiri de lavand\u0103, respira\u021bie de copil alb, ciorchini de zambile roz pal, frunze \u0219i muguri verzi mici.<\/p>","protected":false},"excerpt":{"rendered":"<div style=\"width: 90%;text-align: left;margin: auto\"><p style=\"text-align:center\"><b>\ud83d\udc51 De la m\u00e2inile noastre la capul t\u0103u<\/b><br \/><i>Coroane de flori de lux pentru orice ocazie<\/i><\/p><ul><li>\u2702\ufe0f Realizat cu grij\u0103 \u00een inima ora\u0219ului <b>Rom\u00e2nia<\/b><\/li><li><b>\ud83d\udc90 Compozi\u021bie: bujori roz deschis, trandafiri de lavand\u0103, respira\u021bie de copil alb, ciorchini de jacint roz pal, frunze \u0219i muguri verzi mici.<\/b><\/li><\/ul><\/div>","protected":false},"featured_media":253,"template":"","meta":[],"product_brand":[],"product_cat":[61,78,60,73,59,71],"product_tag":[],"class_list":{"0":"post-254","1":"product","2":"type-product","3":"status-publish","4":"has-post-thumbnail","6":"product_cat-bridesmaid-floral-headpiece","7":"product_cat-dried-floral-headpiece","8":"product_cat-floral-headpiece-flower-girl","9":"product_cat-pink-floral-headpiece","10":"product_cat-bridal-floral-headpiece","11":"product_cat-white-floral-headpiece","13":"first","14":"instock","15":"shipping-taxable","16":"purchasable","17":"product-type-simple"},"yoast_head":"<!-- This site is optimized with the Yoast SEO plugin v25.9 - https:\/\/yoast.com\/wordpress\/plugins\/seo\/ -->\n<title>Ethereal Bridal Flower Crown Seraphina - Flora Tiara<\/title>\n<meta name=\"description\" content=\"Unique and beautiful: Shop our Ethereal Bridal Flower Crown Seraphina. Premium high quality headpiece to make the occasion unforgettable.\" \/>\n<meta name=\"robots\" content=\"index, follow, max-snippet:-1, max-image-preview:large, max-video-preview:-1\" \/>\n<link rel=\"canonical\" href=\"https:\/\/floratiara.com\/ro\/p\/nunta-bentita-floral-floral-seraphina-coroana-de-flori\/\" \/>\n<meta property=\"og:locale\" content=\"ro_RO\" \/>\n<meta property=\"og:type\" content=\"article\" \/>\n<meta property=\"og:title\" content=\"Ethereal Bridal Flower Crown Seraphina - Flora Tiara\" \/>\n<meta property=\"og:description\" content=\"Unique and beautiful: Shop our Ethereal Bridal Flower Crown Seraphina. Premium high quality headpiece to make the occasion unforgettable.\" \/>\n<meta property=\"og:url\" content=\"https:\/\/floratiara.com\/ro\/p\/nunta-bentita-floral-floral-seraphina-coroana-de-flori\/\" \/>\n<meta property=\"og:site_name\" content=\"Flora Tiara\" \/>\n<meta property=\"article:modified_time\" content=\"2024-12-12T01:46:43+00:00\" \/>\n<meta property=\"og:image\" content=\"https:\/\/floratiara.com\/wp-content\/uploads\/2024\/03\/Sa3223a46cb484947a874a93d1d407b64U.webp\" \/>\n\t<meta property=\"og:image:width\" content=\"1500\" \/>\n\t<meta property=\"og:image:height\" content=\"1500\" \/>\n\t<meta property=\"og:image:type\" content=\"image\/webp\" \/>\n<meta name=\"twitter:card\" content=\"summary_large_image\" \/>\n<meta name=\"twitter:label1\" content=\"Timp estimat pentru citire\" \/>\n\t<meta name=\"twitter:data1\" content=\"3 minute\" \/>\n<script type=\"application\/ld+json\" class=\"yoast-schema-graph\">{\"@context\":\"https:\/\/schema.org\",\"@graph\":[{\"@type\":\"WebPage\",\"@id\":\"https:\/\/floratiara.com\/p\/bridal-floral-headband-seraphina-wreath\/\",\"url\":\"https:\/\/floratiara.com\/p\/bridal-floral-headband-seraphina-wreath\/\",\"name\":\"Ethereal Bridal Flower Crown Seraphina - Flora Tiara\",\"isPartOf\":{\"@id\":\"https:\/\/floratiara.com\/#website\"},\"primaryImageOfPage\":{\"@id\":\"https:\/\/floratiara.com\/p\/bridal-floral-headband-seraphina-wreath\/#primaryimage\"},\"image\":{\"@id\":\"https:\/\/floratiara.com\/p\/bridal-floral-headband-seraphina-wreath\/#primaryimage\"},\"thumbnailUrl\":\"https:\/\/floratiara.com\/wp-content\/uploads\/2024\/03\/Sa3223a46cb484947a874a93d1d407b64U.webp\",\"datePublished\":\"2024-03-16T09:39:23+00:00\",\"dateModified\":\"2024-12-12T01:46:43+00:00\",\"description\":\"Unique and beautiful: Shop our Ethereal Bridal Flower Crown Seraphina. Premium high quality headpiece to make the occasion unforgettable.\",\"breadcrumb\":{\"@id\":\"https:\/\/floratiara.com\/p\/bridal-floral-headband-seraphina-wreath\/#breadcrumb\"},\"inLanguage\":\"ro-RO\",\"potentialAction\":[{\"@type\":\"ReadAction\",\"target\":[\"https:\/\/floratiara.com\/p\/bridal-floral-headband-seraphina-wreath\/\"]}]},{\"@type\":\"ImageObject\",\"inLanguage\":\"ro-RO\",\"@id\":\"https:\/\/floratiara.com\/p\/bridal-floral-headband-seraphina-wreath\/#primaryimage\",\"url\":\"https:\/\/floratiara.com\/wp-content\/uploads\/2024\/03\/Sa3223a46cb484947a874a93d1d407b64U.webp\",\"contentUrl\":\"https:\/\/floratiara.com\/wp-content\/uploads\/2024\/03\/Sa3223a46cb484947a874a93d1d407b64U.webp\",\"width\":1500,\"height\":1500},{\"@type\":\"BreadcrumbList\",\"@id\":\"https:\/\/floratiara.com\/p\/bridal-floral-headband-seraphina-wreath\/#breadcrumb\",\"itemListElement\":[{\"@type\":\"ListItem\",\"position\":1,\"name\":\"Home\",\"item\":\"https:\/\/floratiara.com\/\"},{\"@type\":\"ListItem\",\"position\":2,\"name\":\"Shop\",\"item\":\"https:\/\/floratiara.com\/shop\/\"},{\"@type\":\"ListItem\",\"position\":3,\"name\":\"Ethereal Bridal Flower Crown Seraphina\"}]},{\"@type\":\"WebSite\",\"@id\":\"https:\/\/floratiara.com\/#website\",\"url\":\"https:\/\/floratiara.com\/\",\"name\":\"Flora Tiara\",\"description\":\"\",\"publisher\":{\"@id\":\"https:\/\/floratiara.com\/#organization\"},\"potentialAction\":[{\"@type\":\"SearchAction\",\"target\":{\"@type\":\"EntryPoint\",\"urlTemplate\":\"https:\/\/floratiara.com\/?s={search_term_string}\"},\"query-input\":{\"@type\":\"PropertyValueSpecification\",\"valueRequired\":true,\"valueName\":\"search_term_string\"}}],\"inLanguage\":\"ro-RO\"},{\"@type\":\"Organization\",\"@id\":\"https:\/\/floratiara.com\/#organization\",\"name\":\"Flora Tiara\",\"url\":\"https:\/\/floratiara.com\/\",\"logo\":{\"@type\":\"ImageObject\",\"inLanguage\":\"ro-RO\",\"@id\":\"https:\/\/floratiara.com\/#\/schema\/logo\/image\/\",\"url\":\"https:\/\/floratiara.com\/wp-content\/uploads\/2024\/03\/flora-tiara-logo.png\",\"contentUrl\":\"https:\/\/floratiara.com\/wp-content\/uploads\/2024\/03\/flora-tiara-logo.png\",\"width\":1024,\"height\":274,\"caption\":\"Flora Tiara\"},\"image\":{\"@id\":\"https:\/\/floratiara.com\/#\/schema\/logo\/image\/\"}}]}<\/script>\n<!-- \/ Yoast SEO plugin. -->","yoast_head_json":{"title":"Coroan\u0103 de flori de mireas\u0103 eteric\u0103 Seraphina - Flora Tiara","description":"Unic \u0219i frumos: Cump\u0103ra\u021bi coroana de flori de mireas\u0103 eteric\u0103 Seraphina. Coafur\u0103 premium de \u00eenalt\u0103 calitate pentru a face ca ocazia s\u0103 fie de neuitat.","robots":{"index":"index","follow":"follow","max-snippet":"max-snippet:-1","max-image-preview":"max-image-preview:large","max-video-preview":"max-video-preview:-1"},"canonical":"https:\/\/floratiara.com\/ro\/p\/nunta-bentita-floral-floral-seraphina-coroana-de-flori\/","og_locale":"ro_RO","og_type":"article","og_title":"Ethereal Bridal Flower Crown Seraphina - Flora Tiara","og_description":"Unique and beautiful: Shop our Ethereal Bridal Flower Crown Seraphina. Premium high quality headpiece to make the occasion unforgettable.","og_url":"https:\/\/floratiara.com\/ro\/p\/nunta-bentita-floral-floral-seraphina-coroana-de-flori\/","og_site_name":"Flora Tiara","article_modified_time":"2024-12-12T01:46:43+00:00","og_image":[{"width":1500,"height":1500,"url":"https:\/\/floratiara.com\/wp-content\/uploads\/2024\/03\/Sa3223a46cb484947a874a93d1d407b64U.webp","type":"image\/webp"}],"twitter_card":"summary_large_image","twitter_misc":{"Timp estimat pentru citire":"3 minute"},"schema":{"@context":"https:\/\/schema.org","@graph":[{"@type":"WebPage","@id":"https:\/\/floratiara.com\/p\/bridal-floral-headband-seraphina-wreath\/","url":"https:\/\/floratiara.com\/p\/bridal-floral-headband-seraphina-wreath\/","name":"Coroan\u0103 de flori de mireas\u0103 eteric\u0103 Seraphina - Flora Tiara","isPartOf":{"@id":"https:\/\/floratiara.com\/#website"},"primaryImageOfPage":{"@id":"https:\/\/floratiara.com\/p\/bridal-floral-headband-seraphina-wreath\/#primaryimage"},"image":{"@id":"https:\/\/floratiara.com\/p\/bridal-floral-headband-seraphina-wreath\/#primaryimage"},"thumbnailUrl":"https:\/\/floratiara.com\/wp-content\/uploads\/2024\/03\/Sa3223a46cb484947a874a93d1d407b64U.webp","datePublished":"2024-03-16T09:39:23+00:00","dateModified":"2024-12-12T01:46:43+00:00","description":"Unic \u0219i frumos: Cump\u0103ra\u021bi coroana de flori de mireas\u0103 eteric\u0103 Seraphina. Coafur\u0103 premium de \u00eenalt\u0103 calitate pentru a face ca ocazia s\u0103 fie de neuitat.","breadcrumb":{"@id":"https:\/\/floratiara.com\/p\/bridal-floral-headband-seraphina-wreath\/#breadcrumb"},"inLanguage":"ro-RO","potentialAction":[{"@type":"ReadAction","target":["https:\/\/floratiara.com\/p\/bridal-floral-headband-seraphina-wreath\/"]}]},{"@type":"ImageObject","inLanguage":"ro-RO","@id":"https:\/\/floratiara.com\/p\/bridal-floral-headband-seraphina-wreath\/#primaryimage","url":"https:\/\/floratiara.com\/wp-content\/uploads\/2024\/03\/Sa3223a46cb484947a874a93d1d407b64U.webp","contentUrl":"https:\/\/floratiara.com\/wp-content\/uploads\/2024\/03\/Sa3223a46cb484947a874a93d1d407b64U.webp","width":1500,"height":1500},{"@type":"BreadcrumbList","@id":"https:\/\/floratiara.com\/p\/bridal-floral-headband-seraphina-wreath\/#breadcrumb","itemListElement":[{"@type":"ListItem","position":1,"name":"Home","item":"https:\/\/floratiara.com\/"},{"@type":"ListItem","position":2,"name":"Shop","item":"https:\/\/floratiara.com\/shop\/"},{"@type":"ListItem","position":3,"name":"Ethereal Bridal Flower Crown Seraphina"}]},{"@type":"WebSite","@id":"https:\/\/floratiara.com\/#website","url":"https:\/\/floratiara.com\/","name":"Flora Tiara","description":"","publisher":{"@id":"https:\/\/floratiara.com\/#organization"},"potentialAction":[{"@type":"SearchAction","target":{"@type":"EntryPoint","urlTemplate":"https:\/\/floratiara.com\/?s={search_term_string}"},"query-input":{"@type":"PropertyValueSpecification","valueRequired":true,"valueName":"search_term_string"}}],"inLanguage":"ro-RO"},{"@type":"Organization","@id":"https:\/\/floratiara.com\/#organization","name":"Flora Tiara","url":"https:\/\/floratiara.com\/","logo":{"@type":"ImageObject","inLanguage":"ro-RO","@id":"https:\/\/floratiara.com\/#\/schema\/logo\/image\/","url":"https:\/\/floratiara.com\/wp-content\/uploads\/2024\/03\/flora-tiara-logo.png","contentUrl":"https:\/\/floratiara.com\/wp-content\/uploads\/2024\/03\/flora-tiara-logo.png","width":1024,"height":274,"caption":"Flora Tiara"},"image":{"@id":"https:\/\/floratiara.com\/#\/schema\/logo\/image\/"}}]}},"_links":{"self":[{"href":"https:\/\/floratiara.com\/ro\/wp-json\/wp\/v2\/product\/254","targetHints":{"allow":["GET"]}}],"collection":[{"href":"https:\/\/floratiara.com\/ro\/wp-json\/wp\/v2\/product"}],"about":[{"href":"https:\/\/floratiara.com\/ro\/wp-json\/wp\/v2\/types\/product"}],"wp:featuredmedia":[{"embeddable":true,"href":"https:\/\/floratiara.com\/ro\/wp-json\/wp\/v2\/media\/253"}],"wp:attachment":[{"href":"https:\/\/floratiara.com\/ro\/wp-json\/wp\/v2\/media?parent=254"}],"wp:term":[{"taxonomy":"product_brand","embeddable":true,"href":"https:\/\/floratiara.com\/ro\/wp-json\/wp\/v2\/product_brand?post=254"},{"taxonomy":"product_cat","embeddable":true,"href":"https:\/\/floratiara.com\/ro\/wp-json\/wp\/v2\/product_cat?post=254"},{"taxonomy":"product_tag","embeddable":true,"href":"https:\/\/floratiara.com\/ro\/wp-json\/wp\/v2\/product_tag?post=254"}],"curies":[{"name":"wp","href":"https:\/\/api.w.org\/{rel}","templated":true}]}}