{"id":26,"date":"2024-03-16T06:35:22","date_gmt":"2024-03-16T06:35:22","guid":{"rendered":"https:\/\/floratiara.com\/?post_type=product&#038;p=26"},"modified":"2025-03-04T04:42:29","modified_gmt":"2025-03-04T04:42:29","slug":"bridal-florale-bentita-de-nunta-accesorii-de-nunta-2","status":"publish","type":"product","link":"https:\/\/floratiara.com\/ro\/p\/bridal-florale-bentita-de-nunta-accesorii-de-nunta-2\/","title":{"rendered":"Vara Berry Bliss Berry Bliss Coroana de flori Coroana Headpiece"},"content":{"rendered":"<p>Infuzeaz\u0103-\u021bi stilul cu farmecul fermec\u0103tor al coroanei noastre Summer Berry Bliss Flower Crown, perfect\u0103 pentru a pune \u00een valoare orice \u021binut\u0103 de nunt\u0103 sau festival. Confec\u021bionat\u0103 manual cu verdea\u021b\u0103 luxuriant\u0103, trandafiri roz delica\u021bi \u0219i alstroemeria, aceast\u0103 coroni\u021b\u0103 captiveaz\u0103 prin accentele sale unice de fructe de p\u0103dure. Transform\u0103-\u021bi look-ul cu aceast\u0103 benti\u021b\u0103 vibrant\u0103, complet\u00e2nd perfect p\u0103rul t\u0103u, fie c\u0103 este coafat \u00een valuri moi sau \u00eentr-o coafur\u0103 sofisticat\u0103. \u00cembr\u0103\u021bi\u0219eaz\u0103 o not\u0103 de splendoare a naturii \u0219i poart\u0103 cu tine esen\u021ba vesel\u0103 a verii, asigur\u00e2ndu-te c\u0103 ie\u0219i \u00een eviden\u021b\u0103 cu frumuse\u021be la orice ocazie.<\/p><p>Compozi\u021bie: trandafiri roz, alstroemeria, c\u0103p\u0219uni, afine, alb\u0103strele, flori de cear\u0103, verdea\u021b\u0103 asortat\u0103.<\/p>","protected":false},"excerpt":{"rendered":"<div style=\"width: 90%;text-align: left;margin: auto\"><p style=\"text-align:center\"><b>\ud83d\udc51 De la m\u00e2inile noastre la capul t\u0103u<\/b><br \/><i>Coroane de flori de lux pentru orice ocazie<\/i><\/p><ul><li>\u2702\ufe0f Realizat cu grij\u0103 \u00een inima ora\u0219ului <b>Rom\u00e2nia<\/b><\/li><li><b>\ud83d\udc90 Compozi\u021bie: trandafiri roz, alstroemeria, c\u0103p\u0219uni, afine, alb\u0103strele, flori de cear\u0103, verdea\u021b\u0103 asortat\u0103.<\/b><\/li><\/ul><\/div>","protected":false},"featured_media":25,"template":"","meta":[],"product_brand":[],"product_cat":[75,61,59],"product_tag":[],"class_list":{"0":"post-26","1":"product","2":"type-product","3":"status-publish","4":"has-post-thumbnail","6":"product_cat-black-floral-headpiece","7":"product_cat-bridesmaid-floral-headpiece","8":"product_cat-bridal-floral-headpiece","10":"first","11":"instock","12":"shipping-taxable","13":"purchasable","14":"product-type-simple"},"yoast_head":"<!-- This site is optimized with the Yoast SEO plugin v25.9 - https:\/\/yoast.com\/wordpress\/plugins\/seo\/ -->\n<title>Summer Berry Bliss Flower Crown Headpiece - Flora Tiara<\/title>\n<meta name=\"description\" content=\"Unique and beautiful: Shop our Summer Berry Bliss Flower Crown Headpiece. Premium high quality headpiece to make the occasion unforgettable.\" \/>\n<meta name=\"robots\" content=\"index, follow, max-snippet:-1, max-image-preview:large, max-video-preview:-1\" \/>\n<link rel=\"canonical\" href=\"https:\/\/floratiara.com\/ro\/p\/bridal-florale-bentita-de-nunta-accesorii-de-nunta-2\/\" \/>\n<meta property=\"og:locale\" content=\"ro_RO\" \/>\n<meta property=\"og:type\" content=\"article\" \/>\n<meta property=\"og:title\" content=\"Summer Berry Bliss Flower Crown Headpiece - Flora Tiara\" \/>\n<meta property=\"og:description\" content=\"Unique and beautiful: Shop our Summer Berry Bliss Flower Crown Headpiece. Premium high quality headpiece to make the occasion unforgettable.\" \/>\n<meta property=\"og:url\" content=\"https:\/\/floratiara.com\/ro\/p\/bridal-florale-bentita-de-nunta-accesorii-de-nunta-2\/\" \/>\n<meta property=\"og:site_name\" content=\"Flora Tiara\" \/>\n<meta property=\"article:modified_time\" content=\"2025-03-04T04:42:29+00:00\" \/>\n<meta property=\"og:image\" content=\"https:\/\/floratiara.com\/wp-content\/uploads\/2024\/03\/H753096d6406747098147b596185fdec6S-1.webp\" \/>\n\t<meta property=\"og:image:width\" content=\"1000\" \/>\n\t<meta property=\"og:image:height\" content=\"1000\" \/>\n\t<meta property=\"og:image:type\" content=\"image\/webp\" \/>\n<meta name=\"twitter:card\" content=\"summary_large_image\" \/>\n<meta name=\"twitter:label1\" content=\"Timp estimat pentru citire\" \/>\n\t<meta name=\"twitter:data1\" content=\"1 minut\" \/>\n<script type=\"application\/ld+json\" class=\"yoast-schema-graph\">{\"@context\":\"https:\/\/schema.org\",\"@graph\":[{\"@type\":\"WebPage\",\"@id\":\"https:\/\/floratiara.com\/p\/bridal-floral-headband-wedding-accessory-2\/\",\"url\":\"https:\/\/floratiara.com\/p\/bridal-floral-headband-wedding-accessory-2\/\",\"name\":\"Summer Berry Bliss Flower Crown Headpiece - Flora Tiara\",\"isPartOf\":{\"@id\":\"https:\/\/floratiara.com\/#website\"},\"primaryImageOfPage\":{\"@id\":\"https:\/\/floratiara.com\/p\/bridal-floral-headband-wedding-accessory-2\/#primaryimage\"},\"image\":{\"@id\":\"https:\/\/floratiara.com\/p\/bridal-floral-headband-wedding-accessory-2\/#primaryimage\"},\"thumbnailUrl\":\"https:\/\/floratiara.com\/wp-content\/uploads\/2024\/03\/H753096d6406747098147b596185fdec6S-1.webp\",\"datePublished\":\"2024-03-16T06:35:22+00:00\",\"dateModified\":\"2025-03-04T04:42:29+00:00\",\"description\":\"Unique and beautiful: Shop our Summer Berry Bliss Flower Crown Headpiece. Premium high quality headpiece to make the occasion unforgettable.\",\"breadcrumb\":{\"@id\":\"https:\/\/floratiara.com\/p\/bridal-floral-headband-wedding-accessory-2\/#breadcrumb\"},\"inLanguage\":\"ro-RO\",\"potentialAction\":[{\"@type\":\"ReadAction\",\"target\":[\"https:\/\/floratiara.com\/p\/bridal-floral-headband-wedding-accessory-2\/\"]}]},{\"@type\":\"ImageObject\",\"inLanguage\":\"ro-RO\",\"@id\":\"https:\/\/floratiara.com\/p\/bridal-floral-headband-wedding-accessory-2\/#primaryimage\",\"url\":\"https:\/\/floratiara.com\/wp-content\/uploads\/2024\/03\/H753096d6406747098147b596185fdec6S-1.webp\",\"contentUrl\":\"https:\/\/floratiara.com\/wp-content\/uploads\/2024\/03\/H753096d6406747098147b596185fdec6S-1.webp\",\"width\":1000,\"height\":1000},{\"@type\":\"BreadcrumbList\",\"@id\":\"https:\/\/floratiara.com\/p\/bridal-floral-headband-wedding-accessory-2\/#breadcrumb\",\"itemListElement\":[{\"@type\":\"ListItem\",\"position\":1,\"name\":\"Home\",\"item\":\"https:\/\/floratiara.com\/\"},{\"@type\":\"ListItem\",\"position\":2,\"name\":\"Shop\",\"item\":\"https:\/\/floratiara.com\/shop\/\"},{\"@type\":\"ListItem\",\"position\":3,\"name\":\"Summer Berry Bliss Flower Crown Headpiece\"}]},{\"@type\":\"WebSite\",\"@id\":\"https:\/\/floratiara.com\/#website\",\"url\":\"https:\/\/floratiara.com\/\",\"name\":\"Flora Tiara\",\"description\":\"\",\"publisher\":{\"@id\":\"https:\/\/floratiara.com\/#organization\"},\"potentialAction\":[{\"@type\":\"SearchAction\",\"target\":{\"@type\":\"EntryPoint\",\"urlTemplate\":\"https:\/\/floratiara.com\/?s={search_term_string}\"},\"query-input\":{\"@type\":\"PropertyValueSpecification\",\"valueRequired\":true,\"valueName\":\"search_term_string\"}}],\"inLanguage\":\"ro-RO\"},{\"@type\":\"Organization\",\"@id\":\"https:\/\/floratiara.com\/#organization\",\"name\":\"Flora Tiara\",\"url\":\"https:\/\/floratiara.com\/\",\"logo\":{\"@type\":\"ImageObject\",\"inLanguage\":\"ro-RO\",\"@id\":\"https:\/\/floratiara.com\/#\/schema\/logo\/image\/\",\"url\":\"https:\/\/floratiara.com\/wp-content\/uploads\/2024\/03\/flora-tiara-logo.png\",\"contentUrl\":\"https:\/\/floratiara.com\/wp-content\/uploads\/2024\/03\/flora-tiara-logo.png\",\"width\":1024,\"height\":274,\"caption\":\"Flora Tiara\"},\"image\":{\"@id\":\"https:\/\/floratiara.com\/#\/schema\/logo\/image\/\"}}]}<\/script>\n<!-- \/ Yoast SEO plugin. -->","yoast_head_json":{"title":"Var\u0103 Berry Bliss Berry Bliss Flower Coroana de cap de flori - Flora Tiara","description":"Unic \u0219i frumos: Cump\u0103ra\u021bi casca de var\u0103 Berry Bliss Flower Crown Headpiece. Coafur\u0103 de \u00eenalt\u0103 calitate premium pentru a face ca ocazia s\u0103 fie de neuitat.","robots":{"index":"index","follow":"follow","max-snippet":"max-snippet:-1","max-image-preview":"max-image-preview:large","max-video-preview":"max-video-preview:-1"},"canonical":"https:\/\/floratiara.com\/ro\/p\/bridal-florale-bentita-de-nunta-accesorii-de-nunta-2\/","og_locale":"ro_RO","og_type":"article","og_title":"Summer Berry Bliss Flower Crown Headpiece - Flora Tiara","og_description":"Unique and beautiful: Shop our Summer Berry Bliss Flower Crown Headpiece. Premium high quality headpiece to make the occasion unforgettable.","og_url":"https:\/\/floratiara.com\/ro\/p\/bridal-florale-bentita-de-nunta-accesorii-de-nunta-2\/","og_site_name":"Flora Tiara","article_modified_time":"2025-03-04T04:42:29+00:00","og_image":[{"width":1000,"height":1000,"url":"https:\/\/floratiara.com\/wp-content\/uploads\/2024\/03\/H753096d6406747098147b596185fdec6S-1.webp","type":"image\/webp"}],"twitter_card":"summary_large_image","twitter_misc":{"Timp estimat pentru citire":"1 minut"},"schema":{"@context":"https:\/\/schema.org","@graph":[{"@type":"WebPage","@id":"https:\/\/floratiara.com\/p\/bridal-floral-headband-wedding-accessory-2\/","url":"https:\/\/floratiara.com\/p\/bridal-floral-headband-wedding-accessory-2\/","name":"Var\u0103 Berry Bliss Berry Bliss Flower Coroana de cap de flori - Flora Tiara","isPartOf":{"@id":"https:\/\/floratiara.com\/#website"},"primaryImageOfPage":{"@id":"https:\/\/floratiara.com\/p\/bridal-floral-headband-wedding-accessory-2\/#primaryimage"},"image":{"@id":"https:\/\/floratiara.com\/p\/bridal-floral-headband-wedding-accessory-2\/#primaryimage"},"thumbnailUrl":"https:\/\/floratiara.com\/wp-content\/uploads\/2024\/03\/H753096d6406747098147b596185fdec6S-1.webp","datePublished":"2024-03-16T06:35:22+00:00","dateModified":"2025-03-04T04:42:29+00:00","description":"Unic \u0219i frumos: Cump\u0103ra\u021bi casca de var\u0103 Berry Bliss Flower Crown Headpiece. Coafur\u0103 de \u00eenalt\u0103 calitate premium pentru a face ca ocazia s\u0103 fie de neuitat.","breadcrumb":{"@id":"https:\/\/floratiara.com\/p\/bridal-floral-headband-wedding-accessory-2\/#breadcrumb"},"inLanguage":"ro-RO","potentialAction":[{"@type":"ReadAction","target":["https:\/\/floratiara.com\/p\/bridal-floral-headband-wedding-accessory-2\/"]}]},{"@type":"ImageObject","inLanguage":"ro-RO","@id":"https:\/\/floratiara.com\/p\/bridal-floral-headband-wedding-accessory-2\/#primaryimage","url":"https:\/\/floratiara.com\/wp-content\/uploads\/2024\/03\/H753096d6406747098147b596185fdec6S-1.webp","contentUrl":"https:\/\/floratiara.com\/wp-content\/uploads\/2024\/03\/H753096d6406747098147b596185fdec6S-1.webp","width":1000,"height":1000},{"@type":"BreadcrumbList","@id":"https:\/\/floratiara.com\/p\/bridal-floral-headband-wedding-accessory-2\/#breadcrumb","itemListElement":[{"@type":"ListItem","position":1,"name":"Home","item":"https:\/\/floratiara.com\/"},{"@type":"ListItem","position":2,"name":"Shop","item":"https:\/\/floratiara.com\/shop\/"},{"@type":"ListItem","position":3,"name":"Summer Berry Bliss Flower Crown Headpiece"}]},{"@type":"WebSite","@id":"https:\/\/floratiara.com\/#website","url":"https:\/\/floratiara.com\/","name":"Flora Tiara","description":"","publisher":{"@id":"https:\/\/floratiara.com\/#organization"},"potentialAction":[{"@type":"SearchAction","target":{"@type":"EntryPoint","urlTemplate":"https:\/\/floratiara.com\/?s={search_term_string}"},"query-input":{"@type":"PropertyValueSpecification","valueRequired":true,"valueName":"search_term_string"}}],"inLanguage":"ro-RO"},{"@type":"Organization","@id":"https:\/\/floratiara.com\/#organization","name":"Flora Tiara","url":"https:\/\/floratiara.com\/","logo":{"@type":"ImageObject","inLanguage":"ro-RO","@id":"https:\/\/floratiara.com\/#\/schema\/logo\/image\/","url":"https:\/\/floratiara.com\/wp-content\/uploads\/2024\/03\/flora-tiara-logo.png","contentUrl":"https:\/\/floratiara.com\/wp-content\/uploads\/2024\/03\/flora-tiara-logo.png","width":1024,"height":274,"caption":"Flora Tiara"},"image":{"@id":"https:\/\/floratiara.com\/#\/schema\/logo\/image\/"}}]}},"_links":{"self":[{"href":"https:\/\/floratiara.com\/ro\/wp-json\/wp\/v2\/product\/26","targetHints":{"allow":["GET"]}}],"collection":[{"href":"https:\/\/floratiara.com\/ro\/wp-json\/wp\/v2\/product"}],"about":[{"href":"https:\/\/floratiara.com\/ro\/wp-json\/wp\/v2\/types\/product"}],"wp:featuredmedia":[{"embeddable":true,"href":"https:\/\/floratiara.com\/ro\/wp-json\/wp\/v2\/media\/25"}],"wp:attachment":[{"href":"https:\/\/floratiara.com\/ro\/wp-json\/wp\/v2\/media?parent=26"}],"wp:term":[{"taxonomy":"product_brand","embeddable":true,"href":"https:\/\/floratiara.com\/ro\/wp-json\/wp\/v2\/product_brand?post=26"},{"taxonomy":"product_cat","embeddable":true,"href":"https:\/\/floratiara.com\/ro\/wp-json\/wp\/v2\/product_cat?post=26"},{"taxonomy":"product_tag","embeddable":true,"href":"https:\/\/floratiara.com\/ro\/wp-json\/wp\/v2\/product_tag?post=26"}],"curies":[{"name":"wp","href":"https:\/\/api.w.org\/{rel}","templated":true}]}}