{"id":266,"date":"2024-03-16T09:39:44","date_gmt":"2024-03-16T09:39:44","guid":{"rendered":"https:\/\/floratiara.com\/?post_type=product&#038;p=266"},"modified":"2024-12-12T01:46:28","modified_gmt":"2024-12-12T01:46:28","slug":"nunta-nunta-florale-bentita-florale","status":"publish","type":"product","link":"https:\/\/floratiara.com\/ro\/p\/nunta-nunta-florale-bentita-florale\/","title":{"rendered":"Coroana de flori Enchanted Blooms pentru mirese"},"content":{"rendered":"<p>Descoper\u0103 splendoarea naturii cu coroana de flori Enchanted Blooms, o capodoper\u0103 pentru mirese. Fiecare cercule\u021b lucrat manual se m\u00e2ndre\u0219te cu dalii roz romantice, frezii delicate albe \u0219i roz \u0219i margarete albe atemporale, armonizate cu nuan\u021be de roz somon. \u00cempodobirile de fructe de p\u0103dure \u00een tonuri de aur adaug\u0103 o \u00eenflorire nobil\u0103 la verdele luxuriant. Ideal\u0103 pentru a \u00een\u0103l\u021ba coafurile de nunt\u0103, aceast\u0103 coafur\u0103 rafinat\u0103 \u00eencapsuleaz\u0103 puritatea \u0219i s\u0103rb\u0103toarea. R\u0103sf\u0103\u021ba\u021bi-v\u0103 cu elegan\u021b\u0103 \u0219i farmec pentru o zi de nunt\u0103 de poveste, de neuitat, cu aceast\u0103 pies\u0103 de lux artizanal. C\u0103utarea dvs. pentru atingerea final\u0103 perfect\u0103 a ansamblului dvs. de mireas\u0103 se \u00eencheie cu aceast\u0103 coroan\u0103 de flori fermec\u0103toare.<\/p><p>Compozi\u021bie: dalii roz, frezii albe \u0219i roz, margarete albe, flori mici de culoare roz somon (neidentificabile f\u0103r\u0103 detalii de aproape), frunze verzi, accente decorative de fructe de p\u0103dure de culoare aurie.<\/p>","protected":false},"excerpt":{"rendered":"<div style=\"width: 90%;text-align: left;margin: auto\"><p style=\"text-align:center\"><b>\ud83d\udc51 De la m\u00e2inile noastre la capul t\u0103u<\/b><br \/><i>Coroane de flori de lux pentru orice ocazie<\/i><\/p><ul><li>\u2702\ufe0f Realizat cu grij\u0103 \u00een inima ora\u0219ului <b>Rom\u00e2nia<\/b><\/li><li><b>\ud83d\udc90 Compozi\u021bie: dalii roz, frezii albe \u0219i roz, margarete albe, flori mici de culoare roz somon (neidentificabile f\u0103r\u0103 detalii de aproape), frunze verzi, accente decorative de fructe de p\u0103dure de culoare aurie.<\/b><\/li><\/ul><\/div>","protected":false},"featured_media":265,"template":"","meta":[],"product_brand":[],"product_cat":[61,69,73,79,59],"product_tag":[],"class_list":{"0":"post-266","1":"product","2":"type-product","3":"status-publish","4":"has-post-thumbnail","6":"product_cat-bridesmaid-floral-headpiece","7":"product_cat-daisy-floral-headpiece","8":"product_cat-pink-floral-headpiece","9":"product_cat-real-floral-headpiece","10":"product_cat-bridal-floral-headpiece","12":"first","13":"instock","14":"shipping-taxable","15":"purchasable","16":"product-type-simple"},"yoast_head":"<!-- This site is optimized with the Yoast SEO plugin v25.9 - https:\/\/yoast.com\/wordpress\/plugins\/seo\/ -->\n<title>Enchanted Blooms Flower Crown for Brides - Flora Tiara<\/title>\n<meta name=\"description\" content=\"Unique and beautiful: Shop our Enchanted Blooms Flower Crown for Brides. Premium high quality headpiece to make the occasion unforgettable.\" \/>\n<meta name=\"robots\" content=\"index, follow, max-snippet:-1, max-image-preview:large, max-video-preview:-1\" \/>\n<link rel=\"canonical\" href=\"https:\/\/floratiara.com\/ro\/p\/nunta-nunta-florale-bentita-florale\/\" \/>\n<meta property=\"og:locale\" content=\"ro_RO\" \/>\n<meta property=\"og:type\" content=\"article\" \/>\n<meta property=\"og:title\" content=\"Enchanted Blooms Flower Crown for Brides - Flora Tiara\" \/>\n<meta property=\"og:description\" content=\"Unique and beautiful: Shop our Enchanted Blooms Flower Crown for Brides. Premium high quality headpiece to make the occasion unforgettable.\" \/>\n<meta property=\"og:url\" content=\"https:\/\/floratiara.com\/ro\/p\/nunta-nunta-florale-bentita-florale\/\" \/>\n<meta property=\"og:site_name\" content=\"Flora Tiara\" \/>\n<meta property=\"article:modified_time\" content=\"2024-12-12T01:46:28+00:00\" \/>\n<meta property=\"og:image\" content=\"https:\/\/floratiara.com\/wp-content\/uploads\/2024\/03\/S74641836d3c245179db7238f99244d623.webp\" \/>\n\t<meta property=\"og:image:width\" content=\"1500\" \/>\n\t<meta property=\"og:image:height\" content=\"1500\" \/>\n\t<meta property=\"og:image:type\" content=\"image\/webp\" \/>\n<meta name=\"twitter:card\" content=\"summary_large_image\" \/>\n<meta name=\"twitter:label1\" content=\"Timp estimat pentru citire\" \/>\n\t<meta name=\"twitter:data1\" content=\"6 minute\" \/>\n<script type=\"application\/ld+json\" class=\"yoast-schema-graph\">{\"@context\":\"https:\/\/schema.org\",\"@graph\":[{\"@type\":\"WebPage\",\"@id\":\"https:\/\/floratiara.com\/p\/bridal-floral-headband-wedding\/\",\"url\":\"https:\/\/floratiara.com\/p\/bridal-floral-headband-wedding\/\",\"name\":\"Enchanted Blooms Flower Crown for Brides - Flora Tiara\",\"isPartOf\":{\"@id\":\"https:\/\/floratiara.com\/#website\"},\"primaryImageOfPage\":{\"@id\":\"https:\/\/floratiara.com\/p\/bridal-floral-headband-wedding\/#primaryimage\"},\"image\":{\"@id\":\"https:\/\/floratiara.com\/p\/bridal-floral-headband-wedding\/#primaryimage\"},\"thumbnailUrl\":\"https:\/\/floratiara.com\/wp-content\/uploads\/2024\/03\/S74641836d3c245179db7238f99244d623.webp\",\"datePublished\":\"2024-03-16T09:39:44+00:00\",\"dateModified\":\"2024-12-12T01:46:28+00:00\",\"description\":\"Unique and beautiful: Shop our Enchanted Blooms Flower Crown for Brides. Premium high quality headpiece to make the occasion unforgettable.\",\"breadcrumb\":{\"@id\":\"https:\/\/floratiara.com\/p\/bridal-floral-headband-wedding\/#breadcrumb\"},\"inLanguage\":\"ro-RO\",\"potentialAction\":[{\"@type\":\"ReadAction\",\"target\":[\"https:\/\/floratiara.com\/p\/bridal-floral-headband-wedding\/\"]}]},{\"@type\":\"ImageObject\",\"inLanguage\":\"ro-RO\",\"@id\":\"https:\/\/floratiara.com\/p\/bridal-floral-headband-wedding\/#primaryimage\",\"url\":\"https:\/\/floratiara.com\/wp-content\/uploads\/2024\/03\/S74641836d3c245179db7238f99244d623.webp\",\"contentUrl\":\"https:\/\/floratiara.com\/wp-content\/uploads\/2024\/03\/S74641836d3c245179db7238f99244d623.webp\",\"width\":1500,\"height\":1500},{\"@type\":\"BreadcrumbList\",\"@id\":\"https:\/\/floratiara.com\/p\/bridal-floral-headband-wedding\/#breadcrumb\",\"itemListElement\":[{\"@type\":\"ListItem\",\"position\":1,\"name\":\"Home\",\"item\":\"https:\/\/floratiara.com\/\"},{\"@type\":\"ListItem\",\"position\":2,\"name\":\"Shop\",\"item\":\"https:\/\/floratiara.com\/shop\/\"},{\"@type\":\"ListItem\",\"position\":3,\"name\":\"Enchanted Blooms Flower Crown for Brides\"}]},{\"@type\":\"WebSite\",\"@id\":\"https:\/\/floratiara.com\/#website\",\"url\":\"https:\/\/floratiara.com\/\",\"name\":\"Flora Tiara\",\"description\":\"\",\"publisher\":{\"@id\":\"https:\/\/floratiara.com\/#organization\"},\"potentialAction\":[{\"@type\":\"SearchAction\",\"target\":{\"@type\":\"EntryPoint\",\"urlTemplate\":\"https:\/\/floratiara.com\/?s={search_term_string}\"},\"query-input\":{\"@type\":\"PropertyValueSpecification\",\"valueRequired\":true,\"valueName\":\"search_term_string\"}}],\"inLanguage\":\"ro-RO\"},{\"@type\":\"Organization\",\"@id\":\"https:\/\/floratiara.com\/#organization\",\"name\":\"Flora Tiara\",\"url\":\"https:\/\/floratiara.com\/\",\"logo\":{\"@type\":\"ImageObject\",\"inLanguage\":\"ro-RO\",\"@id\":\"https:\/\/floratiara.com\/#\/schema\/logo\/image\/\",\"url\":\"https:\/\/floratiara.com\/wp-content\/uploads\/2024\/03\/flora-tiara-logo.png\",\"contentUrl\":\"https:\/\/floratiara.com\/wp-content\/uploads\/2024\/03\/flora-tiara-logo.png\",\"width\":1024,\"height\":274,\"caption\":\"Flora Tiara\"},\"image\":{\"@id\":\"https:\/\/floratiara.com\/#\/schema\/logo\/image\/\"}}]}<\/script>\n<!-- \/ Yoast SEO plugin. -->","yoast_head_json":{"title":"Coroana de flori Enchanted Blooms pentru mirese - Flora Tiara","description":"Unic \u0219i frumos: Cump\u0103ra\u021bi coroana de flori Enchanted Blooms pentru mirese. Coafur\u0103 premium de \u00eenalt\u0103 calitate pentru a face ca ocazia s\u0103 fie de neuitat.","robots":{"index":"index","follow":"follow","max-snippet":"max-snippet:-1","max-image-preview":"max-image-preview:large","max-video-preview":"max-video-preview:-1"},"canonical":"https:\/\/floratiara.com\/ro\/p\/nunta-nunta-florale-bentita-florale\/","og_locale":"ro_RO","og_type":"article","og_title":"Enchanted Blooms Flower Crown for Brides - Flora Tiara","og_description":"Unique and beautiful: Shop our Enchanted Blooms Flower Crown for Brides. Premium high quality headpiece to make the occasion unforgettable.","og_url":"https:\/\/floratiara.com\/ro\/p\/nunta-nunta-florale-bentita-florale\/","og_site_name":"Flora Tiara","article_modified_time":"2024-12-12T01:46:28+00:00","og_image":[{"width":1500,"height":1500,"url":"https:\/\/floratiara.com\/wp-content\/uploads\/2024\/03\/S74641836d3c245179db7238f99244d623.webp","type":"image\/webp"}],"twitter_card":"summary_large_image","twitter_misc":{"Timp estimat pentru citire":"6 minute"},"schema":{"@context":"https:\/\/schema.org","@graph":[{"@type":"WebPage","@id":"https:\/\/floratiara.com\/p\/bridal-floral-headband-wedding\/","url":"https:\/\/floratiara.com\/p\/bridal-floral-headband-wedding\/","name":"Coroana de flori Enchanted Blooms pentru mirese - Flora Tiara","isPartOf":{"@id":"https:\/\/floratiara.com\/#website"},"primaryImageOfPage":{"@id":"https:\/\/floratiara.com\/p\/bridal-floral-headband-wedding\/#primaryimage"},"image":{"@id":"https:\/\/floratiara.com\/p\/bridal-floral-headband-wedding\/#primaryimage"},"thumbnailUrl":"https:\/\/floratiara.com\/wp-content\/uploads\/2024\/03\/S74641836d3c245179db7238f99244d623.webp","datePublished":"2024-03-16T09:39:44+00:00","dateModified":"2024-12-12T01:46:28+00:00","description":"Unic \u0219i frumos: Cump\u0103ra\u021bi coroana de flori Enchanted Blooms pentru mirese. Coafur\u0103 premium de \u00eenalt\u0103 calitate pentru a face ca ocazia s\u0103 fie de neuitat.","breadcrumb":{"@id":"https:\/\/floratiara.com\/p\/bridal-floral-headband-wedding\/#breadcrumb"},"inLanguage":"ro-RO","potentialAction":[{"@type":"ReadAction","target":["https:\/\/floratiara.com\/p\/bridal-floral-headband-wedding\/"]}]},{"@type":"ImageObject","inLanguage":"ro-RO","@id":"https:\/\/floratiara.com\/p\/bridal-floral-headband-wedding\/#primaryimage","url":"https:\/\/floratiara.com\/wp-content\/uploads\/2024\/03\/S74641836d3c245179db7238f99244d623.webp","contentUrl":"https:\/\/floratiara.com\/wp-content\/uploads\/2024\/03\/S74641836d3c245179db7238f99244d623.webp","width":1500,"height":1500},{"@type":"BreadcrumbList","@id":"https:\/\/floratiara.com\/p\/bridal-floral-headband-wedding\/#breadcrumb","itemListElement":[{"@type":"ListItem","position":1,"name":"Home","item":"https:\/\/floratiara.com\/"},{"@type":"ListItem","position":2,"name":"Shop","item":"https:\/\/floratiara.com\/shop\/"},{"@type":"ListItem","position":3,"name":"Enchanted Blooms Flower Crown for Brides"}]},{"@type":"WebSite","@id":"https:\/\/floratiara.com\/#website","url":"https:\/\/floratiara.com\/","name":"Flora Tiara","description":"","publisher":{"@id":"https:\/\/floratiara.com\/#organization"},"potentialAction":[{"@type":"SearchAction","target":{"@type":"EntryPoint","urlTemplate":"https:\/\/floratiara.com\/?s={search_term_string}"},"query-input":{"@type":"PropertyValueSpecification","valueRequired":true,"valueName":"search_term_string"}}],"inLanguage":"ro-RO"},{"@type":"Organization","@id":"https:\/\/floratiara.com\/#organization","name":"Flora Tiara","url":"https:\/\/floratiara.com\/","logo":{"@type":"ImageObject","inLanguage":"ro-RO","@id":"https:\/\/floratiara.com\/#\/schema\/logo\/image\/","url":"https:\/\/floratiara.com\/wp-content\/uploads\/2024\/03\/flora-tiara-logo.png","contentUrl":"https:\/\/floratiara.com\/wp-content\/uploads\/2024\/03\/flora-tiara-logo.png","width":1024,"height":274,"caption":"Flora Tiara"},"image":{"@id":"https:\/\/floratiara.com\/#\/schema\/logo\/image\/"}}]}},"_links":{"self":[{"href":"https:\/\/floratiara.com\/ro\/wp-json\/wp\/v2\/product\/266","targetHints":{"allow":["GET"]}}],"collection":[{"href":"https:\/\/floratiara.com\/ro\/wp-json\/wp\/v2\/product"}],"about":[{"href":"https:\/\/floratiara.com\/ro\/wp-json\/wp\/v2\/types\/product"}],"wp:featuredmedia":[{"embeddable":true,"href":"https:\/\/floratiara.com\/ro\/wp-json\/wp\/v2\/media\/265"}],"wp:attachment":[{"href":"https:\/\/floratiara.com\/ro\/wp-json\/wp\/v2\/media?parent=266"}],"wp:term":[{"taxonomy":"product_brand","embeddable":true,"href":"https:\/\/floratiara.com\/ro\/wp-json\/wp\/v2\/product_brand?post=266"},{"taxonomy":"product_cat","embeddable":true,"href":"https:\/\/floratiara.com\/ro\/wp-json\/wp\/v2\/product_cat?post=266"},{"taxonomy":"product_tag","embeddable":true,"href":"https:\/\/floratiara.com\/ro\/wp-json\/wp\/v2\/product_tag?post=266"}],"curies":[{"name":"wp","href":"https:\/\/api.w.org\/{rel}","templated":true}]}}