{"id":318,"date":"2024-03-16T09:40:53","date_gmt":"2024-03-16T09:40:53","guid":{"rendered":"https:\/\/floratiara.com\/?post_type=product&#038;p=318"},"modified":"2024-12-12T01:45:35","modified_gmt":"2024-12-12T01:45:35","slug":"mireasa-capatul-floral-elegant-ghirlanda","status":"publish","type":"product","link":"https:\/\/floratiara.com\/ro\/p\/mireasa-capatul-floral-elegant-ghirlanda\/","title":{"rendered":"Coroana de flori Serenity Flower Crown - Nunta de mireas\u0103 de cap"},"content":{"rendered":"<p>Ridic\u0103-\u021bi \u00een sl\u0103vi ziua special\u0103 cu coroana de flori Serenity, un accesoriu minunat, care \u00eentruchipeaz\u0103 romantismul \u0219i elegan\u021ba. Fiecare floare este selectat\u0103 cu dragoste pentru a crea un amestec armonios de nuan\u021be de roz \u0219i alb, pe un fundal de frunzi\u0219 verde bogat. Perfect\u0103 pentru mirese \u0219i domni\u0219oare de onoare, aceast\u0103 ghirland\u0103 floral\u0103 va completa orice coafur\u0103, ad\u0103ug\u00e2nd o not\u0103 de rafinament \u0219i gra\u021bie natural\u0103. Designul versatil se potrive\u0219te unei variet\u0103\u021bi de look-uri, de la cel boem la cel clasic chic. \u00cempodobe\u0219te-\u021bi p\u0103rul cu aceast\u0103 coroan\u0103 fermec\u0103toare \u0219i f\u0103-\u021bi amintiri de durat\u0103 cu un aer de frumuse\u021be botanic\u0103.<\/p><p>Compozi\u021bie: mini-roze roz \u0219i albe, margarete albe, astre roz, frunze verzi \u0219i flori mici de umplutur\u0103.<\/p>","protected":false},"excerpt":{"rendered":"<div style=\"width: 90%;text-align: left;margin: auto\"><p style=\"text-align:center\"><b>\ud83d\udc51 De la m\u00e2inile noastre la capul t\u0103u<\/b><br \/><i>Coroane de flori de lux pentru orice ocazie<\/i><\/p><ul><li>\u2702\ufe0f Realizat cu grij\u0103 \u00een inima ora\u0219ului <b>Rom\u00e2nia<\/b><\/li><li><b>\ud83d\udc90 Compozi\u021bie: mini-roze roz \u0219i albe, margarete albe, astre roz, frunze verzi \u0219i flori mici de umplutur\u0103.<\/b><\/li><\/ul><\/div>","protected":false},"featured_media":317,"template":"","meta":[],"product_brand":[],"product_cat":[61,78,73,77,59],"product_tag":[],"class_list":{"0":"post-318","1":"product","2":"type-product","3":"status-publish","4":"has-post-thumbnail","6":"product_cat-bridesmaid-floral-headpiece","7":"product_cat-dried-floral-headpiece","8":"product_cat-pink-floral-headpiece","9":"product_cat-red-floral-headpiece","10":"product_cat-bridal-floral-headpiece","12":"first","13":"instock","14":"shipping-taxable","15":"purchasable","16":"product-type-simple"},"yoast_head":"<!-- This site is optimized with the Yoast SEO plugin v25.9 - https:\/\/yoast.com\/wordpress\/plugins\/seo\/ -->\n<title>Serenity Flower Crown - Wedding Bridal Headwear - Flora Tiara<\/title>\n<meta name=\"description\" content=\"Unique and beautiful: Shop our Serenity Flower Crown - Wedding Bridal Headwear. Premium high quality headpiece to make the occasion unforgettable.\" \/>\n<meta name=\"robots\" content=\"index, follow, max-snippet:-1, max-image-preview:large, max-video-preview:-1\" \/>\n<link rel=\"canonical\" href=\"https:\/\/floratiara.com\/ro\/p\/mireasa-capatul-floral-elegant-ghirlanda\/\" \/>\n<meta property=\"og:locale\" content=\"ro_RO\" \/>\n<meta property=\"og:type\" content=\"article\" \/>\n<meta property=\"og:title\" content=\"Serenity Flower Crown - Wedding Bridal Headwear - Flora Tiara\" \/>\n<meta property=\"og:description\" content=\"Unique and beautiful: Shop our Serenity Flower Crown - Wedding Bridal Headwear. Premium high quality headpiece to make the occasion unforgettable.\" \/>\n<meta property=\"og:url\" content=\"https:\/\/floratiara.com\/ro\/p\/mireasa-capatul-floral-elegant-ghirlanda\/\" \/>\n<meta property=\"og:site_name\" content=\"Flora Tiara\" \/>\n<meta property=\"article:modified_time\" content=\"2024-12-12T01:45:35+00:00\" \/>\n<meta property=\"og:image\" content=\"https:\/\/floratiara.com\/wp-content\/uploads\/2024\/03\/S796a10f38561496d9596a9aa9122794fP.webp\" \/>\n\t<meta property=\"og:image:width\" content=\"1500\" \/>\n\t<meta property=\"og:image:height\" content=\"1500\" \/>\n\t<meta property=\"og:image:type\" content=\"image\/webp\" \/>\n<meta name=\"twitter:card\" content=\"summary_large_image\" \/>\n<meta name=\"twitter:label1\" content=\"Timp estimat pentru citire\" \/>\n\t<meta name=\"twitter:data1\" content=\"3 minute\" \/>\n<script type=\"application\/ld+json\" class=\"yoast-schema-graph\">{\"@context\":\"https:\/\/schema.org\",\"@graph\":[{\"@type\":\"WebPage\",\"@id\":\"https:\/\/floratiara.com\/p\/bridal-floral-headpiece-elegant-garland\/\",\"url\":\"https:\/\/floratiara.com\/p\/bridal-floral-headpiece-elegant-garland\/\",\"name\":\"Serenity Flower Crown - Wedding Bridal Headwear - Flora Tiara\",\"isPartOf\":{\"@id\":\"https:\/\/floratiara.com\/#website\"},\"primaryImageOfPage\":{\"@id\":\"https:\/\/floratiara.com\/p\/bridal-floral-headpiece-elegant-garland\/#primaryimage\"},\"image\":{\"@id\":\"https:\/\/floratiara.com\/p\/bridal-floral-headpiece-elegant-garland\/#primaryimage\"},\"thumbnailUrl\":\"https:\/\/floratiara.com\/wp-content\/uploads\/2024\/03\/S796a10f38561496d9596a9aa9122794fP.webp\",\"datePublished\":\"2024-03-16T09:40:53+00:00\",\"dateModified\":\"2024-12-12T01:45:35+00:00\",\"description\":\"Unique and beautiful: Shop our Serenity Flower Crown - Wedding Bridal Headwear. Premium high quality headpiece to make the occasion unforgettable.\",\"breadcrumb\":{\"@id\":\"https:\/\/floratiara.com\/p\/bridal-floral-headpiece-elegant-garland\/#breadcrumb\"},\"inLanguage\":\"ro-RO\",\"potentialAction\":[{\"@type\":\"ReadAction\",\"target\":[\"https:\/\/floratiara.com\/p\/bridal-floral-headpiece-elegant-garland\/\"]}]},{\"@type\":\"ImageObject\",\"inLanguage\":\"ro-RO\",\"@id\":\"https:\/\/floratiara.com\/p\/bridal-floral-headpiece-elegant-garland\/#primaryimage\",\"url\":\"https:\/\/floratiara.com\/wp-content\/uploads\/2024\/03\/S796a10f38561496d9596a9aa9122794fP.webp\",\"contentUrl\":\"https:\/\/floratiara.com\/wp-content\/uploads\/2024\/03\/S796a10f38561496d9596a9aa9122794fP.webp\",\"width\":1500,\"height\":1500},{\"@type\":\"BreadcrumbList\",\"@id\":\"https:\/\/floratiara.com\/p\/bridal-floral-headpiece-elegant-garland\/#breadcrumb\",\"itemListElement\":[{\"@type\":\"ListItem\",\"position\":1,\"name\":\"Home\",\"item\":\"https:\/\/floratiara.com\/\"},{\"@type\":\"ListItem\",\"position\":2,\"name\":\"Shop\",\"item\":\"https:\/\/floratiara.com\/shop\/\"},{\"@type\":\"ListItem\",\"position\":3,\"name\":\"Serenity Flower Crown &#8211; Wedding Bridal Headwear\"}]},{\"@type\":\"WebSite\",\"@id\":\"https:\/\/floratiara.com\/#website\",\"url\":\"https:\/\/floratiara.com\/\",\"name\":\"Flora Tiara\",\"description\":\"\",\"publisher\":{\"@id\":\"https:\/\/floratiara.com\/#organization\"},\"potentialAction\":[{\"@type\":\"SearchAction\",\"target\":{\"@type\":\"EntryPoint\",\"urlTemplate\":\"https:\/\/floratiara.com\/?s={search_term_string}\"},\"query-input\":{\"@type\":\"PropertyValueSpecification\",\"valueRequired\":true,\"valueName\":\"search_term_string\"}}],\"inLanguage\":\"ro-RO\"},{\"@type\":\"Organization\",\"@id\":\"https:\/\/floratiara.com\/#organization\",\"name\":\"Flora Tiara\",\"url\":\"https:\/\/floratiara.com\/\",\"logo\":{\"@type\":\"ImageObject\",\"inLanguage\":\"ro-RO\",\"@id\":\"https:\/\/floratiara.com\/#\/schema\/logo\/image\/\",\"url\":\"https:\/\/floratiara.com\/wp-content\/uploads\/2024\/03\/flora-tiara-logo.png\",\"contentUrl\":\"https:\/\/floratiara.com\/wp-content\/uploads\/2024\/03\/flora-tiara-logo.png\",\"width\":1024,\"height\":274,\"caption\":\"Flora Tiara\"},\"image\":{\"@id\":\"https:\/\/floratiara.com\/#\/schema\/logo\/image\/\"}}]}<\/script>\n<!-- \/ Yoast SEO plugin. -->","yoast_head_json":{"title":"Coroana de flori Serenity Flower Crown - Flora Tiara","description":"Unic \u0219i frumos: Cump\u0103ra\u021bi coroana de flori Serenity Flower Crown - Nunta de mireas\u0103. Coafur\u0103 premium de \u00eenalt\u0103 calitate pentru a face ca ocazia s\u0103 fie de neuitat.","robots":{"index":"index","follow":"follow","max-snippet":"max-snippet:-1","max-image-preview":"max-image-preview:large","max-video-preview":"max-video-preview:-1"},"canonical":"https:\/\/floratiara.com\/ro\/p\/mireasa-capatul-floral-elegant-ghirlanda\/","og_locale":"ro_RO","og_type":"article","og_title":"Serenity Flower Crown - Wedding Bridal Headwear - Flora Tiara","og_description":"Unique and beautiful: Shop our Serenity Flower Crown - Wedding Bridal Headwear. Premium high quality headpiece to make the occasion unforgettable.","og_url":"https:\/\/floratiara.com\/ro\/p\/mireasa-capatul-floral-elegant-ghirlanda\/","og_site_name":"Flora Tiara","article_modified_time":"2024-12-12T01:45:35+00:00","og_image":[{"width":1500,"height":1500,"url":"https:\/\/floratiara.com\/wp-content\/uploads\/2024\/03\/S796a10f38561496d9596a9aa9122794fP.webp","type":"image\/webp"}],"twitter_card":"summary_large_image","twitter_misc":{"Timp estimat pentru citire":"3 minute"},"schema":{"@context":"https:\/\/schema.org","@graph":[{"@type":"WebPage","@id":"https:\/\/floratiara.com\/p\/bridal-floral-headpiece-elegant-garland\/","url":"https:\/\/floratiara.com\/p\/bridal-floral-headpiece-elegant-garland\/","name":"Coroana de flori Serenity Flower Crown - Flora Tiara","isPartOf":{"@id":"https:\/\/floratiara.com\/#website"},"primaryImageOfPage":{"@id":"https:\/\/floratiara.com\/p\/bridal-floral-headpiece-elegant-garland\/#primaryimage"},"image":{"@id":"https:\/\/floratiara.com\/p\/bridal-floral-headpiece-elegant-garland\/#primaryimage"},"thumbnailUrl":"https:\/\/floratiara.com\/wp-content\/uploads\/2024\/03\/S796a10f38561496d9596a9aa9122794fP.webp","datePublished":"2024-03-16T09:40:53+00:00","dateModified":"2024-12-12T01:45:35+00:00","description":"Unic \u0219i frumos: Cump\u0103ra\u021bi coroana de flori Serenity Flower Crown - Nunta de mireas\u0103. Coafur\u0103 premium de \u00eenalt\u0103 calitate pentru a face ca ocazia s\u0103 fie de neuitat.","breadcrumb":{"@id":"https:\/\/floratiara.com\/p\/bridal-floral-headpiece-elegant-garland\/#breadcrumb"},"inLanguage":"ro-RO","potentialAction":[{"@type":"ReadAction","target":["https:\/\/floratiara.com\/p\/bridal-floral-headpiece-elegant-garland\/"]}]},{"@type":"ImageObject","inLanguage":"ro-RO","@id":"https:\/\/floratiara.com\/p\/bridal-floral-headpiece-elegant-garland\/#primaryimage","url":"https:\/\/floratiara.com\/wp-content\/uploads\/2024\/03\/S796a10f38561496d9596a9aa9122794fP.webp","contentUrl":"https:\/\/floratiara.com\/wp-content\/uploads\/2024\/03\/S796a10f38561496d9596a9aa9122794fP.webp","width":1500,"height":1500},{"@type":"BreadcrumbList","@id":"https:\/\/floratiara.com\/p\/bridal-floral-headpiece-elegant-garland\/#breadcrumb","itemListElement":[{"@type":"ListItem","position":1,"name":"Home","item":"https:\/\/floratiara.com\/"},{"@type":"ListItem","position":2,"name":"Shop","item":"https:\/\/floratiara.com\/shop\/"},{"@type":"ListItem","position":3,"name":"Serenity Flower Crown &#8211; Wedding Bridal Headwear"}]},{"@type":"WebSite","@id":"https:\/\/floratiara.com\/#website","url":"https:\/\/floratiara.com\/","name":"Flora Tiara","description":"","publisher":{"@id":"https:\/\/floratiara.com\/#organization"},"potentialAction":[{"@type":"SearchAction","target":{"@type":"EntryPoint","urlTemplate":"https:\/\/floratiara.com\/?s={search_term_string}"},"query-input":{"@type":"PropertyValueSpecification","valueRequired":true,"valueName":"search_term_string"}}],"inLanguage":"ro-RO"},{"@type":"Organization","@id":"https:\/\/floratiara.com\/#organization","name":"Flora Tiara","url":"https:\/\/floratiara.com\/","logo":{"@type":"ImageObject","inLanguage":"ro-RO","@id":"https:\/\/floratiara.com\/#\/schema\/logo\/image\/","url":"https:\/\/floratiara.com\/wp-content\/uploads\/2024\/03\/flora-tiara-logo.png","contentUrl":"https:\/\/floratiara.com\/wp-content\/uploads\/2024\/03\/flora-tiara-logo.png","width":1024,"height":274,"caption":"Flora Tiara"},"image":{"@id":"https:\/\/floratiara.com\/#\/schema\/logo\/image\/"}}]}},"_links":{"self":[{"href":"https:\/\/floratiara.com\/ro\/wp-json\/wp\/v2\/product\/318","targetHints":{"allow":["GET"]}}],"collection":[{"href":"https:\/\/floratiara.com\/ro\/wp-json\/wp\/v2\/product"}],"about":[{"href":"https:\/\/floratiara.com\/ro\/wp-json\/wp\/v2\/types\/product"}],"wp:featuredmedia":[{"embeddable":true,"href":"https:\/\/floratiara.com\/ro\/wp-json\/wp\/v2\/media\/317"}],"wp:attachment":[{"href":"https:\/\/floratiara.com\/ro\/wp-json\/wp\/v2\/media?parent=318"}],"wp:term":[{"taxonomy":"product_brand","embeddable":true,"href":"https:\/\/floratiara.com\/ro\/wp-json\/wp\/v2\/product_brand?post=318"},{"taxonomy":"product_cat","embeddable":true,"href":"https:\/\/floratiara.com\/ro\/wp-json\/wp\/v2\/product_cat?post=318"},{"taxonomy":"product_tag","embeddable":true,"href":"https:\/\/floratiara.com\/ro\/wp-json\/wp\/v2\/product_tag?post=318"}],"curies":[{"name":"wp","href":"https:\/\/api.w.org\/{rel}","templated":true}]}}