{"id":375,"date":"2024-03-16T09:42:06","date_gmt":"2024-03-16T09:42:06","guid":{"rendered":"https:\/\/floratiara.com\/?post_type=product&#038;p=375"},"modified":"2024-12-12T01:44:41","modified_gmt":"2024-12-12T01:44:41","slug":"florale-de-nunta-de-par-ghirlanda-de-par-tiara","status":"publish","type":"product","link":"https:\/\/floratiara.com\/ro\/p\/florale-de-nunta-de-par-ghirlanda-de-par-tiara\/","title":{"rendered":"\u00cenc\u00e2nt\u0103toare de mireas\u0103 Rose Rose Coroana de flori Coroana Headpiece"},"content":{"rendered":"<p>Descoperi\u021bi apogeul elegan\u021bei florale cu rafinata noastr\u0103 coroan\u0103 de flori de trandafiri de mireas\u0103. Aceast\u0103 coafur\u0103 artizanal\u0103, cu un amestec romantic de trandafiri burgundia \u0219i albi, flori de clematis \u0219i fructe de p\u0103dure capricioase, este cea mai bun\u0103 declara\u021bie de gra\u021bie nup\u021bial\u0103. Designul reglabil asigur\u0103 o potrivire perfect\u0103 pentru orice adult sau copil, oferind versatilitate \u0219i confort. Ideal\u0103 pentru nun\u021bi, s\u0103rb\u0103tori \u0219i evenimente speciale, aceast\u0103 coroan\u0103 luxoas\u0103 transcende obi\u0219nuitul, transform\u00e2ndu-\u021bi stilul \u00eentr-o viziune uimitoare de frumuse\u021be botanic\u0103. Eleva\u021bi-v\u0103 \u021binuta cu acest accesoriu uluitor \u0219i face\u021bi din momentul dvs. unul de neuitat.<\/p><p>Compozi\u021bie: trandafiri burgundia, trandafiri albi, clematis alb, fructe de p\u0103dure roz deschis, muguri albi, frunze verzi.<\/p>","protected":false},"excerpt":{"rendered":"<div style=\"width: 90%;text-align: left;margin: auto\"><p style=\"text-align:center\"><b>\ud83d\udc51 De la m\u00e2inile noastre la capul t\u0103u<\/b><br \/><i>Coroane de flori de lux pentru orice ocazie<\/i><\/p><ul><li>\u2702\ufe0f Realizat cu grij\u0103 \u00een inima ora\u0219ului <b>Rom\u00e2nia<\/b><\/li><li><b>\ud83d\udc90 Compozi\u021bie: trandafiri burgundy, trandafiri albi, clematis alb, fructe de padure roz deschis, muguri albi, frunze verzi.<\/b><\/li><\/ul><\/div>","protected":false},"featured_media":373,"template":"","meta":[],"product_brand":[],"product_cat":[61,79,77,59],"product_tag":[],"class_list":{"0":"post-375","1":"product","2":"type-product","3":"status-publish","4":"has-post-thumbnail","6":"product_cat-bridesmaid-floral-headpiece","7":"product_cat-real-floral-headpiece","8":"product_cat-red-floral-headpiece","9":"product_cat-bridal-floral-headpiece","11":"first","12":"instock","13":"shipping-taxable","14":"purchasable","15":"product-type-simple"},"yoast_head":"<!-- This site is optimized with the Yoast SEO plugin v25.9 - https:\/\/yoast.com\/wordpress\/plugins\/seo\/ -->\n<title>Enchanting Bridal Rose Flower Crown Headpiece - Flora Tiara<\/title>\n<meta name=\"description\" content=\"Unique and beautiful: Shop our Enchanting Bridal Rose Flower Crown Headpiece. Premium high quality headpiece to make the occasion unforgettable.\" \/>\n<meta name=\"robots\" content=\"index, follow, max-snippet:-1, max-image-preview:large, max-video-preview:-1\" \/>\n<link rel=\"canonical\" href=\"https:\/\/floratiara.com\/ro\/p\/florale-de-nunta-de-par-ghirlanda-de-par-tiara\/\" \/>\n<meta property=\"og:locale\" content=\"ro_RO\" \/>\n<meta property=\"og:type\" content=\"article\" \/>\n<meta property=\"og:title\" content=\"Enchanting Bridal Rose Flower Crown Headpiece - Flora Tiara\" \/>\n<meta property=\"og:description\" content=\"Unique and beautiful: Shop our Enchanting Bridal Rose Flower Crown Headpiece. Premium high quality headpiece to make the occasion unforgettable.\" \/>\n<meta property=\"og:url\" content=\"https:\/\/floratiara.com\/ro\/p\/florale-de-nunta-de-par-ghirlanda-de-par-tiara\/\" \/>\n<meta property=\"og:site_name\" content=\"Flora Tiara\" \/>\n<meta property=\"article:modified_time\" content=\"2024-12-12T01:44:41+00:00\" \/>\n<meta property=\"og:image\" content=\"https:\/\/floratiara.com\/wp-content\/uploads\/2024\/03\/H6142e1049a974740a118fac78689a834x.webp\" \/>\n\t<meta property=\"og:image:width\" content=\"1500\" \/>\n\t<meta property=\"og:image:height\" content=\"1500\" \/>\n\t<meta property=\"og:image:type\" content=\"image\/webp\" \/>\n<meta name=\"twitter:card\" content=\"summary_large_image\" \/>\n<meta name=\"twitter:label1\" content=\"Timp estimat pentru citire\" \/>\n\t<meta name=\"twitter:data1\" content=\"8 minute\" \/>\n<script type=\"application\/ld+json\" class=\"yoast-schema-graph\">{\"@context\":\"https:\/\/schema.org\",\"@graph\":[{\"@type\":\"WebPage\",\"@id\":\"https:\/\/floratiara.com\/p\/floral-wedding-hair-garland-tiara\/\",\"url\":\"https:\/\/floratiara.com\/p\/floral-wedding-hair-garland-tiara\/\",\"name\":\"Enchanting Bridal Rose Flower Crown Headpiece - Flora Tiara\",\"isPartOf\":{\"@id\":\"https:\/\/floratiara.com\/#website\"},\"primaryImageOfPage\":{\"@id\":\"https:\/\/floratiara.com\/p\/floral-wedding-hair-garland-tiara\/#primaryimage\"},\"image\":{\"@id\":\"https:\/\/floratiara.com\/p\/floral-wedding-hair-garland-tiara\/#primaryimage\"},\"thumbnailUrl\":\"https:\/\/floratiara.com\/wp-content\/uploads\/2024\/03\/H6142e1049a974740a118fac78689a834x.webp\",\"datePublished\":\"2024-03-16T09:42:06+00:00\",\"dateModified\":\"2024-12-12T01:44:41+00:00\",\"description\":\"Unique and beautiful: Shop our Enchanting Bridal Rose Flower Crown Headpiece. Premium high quality headpiece to make the occasion unforgettable.\",\"breadcrumb\":{\"@id\":\"https:\/\/floratiara.com\/p\/floral-wedding-hair-garland-tiara\/#breadcrumb\"},\"inLanguage\":\"ro-RO\",\"potentialAction\":[{\"@type\":\"ReadAction\",\"target\":[\"https:\/\/floratiara.com\/p\/floral-wedding-hair-garland-tiara\/\"]}]},{\"@type\":\"ImageObject\",\"inLanguage\":\"ro-RO\",\"@id\":\"https:\/\/floratiara.com\/p\/floral-wedding-hair-garland-tiara\/#primaryimage\",\"url\":\"https:\/\/floratiara.com\/wp-content\/uploads\/2024\/03\/H6142e1049a974740a118fac78689a834x.webp\",\"contentUrl\":\"https:\/\/floratiara.com\/wp-content\/uploads\/2024\/03\/H6142e1049a974740a118fac78689a834x.webp\",\"width\":1500,\"height\":1500},{\"@type\":\"BreadcrumbList\",\"@id\":\"https:\/\/floratiara.com\/p\/floral-wedding-hair-garland-tiara\/#breadcrumb\",\"itemListElement\":[{\"@type\":\"ListItem\",\"position\":1,\"name\":\"Home\",\"item\":\"https:\/\/floratiara.com\/\"},{\"@type\":\"ListItem\",\"position\":2,\"name\":\"Shop\",\"item\":\"https:\/\/floratiara.com\/shop\/\"},{\"@type\":\"ListItem\",\"position\":3,\"name\":\"Enchanting Bridal Rose Flower Crown Headpiece\"}]},{\"@type\":\"WebSite\",\"@id\":\"https:\/\/floratiara.com\/#website\",\"url\":\"https:\/\/floratiara.com\/\",\"name\":\"Flora Tiara\",\"description\":\"\",\"publisher\":{\"@id\":\"https:\/\/floratiara.com\/#organization\"},\"potentialAction\":[{\"@type\":\"SearchAction\",\"target\":{\"@type\":\"EntryPoint\",\"urlTemplate\":\"https:\/\/floratiara.com\/?s={search_term_string}\"},\"query-input\":{\"@type\":\"PropertyValueSpecification\",\"valueRequired\":true,\"valueName\":\"search_term_string\"}}],\"inLanguage\":\"ro-RO\"},{\"@type\":\"Organization\",\"@id\":\"https:\/\/floratiara.com\/#organization\",\"name\":\"Flora Tiara\",\"url\":\"https:\/\/floratiara.com\/\",\"logo\":{\"@type\":\"ImageObject\",\"inLanguage\":\"ro-RO\",\"@id\":\"https:\/\/floratiara.com\/#\/schema\/logo\/image\/\",\"url\":\"https:\/\/floratiara.com\/wp-content\/uploads\/2024\/03\/flora-tiara-logo.png\",\"contentUrl\":\"https:\/\/floratiara.com\/wp-content\/uploads\/2024\/03\/flora-tiara-logo.png\",\"width\":1024,\"height\":274,\"caption\":\"Flora Tiara\"},\"image\":{\"@id\":\"https:\/\/floratiara.com\/#\/schema\/logo\/image\/\"}}]}<\/script>\n<!-- \/ Yoast SEO plugin. -->","yoast_head_json":{"title":"\u00cenc\u00e2nt\u0103toare de mireas\u0103 Trandafir de flori de flori Coroana Headpiece - Flora Tiara","description":"Unic \u0219i frumos: Magazinul nostru fermec\u0103tor de mireas\u0103 \u00eenc\u00e2nt\u0103tor Rose Rose Flower Crown Headpiece. C\u0103p\u0103\u021b\u00e2n\u0103 de \u00eenalt\u0103 calitate premium pentru a face ocazia de neuitat.","robots":{"index":"index","follow":"follow","max-snippet":"max-snippet:-1","max-image-preview":"max-image-preview:large","max-video-preview":"max-video-preview:-1"},"canonical":"https:\/\/floratiara.com\/ro\/p\/florale-de-nunta-de-par-ghirlanda-de-par-tiara\/","og_locale":"ro_RO","og_type":"article","og_title":"Enchanting Bridal Rose Flower Crown Headpiece - Flora Tiara","og_description":"Unique and beautiful: Shop our Enchanting Bridal Rose Flower Crown Headpiece. Premium high quality headpiece to make the occasion unforgettable.","og_url":"https:\/\/floratiara.com\/ro\/p\/florale-de-nunta-de-par-ghirlanda-de-par-tiara\/","og_site_name":"Flora Tiara","article_modified_time":"2024-12-12T01:44:41+00:00","og_image":[{"width":1500,"height":1500,"url":"https:\/\/floratiara.com\/wp-content\/uploads\/2024\/03\/H6142e1049a974740a118fac78689a834x.webp","type":"image\/webp"}],"twitter_card":"summary_large_image","twitter_misc":{"Timp estimat pentru citire":"8 minute"},"schema":{"@context":"https:\/\/schema.org","@graph":[{"@type":"WebPage","@id":"https:\/\/floratiara.com\/p\/floral-wedding-hair-garland-tiara\/","url":"https:\/\/floratiara.com\/p\/floral-wedding-hair-garland-tiara\/","name":"\u00cenc\u00e2nt\u0103toare de mireas\u0103 Trandafir de flori de flori Coroana Headpiece - Flora Tiara","isPartOf":{"@id":"https:\/\/floratiara.com\/#website"},"primaryImageOfPage":{"@id":"https:\/\/floratiara.com\/p\/floral-wedding-hair-garland-tiara\/#primaryimage"},"image":{"@id":"https:\/\/floratiara.com\/p\/floral-wedding-hair-garland-tiara\/#primaryimage"},"thumbnailUrl":"https:\/\/floratiara.com\/wp-content\/uploads\/2024\/03\/H6142e1049a974740a118fac78689a834x.webp","datePublished":"2024-03-16T09:42:06+00:00","dateModified":"2024-12-12T01:44:41+00:00","description":"Unic \u0219i frumos: Magazinul nostru fermec\u0103tor de mireas\u0103 \u00eenc\u00e2nt\u0103tor Rose Rose Flower Crown Headpiece. C\u0103p\u0103\u021b\u00e2n\u0103 de \u00eenalt\u0103 calitate premium pentru a face ocazia de neuitat.","breadcrumb":{"@id":"https:\/\/floratiara.com\/p\/floral-wedding-hair-garland-tiara\/#breadcrumb"},"inLanguage":"ro-RO","potentialAction":[{"@type":"ReadAction","target":["https:\/\/floratiara.com\/p\/floral-wedding-hair-garland-tiara\/"]}]},{"@type":"ImageObject","inLanguage":"ro-RO","@id":"https:\/\/floratiara.com\/p\/floral-wedding-hair-garland-tiara\/#primaryimage","url":"https:\/\/floratiara.com\/wp-content\/uploads\/2024\/03\/H6142e1049a974740a118fac78689a834x.webp","contentUrl":"https:\/\/floratiara.com\/wp-content\/uploads\/2024\/03\/H6142e1049a974740a118fac78689a834x.webp","width":1500,"height":1500},{"@type":"BreadcrumbList","@id":"https:\/\/floratiara.com\/p\/floral-wedding-hair-garland-tiara\/#breadcrumb","itemListElement":[{"@type":"ListItem","position":1,"name":"Home","item":"https:\/\/floratiara.com\/"},{"@type":"ListItem","position":2,"name":"Shop","item":"https:\/\/floratiara.com\/shop\/"},{"@type":"ListItem","position":3,"name":"Enchanting Bridal Rose Flower Crown Headpiece"}]},{"@type":"WebSite","@id":"https:\/\/floratiara.com\/#website","url":"https:\/\/floratiara.com\/","name":"Flora Tiara","description":"","publisher":{"@id":"https:\/\/floratiara.com\/#organization"},"potentialAction":[{"@type":"SearchAction","target":{"@type":"EntryPoint","urlTemplate":"https:\/\/floratiara.com\/?s={search_term_string}"},"query-input":{"@type":"PropertyValueSpecification","valueRequired":true,"valueName":"search_term_string"}}],"inLanguage":"ro-RO"},{"@type":"Organization","@id":"https:\/\/floratiara.com\/#organization","name":"Flora Tiara","url":"https:\/\/floratiara.com\/","logo":{"@type":"ImageObject","inLanguage":"ro-RO","@id":"https:\/\/floratiara.com\/#\/schema\/logo\/image\/","url":"https:\/\/floratiara.com\/wp-content\/uploads\/2024\/03\/flora-tiara-logo.png","contentUrl":"https:\/\/floratiara.com\/wp-content\/uploads\/2024\/03\/flora-tiara-logo.png","width":1024,"height":274,"caption":"Flora Tiara"},"image":{"@id":"https:\/\/floratiara.com\/#\/schema\/logo\/image\/"}}]}},"_links":{"self":[{"href":"https:\/\/floratiara.com\/ro\/wp-json\/wp\/v2\/product\/375","targetHints":{"allow":["GET"]}}],"collection":[{"href":"https:\/\/floratiara.com\/ro\/wp-json\/wp\/v2\/product"}],"about":[{"href":"https:\/\/floratiara.com\/ro\/wp-json\/wp\/v2\/types\/product"}],"wp:featuredmedia":[{"embeddable":true,"href":"https:\/\/floratiara.com\/ro\/wp-json\/wp\/v2\/media\/373"}],"wp:attachment":[{"href":"https:\/\/floratiara.com\/ro\/wp-json\/wp\/v2\/media?parent=375"}],"wp:term":[{"taxonomy":"product_brand","embeddable":true,"href":"https:\/\/floratiara.com\/ro\/wp-json\/wp\/v2\/product_brand?post=375"},{"taxonomy":"product_cat","embeddable":true,"href":"https:\/\/floratiara.com\/ro\/wp-json\/wp\/v2\/product_cat?post=375"},{"taxonomy":"product_tag","embeddable":true,"href":"https:\/\/floratiara.com\/ro\/wp-json\/wp\/v2\/product_tag?post=375"}],"curies":[{"name":"wp","href":"https:\/\/api.w.org\/{rel}","templated":true}]}}