{"id":402,"date":"2024-03-16T09:42:42","date_gmt":"2024-03-16T09:42:42","guid":{"rendered":"https:\/\/floratiara.com\/?post_type=product&#038;p=402"},"modified":"2024-12-12T01:44:10","modified_gmt":"2024-12-12T01:44:10","slug":"nunta-florale-bentita-de-nunta-accesoriu-de-nunta","status":"publish","type":"product","link":"https:\/\/floratiara.com\/ro\/p\/nunta-florale-bentita-de-nunta-accesoriu-de-nunta\/","title":{"rendered":"Elegant Isabella Isabella Rose Flower Coroana Coroana Coroana de cap"},"content":{"rendered":"<p>Ridic\u0103-\u021bi \u00een sl\u0103vi ziua ta special\u0103 cu coroana de flori Isabella Rose, o capodoper\u0103 de elegan\u021b\u0103 artizanal\u0103. Cufund\u0103-te \u00een farmecul trandafirilor roz \u0219i al respira\u021biei de copil albe, \u00eempletite cu accente albe delicate \u0219i frunze luxuriante, concepute pentru a completa orice coafur\u0103. Aceast\u0103 aureol\u0103 floral\u0103 rafinat\u0103, perfect\u0103 pentru mirese \u0219i ocazii festive, radiaz\u0103 rafinament \u0219i gra\u021bie. F\u0103 ca momentele tale s\u0103 fie de neuitat, \u00eempodobit\u0103 cu o coroan\u0103 care eman\u0103 romantism \u0219i alur\u0103. Ad\u0103uga\u021bi aceast\u0103 not\u0103 de lux la \u021binuta dvs. \u0219i captiva\u021bi privitorii cu prezen\u021ba dvs. \u00eenc\u00e2nt\u0103toare. Asigur\u0103-\u021bi-o pe a ta ast\u0103zi pentru o impresie etern\u0103.<\/p><p>Compozi\u021bie: trandafiri roz, gipsofil\u0103 alb\u0103, flori mici albe de umplutur\u0103, frunze verzi.<\/p>","protected":false},"excerpt":{"rendered":"<div style=\"width: 90%;text-align: left;margin: auto\"><p style=\"text-align:center\"><b>\ud83d\udc51 De la m\u00e2inile noastre la capul t\u0103u<\/b><br \/><i>Coroane de flori de lux pentru orice ocazie<\/i><\/p><ul><li>\u2702\ufe0f Realizat cu grij\u0103 \u00een inima ora\u0219ului <b>Rom\u00e2nia<\/b><\/li><li><b>\ud83d\udc90 Compozi\u021bie: trandafiri roz, respira\u021bie de copil alb\u0103 (gypsophila), flori mici albe de umplutur\u0103, frunze verzi.<\/b><\/li><\/ul><\/div>","protected":false},"featured_media":401,"template":"","meta":[],"product_brand":[],"product_cat":[61,73,70,59],"product_tag":[],"class_list":{"0":"post-402","1":"product","2":"type-product","3":"status-publish","4":"has-post-thumbnail","6":"product_cat-bridesmaid-floral-headpiece","7":"product_cat-pink-floral-headpiece","8":"product_cat-rose-floral-headpiece","9":"product_cat-bridal-floral-headpiece","11":"first","12":"instock","13":"shipping-taxable","14":"purchasable","15":"product-type-simple"},"yoast_head":"<!-- This site is optimized with the Yoast SEO plugin v25.9 - https:\/\/yoast.com\/wordpress\/plugins\/seo\/ -->\n<title>Elegant Isabella Rose Flower Crown Headdress - Flora Tiara<\/title>\n<meta name=\"description\" content=\"Unique and beautiful: Shop our Elegant Isabella Rose Flower Crown Headdress. Premium high quality headpiece to make the occasion unforgettable.\" \/>\n<meta name=\"robots\" content=\"index, follow, max-snippet:-1, max-image-preview:large, max-video-preview:-1\" \/>\n<link rel=\"canonical\" href=\"https:\/\/floratiara.com\/ro\/p\/nunta-florale-bentita-de-nunta-accesoriu-de-nunta\/\" \/>\n<meta property=\"og:locale\" content=\"ro_RO\" \/>\n<meta property=\"og:type\" content=\"article\" \/>\n<meta property=\"og:title\" content=\"Elegant Isabella Rose Flower Crown Headdress - Flora Tiara\" \/>\n<meta property=\"og:description\" content=\"Unique and beautiful: Shop our Elegant Isabella Rose Flower Crown Headdress. Premium high quality headpiece to make the occasion unforgettable.\" \/>\n<meta property=\"og:url\" content=\"https:\/\/floratiara.com\/ro\/p\/nunta-florale-bentita-de-nunta-accesoriu-de-nunta\/\" \/>\n<meta property=\"og:site_name\" content=\"Flora Tiara\" \/>\n<meta property=\"article:modified_time\" content=\"2024-12-12T01:44:10+00:00\" \/>\n<meta property=\"og:image\" content=\"https:\/\/floratiara.com\/wp-content\/uploads\/2024\/03\/S434b6a94b010454bb632dced40544a2cf.webp\" \/>\n\t<meta property=\"og:image:width\" content=\"1500\" \/>\n\t<meta property=\"og:image:height\" content=\"1500\" \/>\n\t<meta property=\"og:image:type\" content=\"image\/webp\" \/>\n<meta name=\"twitter:card\" content=\"summary_large_image\" \/>\n<meta name=\"twitter:label1\" content=\"Timp estimat pentru citire\" \/>\n\t<meta name=\"twitter:data1\" content=\"4 minute\" \/>\n<script type=\"application\/ld+json\" class=\"yoast-schema-graph\">{\"@context\":\"https:\/\/schema.org\",\"@graph\":[{\"@type\":\"WebPage\",\"@id\":\"https:\/\/floratiara.com\/p\/bridal-floral-headband-wedding-accessory\/\",\"url\":\"https:\/\/floratiara.com\/p\/bridal-floral-headband-wedding-accessory\/\",\"name\":\"Elegant Isabella Rose Flower Crown Headdress - Flora Tiara\",\"isPartOf\":{\"@id\":\"https:\/\/floratiara.com\/#website\"},\"primaryImageOfPage\":{\"@id\":\"https:\/\/floratiara.com\/p\/bridal-floral-headband-wedding-accessory\/#primaryimage\"},\"image\":{\"@id\":\"https:\/\/floratiara.com\/p\/bridal-floral-headband-wedding-accessory\/#primaryimage\"},\"thumbnailUrl\":\"https:\/\/floratiara.com\/wp-content\/uploads\/2024\/03\/S434b6a94b010454bb632dced40544a2cf.webp\",\"datePublished\":\"2024-03-16T09:42:42+00:00\",\"dateModified\":\"2024-12-12T01:44:10+00:00\",\"description\":\"Unique and beautiful: Shop our Elegant Isabella Rose Flower Crown Headdress. Premium high quality headpiece to make the occasion unforgettable.\",\"breadcrumb\":{\"@id\":\"https:\/\/floratiara.com\/p\/bridal-floral-headband-wedding-accessory\/#breadcrumb\"},\"inLanguage\":\"ro-RO\",\"potentialAction\":[{\"@type\":\"ReadAction\",\"target\":[\"https:\/\/floratiara.com\/p\/bridal-floral-headband-wedding-accessory\/\"]}]},{\"@type\":\"ImageObject\",\"inLanguage\":\"ro-RO\",\"@id\":\"https:\/\/floratiara.com\/p\/bridal-floral-headband-wedding-accessory\/#primaryimage\",\"url\":\"https:\/\/floratiara.com\/wp-content\/uploads\/2024\/03\/S434b6a94b010454bb632dced40544a2cf.webp\",\"contentUrl\":\"https:\/\/floratiara.com\/wp-content\/uploads\/2024\/03\/S434b6a94b010454bb632dced40544a2cf.webp\",\"width\":1500,\"height\":1500},{\"@type\":\"BreadcrumbList\",\"@id\":\"https:\/\/floratiara.com\/p\/bridal-floral-headband-wedding-accessory\/#breadcrumb\",\"itemListElement\":[{\"@type\":\"ListItem\",\"position\":1,\"name\":\"Home\",\"item\":\"https:\/\/floratiara.com\/\"},{\"@type\":\"ListItem\",\"position\":2,\"name\":\"Shop\",\"item\":\"https:\/\/floratiara.com\/shop\/\"},{\"@type\":\"ListItem\",\"position\":3,\"name\":\"Elegant Isabella Rose Flower Crown Headdress\"}]},{\"@type\":\"WebSite\",\"@id\":\"https:\/\/floratiara.com\/#website\",\"url\":\"https:\/\/floratiara.com\/\",\"name\":\"Flora Tiara\",\"description\":\"\",\"publisher\":{\"@id\":\"https:\/\/floratiara.com\/#organization\"},\"potentialAction\":[{\"@type\":\"SearchAction\",\"target\":{\"@type\":\"EntryPoint\",\"urlTemplate\":\"https:\/\/floratiara.com\/?s={search_term_string}\"},\"query-input\":{\"@type\":\"PropertyValueSpecification\",\"valueRequired\":true,\"valueName\":\"search_term_string\"}}],\"inLanguage\":\"ro-RO\"},{\"@type\":\"Organization\",\"@id\":\"https:\/\/floratiara.com\/#organization\",\"name\":\"Flora Tiara\",\"url\":\"https:\/\/floratiara.com\/\",\"logo\":{\"@type\":\"ImageObject\",\"inLanguage\":\"ro-RO\",\"@id\":\"https:\/\/floratiara.com\/#\/schema\/logo\/image\/\",\"url\":\"https:\/\/floratiara.com\/wp-content\/uploads\/2024\/03\/flora-tiara-logo.png\",\"contentUrl\":\"https:\/\/floratiara.com\/wp-content\/uploads\/2024\/03\/flora-tiara-logo.png\",\"width\":1024,\"height\":274,\"caption\":\"Flora Tiara\"},\"image\":{\"@id\":\"https:\/\/floratiara.com\/#\/schema\/logo\/image\/\"}}]}<\/script>\n<!-- \/ Yoast SEO plugin. -->","yoast_head_json":{"title":"Elegant Isabella Isabella Trandafir Elegant Coroana de flori Coroana de cap - Flora Tiara","description":"Unic \u0219i frumos: Cump\u0103ra\u021bi coafura noastr\u0103 elegant\u0103 Isabella Rose Flower Crown Headdress. Coafur\u0103 premium de \u00eenalt\u0103 calitate pentru a face ca ocazia s\u0103 fie de neuitat.","robots":{"index":"index","follow":"follow","max-snippet":"max-snippet:-1","max-image-preview":"max-image-preview:large","max-video-preview":"max-video-preview:-1"},"canonical":"https:\/\/floratiara.com\/ro\/p\/nunta-florale-bentita-de-nunta-accesoriu-de-nunta\/","og_locale":"ro_RO","og_type":"article","og_title":"Elegant Isabella Rose Flower Crown Headdress - Flora Tiara","og_description":"Unique and beautiful: Shop our Elegant Isabella Rose Flower Crown Headdress. Premium high quality headpiece to make the occasion unforgettable.","og_url":"https:\/\/floratiara.com\/ro\/p\/nunta-florale-bentita-de-nunta-accesoriu-de-nunta\/","og_site_name":"Flora Tiara","article_modified_time":"2024-12-12T01:44:10+00:00","og_image":[{"width":1500,"height":1500,"url":"https:\/\/floratiara.com\/wp-content\/uploads\/2024\/03\/S434b6a94b010454bb632dced40544a2cf.webp","type":"image\/webp"}],"twitter_card":"summary_large_image","twitter_misc":{"Timp estimat pentru citire":"4 minute"},"schema":{"@context":"https:\/\/schema.org","@graph":[{"@type":"WebPage","@id":"https:\/\/floratiara.com\/p\/bridal-floral-headband-wedding-accessory\/","url":"https:\/\/floratiara.com\/p\/bridal-floral-headband-wedding-accessory\/","name":"Elegant Isabella Isabella Trandafir Elegant Coroana de flori Coroana de cap - Flora Tiara","isPartOf":{"@id":"https:\/\/floratiara.com\/#website"},"primaryImageOfPage":{"@id":"https:\/\/floratiara.com\/p\/bridal-floral-headband-wedding-accessory\/#primaryimage"},"image":{"@id":"https:\/\/floratiara.com\/p\/bridal-floral-headband-wedding-accessory\/#primaryimage"},"thumbnailUrl":"https:\/\/floratiara.com\/wp-content\/uploads\/2024\/03\/S434b6a94b010454bb632dced40544a2cf.webp","datePublished":"2024-03-16T09:42:42+00:00","dateModified":"2024-12-12T01:44:10+00:00","description":"Unic \u0219i frumos: Cump\u0103ra\u021bi coafura noastr\u0103 elegant\u0103 Isabella Rose Flower Crown Headdress. Coafur\u0103 premium de \u00eenalt\u0103 calitate pentru a face ca ocazia s\u0103 fie de neuitat.","breadcrumb":{"@id":"https:\/\/floratiara.com\/p\/bridal-floral-headband-wedding-accessory\/#breadcrumb"},"inLanguage":"ro-RO","potentialAction":[{"@type":"ReadAction","target":["https:\/\/floratiara.com\/p\/bridal-floral-headband-wedding-accessory\/"]}]},{"@type":"ImageObject","inLanguage":"ro-RO","@id":"https:\/\/floratiara.com\/p\/bridal-floral-headband-wedding-accessory\/#primaryimage","url":"https:\/\/floratiara.com\/wp-content\/uploads\/2024\/03\/S434b6a94b010454bb632dced40544a2cf.webp","contentUrl":"https:\/\/floratiara.com\/wp-content\/uploads\/2024\/03\/S434b6a94b010454bb632dced40544a2cf.webp","width":1500,"height":1500},{"@type":"BreadcrumbList","@id":"https:\/\/floratiara.com\/p\/bridal-floral-headband-wedding-accessory\/#breadcrumb","itemListElement":[{"@type":"ListItem","position":1,"name":"Home","item":"https:\/\/floratiara.com\/"},{"@type":"ListItem","position":2,"name":"Shop","item":"https:\/\/floratiara.com\/shop\/"},{"@type":"ListItem","position":3,"name":"Elegant Isabella Rose Flower Crown Headdress"}]},{"@type":"WebSite","@id":"https:\/\/floratiara.com\/#website","url":"https:\/\/floratiara.com\/","name":"Flora Tiara","description":"","publisher":{"@id":"https:\/\/floratiara.com\/#organization"},"potentialAction":[{"@type":"SearchAction","target":{"@type":"EntryPoint","urlTemplate":"https:\/\/floratiara.com\/?s={search_term_string}"},"query-input":{"@type":"PropertyValueSpecification","valueRequired":true,"valueName":"search_term_string"}}],"inLanguage":"ro-RO"},{"@type":"Organization","@id":"https:\/\/floratiara.com\/#organization","name":"Flora Tiara","url":"https:\/\/floratiara.com\/","logo":{"@type":"ImageObject","inLanguage":"ro-RO","@id":"https:\/\/floratiara.com\/#\/schema\/logo\/image\/","url":"https:\/\/floratiara.com\/wp-content\/uploads\/2024\/03\/flora-tiara-logo.png","contentUrl":"https:\/\/floratiara.com\/wp-content\/uploads\/2024\/03\/flora-tiara-logo.png","width":1024,"height":274,"caption":"Flora Tiara"},"image":{"@id":"https:\/\/floratiara.com\/#\/schema\/logo\/image\/"}}]}},"_links":{"self":[{"href":"https:\/\/floratiara.com\/ro\/wp-json\/wp\/v2\/product\/402","targetHints":{"allow":["GET"]}}],"collection":[{"href":"https:\/\/floratiara.com\/ro\/wp-json\/wp\/v2\/product"}],"about":[{"href":"https:\/\/floratiara.com\/ro\/wp-json\/wp\/v2\/types\/product"}],"wp:featuredmedia":[{"embeddable":true,"href":"https:\/\/floratiara.com\/ro\/wp-json\/wp\/v2\/media\/401"}],"wp:attachment":[{"href":"https:\/\/floratiara.com\/ro\/wp-json\/wp\/v2\/media?parent=402"}],"wp:term":[{"taxonomy":"product_brand","embeddable":true,"href":"https:\/\/floratiara.com\/ro\/wp-json\/wp\/v2\/product_brand?post=402"},{"taxonomy":"product_cat","embeddable":true,"href":"https:\/\/floratiara.com\/ro\/wp-json\/wp\/v2\/product_cat?post=402"},{"taxonomy":"product_tag","embeddable":true,"href":"https:\/\/floratiara.com\/ro\/wp-json\/wp\/v2\/product_tag?post=402"}],"curies":[{"name":"wp","href":"https:\/\/api.w.org\/{rel}","templated":true}]}}