{"id":492,"date":"2024-03-16T09:45:23","date_gmt":"2024-03-16T09:45:23","guid":{"rendered":"https:\/\/floratiara.com\/?post_type=product&#038;p=492"},"modified":"2024-12-12T01:42:37","modified_gmt":"2024-12-12T01:42:37","slug":"bentita-cu-frunze-de-fructe-de-padure-fermecate","status":"publish","type":"product","link":"https:\/\/floratiara.com\/ro\/p\/bentita-cu-frunze-de-fructe-de-padure-fermecate\/","title":{"rendered":"Enchanted Forest Berry Berry Flower Crown Headpiece"},"content":{"rendered":"<p>P\u0103\u0219e\u0219te \u00eentr-o lume plin\u0103 de farmec magic cu coroana de flori de fructe de p\u0103dure fermecate, o coafur\u0103 luxoas\u0103 conceput\u0103 pentru a \u00eenc\u00e2nta. Fructe de p\u0103dure ro\u0219ii \u0219i mov radiante se \u00eempletesc cu frunze verzi luxuriante, cre\u00e2nd un aspect eteric, perfect pentru nun\u021bi, festivaluri sau orice eveniment special. \u021ainuta ajustabil\u0103 promite confort \u0219i o estetic\u0103 impecabil\u0103 cu orice coafur\u0103. Ridica\u021bi-v\u0103 declara\u021bia de mod\u0103 \u0219i scufunda\u021bi-v\u0103 \u00een splendoarea frumuse\u021bii naturii cu acest accesoriu captivant - ideal pentru cei care pre\u021buiesc elegan\u021ba \u0219i o not\u0103 de fantezie \u00een \u021binuta lor.<\/p><p>Compozi\u021bie: fructe de p\u0103dure ro\u0219ii \u0219i purpurii, frunze verzi.<\/p>","protected":false},"excerpt":{"rendered":"<div style=\"width: 90%;text-align: left;margin: auto\"><p style=\"text-align:center\"><b>\ud83d\udc51 De la m\u00e2inile noastre la capul t\u0103u<\/b><br \/><i>Coroane de flori de lux pentru orice ocazie<\/i><\/p><ul><li>\u2702\ufe0f Realizat cu grij\u0103 \u00een inima ora\u0219ului <b>Rom\u00e2nia<\/b><\/li><li><b>\ud83d\udc90 Compozi\u021bie: fructe de p\u0103dure ro\u0219ii \u0219i mov, frunze verzi.<\/b><\/li><\/ul><\/div>","protected":false},"featured_media":491,"template":"","meta":[],"product_brand":[],"product_cat":[61,77,59],"product_tag":[],"class_list":{"0":"post-492","1":"product","2":"type-product","3":"status-publish","4":"has-post-thumbnail","6":"product_cat-bridesmaid-floral-headpiece","7":"product_cat-red-floral-headpiece","8":"product_cat-bridal-floral-headpiece","10":"first","11":"instock","12":"shipping-taxable","13":"purchasable","14":"product-type-simple"},"yoast_head":"<!-- This site is optimized with the Yoast SEO plugin v25.9 - https:\/\/yoast.com\/wordpress\/plugins\/seo\/ -->\n<title>Enchanted Forest Berry Flower Crown Headpiece - Flora Tiara<\/title>\n<meta name=\"description\" content=\"Unique and beautiful: Shop our Enchanted Forest Berry Flower Crown Headpiece. Premium high quality headpiece to make the occasion unforgettable.\" \/>\n<meta name=\"robots\" content=\"index, follow, max-snippet:-1, max-image-preview:large, max-video-preview:-1\" \/>\n<link rel=\"canonical\" href=\"https:\/\/floratiara.com\/ro\/p\/bentita-cu-frunze-de-fructe-de-padure-fermecate\/\" \/>\n<meta property=\"og:locale\" content=\"ro_RO\" \/>\n<meta property=\"og:type\" content=\"article\" \/>\n<meta property=\"og:title\" content=\"Enchanted Forest Berry Flower Crown Headpiece - Flora Tiara\" \/>\n<meta property=\"og:description\" content=\"Unique and beautiful: Shop our Enchanted Forest Berry Flower Crown Headpiece. Premium high quality headpiece to make the occasion unforgettable.\" \/>\n<meta property=\"og:url\" content=\"https:\/\/floratiara.com\/ro\/p\/bentita-cu-frunze-de-fructe-de-padure-fermecate\/\" \/>\n<meta property=\"og:site_name\" content=\"Flora Tiara\" \/>\n<meta property=\"article:modified_time\" content=\"2024-12-12T01:42:37+00:00\" \/>\n<meta property=\"og:image\" content=\"https:\/\/floratiara.com\/wp-content\/uploads\/2024\/03\/Hc9a41e10810949e8bb1858cbbed7716aj.webp\" \/>\n\t<meta property=\"og:image:width\" content=\"1500\" \/>\n\t<meta property=\"og:image:height\" content=\"1500\" \/>\n\t<meta property=\"og:image:type\" content=\"image\/webp\" \/>\n<meta name=\"twitter:card\" content=\"summary_large_image\" \/>\n<script type=\"application\/ld+json\" class=\"yoast-schema-graph\">{\"@context\":\"https:\/\/schema.org\",\"@graph\":[{\"@type\":\"WebPage\",\"@id\":\"https:\/\/floratiara.com\/p\/enchanted-berry-leaf-headband\/\",\"url\":\"https:\/\/floratiara.com\/p\/enchanted-berry-leaf-headband\/\",\"name\":\"Enchanted Forest Berry Flower Crown Headpiece - Flora Tiara\",\"isPartOf\":{\"@id\":\"https:\/\/floratiara.com\/#website\"},\"primaryImageOfPage\":{\"@id\":\"https:\/\/floratiara.com\/p\/enchanted-berry-leaf-headband\/#primaryimage\"},\"image\":{\"@id\":\"https:\/\/floratiara.com\/p\/enchanted-berry-leaf-headband\/#primaryimage\"},\"thumbnailUrl\":\"https:\/\/floratiara.com\/wp-content\/uploads\/2024\/03\/Hc9a41e10810949e8bb1858cbbed7716aj.webp\",\"datePublished\":\"2024-03-16T09:45:23+00:00\",\"dateModified\":\"2024-12-12T01:42:37+00:00\",\"description\":\"Unique and beautiful: Shop our Enchanted Forest Berry Flower Crown Headpiece. Premium high quality headpiece to make the occasion unforgettable.\",\"breadcrumb\":{\"@id\":\"https:\/\/floratiara.com\/p\/enchanted-berry-leaf-headband\/#breadcrumb\"},\"inLanguage\":\"ro-RO\",\"potentialAction\":[{\"@type\":\"ReadAction\",\"target\":[\"https:\/\/floratiara.com\/p\/enchanted-berry-leaf-headband\/\"]}]},{\"@type\":\"ImageObject\",\"inLanguage\":\"ro-RO\",\"@id\":\"https:\/\/floratiara.com\/p\/enchanted-berry-leaf-headband\/#primaryimage\",\"url\":\"https:\/\/floratiara.com\/wp-content\/uploads\/2024\/03\/Hc9a41e10810949e8bb1858cbbed7716aj.webp\",\"contentUrl\":\"https:\/\/floratiara.com\/wp-content\/uploads\/2024\/03\/Hc9a41e10810949e8bb1858cbbed7716aj.webp\",\"width\":1500,\"height\":1500},{\"@type\":\"BreadcrumbList\",\"@id\":\"https:\/\/floratiara.com\/p\/enchanted-berry-leaf-headband\/#breadcrumb\",\"itemListElement\":[{\"@type\":\"ListItem\",\"position\":1,\"name\":\"Home\",\"item\":\"https:\/\/floratiara.com\/\"},{\"@type\":\"ListItem\",\"position\":2,\"name\":\"Shop\",\"item\":\"https:\/\/floratiara.com\/shop\/\"},{\"@type\":\"ListItem\",\"position\":3,\"name\":\"Enchanted Forest Berry Flower Crown Headpiece\"}]},{\"@type\":\"WebSite\",\"@id\":\"https:\/\/floratiara.com\/#website\",\"url\":\"https:\/\/floratiara.com\/\",\"name\":\"Flora Tiara\",\"description\":\"\",\"publisher\":{\"@id\":\"https:\/\/floratiara.com\/#organization\"},\"potentialAction\":[{\"@type\":\"SearchAction\",\"target\":{\"@type\":\"EntryPoint\",\"urlTemplate\":\"https:\/\/floratiara.com\/?s={search_term_string}\"},\"query-input\":{\"@type\":\"PropertyValueSpecification\",\"valueRequired\":true,\"valueName\":\"search_term_string\"}}],\"inLanguage\":\"ro-RO\"},{\"@type\":\"Organization\",\"@id\":\"https:\/\/floratiara.com\/#organization\",\"name\":\"Flora Tiara\",\"url\":\"https:\/\/floratiara.com\/\",\"logo\":{\"@type\":\"ImageObject\",\"inLanguage\":\"ro-RO\",\"@id\":\"https:\/\/floratiara.com\/#\/schema\/logo\/image\/\",\"url\":\"https:\/\/floratiara.com\/wp-content\/uploads\/2024\/03\/flora-tiara-logo.png\",\"contentUrl\":\"https:\/\/floratiara.com\/wp-content\/uploads\/2024\/03\/flora-tiara-logo.png\",\"width\":1024,\"height\":274,\"caption\":\"Flora Tiara\"},\"image\":{\"@id\":\"https:\/\/floratiara.com\/#\/schema\/logo\/image\/\"}}]}<\/script>\n<!-- \/ Yoast SEO plugin. -->","yoast_head_json":{"title":"P\u0103durea fermecat\u0103 Berry Berry Flower Crown Headpiece - Flora Tiara","description":"Unic \u0219i frumos: Cump\u0103ra\u021bi noastr\u0103 p\u0103durea fermecat\u0103 Berry Berry Flower Crown Headpiece. Coafur\u0103 de \u00eenalt\u0103 calitate premium pentru a face ocazia de neuitat.","robots":{"index":"index","follow":"follow","max-snippet":"max-snippet:-1","max-image-preview":"max-image-preview:large","max-video-preview":"max-video-preview:-1"},"canonical":"https:\/\/floratiara.com\/ro\/p\/bentita-cu-frunze-de-fructe-de-padure-fermecate\/","og_locale":"ro_RO","og_type":"article","og_title":"Enchanted Forest Berry Flower Crown Headpiece - Flora Tiara","og_description":"Unique and beautiful: Shop our Enchanted Forest Berry Flower Crown Headpiece. Premium high quality headpiece to make the occasion unforgettable.","og_url":"https:\/\/floratiara.com\/ro\/p\/bentita-cu-frunze-de-fructe-de-padure-fermecate\/","og_site_name":"Flora Tiara","article_modified_time":"2024-12-12T01:42:37+00:00","og_image":[{"width":1500,"height":1500,"url":"https:\/\/floratiara.com\/wp-content\/uploads\/2024\/03\/Hc9a41e10810949e8bb1858cbbed7716aj.webp","type":"image\/webp"}],"twitter_card":"summary_large_image","schema":{"@context":"https:\/\/schema.org","@graph":[{"@type":"WebPage","@id":"https:\/\/floratiara.com\/p\/enchanted-berry-leaf-headband\/","url":"https:\/\/floratiara.com\/p\/enchanted-berry-leaf-headband\/","name":"P\u0103durea fermecat\u0103 Berry Berry Flower Crown Headpiece - Flora Tiara","isPartOf":{"@id":"https:\/\/floratiara.com\/#website"},"primaryImageOfPage":{"@id":"https:\/\/floratiara.com\/p\/enchanted-berry-leaf-headband\/#primaryimage"},"image":{"@id":"https:\/\/floratiara.com\/p\/enchanted-berry-leaf-headband\/#primaryimage"},"thumbnailUrl":"https:\/\/floratiara.com\/wp-content\/uploads\/2024\/03\/Hc9a41e10810949e8bb1858cbbed7716aj.webp","datePublished":"2024-03-16T09:45:23+00:00","dateModified":"2024-12-12T01:42:37+00:00","description":"Unic \u0219i frumos: Cump\u0103ra\u021bi noastr\u0103 p\u0103durea fermecat\u0103 Berry Berry Flower Crown Headpiece. Coafur\u0103 de \u00eenalt\u0103 calitate premium pentru a face ocazia de neuitat.","breadcrumb":{"@id":"https:\/\/floratiara.com\/p\/enchanted-berry-leaf-headband\/#breadcrumb"},"inLanguage":"ro-RO","potentialAction":[{"@type":"ReadAction","target":["https:\/\/floratiara.com\/p\/enchanted-berry-leaf-headband\/"]}]},{"@type":"ImageObject","inLanguage":"ro-RO","@id":"https:\/\/floratiara.com\/p\/enchanted-berry-leaf-headband\/#primaryimage","url":"https:\/\/floratiara.com\/wp-content\/uploads\/2024\/03\/Hc9a41e10810949e8bb1858cbbed7716aj.webp","contentUrl":"https:\/\/floratiara.com\/wp-content\/uploads\/2024\/03\/Hc9a41e10810949e8bb1858cbbed7716aj.webp","width":1500,"height":1500},{"@type":"BreadcrumbList","@id":"https:\/\/floratiara.com\/p\/enchanted-berry-leaf-headband\/#breadcrumb","itemListElement":[{"@type":"ListItem","position":1,"name":"Home","item":"https:\/\/floratiara.com\/"},{"@type":"ListItem","position":2,"name":"Shop","item":"https:\/\/floratiara.com\/shop\/"},{"@type":"ListItem","position":3,"name":"Enchanted Forest Berry Flower Crown Headpiece"}]},{"@type":"WebSite","@id":"https:\/\/floratiara.com\/#website","url":"https:\/\/floratiara.com\/","name":"Flora Tiara","description":"","publisher":{"@id":"https:\/\/floratiara.com\/#organization"},"potentialAction":[{"@type":"SearchAction","target":{"@type":"EntryPoint","urlTemplate":"https:\/\/floratiara.com\/?s={search_term_string}"},"query-input":{"@type":"PropertyValueSpecification","valueRequired":true,"valueName":"search_term_string"}}],"inLanguage":"ro-RO"},{"@type":"Organization","@id":"https:\/\/floratiara.com\/#organization","name":"Flora Tiara","url":"https:\/\/floratiara.com\/","logo":{"@type":"ImageObject","inLanguage":"ro-RO","@id":"https:\/\/floratiara.com\/#\/schema\/logo\/image\/","url":"https:\/\/floratiara.com\/wp-content\/uploads\/2024\/03\/flora-tiara-logo.png","contentUrl":"https:\/\/floratiara.com\/wp-content\/uploads\/2024\/03\/flora-tiara-logo.png","width":1024,"height":274,"caption":"Flora Tiara"},"image":{"@id":"https:\/\/floratiara.com\/#\/schema\/logo\/image\/"}}]}},"_links":{"self":[{"href":"https:\/\/floratiara.com\/ro\/wp-json\/wp\/v2\/product\/492","targetHints":{"allow":["GET"]}}],"collection":[{"href":"https:\/\/floratiara.com\/ro\/wp-json\/wp\/v2\/product"}],"about":[{"href":"https:\/\/floratiara.com\/ro\/wp-json\/wp\/v2\/types\/product"}],"wp:featuredmedia":[{"embeddable":true,"href":"https:\/\/floratiara.com\/ro\/wp-json\/wp\/v2\/media\/491"}],"wp:attachment":[{"href":"https:\/\/floratiara.com\/ro\/wp-json\/wp\/v2\/media?parent=492"}],"wp:term":[{"taxonomy":"product_brand","embeddable":true,"href":"https:\/\/floratiara.com\/ro\/wp-json\/wp\/v2\/product_brand?post=492"},{"taxonomy":"product_cat","embeddable":true,"href":"https:\/\/floratiara.com\/ro\/wp-json\/wp\/v2\/product_cat?post=492"},{"taxonomy":"product_tag","embeddable":true,"href":"https:\/\/floratiara.com\/ro\/wp-json\/wp\/v2\/product_tag?post=492"}],"curies":[{"name":"wp","href":"https:\/\/api.w.org\/{rel}","templated":true}]}}