{"id":574,"date":"2024-03-16T09:47:23","date_gmt":"2024-03-16T09:47:23","guid":{"rendered":"https:\/\/floratiara.com\/?post_type=product&#038;p=574"},"modified":"2025-03-04T04:42:43","modified_gmt":"2025-03-04T04:42:43","slug":"iarna-eleganta-de-iarna-coroana-florala-coroana-bentita","status":"publish","type":"product","link":"https:\/\/floratiara.com\/ro\/p\/iarna-eleganta-de-iarna-coroana-florala-coroana-bentita\/","title":{"rendered":"Elegant de iarn\u0103 coroana de flori de iarn\u0103 coroana de cap"},"content":{"rendered":"<p>\u00cembr\u0103\u021bi\u0219eaz\u0103 farmecul anotimpului cu coroana noastr\u0103 de flori Winter Elegance, perfect\u0103 pentru orice ocazie de s\u0103rb\u0103toare. Trandafirii de un ro\u0219u intens rafinat, florile albe \u0219i frunzi\u0219ul auriu str\u0103lucitor v\u0103 transform\u0103 aspectul cu o not\u0103 festiv\u0103 de lux. Boabele glazurate str\u0103lucitoare adaug\u0103 o alur\u0103 magic\u0103 acestei coifuri lucrate manual. Ideal\u0103 pentru nun\u021bile de iarn\u0103 sau pentru evenimente speciale, este o pies\u0103 care se \u00eembin\u0103 armonios cu gra\u021bia \u0219i stilul natural. Face\u021bi-o bijuteria coroanei garderobei dvs. \u0219i ilumina\u021bi fiecare camer\u0103 cu frumuse\u021bea sa atemporal\u0103. Cump\u0103ra\u021bi acum \u0219i \u00eempodobi\u021bi-v\u0103 \u00een rafinament.<\/p><p>Compozi\u021bie: trandafiri ro\u0219ii, flori mici albe, fructe de p\u0103dure ro\u0219ii artificiale, frunze pictate cu auriu, fructe de p\u0103dure glazurate \u0219i crengu\u021be ve\u0219nic verzi.<\/p>","protected":false},"excerpt":{"rendered":"<div style=\"width: 90%;text-align: left;margin: auto\"><p style=\"text-align:center\"><b>\ud83d\udc51 De la m\u00e2inile noastre la capul t\u0103u<\/b><br \/><i>Coroane de flori de lux pentru orice ocazie<\/i><\/p><ul><li>\u2702\ufe0f Realizat cu grij\u0103 \u00een inima ora\u0219ului <b>Rom\u00e2nia<\/b><\/li><li><b>\ud83d\udc90 Compozi\u021bie: trandafiri ro\u0219ii, flori mici albe, fructe de p\u0103dure ro\u0219ii artificiale, frunze pictate cu auriu, fructe de p\u0103dure glazurate \u0219i crengu\u021be ve\u0219nic verzi.<\/b><\/li><\/ul><\/div>","protected":false},"featured_media":573,"template":"","meta":[],"product_brand":[],"product_cat":[61,77,59],"product_tag":[],"class_list":{"0":"post-574","1":"product","2":"type-product","3":"status-publish","4":"has-post-thumbnail","6":"product_cat-bridesmaid-floral-headpiece","7":"product_cat-red-floral-headpiece","8":"product_cat-bridal-floral-headpiece","10":"first","11":"instock","12":"shipping-taxable","13":"purchasable","14":"product-type-simple"},"yoast_head":"<!-- This site is optimized with the Yoast SEO plugin v25.9 - https:\/\/yoast.com\/wordpress\/plugins\/seo\/ -->\n<title>Elegant Winter Flower Crown Headdress - Flora Tiara<\/title>\n<meta name=\"description\" content=\"Unique and beautiful: Shop our Elegant Winter Flower Crown Headdress. Premium high quality headpiece to make the occasion unforgettable.\" \/>\n<meta name=\"robots\" content=\"index, follow, max-snippet:-1, max-image-preview:large, max-video-preview:-1\" \/>\n<link rel=\"canonical\" href=\"https:\/\/floratiara.com\/ro\/p\/iarna-eleganta-de-iarna-coroana-florala-coroana-bentita\/\" \/>\n<meta property=\"og:locale\" content=\"ro_RO\" \/>\n<meta property=\"og:type\" content=\"article\" \/>\n<meta property=\"og:title\" content=\"Elegant Winter Flower Crown Headdress - Flora Tiara\" \/>\n<meta property=\"og:description\" content=\"Unique and beautiful: Shop our Elegant Winter Flower Crown Headdress. Premium high quality headpiece to make the occasion unforgettable.\" \/>\n<meta property=\"og:url\" content=\"https:\/\/floratiara.com\/ro\/p\/iarna-eleganta-de-iarna-coroana-florala-coroana-bentita\/\" \/>\n<meta property=\"og:site_name\" content=\"Flora Tiara\" \/>\n<meta property=\"article:modified_time\" content=\"2025-03-04T04:42:43+00:00\" \/>\n<meta property=\"og:image\" content=\"https:\/\/floratiara.com\/wp-content\/uploads\/2024\/03\/Hc76411a1373c4863837cd97e6bb1315aY.webp\" \/>\n\t<meta property=\"og:image:width\" content=\"1500\" \/>\n\t<meta property=\"og:image:height\" content=\"1500\" \/>\n\t<meta property=\"og:image:type\" content=\"image\/webp\" \/>\n<meta name=\"twitter:card\" content=\"summary_large_image\" \/>\n<meta name=\"twitter:label1\" content=\"Timp estimat pentru citire\" \/>\n\t<meta name=\"twitter:data1\" content=\"1 minut\" \/>\n<script type=\"application\/ld+json\" class=\"yoast-schema-graph\">{\"@context\":\"https:\/\/schema.org\",\"@graph\":[{\"@type\":\"WebPage\",\"@id\":\"https:\/\/floratiara.com\/p\/winter-elegance-floral-crown-headband\/\",\"url\":\"https:\/\/floratiara.com\/p\/winter-elegance-floral-crown-headband\/\",\"name\":\"Elegant Winter Flower Crown Headdress - Flora Tiara\",\"isPartOf\":{\"@id\":\"https:\/\/floratiara.com\/#website\"},\"primaryImageOfPage\":{\"@id\":\"https:\/\/floratiara.com\/p\/winter-elegance-floral-crown-headband\/#primaryimage\"},\"image\":{\"@id\":\"https:\/\/floratiara.com\/p\/winter-elegance-floral-crown-headband\/#primaryimage\"},\"thumbnailUrl\":\"https:\/\/floratiara.com\/wp-content\/uploads\/2024\/03\/Hc76411a1373c4863837cd97e6bb1315aY.webp\",\"datePublished\":\"2024-03-16T09:47:23+00:00\",\"dateModified\":\"2025-03-04T04:42:43+00:00\",\"description\":\"Unique and beautiful: Shop our Elegant Winter Flower Crown Headdress. Premium high quality headpiece to make the occasion unforgettable.\",\"breadcrumb\":{\"@id\":\"https:\/\/floratiara.com\/p\/winter-elegance-floral-crown-headband\/#breadcrumb\"},\"inLanguage\":\"ro-RO\",\"potentialAction\":[{\"@type\":\"ReadAction\",\"target\":[\"https:\/\/floratiara.com\/p\/winter-elegance-floral-crown-headband\/\"]}]},{\"@type\":\"ImageObject\",\"inLanguage\":\"ro-RO\",\"@id\":\"https:\/\/floratiara.com\/p\/winter-elegance-floral-crown-headband\/#primaryimage\",\"url\":\"https:\/\/floratiara.com\/wp-content\/uploads\/2024\/03\/Hc76411a1373c4863837cd97e6bb1315aY.webp\",\"contentUrl\":\"https:\/\/floratiara.com\/wp-content\/uploads\/2024\/03\/Hc76411a1373c4863837cd97e6bb1315aY.webp\",\"width\":1500,\"height\":1500},{\"@type\":\"BreadcrumbList\",\"@id\":\"https:\/\/floratiara.com\/p\/winter-elegance-floral-crown-headband\/#breadcrumb\",\"itemListElement\":[{\"@type\":\"ListItem\",\"position\":1,\"name\":\"Home\",\"item\":\"https:\/\/floratiara.com\/\"},{\"@type\":\"ListItem\",\"position\":2,\"name\":\"Shop\",\"item\":\"https:\/\/floratiara.com\/shop\/\"},{\"@type\":\"ListItem\",\"position\":3,\"name\":\"Elegant Winter Flower Crown Headdress\"}]},{\"@type\":\"WebSite\",\"@id\":\"https:\/\/floratiara.com\/#website\",\"url\":\"https:\/\/floratiara.com\/\",\"name\":\"Flora Tiara\",\"description\":\"\",\"publisher\":{\"@id\":\"https:\/\/floratiara.com\/#organization\"},\"potentialAction\":[{\"@type\":\"SearchAction\",\"target\":{\"@type\":\"EntryPoint\",\"urlTemplate\":\"https:\/\/floratiara.com\/?s={search_term_string}\"},\"query-input\":{\"@type\":\"PropertyValueSpecification\",\"valueRequired\":true,\"valueName\":\"search_term_string\"}}],\"inLanguage\":\"ro-RO\"},{\"@type\":\"Organization\",\"@id\":\"https:\/\/floratiara.com\/#organization\",\"name\":\"Flora Tiara\",\"url\":\"https:\/\/floratiara.com\/\",\"logo\":{\"@type\":\"ImageObject\",\"inLanguage\":\"ro-RO\",\"@id\":\"https:\/\/floratiara.com\/#\/schema\/logo\/image\/\",\"url\":\"https:\/\/floratiara.com\/wp-content\/uploads\/2024\/03\/flora-tiara-logo.png\",\"contentUrl\":\"https:\/\/floratiara.com\/wp-content\/uploads\/2024\/03\/flora-tiara-logo.png\",\"width\":1024,\"height\":274,\"caption\":\"Flora Tiara\"},\"image\":{\"@id\":\"https:\/\/floratiara.com\/#\/schema\/logo\/image\/\"}}]}<\/script>\n<!-- \/ Yoast SEO plugin. -->","yoast_head_json":{"title":"Elegant de iarn\u0103 coroan\u0103 de flori de iarn\u0103 coroan\u0103 de cap - Flora Tiara","description":"Unic \u0219i frumos: Cump\u0103ra\u021bi coafura noastr\u0103 elegant\u0103 cu coroan\u0103 de flori de iarn\u0103. Coafur\u0103 premium de \u00eenalt\u0103 calitate pentru a face ca ocazia s\u0103 fie de neuitat.","robots":{"index":"index","follow":"follow","max-snippet":"max-snippet:-1","max-image-preview":"max-image-preview:large","max-video-preview":"max-video-preview:-1"},"canonical":"https:\/\/floratiara.com\/ro\/p\/iarna-eleganta-de-iarna-coroana-florala-coroana-bentita\/","og_locale":"ro_RO","og_type":"article","og_title":"Elegant Winter Flower Crown Headdress - Flora Tiara","og_description":"Unique and beautiful: Shop our Elegant Winter Flower Crown Headdress. Premium high quality headpiece to make the occasion unforgettable.","og_url":"https:\/\/floratiara.com\/ro\/p\/iarna-eleganta-de-iarna-coroana-florala-coroana-bentita\/","og_site_name":"Flora Tiara","article_modified_time":"2025-03-04T04:42:43+00:00","og_image":[{"width":1500,"height":1500,"url":"https:\/\/floratiara.com\/wp-content\/uploads\/2024\/03\/Hc76411a1373c4863837cd97e6bb1315aY.webp","type":"image\/webp"}],"twitter_card":"summary_large_image","twitter_misc":{"Timp estimat pentru citire":"1 minut"},"schema":{"@context":"https:\/\/schema.org","@graph":[{"@type":"WebPage","@id":"https:\/\/floratiara.com\/p\/winter-elegance-floral-crown-headband\/","url":"https:\/\/floratiara.com\/p\/winter-elegance-floral-crown-headband\/","name":"Elegant de iarn\u0103 coroan\u0103 de flori de iarn\u0103 coroan\u0103 de cap - Flora Tiara","isPartOf":{"@id":"https:\/\/floratiara.com\/#website"},"primaryImageOfPage":{"@id":"https:\/\/floratiara.com\/p\/winter-elegance-floral-crown-headband\/#primaryimage"},"image":{"@id":"https:\/\/floratiara.com\/p\/winter-elegance-floral-crown-headband\/#primaryimage"},"thumbnailUrl":"https:\/\/floratiara.com\/wp-content\/uploads\/2024\/03\/Hc76411a1373c4863837cd97e6bb1315aY.webp","datePublished":"2024-03-16T09:47:23+00:00","dateModified":"2025-03-04T04:42:43+00:00","description":"Unic \u0219i frumos: Cump\u0103ra\u021bi coafura noastr\u0103 elegant\u0103 cu coroan\u0103 de flori de iarn\u0103. Coafur\u0103 premium de \u00eenalt\u0103 calitate pentru a face ca ocazia s\u0103 fie de neuitat.","breadcrumb":{"@id":"https:\/\/floratiara.com\/p\/winter-elegance-floral-crown-headband\/#breadcrumb"},"inLanguage":"ro-RO","potentialAction":[{"@type":"ReadAction","target":["https:\/\/floratiara.com\/p\/winter-elegance-floral-crown-headband\/"]}]},{"@type":"ImageObject","inLanguage":"ro-RO","@id":"https:\/\/floratiara.com\/p\/winter-elegance-floral-crown-headband\/#primaryimage","url":"https:\/\/floratiara.com\/wp-content\/uploads\/2024\/03\/Hc76411a1373c4863837cd97e6bb1315aY.webp","contentUrl":"https:\/\/floratiara.com\/wp-content\/uploads\/2024\/03\/Hc76411a1373c4863837cd97e6bb1315aY.webp","width":1500,"height":1500},{"@type":"BreadcrumbList","@id":"https:\/\/floratiara.com\/p\/winter-elegance-floral-crown-headband\/#breadcrumb","itemListElement":[{"@type":"ListItem","position":1,"name":"Home","item":"https:\/\/floratiara.com\/"},{"@type":"ListItem","position":2,"name":"Shop","item":"https:\/\/floratiara.com\/shop\/"},{"@type":"ListItem","position":3,"name":"Elegant Winter Flower Crown Headdress"}]},{"@type":"WebSite","@id":"https:\/\/floratiara.com\/#website","url":"https:\/\/floratiara.com\/","name":"Flora Tiara","description":"","publisher":{"@id":"https:\/\/floratiara.com\/#organization"},"potentialAction":[{"@type":"SearchAction","target":{"@type":"EntryPoint","urlTemplate":"https:\/\/floratiara.com\/?s={search_term_string}"},"query-input":{"@type":"PropertyValueSpecification","valueRequired":true,"valueName":"search_term_string"}}],"inLanguage":"ro-RO"},{"@type":"Organization","@id":"https:\/\/floratiara.com\/#organization","name":"Flora Tiara","url":"https:\/\/floratiara.com\/","logo":{"@type":"ImageObject","inLanguage":"ro-RO","@id":"https:\/\/floratiara.com\/#\/schema\/logo\/image\/","url":"https:\/\/floratiara.com\/wp-content\/uploads\/2024\/03\/flora-tiara-logo.png","contentUrl":"https:\/\/floratiara.com\/wp-content\/uploads\/2024\/03\/flora-tiara-logo.png","width":1024,"height":274,"caption":"Flora Tiara"},"image":{"@id":"https:\/\/floratiara.com\/#\/schema\/logo\/image\/"}}]}},"_links":{"self":[{"href":"https:\/\/floratiara.com\/ro\/wp-json\/wp\/v2\/product\/574","targetHints":{"allow":["GET"]}}],"collection":[{"href":"https:\/\/floratiara.com\/ro\/wp-json\/wp\/v2\/product"}],"about":[{"href":"https:\/\/floratiara.com\/ro\/wp-json\/wp\/v2\/types\/product"}],"wp:featuredmedia":[{"embeddable":true,"href":"https:\/\/floratiara.com\/ro\/wp-json\/wp\/v2\/media\/573"}],"wp:attachment":[{"href":"https:\/\/floratiara.com\/ro\/wp-json\/wp\/v2\/media?parent=574"}],"wp:term":[{"taxonomy":"product_brand","embeddable":true,"href":"https:\/\/floratiara.com\/ro\/wp-json\/wp\/v2\/product_brand?post=574"},{"taxonomy":"product_cat","embeddable":true,"href":"https:\/\/floratiara.com\/ro\/wp-json\/wp\/v2\/product_cat?post=574"},{"taxonomy":"product_tag","embeddable":true,"href":"https:\/\/floratiara.com\/ro\/wp-json\/wp\/v2\/product_tag?post=574"}],"curies":[{"name":"wp","href":"https:\/\/api.w.org\/{rel}","templated":true}]}}