{"id":586,"date":"2024-03-16T10:23:30","date_gmt":"2024-03-16T10:23:30","guid":{"rendered":"https:\/\/floratiara.com\/?post_type=product&#038;p=586"},"modified":"2025-07-22T03:50:47","modified_gmt":"2025-07-22T03:50:47","slug":"ethereal-trandafir-de-banda-de-cap-eleganta","status":"publish","type":"product","link":"https:\/\/floratiara.com\/ro\/p\/ethereal-trandafir-de-banda-de-cap-eleganta\/","title":{"rendered":"Coroana de flori Elysian Halo - Romantic White Rose"},"content":{"rendered":"<p>Ridic\u0103-\u021bi look-ul cu \"Elysian Halo\", o coroan\u0103 de flori de calitate superioar\u0103, \u00eempodobit\u0103 elegant cu trandafiri albi \u0219i petale de un roz moale. Perfect pentru nun\u021bi, petreceri \u00een gr\u0103din\u0103 sau orice alt\u0103 ocazie special\u0103, acest accesoriu infuzeaz\u0103 rafinament \u00een stilul t\u0103u. Designul s\u0103u romantic v\u0103 pune \u00een valoare frumuse\u021bea natural\u0103, cre\u00e2nd o siluet\u0103 gra\u021bioas\u0103 care \u00eentoarce privirile. Face\u021bi o declara\u021bie la urm\u0103torul dvs. eveniment \u0219i experimenta\u021bi elegan\u021ba pur\u0103 a coafurii noastre florale fermec\u0103toare. Cump\u0103ra\u021bi acum pentru a ad\u0103uga acest farmec rafinat la colec\u021bia dvs. \u0219i pentru a capta esen\u021ba perfec\u021biunii florale.<\/p><p>Compozi\u021bie: trandafiri albi, accente de petale roz deschis<\/p>","protected":false},"excerpt":{"rendered":"<div style=\"width: 90%;text-align: left;margin: auto\"><p style=\"text-align:center\"><b>\ud83d\udc51 De la m\u00e2inile noastre la capul t\u0103u<\/b><br \/><i>Coroane de flori de lux pentru orice ocazie<\/i><\/p><ul><li>\u2702\ufe0f Realizat cu grij\u0103 \u00een inima ora\u0219ului <b>Rom\u00e2nia<\/b><\/li><li><b>\ud83d\udc90 Compozi\u021bie: trandafiri albi, cu accente de petale roz deschis.<\/b><\/li><\/ul><\/div>","protected":false},"featured_media":585,"template":"","meta":[],"product_brand":[],"product_cat":[68],"product_tag":[],"class_list":{"0":"post-586","1":"product","2":"type-product","3":"status-publish","4":"has-post-thumbnail","6":"product_cat-floral-headpiece-headband","8":"first","9":"instock","10":"shipping-taxable","11":"purchasable","12":"product-type-simple"},"yoast_head":"<!-- This site is optimized with the Yoast SEO plugin v25.9 - https:\/\/yoast.com\/wordpress\/plugins\/seo\/ -->\n<title>Elysian Halo Flower Crown - Romantic White Rose - Flora Tiara<\/title>\n<meta name=\"description\" content=\"Unique and beautiful: Shop our Elysian Halo Flower Crown - Romantic White Rose. Premium high quality headpiece to make the occasion unforgettable.\" \/>\n<meta name=\"robots\" content=\"index, follow, max-snippet:-1, max-image-preview:large, max-video-preview:-1\" \/>\n<link rel=\"canonical\" href=\"https:\/\/floratiara.com\/ro\/p\/ethereal-trandafir-de-banda-de-cap-eleganta\/\" \/>\n<meta property=\"og:locale\" content=\"ro_RO\" \/>\n<meta property=\"og:type\" content=\"article\" \/>\n<meta property=\"og:title\" content=\"Elysian Halo Flower Crown - Romantic White Rose - Flora Tiara\" \/>\n<meta property=\"og:description\" content=\"Unique and beautiful: Shop our Elysian Halo Flower Crown - Romantic White Rose. Premium high quality headpiece to make the occasion unforgettable.\" \/>\n<meta property=\"og:url\" content=\"https:\/\/floratiara.com\/ro\/p\/ethereal-trandafir-de-banda-de-cap-eleganta\/\" \/>\n<meta property=\"og:site_name\" content=\"Flora Tiara\" \/>\n<meta property=\"article:modified_time\" content=\"2025-07-22T03:50:47+00:00\" \/>\n<meta property=\"og:image\" content=\"https:\/\/floratiara.com\/wp-content\/uploads\/2024\/03\/S2b3fcf051b0542b988636e974a56d23bY.webp\" \/>\n\t<meta property=\"og:image:width\" content=\"1000\" \/>\n\t<meta property=\"og:image:height\" content=\"1000\" \/>\n\t<meta property=\"og:image:type\" content=\"image\/webp\" \/>\n<meta name=\"twitter:card\" content=\"summary_large_image\" \/>\n<script type=\"application\/ld+json\" class=\"yoast-schema-graph\">{\"@context\":\"https:\/\/schema.org\",\"@graph\":[{\"@type\":\"WebPage\",\"@id\":\"https:\/\/floratiara.com\/p\/ethereal-rose-headband-elegance\/\",\"url\":\"https:\/\/floratiara.com\/p\/ethereal-rose-headband-elegance\/\",\"name\":\"Elysian Halo Flower Crown - Romantic White Rose - Flora Tiara\",\"isPartOf\":{\"@id\":\"https:\/\/floratiara.com\/#website\"},\"primaryImageOfPage\":{\"@id\":\"https:\/\/floratiara.com\/p\/ethereal-rose-headband-elegance\/#primaryimage\"},\"image\":{\"@id\":\"https:\/\/floratiara.com\/p\/ethereal-rose-headband-elegance\/#primaryimage\"},\"thumbnailUrl\":\"https:\/\/floratiara.com\/wp-content\/uploads\/2024\/03\/S2b3fcf051b0542b988636e974a56d23bY.webp\",\"datePublished\":\"2024-03-16T10:23:30+00:00\",\"dateModified\":\"2025-07-22T03:50:47+00:00\",\"description\":\"Unique and beautiful: Shop our Elysian Halo Flower Crown - Romantic White Rose. Premium high quality headpiece to make the occasion unforgettable.\",\"breadcrumb\":{\"@id\":\"https:\/\/floratiara.com\/p\/ethereal-rose-headband-elegance\/#breadcrumb\"},\"inLanguage\":\"ro-RO\",\"potentialAction\":[{\"@type\":\"ReadAction\",\"target\":[\"https:\/\/floratiara.com\/p\/ethereal-rose-headband-elegance\/\"]}]},{\"@type\":\"ImageObject\",\"inLanguage\":\"ro-RO\",\"@id\":\"https:\/\/floratiara.com\/p\/ethereal-rose-headband-elegance\/#primaryimage\",\"url\":\"https:\/\/floratiara.com\/wp-content\/uploads\/2024\/03\/S2b3fcf051b0542b988636e974a56d23bY.webp\",\"contentUrl\":\"https:\/\/floratiara.com\/wp-content\/uploads\/2024\/03\/S2b3fcf051b0542b988636e974a56d23bY.webp\",\"width\":1000,\"height\":1000},{\"@type\":\"BreadcrumbList\",\"@id\":\"https:\/\/floratiara.com\/p\/ethereal-rose-headband-elegance\/#breadcrumb\",\"itemListElement\":[{\"@type\":\"ListItem\",\"position\":1,\"name\":\"Home\",\"item\":\"https:\/\/floratiara.com\/\"},{\"@type\":\"ListItem\",\"position\":2,\"name\":\"Shop\",\"item\":\"https:\/\/floratiara.com\/shop\/\"},{\"@type\":\"ListItem\",\"position\":3,\"name\":\"Elysian Halo Flower Crown &#8211; Romantic White Rose\"}]},{\"@type\":\"WebSite\",\"@id\":\"https:\/\/floratiara.com\/#website\",\"url\":\"https:\/\/floratiara.com\/\",\"name\":\"Flora Tiara\",\"description\":\"\",\"publisher\":{\"@id\":\"https:\/\/floratiara.com\/#organization\"},\"potentialAction\":[{\"@type\":\"SearchAction\",\"target\":{\"@type\":\"EntryPoint\",\"urlTemplate\":\"https:\/\/floratiara.com\/?s={search_term_string}\"},\"query-input\":{\"@type\":\"PropertyValueSpecification\",\"valueRequired\":true,\"valueName\":\"search_term_string\"}}],\"inLanguage\":\"ro-RO\"},{\"@type\":\"Organization\",\"@id\":\"https:\/\/floratiara.com\/#organization\",\"name\":\"Flora Tiara\",\"url\":\"https:\/\/floratiara.com\/\",\"logo\":{\"@type\":\"ImageObject\",\"inLanguage\":\"ro-RO\",\"@id\":\"https:\/\/floratiara.com\/#\/schema\/logo\/image\/\",\"url\":\"https:\/\/floratiara.com\/wp-content\/uploads\/2024\/03\/flora-tiara-logo.png\",\"contentUrl\":\"https:\/\/floratiara.com\/wp-content\/uploads\/2024\/03\/flora-tiara-logo.png\",\"width\":1024,\"height\":274,\"caption\":\"Flora Tiara\"},\"image\":{\"@id\":\"https:\/\/floratiara.com\/#\/schema\/logo\/image\/\"}}]}<\/script>\n<!-- \/ Yoast SEO plugin. -->","yoast_head_json":{"title":"Coroan\u0103 de flori Elysian Halo - Romantic White Rose - Flora Tiara","description":"Unic \u0219i frumos: Cump\u0103ra\u021bi coroana de flori Elysian Halo - Romantic White Rose. Coafur\u0103 premium de \u00eenalt\u0103 calitate pentru a face ca ocazia s\u0103 fie de neuitat.","robots":{"index":"index","follow":"follow","max-snippet":"max-snippet:-1","max-image-preview":"max-image-preview:large","max-video-preview":"max-video-preview:-1"},"canonical":"https:\/\/floratiara.com\/ro\/p\/ethereal-trandafir-de-banda-de-cap-eleganta\/","og_locale":"ro_RO","og_type":"article","og_title":"Elysian Halo Flower Crown - Romantic White Rose - Flora Tiara","og_description":"Unique and beautiful: Shop our Elysian Halo Flower Crown - Romantic White Rose. Premium high quality headpiece to make the occasion unforgettable.","og_url":"https:\/\/floratiara.com\/ro\/p\/ethereal-trandafir-de-banda-de-cap-eleganta\/","og_site_name":"Flora Tiara","article_modified_time":"2025-07-22T03:50:47+00:00","og_image":[{"width":1000,"height":1000,"url":"https:\/\/floratiara.com\/wp-content\/uploads\/2024\/03\/S2b3fcf051b0542b988636e974a56d23bY.webp","type":"image\/webp"}],"twitter_card":"summary_large_image","schema":{"@context":"https:\/\/schema.org","@graph":[{"@type":"WebPage","@id":"https:\/\/floratiara.com\/p\/ethereal-rose-headband-elegance\/","url":"https:\/\/floratiara.com\/p\/ethereal-rose-headband-elegance\/","name":"Coroan\u0103 de flori Elysian Halo - Romantic White Rose - Flora Tiara","isPartOf":{"@id":"https:\/\/floratiara.com\/#website"},"primaryImageOfPage":{"@id":"https:\/\/floratiara.com\/p\/ethereal-rose-headband-elegance\/#primaryimage"},"image":{"@id":"https:\/\/floratiara.com\/p\/ethereal-rose-headband-elegance\/#primaryimage"},"thumbnailUrl":"https:\/\/floratiara.com\/wp-content\/uploads\/2024\/03\/S2b3fcf051b0542b988636e974a56d23bY.webp","datePublished":"2024-03-16T10:23:30+00:00","dateModified":"2025-07-22T03:50:47+00:00","description":"Unic \u0219i frumos: Cump\u0103ra\u021bi coroana de flori Elysian Halo - Romantic White Rose. Coafur\u0103 premium de \u00eenalt\u0103 calitate pentru a face ca ocazia s\u0103 fie de neuitat.","breadcrumb":{"@id":"https:\/\/floratiara.com\/p\/ethereal-rose-headband-elegance\/#breadcrumb"},"inLanguage":"ro-RO","potentialAction":[{"@type":"ReadAction","target":["https:\/\/floratiara.com\/p\/ethereal-rose-headband-elegance\/"]}]},{"@type":"ImageObject","inLanguage":"ro-RO","@id":"https:\/\/floratiara.com\/p\/ethereal-rose-headband-elegance\/#primaryimage","url":"https:\/\/floratiara.com\/wp-content\/uploads\/2024\/03\/S2b3fcf051b0542b988636e974a56d23bY.webp","contentUrl":"https:\/\/floratiara.com\/wp-content\/uploads\/2024\/03\/S2b3fcf051b0542b988636e974a56d23bY.webp","width":1000,"height":1000},{"@type":"BreadcrumbList","@id":"https:\/\/floratiara.com\/p\/ethereal-rose-headband-elegance\/#breadcrumb","itemListElement":[{"@type":"ListItem","position":1,"name":"Home","item":"https:\/\/floratiara.com\/"},{"@type":"ListItem","position":2,"name":"Shop","item":"https:\/\/floratiara.com\/shop\/"},{"@type":"ListItem","position":3,"name":"Elysian Halo Flower Crown &#8211; Romantic White Rose"}]},{"@type":"WebSite","@id":"https:\/\/floratiara.com\/#website","url":"https:\/\/floratiara.com\/","name":"Flora Tiara","description":"","publisher":{"@id":"https:\/\/floratiara.com\/#organization"},"potentialAction":[{"@type":"SearchAction","target":{"@type":"EntryPoint","urlTemplate":"https:\/\/floratiara.com\/?s={search_term_string}"},"query-input":{"@type":"PropertyValueSpecification","valueRequired":true,"valueName":"search_term_string"}}],"inLanguage":"ro-RO"},{"@type":"Organization","@id":"https:\/\/floratiara.com\/#organization","name":"Flora Tiara","url":"https:\/\/floratiara.com\/","logo":{"@type":"ImageObject","inLanguage":"ro-RO","@id":"https:\/\/floratiara.com\/#\/schema\/logo\/image\/","url":"https:\/\/floratiara.com\/wp-content\/uploads\/2024\/03\/flora-tiara-logo.png","contentUrl":"https:\/\/floratiara.com\/wp-content\/uploads\/2024\/03\/flora-tiara-logo.png","width":1024,"height":274,"caption":"Flora Tiara"},"image":{"@id":"https:\/\/floratiara.com\/#\/schema\/logo\/image\/"}}]}},"_links":{"self":[{"href":"https:\/\/floratiara.com\/ro\/wp-json\/wp\/v2\/product\/586","targetHints":{"allow":["GET"]}}],"collection":[{"href":"https:\/\/floratiara.com\/ro\/wp-json\/wp\/v2\/product"}],"about":[{"href":"https:\/\/floratiara.com\/ro\/wp-json\/wp\/v2\/types\/product"}],"wp:featuredmedia":[{"embeddable":true,"href":"https:\/\/floratiara.com\/ro\/wp-json\/wp\/v2\/media\/585"}],"wp:attachment":[{"href":"https:\/\/floratiara.com\/ro\/wp-json\/wp\/v2\/media?parent=586"}],"wp:term":[{"taxonomy":"product_brand","embeddable":true,"href":"https:\/\/floratiara.com\/ro\/wp-json\/wp\/v2\/product_brand?post=586"},{"taxonomy":"product_cat","embeddable":true,"href":"https:\/\/floratiara.com\/ro\/wp-json\/wp\/v2\/product_cat?post=586"},{"taxonomy":"product_tag","embeddable":true,"href":"https:\/\/floratiara.com\/ro\/wp-json\/wp\/v2\/product_tag?post=586"}],"curies":[{"name":"wp","href":"https:\/\/api.w.org\/{rel}","templated":true}]}}