{"id":670,"date":"2024-03-16T10:35:39","date_gmt":"2024-03-16T10:35:39","guid":{"rendered":"https:\/\/floratiara.com\/?post_type=product&#038;p=670"},"modified":"2025-04-04T03:59:18","modified_gmt":"2025-04-04T03:59:18","slug":"fetite-de-epoca-inspirat-de-copii-tiara-florale","status":"publish","type":"product","link":"https:\/\/floratiara.com\/ro\/p\/fetite-de-epoca-inspirat-de-copii-tiara-florale\/","title":{"rendered":"\u00cenc\u00e2nt\u0103toare roz roz Rose Rose Crown Crown Headband"},"content":{"rendered":"<p>Bucur\u0103-te de magia coroanei noastre de flori \"Blossom Bliss\", perfect\u0103 pentru ziua special\u0103 a micu\u021bei tale. \u00cempodobe\u0219te-o cu aceast\u0103 fermec\u0103toare benti\u021b\u0103 cu trandafiri roz, \u00een care florile din \u021bes\u0103tur\u0103 moale se \u00eembin\u0103 cu elegan\u021ba de poveste. Panglica reglabil\u0103 din dantel\u0103 asigur\u0103 o potrivire perfect\u0103, ad\u0103ug\u00e2nd o alur\u0103 clasic\u0103 zilelor de na\u0219tere sau \u0219edin\u021belor foto. Infuzeaz\u0103-i look-ul cu frumuse\u021bea atemporal\u0103 a acestui accesoriu realizat manual. Asigura\u021bi-v\u0103 ast\u0103zi piesa rafinat\u0103 \u0219i l\u0103sa\u021bi-o s\u0103 str\u0103luceasc\u0103 cu un accent floral fermec\u0103tor.<\/p><p>Compozi\u021bie: trandafiri din \u021bes\u0103tur\u0103 roz, flori mici din \u021bes\u0103tur\u0103 roz \u0219i filde\u0219, panglic\u0103 de dantel\u0103.<\/p>","protected":false},"excerpt":{"rendered":"<div style=\"width: 90%;text-align: left;margin: auto\"><p style=\"text-align:center\"><b>\ud83d\udc51 De la m\u00e2inile noastre la capul t\u0103u<\/b><br \/><i>Coroane de flori de lux pentru orice ocazie<\/i><\/p><ul><li>\u2702\ufe0f Realizat cu grij\u0103 \u00een inima ora\u0219ului <b>Rom\u00e2nia<\/b><\/li><li><b>\ud83d\udc90 Compozi\u021bie: trandafiri din \u021bes\u0103tur\u0103 roz, flori mici din \u021bes\u0103tur\u0103 roz \u0219i filde\u0219, panglic\u0103 de dantel\u0103.<\/b><\/li><\/ul><\/div>","protected":false},"featured_media":669,"template":"","meta":[],"product_brand":[],"product_cat":[80],"product_tag":[],"class_list":{"0":"post-670","1":"product","2":"type-product","3":"status-publish","4":"has-post-thumbnail","6":"product_cat-toddler-flower-crown","8":"first","9":"outofstock","10":"shipping-taxable","11":"purchasable","12":"product-type-simple"},"yoast_head":"<!-- This site is optimized with the Yoast SEO plugin v25.9 - https:\/\/yoast.com\/wordpress\/plugins\/seo\/ -->\n<title>Enchanting Pink Rose Flower Crown Headband - Flora Tiara<\/title>\n<meta name=\"description\" content=\"Unique and beautiful: Shop our Enchanting Pink Rose Flower Crown Headband. Premium high quality headpiece to make the occasion unforgettable.\" \/>\n<meta name=\"robots\" content=\"index, follow, max-snippet:-1, max-image-preview:large, max-video-preview:-1\" \/>\n<link rel=\"canonical\" href=\"https:\/\/floratiara.com\/ro\/p\/fetite-de-epoca-inspirat-de-copii-tiara-florale\/\" \/>\n<meta property=\"og:locale\" content=\"ro_RO\" \/>\n<meta property=\"og:type\" content=\"article\" \/>\n<meta property=\"og:title\" content=\"Enchanting Pink Rose Flower Crown Headband - Flora Tiara\" \/>\n<meta property=\"og:description\" content=\"Unique and beautiful: Shop our Enchanting Pink Rose Flower Crown Headband. Premium high quality headpiece to make the occasion unforgettable.\" \/>\n<meta property=\"og:url\" content=\"https:\/\/floratiara.com\/ro\/p\/fetite-de-epoca-inspirat-de-copii-tiara-florale\/\" \/>\n<meta property=\"og:site_name\" content=\"Flora Tiara\" \/>\n<meta property=\"article:modified_time\" content=\"2025-04-04T03:59:18+00:00\" \/>\n<meta property=\"og:image\" content=\"https:\/\/floratiara.com\/wp-content\/uploads\/2024\/03\/S758531f3abf74eb8ad7599bdfef95296B.webp\" \/>\n\t<meta property=\"og:image:width\" content=\"800\" \/>\n\t<meta property=\"og:image:height\" content=\"800\" \/>\n\t<meta property=\"og:image:type\" content=\"image\/webp\" \/>\n<meta name=\"twitter:card\" content=\"summary_large_image\" \/>\n<meta name=\"twitter:label1\" content=\"Timp estimat pentru citire\" \/>\n\t<meta name=\"twitter:data1\" content=\"1 minut\" \/>\n<script type=\"application\/ld+json\" class=\"yoast-schema-graph\">{\"@context\":\"https:\/\/schema.org\",\"@graph\":[{\"@type\":\"WebPage\",\"@id\":\"https:\/\/floratiara.com\/p\/vintage-inspired-baby-girls-floral-tiara\/\",\"url\":\"https:\/\/floratiara.com\/p\/vintage-inspired-baby-girls-floral-tiara\/\",\"name\":\"Enchanting Pink Rose Flower Crown Headband - Flora Tiara\",\"isPartOf\":{\"@id\":\"https:\/\/floratiara.com\/#website\"},\"primaryImageOfPage\":{\"@id\":\"https:\/\/floratiara.com\/p\/vintage-inspired-baby-girls-floral-tiara\/#primaryimage\"},\"image\":{\"@id\":\"https:\/\/floratiara.com\/p\/vintage-inspired-baby-girls-floral-tiara\/#primaryimage\"},\"thumbnailUrl\":\"https:\/\/floratiara.com\/wp-content\/uploads\/2024\/03\/S758531f3abf74eb8ad7599bdfef95296B.webp\",\"datePublished\":\"2024-03-16T10:35:39+00:00\",\"dateModified\":\"2025-04-04T03:59:18+00:00\",\"description\":\"Unique and beautiful: Shop our Enchanting Pink Rose Flower Crown Headband. Premium high quality headpiece to make the occasion unforgettable.\",\"breadcrumb\":{\"@id\":\"https:\/\/floratiara.com\/p\/vintage-inspired-baby-girls-floral-tiara\/#breadcrumb\"},\"inLanguage\":\"ro-RO\",\"potentialAction\":[{\"@type\":\"ReadAction\",\"target\":[\"https:\/\/floratiara.com\/p\/vintage-inspired-baby-girls-floral-tiara\/\"]}]},{\"@type\":\"ImageObject\",\"inLanguage\":\"ro-RO\",\"@id\":\"https:\/\/floratiara.com\/p\/vintage-inspired-baby-girls-floral-tiara\/#primaryimage\",\"url\":\"https:\/\/floratiara.com\/wp-content\/uploads\/2024\/03\/S758531f3abf74eb8ad7599bdfef95296B.webp\",\"contentUrl\":\"https:\/\/floratiara.com\/wp-content\/uploads\/2024\/03\/S758531f3abf74eb8ad7599bdfef95296B.webp\",\"width\":800,\"height\":800},{\"@type\":\"BreadcrumbList\",\"@id\":\"https:\/\/floratiara.com\/p\/vintage-inspired-baby-girls-floral-tiara\/#breadcrumb\",\"itemListElement\":[{\"@type\":\"ListItem\",\"position\":1,\"name\":\"Home\",\"item\":\"https:\/\/floratiara.com\/\"},{\"@type\":\"ListItem\",\"position\":2,\"name\":\"Shop\",\"item\":\"https:\/\/floratiara.com\/shop\/\"},{\"@type\":\"ListItem\",\"position\":3,\"name\":\"Enchanting Pink Rose Flower Crown Headband\"}]},{\"@type\":\"WebSite\",\"@id\":\"https:\/\/floratiara.com\/#website\",\"url\":\"https:\/\/floratiara.com\/\",\"name\":\"Flora Tiara\",\"description\":\"\",\"publisher\":{\"@id\":\"https:\/\/floratiara.com\/#organization\"},\"potentialAction\":[{\"@type\":\"SearchAction\",\"target\":{\"@type\":\"EntryPoint\",\"urlTemplate\":\"https:\/\/floratiara.com\/?s={search_term_string}\"},\"query-input\":{\"@type\":\"PropertyValueSpecification\",\"valueRequired\":true,\"valueName\":\"search_term_string\"}}],\"inLanguage\":\"ro-RO\"},{\"@type\":\"Organization\",\"@id\":\"https:\/\/floratiara.com\/#organization\",\"name\":\"Flora Tiara\",\"url\":\"https:\/\/floratiara.com\/\",\"logo\":{\"@type\":\"ImageObject\",\"inLanguage\":\"ro-RO\",\"@id\":\"https:\/\/floratiara.com\/#\/schema\/logo\/image\/\",\"url\":\"https:\/\/floratiara.com\/wp-content\/uploads\/2024\/03\/flora-tiara-logo.png\",\"contentUrl\":\"https:\/\/floratiara.com\/wp-content\/uploads\/2024\/03\/flora-tiara-logo.png\",\"width\":1024,\"height\":274,\"caption\":\"Flora Tiara\"},\"image\":{\"@id\":\"https:\/\/floratiara.com\/#\/schema\/logo\/image\/\"}}]}<\/script>\n<!-- \/ Yoast SEO plugin. -->","yoast_head_json":{"title":"\u00cenc\u00e2nt\u0103toare roz trandafir roz coroana de flori coroana de cap - Flora Tiara","description":"Unic \u0219i frumos: Cump\u0103r\u0103 benti\u021ba noastr\u0103 fermec\u0103toare cu coroan\u0103 de flori de trandafiri roz. Coafur\u0103 de \u00eenalt\u0103 calitate premium pentru a face ca ocazia s\u0103 fie de neuitat.","robots":{"index":"index","follow":"follow","max-snippet":"max-snippet:-1","max-image-preview":"max-image-preview:large","max-video-preview":"max-video-preview:-1"},"canonical":"https:\/\/floratiara.com\/ro\/p\/fetite-de-epoca-inspirat-de-copii-tiara-florale\/","og_locale":"ro_RO","og_type":"article","og_title":"Enchanting Pink Rose Flower Crown Headband - Flora Tiara","og_description":"Unique and beautiful: Shop our Enchanting Pink Rose Flower Crown Headband. Premium high quality headpiece to make the occasion unforgettable.","og_url":"https:\/\/floratiara.com\/ro\/p\/fetite-de-epoca-inspirat-de-copii-tiara-florale\/","og_site_name":"Flora Tiara","article_modified_time":"2025-04-04T03:59:18+00:00","og_image":[{"width":800,"height":800,"url":"https:\/\/floratiara.com\/wp-content\/uploads\/2024\/03\/S758531f3abf74eb8ad7599bdfef95296B.webp","type":"image\/webp"}],"twitter_card":"summary_large_image","twitter_misc":{"Timp estimat pentru citire":"1 minut"},"schema":{"@context":"https:\/\/schema.org","@graph":[{"@type":"WebPage","@id":"https:\/\/floratiara.com\/p\/vintage-inspired-baby-girls-floral-tiara\/","url":"https:\/\/floratiara.com\/p\/vintage-inspired-baby-girls-floral-tiara\/","name":"\u00cenc\u00e2nt\u0103toare roz trandafir roz coroana de flori coroana de cap - Flora Tiara","isPartOf":{"@id":"https:\/\/floratiara.com\/#website"},"primaryImageOfPage":{"@id":"https:\/\/floratiara.com\/p\/vintage-inspired-baby-girls-floral-tiara\/#primaryimage"},"image":{"@id":"https:\/\/floratiara.com\/p\/vintage-inspired-baby-girls-floral-tiara\/#primaryimage"},"thumbnailUrl":"https:\/\/floratiara.com\/wp-content\/uploads\/2024\/03\/S758531f3abf74eb8ad7599bdfef95296B.webp","datePublished":"2024-03-16T10:35:39+00:00","dateModified":"2025-04-04T03:59:18+00:00","description":"Unic \u0219i frumos: Cump\u0103r\u0103 benti\u021ba noastr\u0103 fermec\u0103toare cu coroan\u0103 de flori de trandafiri roz. Coafur\u0103 de \u00eenalt\u0103 calitate premium pentru a face ca ocazia s\u0103 fie de neuitat.","breadcrumb":{"@id":"https:\/\/floratiara.com\/p\/vintage-inspired-baby-girls-floral-tiara\/#breadcrumb"},"inLanguage":"ro-RO","potentialAction":[{"@type":"ReadAction","target":["https:\/\/floratiara.com\/p\/vintage-inspired-baby-girls-floral-tiara\/"]}]},{"@type":"ImageObject","inLanguage":"ro-RO","@id":"https:\/\/floratiara.com\/p\/vintage-inspired-baby-girls-floral-tiara\/#primaryimage","url":"https:\/\/floratiara.com\/wp-content\/uploads\/2024\/03\/S758531f3abf74eb8ad7599bdfef95296B.webp","contentUrl":"https:\/\/floratiara.com\/wp-content\/uploads\/2024\/03\/S758531f3abf74eb8ad7599bdfef95296B.webp","width":800,"height":800},{"@type":"BreadcrumbList","@id":"https:\/\/floratiara.com\/p\/vintage-inspired-baby-girls-floral-tiara\/#breadcrumb","itemListElement":[{"@type":"ListItem","position":1,"name":"Home","item":"https:\/\/floratiara.com\/"},{"@type":"ListItem","position":2,"name":"Shop","item":"https:\/\/floratiara.com\/shop\/"},{"@type":"ListItem","position":3,"name":"Enchanting Pink Rose Flower Crown Headband"}]},{"@type":"WebSite","@id":"https:\/\/floratiara.com\/#website","url":"https:\/\/floratiara.com\/","name":"Flora Tiara","description":"","publisher":{"@id":"https:\/\/floratiara.com\/#organization"},"potentialAction":[{"@type":"SearchAction","target":{"@type":"EntryPoint","urlTemplate":"https:\/\/floratiara.com\/?s={search_term_string}"},"query-input":{"@type":"PropertyValueSpecification","valueRequired":true,"valueName":"search_term_string"}}],"inLanguage":"ro-RO"},{"@type":"Organization","@id":"https:\/\/floratiara.com\/#organization","name":"Flora Tiara","url":"https:\/\/floratiara.com\/","logo":{"@type":"ImageObject","inLanguage":"ro-RO","@id":"https:\/\/floratiara.com\/#\/schema\/logo\/image\/","url":"https:\/\/floratiara.com\/wp-content\/uploads\/2024\/03\/flora-tiara-logo.png","contentUrl":"https:\/\/floratiara.com\/wp-content\/uploads\/2024\/03\/flora-tiara-logo.png","width":1024,"height":274,"caption":"Flora Tiara"},"image":{"@id":"https:\/\/floratiara.com\/#\/schema\/logo\/image\/"}}]}},"_links":{"self":[{"href":"https:\/\/floratiara.com\/ro\/wp-json\/wp\/v2\/product\/670","targetHints":{"allow":["GET"]}}],"collection":[{"href":"https:\/\/floratiara.com\/ro\/wp-json\/wp\/v2\/product"}],"about":[{"href":"https:\/\/floratiara.com\/ro\/wp-json\/wp\/v2\/types\/product"}],"wp:featuredmedia":[{"embeddable":true,"href":"https:\/\/floratiara.com\/ro\/wp-json\/wp\/v2\/media\/669"}],"wp:attachment":[{"href":"https:\/\/floratiara.com\/ro\/wp-json\/wp\/v2\/media?parent=670"}],"wp:term":[{"taxonomy":"product_brand","embeddable":true,"href":"https:\/\/floratiara.com\/ro\/wp-json\/wp\/v2\/product_brand?post=670"},{"taxonomy":"product_cat","embeddable":true,"href":"https:\/\/floratiara.com\/ro\/wp-json\/wp\/v2\/product_cat?post=670"},{"taxonomy":"product_tag","embeddable":true,"href":"https:\/\/floratiara.com\/ro\/wp-json\/wp\/v2\/product_tag?post=670"}],"curies":[{"name":"wp","href":"https:\/\/api.w.org\/{rel}","templated":true}]}}