{"id":696,"date":"2024-03-16T10:36:02","date_gmt":"2024-03-16T10:36:02","guid":{"rendered":"https:\/\/floratiara.com\/?post_type=product&#038;p=696"},"modified":"2025-03-04T04:42:47","modified_gmt":"2025-03-04T04:42:47","slug":"capatai-elegant-ivory-trandafir","status":"publish","type":"product","link":"https:\/\/floratiara.com\/ro\/p\/capatai-elegant-ivory-trandafir\/","title":{"rendered":"Benti\u021b\u0103 floral\u0103 din flori de filde\u0219 - Coroan\u0103 de flori elegant\u0103"},"content":{"rendered":"<p>Descoper\u0103 farmecul eteric cu coroana noastr\u0103 de flori Ivory Blossom Flower Crown, o capodoper\u0103 artizanal\u0103 conceput\u0103 pentru a \u00eenc\u00e2nta. Fiecare trandafir din \u021bes\u0103tur\u0103 de filde\u0219 este pozi\u021bionat cu art\u0103 pentru a evoca elegan\u021ba, ceea ce o face s\u0103 fie acompaniamentul perfect pentru nun\u021bi, festivaluri sau \u00eent\u00e2lniri de lux. Panglica sa reglabil\u0103 \u0219i transparent\u0103 asigur\u0103 o potrivire personalizat\u0103 pentru orice m\u0103rime a capului, oferind confort al\u0103turi de sofisticarea clasic\u0103. Eleva\u021bi-v\u0103 stilul cu aceast\u0103 pies\u0103 statement, un amestec de frumuse\u021be artizanal\u0103 \u0219i gra\u021bie atemporal\u0103. F\u0103 o impresie de neuitat \u0219i \u00eentruchipeaz\u0103 esen\u021ba chicului pur - aceast\u0103 coroan\u0103 de flori nu este doar un accesoriu, ci este \u00eencununarea oric\u0103rei \u021binute.<\/p><p>Compozi\u021bie: trandafiri din \u021bes\u0103tur\u0103 filde\u0219, cravat\u0103 din panglic\u0103 transparent\u0103.<\/p>","protected":false},"excerpt":{"rendered":"<div style=\"width: 90%;text-align: left;margin: auto\"><p style=\"text-align:center\"><b>\ud83d\udc51 De la m\u00e2inile noastre la capul t\u0103u<\/b><br \/><i>Coroane de flori de lux pentru orice ocazie<\/i><\/p><ul><li>\u2702\ufe0f Realizat cu grij\u0103 \u00een inima ora\u0219ului <b>Rom\u00e2nia<\/b><\/li><li><b>\ud83d\udc90 Compozi\u021bie: trandafiri din \u021bes\u0103tur\u0103 ivory, cravat\u0103 din panglic\u0103 transparent\u0103.<\/b><\/li><\/ul><\/div>","protected":false},"featured_media":695,"template":"","meta":[],"product_brand":[],"product_cat":[80],"product_tag":[],"class_list":{"0":"post-696","1":"product","2":"type-product","3":"status-publish","4":"has-post-thumbnail","6":"product_cat-toddler-flower-crown","8":"first","9":"instock","10":"shipping-taxable","11":"purchasable","12":"product-type-simple"},"yoast_head":"<!-- This site is optimized with the Yoast SEO plugin v25.9 - https:\/\/yoast.com\/wordpress\/plugins\/seo\/ -->\n<title>Ivory Blossom Floral Headband - Elegant Flower Crown - Flora Tiara<\/title>\n<meta name=\"description\" content=\"Unique and beautiful: Shop our Ivory Blossom Floral Headband - Elegant Flower Crown. Premium high quality headpiece to make the occasion unforgettable.\" \/>\n<meta name=\"robots\" content=\"index, follow, max-snippet:-1, max-image-preview:large, max-video-preview:-1\" \/>\n<link rel=\"canonical\" href=\"https:\/\/floratiara.com\/ro\/p\/capatai-elegant-ivory-trandafir\/\" \/>\n<meta property=\"og:locale\" content=\"ro_RO\" \/>\n<meta property=\"og:type\" content=\"article\" \/>\n<meta property=\"og:title\" content=\"Ivory Blossom Floral Headband - Elegant Flower Crown - Flora Tiara\" \/>\n<meta property=\"og:description\" content=\"Unique and beautiful: Shop our Ivory Blossom Floral Headband - Elegant Flower Crown. Premium high quality headpiece to make the occasion unforgettable.\" \/>\n<meta property=\"og:url\" content=\"https:\/\/floratiara.com\/ro\/p\/capatai-elegant-ivory-trandafir\/\" \/>\n<meta property=\"og:site_name\" content=\"Flora Tiara\" \/>\n<meta property=\"article:modified_time\" content=\"2025-03-04T04:42:47+00:00\" \/>\n<meta property=\"og:image\" content=\"https:\/\/floratiara.com\/wp-content\/uploads\/2024\/03\/Sc87b3acb0c634ecc8c037ab9ed5f68b4w.webp\" \/>\n\t<meta property=\"og:image:width\" content=\"800\" \/>\n\t<meta property=\"og:image:height\" content=\"800\" \/>\n\t<meta property=\"og:image:type\" content=\"image\/webp\" \/>\n<meta name=\"twitter:card\" content=\"summary_large_image\" \/>\n<meta name=\"twitter:label1\" content=\"Timp estimat pentru citire\" \/>\n\t<meta name=\"twitter:data1\" content=\"1 minut\" \/>\n<script type=\"application\/ld+json\" class=\"yoast-schema-graph\">{\"@context\":\"https:\/\/schema.org\",\"@graph\":[{\"@type\":\"WebPage\",\"@id\":\"https:\/\/floratiara.com\/p\/elegant-ivory-rose-headpiece\/\",\"url\":\"https:\/\/floratiara.com\/p\/elegant-ivory-rose-headpiece\/\",\"name\":\"Ivory Blossom Floral Headband - Elegant Flower Crown - Flora Tiara\",\"isPartOf\":{\"@id\":\"https:\/\/floratiara.com\/#website\"},\"primaryImageOfPage\":{\"@id\":\"https:\/\/floratiara.com\/p\/elegant-ivory-rose-headpiece\/#primaryimage\"},\"image\":{\"@id\":\"https:\/\/floratiara.com\/p\/elegant-ivory-rose-headpiece\/#primaryimage\"},\"thumbnailUrl\":\"https:\/\/floratiara.com\/wp-content\/uploads\/2024\/03\/Sc87b3acb0c634ecc8c037ab9ed5f68b4w.webp\",\"datePublished\":\"2024-03-16T10:36:02+00:00\",\"dateModified\":\"2025-03-04T04:42:47+00:00\",\"description\":\"Unique and beautiful: Shop our Ivory Blossom Floral Headband - Elegant Flower Crown. Premium high quality headpiece to make the occasion unforgettable.\",\"breadcrumb\":{\"@id\":\"https:\/\/floratiara.com\/p\/elegant-ivory-rose-headpiece\/#breadcrumb\"},\"inLanguage\":\"ro-RO\",\"potentialAction\":[{\"@type\":\"ReadAction\",\"target\":[\"https:\/\/floratiara.com\/p\/elegant-ivory-rose-headpiece\/\"]}]},{\"@type\":\"ImageObject\",\"inLanguage\":\"ro-RO\",\"@id\":\"https:\/\/floratiara.com\/p\/elegant-ivory-rose-headpiece\/#primaryimage\",\"url\":\"https:\/\/floratiara.com\/wp-content\/uploads\/2024\/03\/Sc87b3acb0c634ecc8c037ab9ed5f68b4w.webp\",\"contentUrl\":\"https:\/\/floratiara.com\/wp-content\/uploads\/2024\/03\/Sc87b3acb0c634ecc8c037ab9ed5f68b4w.webp\",\"width\":800,\"height\":800},{\"@type\":\"BreadcrumbList\",\"@id\":\"https:\/\/floratiara.com\/p\/elegant-ivory-rose-headpiece\/#breadcrumb\",\"itemListElement\":[{\"@type\":\"ListItem\",\"position\":1,\"name\":\"Home\",\"item\":\"https:\/\/floratiara.com\/\"},{\"@type\":\"ListItem\",\"position\":2,\"name\":\"Shop\",\"item\":\"https:\/\/floratiara.com\/shop\/\"},{\"@type\":\"ListItem\",\"position\":3,\"name\":\"Ivory Blossom Floral Headband &#8211; Elegant Flower Crown\"}]},{\"@type\":\"WebSite\",\"@id\":\"https:\/\/floratiara.com\/#website\",\"url\":\"https:\/\/floratiara.com\/\",\"name\":\"Flora Tiara\",\"description\":\"\",\"publisher\":{\"@id\":\"https:\/\/floratiara.com\/#organization\"},\"potentialAction\":[{\"@type\":\"SearchAction\",\"target\":{\"@type\":\"EntryPoint\",\"urlTemplate\":\"https:\/\/floratiara.com\/?s={search_term_string}\"},\"query-input\":{\"@type\":\"PropertyValueSpecification\",\"valueRequired\":true,\"valueName\":\"search_term_string\"}}],\"inLanguage\":\"ro-RO\"},{\"@type\":\"Organization\",\"@id\":\"https:\/\/floratiara.com\/#organization\",\"name\":\"Flora Tiara\",\"url\":\"https:\/\/floratiara.com\/\",\"logo\":{\"@type\":\"ImageObject\",\"inLanguage\":\"ro-RO\",\"@id\":\"https:\/\/floratiara.com\/#\/schema\/logo\/image\/\",\"url\":\"https:\/\/floratiara.com\/wp-content\/uploads\/2024\/03\/flora-tiara-logo.png\",\"contentUrl\":\"https:\/\/floratiara.com\/wp-content\/uploads\/2024\/03\/flora-tiara-logo.png\",\"width\":1024,\"height\":274,\"caption\":\"Flora Tiara\"},\"image\":{\"@id\":\"https:\/\/floratiara.com\/#\/schema\/logo\/image\/\"}}]}<\/script>\n<!-- \/ Yoast SEO plugin. -->","yoast_head_json":{"title":"Band\u0103 de cap de flori florale de filde\u0219 - Coroan\u0103 de flori elegant\u0103 - Flora Tiara","description":"Unic \u0219i frumos: Magazinul nostru Ivory Blossom Floral Headband - Elegant Flower Crown. Coafur\u0103 premium de \u00eenalt\u0103 calitate pentru a face ca ocazia s\u0103 fie de neuitat.","robots":{"index":"index","follow":"follow","max-snippet":"max-snippet:-1","max-image-preview":"max-image-preview:large","max-video-preview":"max-video-preview:-1"},"canonical":"https:\/\/floratiara.com\/ro\/p\/capatai-elegant-ivory-trandafir\/","og_locale":"ro_RO","og_type":"article","og_title":"Ivory Blossom Floral Headband - Elegant Flower Crown - Flora Tiara","og_description":"Unique and beautiful: Shop our Ivory Blossom Floral Headband - Elegant Flower Crown. Premium high quality headpiece to make the occasion unforgettable.","og_url":"https:\/\/floratiara.com\/ro\/p\/capatai-elegant-ivory-trandafir\/","og_site_name":"Flora Tiara","article_modified_time":"2025-03-04T04:42:47+00:00","og_image":[{"width":800,"height":800,"url":"https:\/\/floratiara.com\/wp-content\/uploads\/2024\/03\/Sc87b3acb0c634ecc8c037ab9ed5f68b4w.webp","type":"image\/webp"}],"twitter_card":"summary_large_image","twitter_misc":{"Timp estimat pentru citire":"1 minut"},"schema":{"@context":"https:\/\/schema.org","@graph":[{"@type":"WebPage","@id":"https:\/\/floratiara.com\/p\/elegant-ivory-rose-headpiece\/","url":"https:\/\/floratiara.com\/p\/elegant-ivory-rose-headpiece\/","name":"Band\u0103 de cap de flori florale de filde\u0219 - Coroan\u0103 de flori elegant\u0103 - Flora Tiara","isPartOf":{"@id":"https:\/\/floratiara.com\/#website"},"primaryImageOfPage":{"@id":"https:\/\/floratiara.com\/p\/elegant-ivory-rose-headpiece\/#primaryimage"},"image":{"@id":"https:\/\/floratiara.com\/p\/elegant-ivory-rose-headpiece\/#primaryimage"},"thumbnailUrl":"https:\/\/floratiara.com\/wp-content\/uploads\/2024\/03\/Sc87b3acb0c634ecc8c037ab9ed5f68b4w.webp","datePublished":"2024-03-16T10:36:02+00:00","dateModified":"2025-03-04T04:42:47+00:00","description":"Unic \u0219i frumos: Magazinul nostru Ivory Blossom Floral Headband - Elegant Flower Crown. Coafur\u0103 premium de \u00eenalt\u0103 calitate pentru a face ca ocazia s\u0103 fie de neuitat.","breadcrumb":{"@id":"https:\/\/floratiara.com\/p\/elegant-ivory-rose-headpiece\/#breadcrumb"},"inLanguage":"ro-RO","potentialAction":[{"@type":"ReadAction","target":["https:\/\/floratiara.com\/p\/elegant-ivory-rose-headpiece\/"]}]},{"@type":"ImageObject","inLanguage":"ro-RO","@id":"https:\/\/floratiara.com\/p\/elegant-ivory-rose-headpiece\/#primaryimage","url":"https:\/\/floratiara.com\/wp-content\/uploads\/2024\/03\/Sc87b3acb0c634ecc8c037ab9ed5f68b4w.webp","contentUrl":"https:\/\/floratiara.com\/wp-content\/uploads\/2024\/03\/Sc87b3acb0c634ecc8c037ab9ed5f68b4w.webp","width":800,"height":800},{"@type":"BreadcrumbList","@id":"https:\/\/floratiara.com\/p\/elegant-ivory-rose-headpiece\/#breadcrumb","itemListElement":[{"@type":"ListItem","position":1,"name":"Home","item":"https:\/\/floratiara.com\/"},{"@type":"ListItem","position":2,"name":"Shop","item":"https:\/\/floratiara.com\/shop\/"},{"@type":"ListItem","position":3,"name":"Ivory Blossom Floral Headband &#8211; Elegant Flower Crown"}]},{"@type":"WebSite","@id":"https:\/\/floratiara.com\/#website","url":"https:\/\/floratiara.com\/","name":"Flora Tiara","description":"","publisher":{"@id":"https:\/\/floratiara.com\/#organization"},"potentialAction":[{"@type":"SearchAction","target":{"@type":"EntryPoint","urlTemplate":"https:\/\/floratiara.com\/?s={search_term_string}"},"query-input":{"@type":"PropertyValueSpecification","valueRequired":true,"valueName":"search_term_string"}}],"inLanguage":"ro-RO"},{"@type":"Organization","@id":"https:\/\/floratiara.com\/#organization","name":"Flora Tiara","url":"https:\/\/floratiara.com\/","logo":{"@type":"ImageObject","inLanguage":"ro-RO","@id":"https:\/\/floratiara.com\/#\/schema\/logo\/image\/","url":"https:\/\/floratiara.com\/wp-content\/uploads\/2024\/03\/flora-tiara-logo.png","contentUrl":"https:\/\/floratiara.com\/wp-content\/uploads\/2024\/03\/flora-tiara-logo.png","width":1024,"height":274,"caption":"Flora Tiara"},"image":{"@id":"https:\/\/floratiara.com\/#\/schema\/logo\/image\/"}}]}},"_links":{"self":[{"href":"https:\/\/floratiara.com\/ro\/wp-json\/wp\/v2\/product\/696","targetHints":{"allow":["GET"]}}],"collection":[{"href":"https:\/\/floratiara.com\/ro\/wp-json\/wp\/v2\/product"}],"about":[{"href":"https:\/\/floratiara.com\/ro\/wp-json\/wp\/v2\/types\/product"}],"wp:featuredmedia":[{"embeddable":true,"href":"https:\/\/floratiara.com\/ro\/wp-json\/wp\/v2\/media\/695"}],"wp:attachment":[{"href":"https:\/\/floratiara.com\/ro\/wp-json\/wp\/v2\/media?parent=696"}],"wp:term":[{"taxonomy":"product_brand","embeddable":true,"href":"https:\/\/floratiara.com\/ro\/wp-json\/wp\/v2\/product_brand?post=696"},{"taxonomy":"product_cat","embeddable":true,"href":"https:\/\/floratiara.com\/ro\/wp-json\/wp\/v2\/product_cat?post=696"},{"taxonomy":"product_tag","embeddable":true,"href":"https:\/\/floratiara.com\/ro\/wp-json\/wp\/v2\/product_tag?post=696"}],"curies":[{"name":"wp","href":"https:\/\/api.w.org\/{rel}","templated":true}]}}