{"id":109,"date":"2024-03-16T06:51:04","date_gmt":"2024-03-16T06:51:04","guid":{"rendered":"https:\/\/floratiara.com\/?post_type=product&#038;p=109"},"modified":"2024-12-12T01:49:10","modified_gmt":"2024-12-12T01:49:10","slug":"elegant-blommig-huvudbonad-for-brollop-5","status":"publish","type":"product","link":"https:\/\/floratiara.com\/sv\/p\/elegant-blommig-huvudbonad-for-brollop-5\/","title":{"rendered":"Elegant huvudbonad av blomma, pion och ros"},"content":{"rendered":"<p>F\u00f6rvandla din speciella dag med v\u00e5r lyxiga blomsterkrona f\u00f6r brudar, som \u00e4r intrikat utformad f\u00f6r att ge en touch av romantik och sofistikering. Njut av den frodiga blandningen av kr\u00e4mf\u00e4rgade och rosa rosor, kompletterade med fylliga, djupr\u00f6da pioner. Fina r\u00f6da och rosa b\u00e4r med vita fyllningar f\u00f6rh\u00f6jer kronans sk\u00f6nhet, medan gr\u00f6nskan ger en k\u00e4nsla av naturlig charm. Det silkeslena r\u00f6da bandet g\u00f6r att kronan passar perfekt och lovar komfort och elegans. G\u00f6r ett of\u00f6rgl\u00f6mligt uttalande och f\u00e4ngsla alla blickar n\u00e4r du g\u00e5r nerf\u00f6r g\u00e5ngen prydd med detta f\u00f6rtrollande blommiga m\u00e4sterverk.<\/p><p>Sammans\u00e4ttning: kr\u00e4mf\u00e4rgade och rosa rosor, djupr\u00f6da pioner, r\u00f6da b\u00e4r, rosa b\u00e4rklasar, vita fyllnads\u00e4mnen, gr\u00f6nska och ett r\u00f6tt band.<\/p>","protected":false},"excerpt":{"rendered":"<div style=\"width: 90%;text-align: left;margin: auto\"><p style=\"text-align:center\"><b>\ud83d\udc51 Fr\u00e5n v\u00e5ra h\u00e4nder till ditt huvud<\/b><br \/><i>Lyxiga blomsterkronor f\u00f6r alla tillf\u00e4llen<\/i><\/p><ul><li>\u2702\ufe0f Tillverkad med omsorg i hj\u00e4rtat av <b>Sverige<\/b><\/li><li><b>\ud83d\udc90 Sammans\u00e4ttning: kr\u00e4mf\u00e4rgade och rosa rosor, djupr\u00f6da pioner, r\u00f6da b\u00e4r, rosa b\u00e4rklasar, vita fyllnads\u00e4mnen, gr\u00f6nska och ett r\u00f6tt band.<\/b><\/li><\/ul><\/div>","protected":false},"featured_media":108,"template":"","meta":[],"product_brand":[],"product_cat":[75,61,77,59],"product_tag":[],"class_list":{"0":"post-109","1":"product","2":"type-product","3":"status-publish","4":"has-post-thumbnail","6":"product_cat-black-floral-headpiece","7":"product_cat-bridesmaid-floral-headpiece","8":"product_cat-red-floral-headpiece","9":"product_cat-bridal-floral-headpiece","11":"first","12":"instock","13":"shipping-taxable","14":"purchasable","15":"product-type-simple"},"yoast_head":"<!-- This site is optimized with the Yoast SEO plugin v25.9 - https:\/\/yoast.com\/wordpress\/plugins\/seo\/ -->\n<title>Elegant Bridal Flower Crown Peony Rose Headdress - Flora Tiara<\/title>\n<meta name=\"description\" content=\"Unique and beautiful: Shop our Elegant Bridal Flower Crown Peony Rose Headdress. Premium high quality headpiece to make the occasion unforgettable.\" \/>\n<meta name=\"robots\" content=\"index, follow, max-snippet:-1, max-image-preview:large, max-video-preview:-1\" \/>\n<link rel=\"canonical\" href=\"https:\/\/floratiara.com\/sv\/p\/elegant-blommig-huvudbonad-for-brollop-5\/\" \/>\n<meta property=\"og:locale\" content=\"sv_SE\" \/>\n<meta property=\"og:type\" content=\"article\" \/>\n<meta property=\"og:title\" content=\"Elegant Bridal Flower Crown Peony Rose Headdress - Flora Tiara\" \/>\n<meta property=\"og:description\" content=\"Unique and beautiful: Shop our Elegant Bridal Flower Crown Peony Rose Headdress. Premium high quality headpiece to make the occasion unforgettable.\" \/>\n<meta property=\"og:url\" content=\"https:\/\/floratiara.com\/sv\/p\/elegant-blommig-huvudbonad-for-brollop-5\/\" \/>\n<meta property=\"og:site_name\" content=\"Flora Tiara\" \/>\n<meta property=\"article:modified_time\" content=\"2024-12-12T01:49:10+00:00\" \/>\n<meta property=\"og:image\" content=\"https:\/\/floratiara.com\/wp-content\/uploads\/2024\/03\/Had76c73ff50f4a1baac5489fc9364dd8C-1.webp\" \/>\n\t<meta property=\"og:image:width\" content=\"1500\" \/>\n\t<meta property=\"og:image:height\" content=\"1500\" \/>\n\t<meta property=\"og:image:type\" content=\"image\/webp\" \/>\n<meta name=\"twitter:card\" content=\"summary_large_image\" \/>\n<meta name=\"twitter:label1\" content=\"Ber\u00e4knad l\u00e4stid\" \/>\n\t<meta name=\"twitter:data1\" content=\"1 minut\" \/>\n<script type=\"application\/ld+json\" class=\"yoast-schema-graph\">{\"@context\":\"https:\/\/schema.org\",\"@graph\":[{\"@type\":\"WebPage\",\"@id\":\"https:\/\/floratiara.com\/p\/elegant-wedding-floral-headpiece-5\/\",\"url\":\"https:\/\/floratiara.com\/p\/elegant-wedding-floral-headpiece-5\/\",\"name\":\"Elegant Bridal Flower Crown Peony Rose Headdress - Flora Tiara\",\"isPartOf\":{\"@id\":\"https:\/\/floratiara.com\/#website\"},\"primaryImageOfPage\":{\"@id\":\"https:\/\/floratiara.com\/p\/elegant-wedding-floral-headpiece-5\/#primaryimage\"},\"image\":{\"@id\":\"https:\/\/floratiara.com\/p\/elegant-wedding-floral-headpiece-5\/#primaryimage\"},\"thumbnailUrl\":\"https:\/\/floratiara.com\/wp-content\/uploads\/2024\/03\/Had76c73ff50f4a1baac5489fc9364dd8C-1.webp\",\"datePublished\":\"2024-03-16T06:51:04+00:00\",\"dateModified\":\"2024-12-12T01:49:10+00:00\",\"description\":\"Unique and beautiful: Shop our Elegant Bridal Flower Crown Peony Rose Headdress. Premium high quality headpiece to make the occasion unforgettable.\",\"breadcrumb\":{\"@id\":\"https:\/\/floratiara.com\/p\/elegant-wedding-floral-headpiece-5\/#breadcrumb\"},\"inLanguage\":\"sv-SE\",\"potentialAction\":[{\"@type\":\"ReadAction\",\"target\":[\"https:\/\/floratiara.com\/p\/elegant-wedding-floral-headpiece-5\/\"]}]},{\"@type\":\"ImageObject\",\"inLanguage\":\"sv-SE\",\"@id\":\"https:\/\/floratiara.com\/p\/elegant-wedding-floral-headpiece-5\/#primaryimage\",\"url\":\"https:\/\/floratiara.com\/wp-content\/uploads\/2024\/03\/Had76c73ff50f4a1baac5489fc9364dd8C-1.webp\",\"contentUrl\":\"https:\/\/floratiara.com\/wp-content\/uploads\/2024\/03\/Had76c73ff50f4a1baac5489fc9364dd8C-1.webp\",\"width\":1500,\"height\":1500},{\"@type\":\"BreadcrumbList\",\"@id\":\"https:\/\/floratiara.com\/p\/elegant-wedding-floral-headpiece-5\/#breadcrumb\",\"itemListElement\":[{\"@type\":\"ListItem\",\"position\":1,\"name\":\"Home\",\"item\":\"https:\/\/floratiara.com\/\"},{\"@type\":\"ListItem\",\"position\":2,\"name\":\"Shop\",\"item\":\"https:\/\/floratiara.com\/shop\/\"},{\"@type\":\"ListItem\",\"position\":3,\"name\":\"Elegant Bridal Flower Crown Peony Rose Headdress\"}]},{\"@type\":\"WebSite\",\"@id\":\"https:\/\/floratiara.com\/#website\",\"url\":\"https:\/\/floratiara.com\/\",\"name\":\"Flora Tiara\",\"description\":\"\",\"publisher\":{\"@id\":\"https:\/\/floratiara.com\/#organization\"},\"potentialAction\":[{\"@type\":\"SearchAction\",\"target\":{\"@type\":\"EntryPoint\",\"urlTemplate\":\"https:\/\/floratiara.com\/?s={search_term_string}\"},\"query-input\":{\"@type\":\"PropertyValueSpecification\",\"valueRequired\":true,\"valueName\":\"search_term_string\"}}],\"inLanguage\":\"sv-SE\"},{\"@type\":\"Organization\",\"@id\":\"https:\/\/floratiara.com\/#organization\",\"name\":\"Flora Tiara\",\"url\":\"https:\/\/floratiara.com\/\",\"logo\":{\"@type\":\"ImageObject\",\"inLanguage\":\"sv-SE\",\"@id\":\"https:\/\/floratiara.com\/#\/schema\/logo\/image\/\",\"url\":\"https:\/\/floratiara.com\/wp-content\/uploads\/2024\/03\/flora-tiara-logo.png\",\"contentUrl\":\"https:\/\/floratiara.com\/wp-content\/uploads\/2024\/03\/flora-tiara-logo.png\",\"width\":1024,\"height\":274,\"caption\":\"Flora Tiara\"},\"image\":{\"@id\":\"https:\/\/floratiara.com\/#\/schema\/logo\/image\/\"}}]}<\/script>\n<!-- \/ Yoast SEO plugin. -->","yoast_head_json":{"title":"Elegant huvudbonad med blomsterkrona och pionros - Flora Tiara","description":"Unik och vacker: Handla v\u00e5r eleganta brudblomma krona pion ros huvudbonad. Premium h\u00f6gkvalitativ huvudbonad f\u00f6r att g\u00f6ra tillf\u00e4llet of\u00f6rgl\u00f6mligt.","robots":{"index":"index","follow":"follow","max-snippet":"max-snippet:-1","max-image-preview":"max-image-preview:large","max-video-preview":"max-video-preview:-1"},"canonical":"https:\/\/floratiara.com\/sv\/p\/elegant-blommig-huvudbonad-for-brollop-5\/","og_locale":"sv_SE","og_type":"article","og_title":"Elegant Bridal Flower Crown Peony Rose Headdress - Flora Tiara","og_description":"Unique and beautiful: Shop our Elegant Bridal Flower Crown Peony Rose Headdress. Premium high quality headpiece to make the occasion unforgettable.","og_url":"https:\/\/floratiara.com\/sv\/p\/elegant-blommig-huvudbonad-for-brollop-5\/","og_site_name":"Flora Tiara","article_modified_time":"2024-12-12T01:49:10+00:00","og_image":[{"width":1500,"height":1500,"url":"https:\/\/floratiara.com\/wp-content\/uploads\/2024\/03\/Had76c73ff50f4a1baac5489fc9364dd8C-1.webp","type":"image\/webp"}],"twitter_card":"summary_large_image","twitter_misc":{"Ber\u00e4knad l\u00e4stid":"1 minut"},"schema":{"@context":"https:\/\/schema.org","@graph":[{"@type":"WebPage","@id":"https:\/\/floratiara.com\/p\/elegant-wedding-floral-headpiece-5\/","url":"https:\/\/floratiara.com\/p\/elegant-wedding-floral-headpiece-5\/","name":"Elegant huvudbonad med blomsterkrona och pionros - Flora Tiara","isPartOf":{"@id":"https:\/\/floratiara.com\/#website"},"primaryImageOfPage":{"@id":"https:\/\/floratiara.com\/p\/elegant-wedding-floral-headpiece-5\/#primaryimage"},"image":{"@id":"https:\/\/floratiara.com\/p\/elegant-wedding-floral-headpiece-5\/#primaryimage"},"thumbnailUrl":"https:\/\/floratiara.com\/wp-content\/uploads\/2024\/03\/Had76c73ff50f4a1baac5489fc9364dd8C-1.webp","datePublished":"2024-03-16T06:51:04+00:00","dateModified":"2024-12-12T01:49:10+00:00","description":"Unik och vacker: Handla v\u00e5r eleganta brudblomma krona pion ros huvudbonad. Premium h\u00f6gkvalitativ huvudbonad f\u00f6r att g\u00f6ra tillf\u00e4llet of\u00f6rgl\u00f6mligt.","breadcrumb":{"@id":"https:\/\/floratiara.com\/p\/elegant-wedding-floral-headpiece-5\/#breadcrumb"},"inLanguage":"sv-SE","potentialAction":[{"@type":"ReadAction","target":["https:\/\/floratiara.com\/p\/elegant-wedding-floral-headpiece-5\/"]}]},{"@type":"ImageObject","inLanguage":"sv-SE","@id":"https:\/\/floratiara.com\/p\/elegant-wedding-floral-headpiece-5\/#primaryimage","url":"https:\/\/floratiara.com\/wp-content\/uploads\/2024\/03\/Had76c73ff50f4a1baac5489fc9364dd8C-1.webp","contentUrl":"https:\/\/floratiara.com\/wp-content\/uploads\/2024\/03\/Had76c73ff50f4a1baac5489fc9364dd8C-1.webp","width":1500,"height":1500},{"@type":"BreadcrumbList","@id":"https:\/\/floratiara.com\/p\/elegant-wedding-floral-headpiece-5\/#breadcrumb","itemListElement":[{"@type":"ListItem","position":1,"name":"Home","item":"https:\/\/floratiara.com\/"},{"@type":"ListItem","position":2,"name":"Shop","item":"https:\/\/floratiara.com\/shop\/"},{"@type":"ListItem","position":3,"name":"Elegant Bridal Flower Crown Peony Rose Headdress"}]},{"@type":"WebSite","@id":"https:\/\/floratiara.com\/#website","url":"https:\/\/floratiara.com\/","name":"Flora Tiara","description":"","publisher":{"@id":"https:\/\/floratiara.com\/#organization"},"potentialAction":[{"@type":"SearchAction","target":{"@type":"EntryPoint","urlTemplate":"https:\/\/floratiara.com\/?s={search_term_string}"},"query-input":{"@type":"PropertyValueSpecification","valueRequired":true,"valueName":"search_term_string"}}],"inLanguage":"sv-SE"},{"@type":"Organization","@id":"https:\/\/floratiara.com\/#organization","name":"Flora Tiara","url":"https:\/\/floratiara.com\/","logo":{"@type":"ImageObject","inLanguage":"sv-SE","@id":"https:\/\/floratiara.com\/#\/schema\/logo\/image\/","url":"https:\/\/floratiara.com\/wp-content\/uploads\/2024\/03\/flora-tiara-logo.png","contentUrl":"https:\/\/floratiara.com\/wp-content\/uploads\/2024\/03\/flora-tiara-logo.png","width":1024,"height":274,"caption":"Flora Tiara"},"image":{"@id":"https:\/\/floratiara.com\/#\/schema\/logo\/image\/"}}]}},"_links":{"self":[{"href":"https:\/\/floratiara.com\/sv\/wp-json\/wp\/v2\/product\/109","targetHints":{"allow":["GET"]}}],"collection":[{"href":"https:\/\/floratiara.com\/sv\/wp-json\/wp\/v2\/product"}],"about":[{"href":"https:\/\/floratiara.com\/sv\/wp-json\/wp\/v2\/types\/product"}],"wp:featuredmedia":[{"embeddable":true,"href":"https:\/\/floratiara.com\/sv\/wp-json\/wp\/v2\/media\/108"}],"wp:attachment":[{"href":"https:\/\/floratiara.com\/sv\/wp-json\/wp\/v2\/media?parent=109"}],"wp:term":[{"taxonomy":"product_brand","embeddable":true,"href":"https:\/\/floratiara.com\/sv\/wp-json\/wp\/v2\/product_brand?post=109"},{"taxonomy":"product_cat","embeddable":true,"href":"https:\/\/floratiara.com\/sv\/wp-json\/wp\/v2\/product_cat?post=109"},{"taxonomy":"product_tag","embeddable":true,"href":"https:\/\/floratiara.com\/sv\/wp-json\/wp\/v2\/product_tag?post=109"}],"curies":[{"name":"wp","href":"https:\/\/api.w.org\/{rel}","templated":true}]}}