{"id":375,"date":"2024-03-16T09:42:06","date_gmt":"2024-03-16T09:42:06","guid":{"rendered":"https:\/\/floratiara.com\/?post_type=product&#038;p=375"},"modified":"2024-12-12T01:44:41","modified_gmt":"2024-12-12T01:44:41","slug":"blommig-harkrans-for-brollop-tiara","status":"publish","type":"product","link":"https:\/\/floratiara.com\/sv\/p\/blommig-harkrans-for-brollop-tiara\/","title":{"rendered":"F\u00f6rtrollande huvudbonad med ros och blomma"},"content":{"rendered":"<p>Uppt\u00e4ck toppen av blomsterelegans med v\u00e5r uts\u00f6kta Bridal Rose Flower Crown. Denna handgjorda huvudbonad, med en romantisk blandning av vinr\u00f6da och vita rosor, klematisblommor och nyckfulla b\u00e4r, \u00e4r det ultimata uttrycket f\u00f6r br\u00f6llopets n\u00e5d. Den justerbara designen g\u00f6r att den passar perfekt f\u00f6r alla vuxna och barn, och erbjuder m\u00e5ngsidighet och komfort. Denna lyxiga krona \u00e4r idealisk f\u00f6r br\u00f6llop, fester och speciella evenemang och f\u00f6rvandlar din stil till en fantastisk vision av botanisk sk\u00f6nhet. Lyft din kl\u00e4dsel med denna fantastiska accessoar och g\u00f6r ditt \u00f6gonblick of\u00f6rgl\u00f6mligt.<\/p><p>Sammans\u00e4ttning: vinr\u00f6da rosor, vita rosor, vita klematis, ljusrosa b\u00e4r, vita knoppar, gr\u00f6na blad.<\/p>","protected":false},"excerpt":{"rendered":"<div style=\"width: 90%;text-align: left;margin: auto\"><p style=\"text-align:center\"><b>\ud83d\udc51 Fr\u00e5n v\u00e5ra h\u00e4nder till ditt huvud<\/b><br \/><i>Lyxiga blomsterkronor f\u00f6r alla tillf\u00e4llen<\/i><\/p><ul><li>\u2702\ufe0f Tillverkad med omsorg i hj\u00e4rtat av <b>Sverige<\/b><\/li><li><b>\ud83d\udc90 Sammans\u00e4ttning: vinr\u00f6da rosor, vita rosor, vit klematis, ljusrosa b\u00e4r, vita knoppar, gr\u00f6na blad.<\/b><\/li><\/ul><\/div>","protected":false},"featured_media":373,"template":"","meta":[],"product_brand":[],"product_cat":[61,79,77,59],"product_tag":[],"class_list":{"0":"post-375","1":"product","2":"type-product","3":"status-publish","4":"has-post-thumbnail","6":"product_cat-bridesmaid-floral-headpiece","7":"product_cat-real-floral-headpiece","8":"product_cat-red-floral-headpiece","9":"product_cat-bridal-floral-headpiece","11":"first","12":"instock","13":"shipping-taxable","14":"purchasable","15":"product-type-simple"},"yoast_head":"<!-- This site is optimized with the Yoast SEO plugin v25.9 - https:\/\/yoast.com\/wordpress\/plugins\/seo\/ -->\n<title>Enchanting Bridal Rose Flower Crown Headpiece - Flora Tiara<\/title>\n<meta name=\"description\" content=\"Unique and beautiful: Shop our Enchanting Bridal Rose Flower Crown Headpiece. Premium high quality headpiece to make the occasion unforgettable.\" \/>\n<meta name=\"robots\" content=\"index, follow, max-snippet:-1, max-image-preview:large, max-video-preview:-1\" \/>\n<link rel=\"canonical\" href=\"https:\/\/floratiara.com\/sv\/p\/blommig-harkrans-for-brollop-tiara\/\" \/>\n<meta property=\"og:locale\" content=\"sv_SE\" \/>\n<meta property=\"og:type\" content=\"article\" \/>\n<meta property=\"og:title\" content=\"Enchanting Bridal Rose Flower Crown Headpiece - Flora Tiara\" \/>\n<meta property=\"og:description\" content=\"Unique and beautiful: Shop our Enchanting Bridal Rose Flower Crown Headpiece. Premium high quality headpiece to make the occasion unforgettable.\" \/>\n<meta property=\"og:url\" content=\"https:\/\/floratiara.com\/sv\/p\/blommig-harkrans-for-brollop-tiara\/\" \/>\n<meta property=\"og:site_name\" content=\"Flora Tiara\" \/>\n<meta property=\"article:modified_time\" content=\"2024-12-12T01:44:41+00:00\" \/>\n<meta property=\"og:image\" content=\"https:\/\/floratiara.com\/wp-content\/uploads\/2024\/03\/H6142e1049a974740a118fac78689a834x.webp\" \/>\n\t<meta property=\"og:image:width\" content=\"1500\" \/>\n\t<meta property=\"og:image:height\" content=\"1500\" \/>\n\t<meta property=\"og:image:type\" content=\"image\/webp\" \/>\n<meta name=\"twitter:card\" content=\"summary_large_image\" \/>\n<meta name=\"twitter:label1\" content=\"Ber\u00e4knad l\u00e4stid\" \/>\n\t<meta name=\"twitter:data1\" content=\"8 minuter\" \/>\n<script type=\"application\/ld+json\" class=\"yoast-schema-graph\">{\"@context\":\"https:\/\/schema.org\",\"@graph\":[{\"@type\":\"WebPage\",\"@id\":\"https:\/\/floratiara.com\/p\/floral-wedding-hair-garland-tiara\/\",\"url\":\"https:\/\/floratiara.com\/p\/floral-wedding-hair-garland-tiara\/\",\"name\":\"Enchanting Bridal Rose Flower Crown Headpiece - Flora Tiara\",\"isPartOf\":{\"@id\":\"https:\/\/floratiara.com\/#website\"},\"primaryImageOfPage\":{\"@id\":\"https:\/\/floratiara.com\/p\/floral-wedding-hair-garland-tiara\/#primaryimage\"},\"image\":{\"@id\":\"https:\/\/floratiara.com\/p\/floral-wedding-hair-garland-tiara\/#primaryimage\"},\"thumbnailUrl\":\"https:\/\/floratiara.com\/wp-content\/uploads\/2024\/03\/H6142e1049a974740a118fac78689a834x.webp\",\"datePublished\":\"2024-03-16T09:42:06+00:00\",\"dateModified\":\"2024-12-12T01:44:41+00:00\",\"description\":\"Unique and beautiful: Shop our Enchanting Bridal Rose Flower Crown Headpiece. Premium high quality headpiece to make the occasion unforgettable.\",\"breadcrumb\":{\"@id\":\"https:\/\/floratiara.com\/p\/floral-wedding-hair-garland-tiara\/#breadcrumb\"},\"inLanguage\":\"sv-SE\",\"potentialAction\":[{\"@type\":\"ReadAction\",\"target\":[\"https:\/\/floratiara.com\/p\/floral-wedding-hair-garland-tiara\/\"]}]},{\"@type\":\"ImageObject\",\"inLanguage\":\"sv-SE\",\"@id\":\"https:\/\/floratiara.com\/p\/floral-wedding-hair-garland-tiara\/#primaryimage\",\"url\":\"https:\/\/floratiara.com\/wp-content\/uploads\/2024\/03\/H6142e1049a974740a118fac78689a834x.webp\",\"contentUrl\":\"https:\/\/floratiara.com\/wp-content\/uploads\/2024\/03\/H6142e1049a974740a118fac78689a834x.webp\",\"width\":1500,\"height\":1500},{\"@type\":\"BreadcrumbList\",\"@id\":\"https:\/\/floratiara.com\/p\/floral-wedding-hair-garland-tiara\/#breadcrumb\",\"itemListElement\":[{\"@type\":\"ListItem\",\"position\":1,\"name\":\"Home\",\"item\":\"https:\/\/floratiara.com\/\"},{\"@type\":\"ListItem\",\"position\":2,\"name\":\"Shop\",\"item\":\"https:\/\/floratiara.com\/shop\/\"},{\"@type\":\"ListItem\",\"position\":3,\"name\":\"Enchanting Bridal Rose Flower Crown Headpiece\"}]},{\"@type\":\"WebSite\",\"@id\":\"https:\/\/floratiara.com\/#website\",\"url\":\"https:\/\/floratiara.com\/\",\"name\":\"Flora Tiara\",\"description\":\"\",\"publisher\":{\"@id\":\"https:\/\/floratiara.com\/#organization\"},\"potentialAction\":[{\"@type\":\"SearchAction\",\"target\":{\"@type\":\"EntryPoint\",\"urlTemplate\":\"https:\/\/floratiara.com\/?s={search_term_string}\"},\"query-input\":{\"@type\":\"PropertyValueSpecification\",\"valueRequired\":true,\"valueName\":\"search_term_string\"}}],\"inLanguage\":\"sv-SE\"},{\"@type\":\"Organization\",\"@id\":\"https:\/\/floratiara.com\/#organization\",\"name\":\"Flora Tiara\",\"url\":\"https:\/\/floratiara.com\/\",\"logo\":{\"@type\":\"ImageObject\",\"inLanguage\":\"sv-SE\",\"@id\":\"https:\/\/floratiara.com\/#\/schema\/logo\/image\/\",\"url\":\"https:\/\/floratiara.com\/wp-content\/uploads\/2024\/03\/flora-tiara-logo.png\",\"contentUrl\":\"https:\/\/floratiara.com\/wp-content\/uploads\/2024\/03\/flora-tiara-logo.png\",\"width\":1024,\"height\":274,\"caption\":\"Flora Tiara\"},\"image\":{\"@id\":\"https:\/\/floratiara.com\/#\/schema\/logo\/image\/\"}}]}<\/script>\n<!-- \/ Yoast SEO plugin. -->","yoast_head_json":{"title":"F\u00f6rtrollande huvudbonad med ros och blomma - Flora Tiara","description":"Unik och vacker: Handla v\u00e5r f\u00f6rtrollande Bridal Rose Flower Crown Headpiece. Premium h\u00f6gkvalitativ huvudbonad f\u00f6r att g\u00f6ra tillf\u00e4llet of\u00f6rgl\u00f6mligt.","robots":{"index":"index","follow":"follow","max-snippet":"max-snippet:-1","max-image-preview":"max-image-preview:large","max-video-preview":"max-video-preview:-1"},"canonical":"https:\/\/floratiara.com\/sv\/p\/blommig-harkrans-for-brollop-tiara\/","og_locale":"sv_SE","og_type":"article","og_title":"Enchanting Bridal Rose Flower Crown Headpiece - Flora Tiara","og_description":"Unique and beautiful: Shop our Enchanting Bridal Rose Flower Crown Headpiece. Premium high quality headpiece to make the occasion unforgettable.","og_url":"https:\/\/floratiara.com\/sv\/p\/blommig-harkrans-for-brollop-tiara\/","og_site_name":"Flora Tiara","article_modified_time":"2024-12-12T01:44:41+00:00","og_image":[{"width":1500,"height":1500,"url":"https:\/\/floratiara.com\/wp-content\/uploads\/2024\/03\/H6142e1049a974740a118fac78689a834x.webp","type":"image\/webp"}],"twitter_card":"summary_large_image","twitter_misc":{"Ber\u00e4knad l\u00e4stid":"8 minuter"},"schema":{"@context":"https:\/\/schema.org","@graph":[{"@type":"WebPage","@id":"https:\/\/floratiara.com\/p\/floral-wedding-hair-garland-tiara\/","url":"https:\/\/floratiara.com\/p\/floral-wedding-hair-garland-tiara\/","name":"F\u00f6rtrollande huvudbonad med ros och blomma - Flora Tiara","isPartOf":{"@id":"https:\/\/floratiara.com\/#website"},"primaryImageOfPage":{"@id":"https:\/\/floratiara.com\/p\/floral-wedding-hair-garland-tiara\/#primaryimage"},"image":{"@id":"https:\/\/floratiara.com\/p\/floral-wedding-hair-garland-tiara\/#primaryimage"},"thumbnailUrl":"https:\/\/floratiara.com\/wp-content\/uploads\/2024\/03\/H6142e1049a974740a118fac78689a834x.webp","datePublished":"2024-03-16T09:42:06+00:00","dateModified":"2024-12-12T01:44:41+00:00","description":"Unik och vacker: Handla v\u00e5r f\u00f6rtrollande Bridal Rose Flower Crown Headpiece. Premium h\u00f6gkvalitativ huvudbonad f\u00f6r att g\u00f6ra tillf\u00e4llet of\u00f6rgl\u00f6mligt.","breadcrumb":{"@id":"https:\/\/floratiara.com\/p\/floral-wedding-hair-garland-tiara\/#breadcrumb"},"inLanguage":"sv-SE","potentialAction":[{"@type":"ReadAction","target":["https:\/\/floratiara.com\/p\/floral-wedding-hair-garland-tiara\/"]}]},{"@type":"ImageObject","inLanguage":"sv-SE","@id":"https:\/\/floratiara.com\/p\/floral-wedding-hair-garland-tiara\/#primaryimage","url":"https:\/\/floratiara.com\/wp-content\/uploads\/2024\/03\/H6142e1049a974740a118fac78689a834x.webp","contentUrl":"https:\/\/floratiara.com\/wp-content\/uploads\/2024\/03\/H6142e1049a974740a118fac78689a834x.webp","width":1500,"height":1500},{"@type":"BreadcrumbList","@id":"https:\/\/floratiara.com\/p\/floral-wedding-hair-garland-tiara\/#breadcrumb","itemListElement":[{"@type":"ListItem","position":1,"name":"Home","item":"https:\/\/floratiara.com\/"},{"@type":"ListItem","position":2,"name":"Shop","item":"https:\/\/floratiara.com\/shop\/"},{"@type":"ListItem","position":3,"name":"Enchanting Bridal Rose Flower Crown Headpiece"}]},{"@type":"WebSite","@id":"https:\/\/floratiara.com\/#website","url":"https:\/\/floratiara.com\/","name":"Flora Tiara","description":"","publisher":{"@id":"https:\/\/floratiara.com\/#organization"},"potentialAction":[{"@type":"SearchAction","target":{"@type":"EntryPoint","urlTemplate":"https:\/\/floratiara.com\/?s={search_term_string}"},"query-input":{"@type":"PropertyValueSpecification","valueRequired":true,"valueName":"search_term_string"}}],"inLanguage":"sv-SE"},{"@type":"Organization","@id":"https:\/\/floratiara.com\/#organization","name":"Flora Tiara","url":"https:\/\/floratiara.com\/","logo":{"@type":"ImageObject","inLanguage":"sv-SE","@id":"https:\/\/floratiara.com\/#\/schema\/logo\/image\/","url":"https:\/\/floratiara.com\/wp-content\/uploads\/2024\/03\/flora-tiara-logo.png","contentUrl":"https:\/\/floratiara.com\/wp-content\/uploads\/2024\/03\/flora-tiara-logo.png","width":1024,"height":274,"caption":"Flora Tiara"},"image":{"@id":"https:\/\/floratiara.com\/#\/schema\/logo\/image\/"}}]}},"_links":{"self":[{"href":"https:\/\/floratiara.com\/sv\/wp-json\/wp\/v2\/product\/375","targetHints":{"allow":["GET"]}}],"collection":[{"href":"https:\/\/floratiara.com\/sv\/wp-json\/wp\/v2\/product"}],"about":[{"href":"https:\/\/floratiara.com\/sv\/wp-json\/wp\/v2\/types\/product"}],"wp:featuredmedia":[{"embeddable":true,"href":"https:\/\/floratiara.com\/sv\/wp-json\/wp\/v2\/media\/373"}],"wp:attachment":[{"href":"https:\/\/floratiara.com\/sv\/wp-json\/wp\/v2\/media?parent=375"}],"wp:term":[{"taxonomy":"product_brand","embeddable":true,"href":"https:\/\/floratiara.com\/sv\/wp-json\/wp\/v2\/product_brand?post=375"},{"taxonomy":"product_cat","embeddable":true,"href":"https:\/\/floratiara.com\/sv\/wp-json\/wp\/v2\/product_cat?post=375"},{"taxonomy":"product_tag","embeddable":true,"href":"https:\/\/floratiara.com\/sv\/wp-json\/wp\/v2\/product_tag?post=375"}],"curies":[{"name":"wp","href":"https:\/\/api.w.org\/{rel}","templated":true}]}}