{"id":384,"date":"2024-03-16T09:42:18","date_gmt":"2024-03-16T09:42:18","guid":{"rendered":"https:\/\/floratiara.com\/?post_type=product&#038;p=384"},"modified":"2024-12-12T01:44:33","modified_gmt":"2024-12-12T01:44:33","slug":"blommig-harkrans-for-brud","status":"publish","type":"product","link":"https:\/\/floratiara.com\/sv\/p\/blommig-harkrans-for-brud\/","title":{"rendered":"F\u00f6rtrollad \u00e4ng Vit tusensk\u00f6na Blomkrona"},"content":{"rendered":"<p>F\u00f6rh\u00f6j elegansen p\u00e5 din br\u00f6llopsdag med v\u00e5r Enchanted Meadow White Daisy Flower Crown. F\u00f6rdjupa dig i naturens sk\u00f6nhet n\u00e4r detta uts\u00f6kta smycke v\u00e4ver en ber\u00e4ttelse om renhet och frid genom sina mjuka vita pr\u00e4stkragar, mjuka baby's breath och frodiga gr\u00f6na eukalyptus. Denna krona \u00e4r utformad f\u00f6r att framh\u00e4va alla frisyrer med sin m\u00e5ngsidiga charm och ger dina speciella tillf\u00e4llen v\u00e5rens fr\u00e4sch\u00f6r. Den \u00e4r perfekt f\u00f6r b\u00e5de brudar och deltagare och \u00e4r en f\u00f6rtrollande accessoar som lovar att f\u00f6rvandla din look till en vision av tidl\u00f6s elegans. L\u00e5t din inre utstr\u00e5lning blomma med denna f\u00f6rtrollande blomsterprydnad.<\/p><p>Sammans\u00e4ttning: vita pr\u00e4stkragar, baby's breath, gr\u00f6na eukalyptusblad och sm\u00e5 gr\u00f6na utfyllnadsblommor.<\/p>","protected":false},"excerpt":{"rendered":"<div style=\"width: 90%;text-align: left;margin: auto\"><p style=\"text-align:center\"><b>\ud83d\udc51 Fr\u00e5n v\u00e5ra h\u00e4nder till ditt huvud<\/b><br \/><i>Lyxiga blomsterkronor f\u00f6r alla tillf\u00e4llen<\/i><\/p><ul><li>\u2702\ufe0f Tillverkad med omsorg i hj\u00e4rtat av <b>Sverige<\/b><\/li><li><b>\ud83d\udc90 Sammans\u00e4ttning: vita pr\u00e4stkragar, baby's breath, gr\u00f6na eukalyptusblad och sm\u00e5 gr\u00f6na utfyllnadsblommor.<\/b><\/li><\/ul><\/div>","protected":false},"featured_media":383,"template":"","meta":[],"product_brand":[],"product_cat":[61,69,62,60,59,71],"product_tag":[],"class_list":{"0":"post-384","1":"product","2":"type-product","3":"status-publish","4":"has-post-thumbnail","6":"product_cat-bridesmaid-floral-headpiece","7":"product_cat-daisy-floral-headpiece","8":"product_cat-communion-floral-headpiece","9":"product_cat-floral-headpiece-flower-girl","10":"product_cat-bridal-floral-headpiece","11":"product_cat-white-floral-headpiece","13":"first","14":"instock","15":"shipping-taxable","16":"purchasable","17":"product-type-simple"},"yoast_head":"<!-- This site is optimized with the Yoast SEO plugin v25.9 - https:\/\/yoast.com\/wordpress\/plugins\/seo\/ -->\n<title>Enchanted Meadow White Daisy Flower Crown - Flora Tiara<\/title>\n<meta name=\"description\" content=\"Unique and beautiful: Shop our Enchanted Meadow White Daisy Flower Crown. Premium high quality headpiece to make the occasion unforgettable.\" \/>\n<meta name=\"robots\" content=\"index, follow, max-snippet:-1, max-image-preview:large, max-video-preview:-1\" \/>\n<link rel=\"canonical\" href=\"https:\/\/floratiara.com\/sv\/p\/blommig-harkrans-for-brud\/\" \/>\n<meta property=\"og:locale\" content=\"sv_SE\" \/>\n<meta property=\"og:type\" content=\"article\" \/>\n<meta property=\"og:title\" content=\"Enchanted Meadow White Daisy Flower Crown - Flora Tiara\" \/>\n<meta property=\"og:description\" content=\"Unique and beautiful: Shop our Enchanted Meadow White Daisy Flower Crown. Premium high quality headpiece to make the occasion unforgettable.\" \/>\n<meta property=\"og:url\" content=\"https:\/\/floratiara.com\/sv\/p\/blommig-harkrans-for-brud\/\" \/>\n<meta property=\"og:site_name\" content=\"Flora Tiara\" \/>\n<meta property=\"article:modified_time\" content=\"2024-12-12T01:44:33+00:00\" \/>\n<meta property=\"og:image\" content=\"https:\/\/floratiara.com\/wp-content\/uploads\/2024\/03\/H22b30e81cd634e07a7f9d70d13dcf596h.webp\" \/>\n\t<meta property=\"og:image:width\" content=\"1000\" \/>\n\t<meta property=\"og:image:height\" content=\"1000\" \/>\n\t<meta property=\"og:image:type\" content=\"image\/webp\" \/>\n<meta name=\"twitter:card\" content=\"summary_large_image\" \/>\n<meta name=\"twitter:label1\" content=\"Ber\u00e4knad l\u00e4stid\" \/>\n\t<meta name=\"twitter:data1\" content=\"3 minuter\" \/>\n<script type=\"application\/ld+json\" class=\"yoast-schema-graph\">{\"@context\":\"https:\/\/schema.org\",\"@graph\":[{\"@type\":\"WebPage\",\"@id\":\"https:\/\/floratiara.com\/p\/bridal-floral-hair-garland\/\",\"url\":\"https:\/\/floratiara.com\/p\/bridal-floral-hair-garland\/\",\"name\":\"Enchanted Meadow White Daisy Flower Crown - Flora Tiara\",\"isPartOf\":{\"@id\":\"https:\/\/floratiara.com\/#website\"},\"primaryImageOfPage\":{\"@id\":\"https:\/\/floratiara.com\/p\/bridal-floral-hair-garland\/#primaryimage\"},\"image\":{\"@id\":\"https:\/\/floratiara.com\/p\/bridal-floral-hair-garland\/#primaryimage\"},\"thumbnailUrl\":\"https:\/\/floratiara.com\/wp-content\/uploads\/2024\/03\/H22b30e81cd634e07a7f9d70d13dcf596h.webp\",\"datePublished\":\"2024-03-16T09:42:18+00:00\",\"dateModified\":\"2024-12-12T01:44:33+00:00\",\"description\":\"Unique and beautiful: Shop our Enchanted Meadow White Daisy Flower Crown. Premium high quality headpiece to make the occasion unforgettable.\",\"breadcrumb\":{\"@id\":\"https:\/\/floratiara.com\/p\/bridal-floral-hair-garland\/#breadcrumb\"},\"inLanguage\":\"sv-SE\",\"potentialAction\":[{\"@type\":\"ReadAction\",\"target\":[\"https:\/\/floratiara.com\/p\/bridal-floral-hair-garland\/\"]}]},{\"@type\":\"ImageObject\",\"inLanguage\":\"sv-SE\",\"@id\":\"https:\/\/floratiara.com\/p\/bridal-floral-hair-garland\/#primaryimage\",\"url\":\"https:\/\/floratiara.com\/wp-content\/uploads\/2024\/03\/H22b30e81cd634e07a7f9d70d13dcf596h.webp\",\"contentUrl\":\"https:\/\/floratiara.com\/wp-content\/uploads\/2024\/03\/H22b30e81cd634e07a7f9d70d13dcf596h.webp\",\"width\":1000,\"height\":1000},{\"@type\":\"BreadcrumbList\",\"@id\":\"https:\/\/floratiara.com\/p\/bridal-floral-hair-garland\/#breadcrumb\",\"itemListElement\":[{\"@type\":\"ListItem\",\"position\":1,\"name\":\"Home\",\"item\":\"https:\/\/floratiara.com\/\"},{\"@type\":\"ListItem\",\"position\":2,\"name\":\"Shop\",\"item\":\"https:\/\/floratiara.com\/shop\/\"},{\"@type\":\"ListItem\",\"position\":3,\"name\":\"Enchanted Meadow White Daisy Flower Crown\"}]},{\"@type\":\"WebSite\",\"@id\":\"https:\/\/floratiara.com\/#website\",\"url\":\"https:\/\/floratiara.com\/\",\"name\":\"Flora Tiara\",\"description\":\"\",\"publisher\":{\"@id\":\"https:\/\/floratiara.com\/#organization\"},\"potentialAction\":[{\"@type\":\"SearchAction\",\"target\":{\"@type\":\"EntryPoint\",\"urlTemplate\":\"https:\/\/floratiara.com\/?s={search_term_string}\"},\"query-input\":{\"@type\":\"PropertyValueSpecification\",\"valueRequired\":true,\"valueName\":\"search_term_string\"}}],\"inLanguage\":\"sv-SE\"},{\"@type\":\"Organization\",\"@id\":\"https:\/\/floratiara.com\/#organization\",\"name\":\"Flora Tiara\",\"url\":\"https:\/\/floratiara.com\/\",\"logo\":{\"@type\":\"ImageObject\",\"inLanguage\":\"sv-SE\",\"@id\":\"https:\/\/floratiara.com\/#\/schema\/logo\/image\/\",\"url\":\"https:\/\/floratiara.com\/wp-content\/uploads\/2024\/03\/flora-tiara-logo.png\",\"contentUrl\":\"https:\/\/floratiara.com\/wp-content\/uploads\/2024\/03\/flora-tiara-logo.png\",\"width\":1024,\"height\":274,\"caption\":\"Flora Tiara\"},\"image\":{\"@id\":\"https:\/\/floratiara.com\/#\/schema\/logo\/image\/\"}}]}<\/script>\n<!-- \/ Yoast SEO plugin. -->","yoast_head_json":{"title":"F\u00f6rtrollad \u00e4ng vit tusensk\u00f6na blomkrona - Flora Tiara","description":"Unik och vacker: Handla v\u00e5r Enchanted Meadow White Daisy Flower Crown. Premium h\u00f6gkvalitativ huvudbonad f\u00f6r att g\u00f6ra tillf\u00e4llet of\u00f6rgl\u00f6mligt.","robots":{"index":"index","follow":"follow","max-snippet":"max-snippet:-1","max-image-preview":"max-image-preview:large","max-video-preview":"max-video-preview:-1"},"canonical":"https:\/\/floratiara.com\/sv\/p\/blommig-harkrans-for-brud\/","og_locale":"sv_SE","og_type":"article","og_title":"Enchanted Meadow White Daisy Flower Crown - Flora Tiara","og_description":"Unique and beautiful: Shop our Enchanted Meadow White Daisy Flower Crown. Premium high quality headpiece to make the occasion unforgettable.","og_url":"https:\/\/floratiara.com\/sv\/p\/blommig-harkrans-for-brud\/","og_site_name":"Flora Tiara","article_modified_time":"2024-12-12T01:44:33+00:00","og_image":[{"width":1000,"height":1000,"url":"https:\/\/floratiara.com\/wp-content\/uploads\/2024\/03\/H22b30e81cd634e07a7f9d70d13dcf596h.webp","type":"image\/webp"}],"twitter_card":"summary_large_image","twitter_misc":{"Ber\u00e4knad l\u00e4stid":"3 minuter"},"schema":{"@context":"https:\/\/schema.org","@graph":[{"@type":"WebPage","@id":"https:\/\/floratiara.com\/p\/bridal-floral-hair-garland\/","url":"https:\/\/floratiara.com\/p\/bridal-floral-hair-garland\/","name":"F\u00f6rtrollad \u00e4ng vit tusensk\u00f6na blomkrona - Flora Tiara","isPartOf":{"@id":"https:\/\/floratiara.com\/#website"},"primaryImageOfPage":{"@id":"https:\/\/floratiara.com\/p\/bridal-floral-hair-garland\/#primaryimage"},"image":{"@id":"https:\/\/floratiara.com\/p\/bridal-floral-hair-garland\/#primaryimage"},"thumbnailUrl":"https:\/\/floratiara.com\/wp-content\/uploads\/2024\/03\/H22b30e81cd634e07a7f9d70d13dcf596h.webp","datePublished":"2024-03-16T09:42:18+00:00","dateModified":"2024-12-12T01:44:33+00:00","description":"Unik och vacker: Handla v\u00e5r Enchanted Meadow White Daisy Flower Crown. Premium h\u00f6gkvalitativ huvudbonad f\u00f6r att g\u00f6ra tillf\u00e4llet of\u00f6rgl\u00f6mligt.","breadcrumb":{"@id":"https:\/\/floratiara.com\/p\/bridal-floral-hair-garland\/#breadcrumb"},"inLanguage":"sv-SE","potentialAction":[{"@type":"ReadAction","target":["https:\/\/floratiara.com\/p\/bridal-floral-hair-garland\/"]}]},{"@type":"ImageObject","inLanguage":"sv-SE","@id":"https:\/\/floratiara.com\/p\/bridal-floral-hair-garland\/#primaryimage","url":"https:\/\/floratiara.com\/wp-content\/uploads\/2024\/03\/H22b30e81cd634e07a7f9d70d13dcf596h.webp","contentUrl":"https:\/\/floratiara.com\/wp-content\/uploads\/2024\/03\/H22b30e81cd634e07a7f9d70d13dcf596h.webp","width":1000,"height":1000},{"@type":"BreadcrumbList","@id":"https:\/\/floratiara.com\/p\/bridal-floral-hair-garland\/#breadcrumb","itemListElement":[{"@type":"ListItem","position":1,"name":"Home","item":"https:\/\/floratiara.com\/"},{"@type":"ListItem","position":2,"name":"Shop","item":"https:\/\/floratiara.com\/shop\/"},{"@type":"ListItem","position":3,"name":"Enchanted Meadow White Daisy Flower Crown"}]},{"@type":"WebSite","@id":"https:\/\/floratiara.com\/#website","url":"https:\/\/floratiara.com\/","name":"Flora Tiara","description":"","publisher":{"@id":"https:\/\/floratiara.com\/#organization"},"potentialAction":[{"@type":"SearchAction","target":{"@type":"EntryPoint","urlTemplate":"https:\/\/floratiara.com\/?s={search_term_string}"},"query-input":{"@type":"PropertyValueSpecification","valueRequired":true,"valueName":"search_term_string"}}],"inLanguage":"sv-SE"},{"@type":"Organization","@id":"https:\/\/floratiara.com\/#organization","name":"Flora Tiara","url":"https:\/\/floratiara.com\/","logo":{"@type":"ImageObject","inLanguage":"sv-SE","@id":"https:\/\/floratiara.com\/#\/schema\/logo\/image\/","url":"https:\/\/floratiara.com\/wp-content\/uploads\/2024\/03\/flora-tiara-logo.png","contentUrl":"https:\/\/floratiara.com\/wp-content\/uploads\/2024\/03\/flora-tiara-logo.png","width":1024,"height":274,"caption":"Flora Tiara"},"image":{"@id":"https:\/\/floratiara.com\/#\/schema\/logo\/image\/"}}]}},"_links":{"self":[{"href":"https:\/\/floratiara.com\/sv\/wp-json\/wp\/v2\/product\/384","targetHints":{"allow":["GET"]}}],"collection":[{"href":"https:\/\/floratiara.com\/sv\/wp-json\/wp\/v2\/product"}],"about":[{"href":"https:\/\/floratiara.com\/sv\/wp-json\/wp\/v2\/types\/product"}],"wp:featuredmedia":[{"embeddable":true,"href":"https:\/\/floratiara.com\/sv\/wp-json\/wp\/v2\/media\/383"}],"wp:attachment":[{"href":"https:\/\/floratiara.com\/sv\/wp-json\/wp\/v2\/media?parent=384"}],"wp:term":[{"taxonomy":"product_brand","embeddable":true,"href":"https:\/\/floratiara.com\/sv\/wp-json\/wp\/v2\/product_brand?post=384"},{"taxonomy":"product_cat","embeddable":true,"href":"https:\/\/floratiara.com\/sv\/wp-json\/wp\/v2\/product_cat?post=384"},{"taxonomy":"product_tag","embeddable":true,"href":"https:\/\/floratiara.com\/sv\/wp-json\/wp\/v2\/product_tag?post=384"}],"curies":[{"name":"wp","href":"https:\/\/api.w.org\/{rel}","templated":true}]}}