{"id":422,"date":"2024-03-16T09:43:13","date_gmt":"2024-03-16T09:43:13","guid":{"rendered":"https:\/\/floratiara.com\/?post_type=product&#038;p=422"},"modified":"2024-12-12T01:43:47","modified_gmt":"2024-12-12T01:43:47","slug":"elegant-pannband-med-blommor-fran-seraphina","status":"publish","type":"product","link":"https:\/\/floratiara.com\/sv\/p\/elegant-pannband-med-blommor-fran-seraphina\/","title":{"rendered":"Seraphina blomsterkrona f\u00f6r bruden - festlig huvudbonad"},"content":{"rendered":"<p>Lyft stilen p\u00e5 ditt evenemang med v\u00e5r Seraphina Bridal Flower Crown, ett m\u00e4sterverk av elegans och naturlig charm. Denna handgjorda huvudbonad kombinerar vita anemoner, fresior och lejongap med frodiga gr\u00f6na hypericum-b\u00e4r och bladverk. Den \u00e4r perfekt f\u00f6r brudar, men \u00e4ven f\u00f6r tr\u00e4dg\u00e5rdsfester och soar\u00e9er, och ger en sofistikerad k\u00e4nsla till alla frisyrer. Med sin justerbara design passar den alla. B\u00e4r den f\u00f6rtrollande Seraphina Crown f\u00f6r en blommande botanisk elegans och g\u00f6r dina speciella stunder of\u00f6rgl\u00f6mliga.<\/p><p>Sammans\u00e4ttning: vita anemoner, vita freesior, gr\u00f6na hypericumb\u00e4r, vita lejongap och diverse gr\u00f6nt.<\/p>","protected":false},"excerpt":{"rendered":"<div style=\"width: 90%;text-align: left;margin: auto\"><p style=\"text-align:center\"><b>\ud83d\udc51 Fr\u00e5n v\u00e5ra h\u00e4nder till ditt huvud<\/b><br \/><i>Lyxiga blomsterkronor f\u00f6r alla tillf\u00e4llen<\/i><\/p><ul><li>\u2702\ufe0f Tillverkad med omsorg i hj\u00e4rtat av <b>Sverige<\/b><\/li><li><b>\ud83d\udc90 Sammans\u00e4ttning: vita anemoner, vita freesior, gr\u00f6na hypericumb\u00e4r, vita lejongap och diverse gr\u00f6nska.<\/b><\/li><\/ul><\/div>","protected":false},"featured_media":421,"template":"","meta":[],"product_brand":[],"product_cat":[62,60,59,71],"product_tag":[],"class_list":{"0":"post-422","1":"product","2":"type-product","3":"status-publish","4":"has-post-thumbnail","6":"product_cat-communion-floral-headpiece","7":"product_cat-floral-headpiece-flower-girl","8":"product_cat-bridal-floral-headpiece","9":"product_cat-white-floral-headpiece","11":"first","12":"instock","13":"shipping-taxable","14":"purchasable","15":"product-type-simple"},"yoast_head":"<!-- This site is optimized with the Yoast SEO plugin v25.9 - https:\/\/yoast.com\/wordpress\/plugins\/seo\/ -->\n<title>Seraphina Bridal Flower Crown - Festive Headwear - Flora Tiara<\/title>\n<meta name=\"description\" content=\"Unique and beautiful: Shop our Seraphina Bridal Flower Crown - Festive Headwear. Premium high quality headpiece to make the occasion unforgettable.\" \/>\n<meta name=\"robots\" content=\"index, follow, max-snippet:-1, max-image-preview:large, max-video-preview:-1\" \/>\n<link rel=\"canonical\" href=\"https:\/\/floratiara.com\/sv\/p\/elegant-pannband-med-blommor-fran-seraphina\/\" \/>\n<meta property=\"og:locale\" content=\"sv_SE\" \/>\n<meta property=\"og:type\" content=\"article\" \/>\n<meta property=\"og:title\" content=\"Seraphina Bridal Flower Crown - Festive Headwear - Flora Tiara\" \/>\n<meta property=\"og:description\" content=\"Unique and beautiful: Shop our Seraphina Bridal Flower Crown - Festive Headwear. Premium high quality headpiece to make the occasion unforgettable.\" \/>\n<meta property=\"og:url\" content=\"https:\/\/floratiara.com\/sv\/p\/elegant-pannband-med-blommor-fran-seraphina\/\" \/>\n<meta property=\"og:site_name\" content=\"Flora Tiara\" \/>\n<meta property=\"article:modified_time\" content=\"2024-12-12T01:43:47+00:00\" \/>\n<meta property=\"og:image\" content=\"https:\/\/floratiara.com\/wp-content\/uploads\/2024\/03\/S9ce3d0c9ec5645a2982d0e1cff1053389.webp\" \/>\n\t<meta property=\"og:image:width\" content=\"1500\" \/>\n\t<meta property=\"og:image:height\" content=\"1500\" \/>\n\t<meta property=\"og:image:type\" content=\"image\/webp\" \/>\n<meta name=\"twitter:card\" content=\"summary_large_image\" \/>\n<meta name=\"twitter:label1\" content=\"Ber\u00e4knad l\u00e4stid\" \/>\n\t<meta name=\"twitter:data1\" content=\"5 minuter\" \/>\n<script type=\"application\/ld+json\" class=\"yoast-schema-graph\">{\"@context\":\"https:\/\/schema.org\",\"@graph\":[{\"@type\":\"WebPage\",\"@id\":\"https:\/\/floratiara.com\/p\/elegant-seraphina-floral-headband\/\",\"url\":\"https:\/\/floratiara.com\/p\/elegant-seraphina-floral-headband\/\",\"name\":\"Seraphina Bridal Flower Crown - Festive Headwear - Flora Tiara\",\"isPartOf\":{\"@id\":\"https:\/\/floratiara.com\/#website\"},\"primaryImageOfPage\":{\"@id\":\"https:\/\/floratiara.com\/p\/elegant-seraphina-floral-headband\/#primaryimage\"},\"image\":{\"@id\":\"https:\/\/floratiara.com\/p\/elegant-seraphina-floral-headband\/#primaryimage\"},\"thumbnailUrl\":\"https:\/\/floratiara.com\/wp-content\/uploads\/2024\/03\/S9ce3d0c9ec5645a2982d0e1cff1053389.webp\",\"datePublished\":\"2024-03-16T09:43:13+00:00\",\"dateModified\":\"2024-12-12T01:43:47+00:00\",\"description\":\"Unique and beautiful: Shop our Seraphina Bridal Flower Crown - Festive Headwear. Premium high quality headpiece to make the occasion unforgettable.\",\"breadcrumb\":{\"@id\":\"https:\/\/floratiara.com\/p\/elegant-seraphina-floral-headband\/#breadcrumb\"},\"inLanguage\":\"sv-SE\",\"potentialAction\":[{\"@type\":\"ReadAction\",\"target\":[\"https:\/\/floratiara.com\/p\/elegant-seraphina-floral-headband\/\"]}]},{\"@type\":\"ImageObject\",\"inLanguage\":\"sv-SE\",\"@id\":\"https:\/\/floratiara.com\/p\/elegant-seraphina-floral-headband\/#primaryimage\",\"url\":\"https:\/\/floratiara.com\/wp-content\/uploads\/2024\/03\/S9ce3d0c9ec5645a2982d0e1cff1053389.webp\",\"contentUrl\":\"https:\/\/floratiara.com\/wp-content\/uploads\/2024\/03\/S9ce3d0c9ec5645a2982d0e1cff1053389.webp\",\"width\":1500,\"height\":1500},{\"@type\":\"BreadcrumbList\",\"@id\":\"https:\/\/floratiara.com\/p\/elegant-seraphina-floral-headband\/#breadcrumb\",\"itemListElement\":[{\"@type\":\"ListItem\",\"position\":1,\"name\":\"Home\",\"item\":\"https:\/\/floratiara.com\/\"},{\"@type\":\"ListItem\",\"position\":2,\"name\":\"Shop\",\"item\":\"https:\/\/floratiara.com\/shop\/\"},{\"@type\":\"ListItem\",\"position\":3,\"name\":\"Seraphina Bridal Flower Crown &#8211; Festive Headwear\"}]},{\"@type\":\"WebSite\",\"@id\":\"https:\/\/floratiara.com\/#website\",\"url\":\"https:\/\/floratiara.com\/\",\"name\":\"Flora Tiara\",\"description\":\"\",\"publisher\":{\"@id\":\"https:\/\/floratiara.com\/#organization\"},\"potentialAction\":[{\"@type\":\"SearchAction\",\"target\":{\"@type\":\"EntryPoint\",\"urlTemplate\":\"https:\/\/floratiara.com\/?s={search_term_string}\"},\"query-input\":{\"@type\":\"PropertyValueSpecification\",\"valueRequired\":true,\"valueName\":\"search_term_string\"}}],\"inLanguage\":\"sv-SE\"},{\"@type\":\"Organization\",\"@id\":\"https:\/\/floratiara.com\/#organization\",\"name\":\"Flora Tiara\",\"url\":\"https:\/\/floratiara.com\/\",\"logo\":{\"@type\":\"ImageObject\",\"inLanguage\":\"sv-SE\",\"@id\":\"https:\/\/floratiara.com\/#\/schema\/logo\/image\/\",\"url\":\"https:\/\/floratiara.com\/wp-content\/uploads\/2024\/03\/flora-tiara-logo.png\",\"contentUrl\":\"https:\/\/floratiara.com\/wp-content\/uploads\/2024\/03\/flora-tiara-logo.png\",\"width\":1024,\"height\":274,\"caption\":\"Flora Tiara\"},\"image\":{\"@id\":\"https:\/\/floratiara.com\/#\/schema\/logo\/image\/\"}}]}<\/script>\n<!-- \/ Yoast SEO plugin. -->","yoast_head_json":{"title":"Seraphina blomsterkrona f\u00f6r bruden - festlig huvudbonad - Flora Tiara","description":"Unik och vacker: Handla v\u00e5r Seraphina Bridal Flower Crown - Festliga huvudbonader. H\u00f6gkvalitativ huvudbonad som g\u00f6r tillf\u00e4llet of\u00f6rgl\u00f6mligt.","robots":{"index":"index","follow":"follow","max-snippet":"max-snippet:-1","max-image-preview":"max-image-preview:large","max-video-preview":"max-video-preview:-1"},"canonical":"https:\/\/floratiara.com\/sv\/p\/elegant-pannband-med-blommor-fran-seraphina\/","og_locale":"sv_SE","og_type":"article","og_title":"Seraphina Bridal Flower Crown - Festive Headwear - Flora Tiara","og_description":"Unique and beautiful: Shop our Seraphina Bridal Flower Crown - Festive Headwear. Premium high quality headpiece to make the occasion unforgettable.","og_url":"https:\/\/floratiara.com\/sv\/p\/elegant-pannband-med-blommor-fran-seraphina\/","og_site_name":"Flora Tiara","article_modified_time":"2024-12-12T01:43:47+00:00","og_image":[{"width":1500,"height":1500,"url":"https:\/\/floratiara.com\/wp-content\/uploads\/2024\/03\/S9ce3d0c9ec5645a2982d0e1cff1053389.webp","type":"image\/webp"}],"twitter_card":"summary_large_image","twitter_misc":{"Ber\u00e4knad l\u00e4stid":"5 minuter"},"schema":{"@context":"https:\/\/schema.org","@graph":[{"@type":"WebPage","@id":"https:\/\/floratiara.com\/p\/elegant-seraphina-floral-headband\/","url":"https:\/\/floratiara.com\/p\/elegant-seraphina-floral-headband\/","name":"Seraphina blomsterkrona f\u00f6r bruden - festlig huvudbonad - Flora Tiara","isPartOf":{"@id":"https:\/\/floratiara.com\/#website"},"primaryImageOfPage":{"@id":"https:\/\/floratiara.com\/p\/elegant-seraphina-floral-headband\/#primaryimage"},"image":{"@id":"https:\/\/floratiara.com\/p\/elegant-seraphina-floral-headband\/#primaryimage"},"thumbnailUrl":"https:\/\/floratiara.com\/wp-content\/uploads\/2024\/03\/S9ce3d0c9ec5645a2982d0e1cff1053389.webp","datePublished":"2024-03-16T09:43:13+00:00","dateModified":"2024-12-12T01:43:47+00:00","description":"Unik och vacker: Handla v\u00e5r Seraphina Bridal Flower Crown - Festliga huvudbonader. H\u00f6gkvalitativ huvudbonad som g\u00f6r tillf\u00e4llet of\u00f6rgl\u00f6mligt.","breadcrumb":{"@id":"https:\/\/floratiara.com\/p\/elegant-seraphina-floral-headband\/#breadcrumb"},"inLanguage":"sv-SE","potentialAction":[{"@type":"ReadAction","target":["https:\/\/floratiara.com\/p\/elegant-seraphina-floral-headband\/"]}]},{"@type":"ImageObject","inLanguage":"sv-SE","@id":"https:\/\/floratiara.com\/p\/elegant-seraphina-floral-headband\/#primaryimage","url":"https:\/\/floratiara.com\/wp-content\/uploads\/2024\/03\/S9ce3d0c9ec5645a2982d0e1cff1053389.webp","contentUrl":"https:\/\/floratiara.com\/wp-content\/uploads\/2024\/03\/S9ce3d0c9ec5645a2982d0e1cff1053389.webp","width":1500,"height":1500},{"@type":"BreadcrumbList","@id":"https:\/\/floratiara.com\/p\/elegant-seraphina-floral-headband\/#breadcrumb","itemListElement":[{"@type":"ListItem","position":1,"name":"Home","item":"https:\/\/floratiara.com\/"},{"@type":"ListItem","position":2,"name":"Shop","item":"https:\/\/floratiara.com\/shop\/"},{"@type":"ListItem","position":3,"name":"Seraphina Bridal Flower Crown &#8211; Festive Headwear"}]},{"@type":"WebSite","@id":"https:\/\/floratiara.com\/#website","url":"https:\/\/floratiara.com\/","name":"Flora Tiara","description":"","publisher":{"@id":"https:\/\/floratiara.com\/#organization"},"potentialAction":[{"@type":"SearchAction","target":{"@type":"EntryPoint","urlTemplate":"https:\/\/floratiara.com\/?s={search_term_string}"},"query-input":{"@type":"PropertyValueSpecification","valueRequired":true,"valueName":"search_term_string"}}],"inLanguage":"sv-SE"},{"@type":"Organization","@id":"https:\/\/floratiara.com\/#organization","name":"Flora Tiara","url":"https:\/\/floratiara.com\/","logo":{"@type":"ImageObject","inLanguage":"sv-SE","@id":"https:\/\/floratiara.com\/#\/schema\/logo\/image\/","url":"https:\/\/floratiara.com\/wp-content\/uploads\/2024\/03\/flora-tiara-logo.png","contentUrl":"https:\/\/floratiara.com\/wp-content\/uploads\/2024\/03\/flora-tiara-logo.png","width":1024,"height":274,"caption":"Flora Tiara"},"image":{"@id":"https:\/\/floratiara.com\/#\/schema\/logo\/image\/"}}]}},"_links":{"self":[{"href":"https:\/\/floratiara.com\/sv\/wp-json\/wp\/v2\/product\/422","targetHints":{"allow":["GET"]}}],"collection":[{"href":"https:\/\/floratiara.com\/sv\/wp-json\/wp\/v2\/product"}],"about":[{"href":"https:\/\/floratiara.com\/sv\/wp-json\/wp\/v2\/types\/product"}],"wp:featuredmedia":[{"embeddable":true,"href":"https:\/\/floratiara.com\/sv\/wp-json\/wp\/v2\/media\/421"}],"wp:attachment":[{"href":"https:\/\/floratiara.com\/sv\/wp-json\/wp\/v2\/media?parent=422"}],"wp:term":[{"taxonomy":"product_brand","embeddable":true,"href":"https:\/\/floratiara.com\/sv\/wp-json\/wp\/v2\/product_brand?post=422"},{"taxonomy":"product_cat","embeddable":true,"href":"https:\/\/floratiara.com\/sv\/wp-json\/wp\/v2\/product_cat?post=422"},{"taxonomy":"product_tag","embeddable":true,"href":"https:\/\/floratiara.com\/sv\/wp-json\/wp\/v2\/product_tag?post=422"}],"curies":[{"name":"wp","href":"https:\/\/api.w.org\/{rel}","templated":true}]}}