{"id":619,"date":"2024-03-16T10:24:44","date_gmt":"2024-03-16T10:24:44","guid":{"rendered":"https:\/\/floratiara.com\/?post_type=product&#038;p=619"},"modified":"2025-07-22T03:50:46","modified_gmt":"2025-07-22T03:50:46","slug":"blommigt-harband-for-brollop-elegant-accessoar","status":"publish","type":"product","link":"https:\/\/floratiara.com\/sv\/p\/blommigt-harband-for-brollop-elegant-accessoar\/","title":{"rendered":"Brudblomma Krona Pion Hortensia L\u00f6vverk"},"content":{"rendered":"<p>F\u00f6rvandla din speciella dag med v\u00e5r f\u00e4ngslande Bridal Flower Crown, med or\u00f6rda konstgjorda pioner i vita och persikof\u00e4rgade nyanser, accentuerade med gr\u00f6na hortensiaknoppar och frodigt l\u00f6vverk. Denna elegant designade huvudbonad \u00e4r perfekt f\u00f6r br\u00f6llop och ger en sagolik touch till varje brudlook. De omsorgsfullt handgjorda kronbladen ser till att din krona beh\u00e5ller sin sk\u00f6nhet och ger en fr\u00e4sch look som varar. Oavsett om du stylar den med b\u00f6ljande lockar eller en elegant uppsatt frisyr \u00e4r denna blomsterkrona ett f\u00f6rtrollande val f\u00f6r att f\u00f6rb\u00e4ttra din ensemble och l\u00e4mna ett best\u00e5ende intryck p\u00e5 ditt betydelsefulla tillf\u00e4lle.<\/p><p>Sammans\u00e4ttning: vita och persikof\u00e4rgade konstgjorda pioner, gr\u00f6na hortensiaknoppar, gr\u00f6nt bladverk.<\/p>","protected":false},"excerpt":{"rendered":"<div style=\"width: 90%;text-align: left;margin: auto\"><p style=\"text-align:center\"><b>\ud83d\udc51 Fr\u00e5n v\u00e5ra h\u00e4nder till ditt huvud<\/b><br \/><i>Lyxiga blomsterkronor f\u00f6r alla tillf\u00e4llen<\/i><\/p><ul><li>\u2702\ufe0f Tillverkad med omsorg i hj\u00e4rtat av <b>Sverige<\/b><\/li><li><b>\ud83d\udc90 Sammans\u00e4ttning: vita och persikof\u00e4rgade konstgjorda pioner, gr\u00f6na hortensiaknoppar, gr\u00f6nt bladverk.<\/b><\/li><\/ul><\/div>","protected":false},"featured_media":618,"template":"","meta":[],"product_brand":[],"product_cat":[68],"product_tag":[],"class_list":{"0":"post-619","1":"product","2":"type-product","3":"status-publish","4":"has-post-thumbnail","6":"product_cat-floral-headpiece-headband","8":"first","9":"instock","10":"shipping-taxable","11":"purchasable","12":"product-type-simple"},"yoast_head":"<!-- This site is optimized with the Yoast SEO plugin v25.9 - https:\/\/yoast.com\/wordpress\/plugins\/seo\/ -->\n<title>Bridal Flower Crown Peony Hydrangea Foliage - Flora Tiara<\/title>\n<meta name=\"description\" content=\"Unique and beautiful: Shop our Bridal Flower Crown Peony Hydrangea Foliage. Premium high quality headpiece to make the occasion unforgettable.\" \/>\n<meta name=\"robots\" content=\"index, follow, max-snippet:-1, max-image-preview:large, max-video-preview:-1\" \/>\n<link rel=\"canonical\" href=\"https:\/\/floratiara.com\/sv\/p\/blommigt-harband-for-brollop-elegant-accessoar\/\" \/>\n<meta property=\"og:locale\" content=\"sv_SE\" \/>\n<meta property=\"og:type\" content=\"article\" \/>\n<meta property=\"og:title\" content=\"Bridal Flower Crown Peony Hydrangea Foliage - Flora Tiara\" \/>\n<meta property=\"og:description\" content=\"Unique and beautiful: Shop our Bridal Flower Crown Peony Hydrangea Foliage. Premium high quality headpiece to make the occasion unforgettable.\" \/>\n<meta property=\"og:url\" content=\"https:\/\/floratiara.com\/sv\/p\/blommigt-harband-for-brollop-elegant-accessoar\/\" \/>\n<meta property=\"og:site_name\" content=\"Flora Tiara\" \/>\n<meta property=\"article:modified_time\" content=\"2025-07-22T03:50:46+00:00\" \/>\n<meta property=\"og:image\" content=\"https:\/\/floratiara.com\/wp-content\/uploads\/2024\/03\/Se4624defb8744d6abc7c0205c6ad31b96.webp\" \/>\n\t<meta property=\"og:image:width\" content=\"1000\" \/>\n\t<meta property=\"og:image:height\" content=\"1000\" \/>\n\t<meta property=\"og:image:type\" content=\"image\/webp\" \/>\n<meta name=\"twitter:card\" content=\"summary_large_image\" \/>\n<meta name=\"twitter:label1\" content=\"Ber\u00e4knad l\u00e4stid\" \/>\n\t<meta name=\"twitter:data1\" content=\"1 minut\" \/>\n<script type=\"application\/ld+json\" class=\"yoast-schema-graph\">{\"@context\":\"https:\/\/schema.org\",\"@graph\":[{\"@type\":\"WebPage\",\"@id\":\"https:\/\/floratiara.com\/p\/wedding-floral-hairband-elegant-accessory\/\",\"url\":\"https:\/\/floratiara.com\/p\/wedding-floral-hairband-elegant-accessory\/\",\"name\":\"Bridal Flower Crown Peony Hydrangea Foliage - Flora Tiara\",\"isPartOf\":{\"@id\":\"https:\/\/floratiara.com\/#website\"},\"primaryImageOfPage\":{\"@id\":\"https:\/\/floratiara.com\/p\/wedding-floral-hairband-elegant-accessory\/#primaryimage\"},\"image\":{\"@id\":\"https:\/\/floratiara.com\/p\/wedding-floral-hairband-elegant-accessory\/#primaryimage\"},\"thumbnailUrl\":\"https:\/\/floratiara.com\/wp-content\/uploads\/2024\/03\/Se4624defb8744d6abc7c0205c6ad31b96.webp\",\"datePublished\":\"2024-03-16T10:24:44+00:00\",\"dateModified\":\"2025-07-22T03:50:46+00:00\",\"description\":\"Unique and beautiful: Shop our Bridal Flower Crown Peony Hydrangea Foliage. Premium high quality headpiece to make the occasion unforgettable.\",\"breadcrumb\":{\"@id\":\"https:\/\/floratiara.com\/p\/wedding-floral-hairband-elegant-accessory\/#breadcrumb\"},\"inLanguage\":\"sv-SE\",\"potentialAction\":[{\"@type\":\"ReadAction\",\"target\":[\"https:\/\/floratiara.com\/p\/wedding-floral-hairband-elegant-accessory\/\"]}]},{\"@type\":\"ImageObject\",\"inLanguage\":\"sv-SE\",\"@id\":\"https:\/\/floratiara.com\/p\/wedding-floral-hairband-elegant-accessory\/#primaryimage\",\"url\":\"https:\/\/floratiara.com\/wp-content\/uploads\/2024\/03\/Se4624defb8744d6abc7c0205c6ad31b96.webp\",\"contentUrl\":\"https:\/\/floratiara.com\/wp-content\/uploads\/2024\/03\/Se4624defb8744d6abc7c0205c6ad31b96.webp\",\"width\":1000,\"height\":1000},{\"@type\":\"BreadcrumbList\",\"@id\":\"https:\/\/floratiara.com\/p\/wedding-floral-hairband-elegant-accessory\/#breadcrumb\",\"itemListElement\":[{\"@type\":\"ListItem\",\"position\":1,\"name\":\"Home\",\"item\":\"https:\/\/floratiara.com\/\"},{\"@type\":\"ListItem\",\"position\":2,\"name\":\"Shop\",\"item\":\"https:\/\/floratiara.com\/shop\/\"},{\"@type\":\"ListItem\",\"position\":3,\"name\":\"Bridal Flower Crown Peony Hydrangea Foliage\"}]},{\"@type\":\"WebSite\",\"@id\":\"https:\/\/floratiara.com\/#website\",\"url\":\"https:\/\/floratiara.com\/\",\"name\":\"Flora Tiara\",\"description\":\"\",\"publisher\":{\"@id\":\"https:\/\/floratiara.com\/#organization\"},\"potentialAction\":[{\"@type\":\"SearchAction\",\"target\":{\"@type\":\"EntryPoint\",\"urlTemplate\":\"https:\/\/floratiara.com\/?s={search_term_string}\"},\"query-input\":{\"@type\":\"PropertyValueSpecification\",\"valueRequired\":true,\"valueName\":\"search_term_string\"}}],\"inLanguage\":\"sv-SE\"},{\"@type\":\"Organization\",\"@id\":\"https:\/\/floratiara.com\/#organization\",\"name\":\"Flora Tiara\",\"url\":\"https:\/\/floratiara.com\/\",\"logo\":{\"@type\":\"ImageObject\",\"inLanguage\":\"sv-SE\",\"@id\":\"https:\/\/floratiara.com\/#\/schema\/logo\/image\/\",\"url\":\"https:\/\/floratiara.com\/wp-content\/uploads\/2024\/03\/flora-tiara-logo.png\",\"contentUrl\":\"https:\/\/floratiara.com\/wp-content\/uploads\/2024\/03\/flora-tiara-logo.png\",\"width\":1024,\"height\":274,\"caption\":\"Flora Tiara\"},\"image\":{\"@id\":\"https:\/\/floratiara.com\/#\/schema\/logo\/image\/\"}}]}<\/script>\n<!-- \/ Yoast SEO plugin. -->","yoast_head_json":{"title":"Brudblomma krona pion hortensia bladverk - Flora Tiara","description":"Unika och vackra: Handla v\u00e5r Bridal Flower Crown Peony Hydrangea Foliage. Premium h\u00f6gkvalitativ huvudbonad f\u00f6r att g\u00f6ra tillf\u00e4llet of\u00f6rgl\u00f6mligt.","robots":{"index":"index","follow":"follow","max-snippet":"max-snippet:-1","max-image-preview":"max-image-preview:large","max-video-preview":"max-video-preview:-1"},"canonical":"https:\/\/floratiara.com\/sv\/p\/blommigt-harband-for-brollop-elegant-accessoar\/","og_locale":"sv_SE","og_type":"article","og_title":"Bridal Flower Crown Peony Hydrangea Foliage - Flora Tiara","og_description":"Unique and beautiful: Shop our Bridal Flower Crown Peony Hydrangea Foliage. Premium high quality headpiece to make the occasion unforgettable.","og_url":"https:\/\/floratiara.com\/sv\/p\/blommigt-harband-for-brollop-elegant-accessoar\/","og_site_name":"Flora Tiara","article_modified_time":"2025-07-22T03:50:46+00:00","og_image":[{"width":1000,"height":1000,"url":"https:\/\/floratiara.com\/wp-content\/uploads\/2024\/03\/Se4624defb8744d6abc7c0205c6ad31b96.webp","type":"image\/webp"}],"twitter_card":"summary_large_image","twitter_misc":{"Ber\u00e4knad l\u00e4stid":"1 minut"},"schema":{"@context":"https:\/\/schema.org","@graph":[{"@type":"WebPage","@id":"https:\/\/floratiara.com\/p\/wedding-floral-hairband-elegant-accessory\/","url":"https:\/\/floratiara.com\/p\/wedding-floral-hairband-elegant-accessory\/","name":"Brudblomma krona pion hortensia bladverk - Flora Tiara","isPartOf":{"@id":"https:\/\/floratiara.com\/#website"},"primaryImageOfPage":{"@id":"https:\/\/floratiara.com\/p\/wedding-floral-hairband-elegant-accessory\/#primaryimage"},"image":{"@id":"https:\/\/floratiara.com\/p\/wedding-floral-hairband-elegant-accessory\/#primaryimage"},"thumbnailUrl":"https:\/\/floratiara.com\/wp-content\/uploads\/2024\/03\/Se4624defb8744d6abc7c0205c6ad31b96.webp","datePublished":"2024-03-16T10:24:44+00:00","dateModified":"2025-07-22T03:50:46+00:00","description":"Unika och vackra: Handla v\u00e5r Bridal Flower Crown Peony Hydrangea Foliage. Premium h\u00f6gkvalitativ huvudbonad f\u00f6r att g\u00f6ra tillf\u00e4llet of\u00f6rgl\u00f6mligt.","breadcrumb":{"@id":"https:\/\/floratiara.com\/p\/wedding-floral-hairband-elegant-accessory\/#breadcrumb"},"inLanguage":"sv-SE","potentialAction":[{"@type":"ReadAction","target":["https:\/\/floratiara.com\/p\/wedding-floral-hairband-elegant-accessory\/"]}]},{"@type":"ImageObject","inLanguage":"sv-SE","@id":"https:\/\/floratiara.com\/p\/wedding-floral-hairband-elegant-accessory\/#primaryimage","url":"https:\/\/floratiara.com\/wp-content\/uploads\/2024\/03\/Se4624defb8744d6abc7c0205c6ad31b96.webp","contentUrl":"https:\/\/floratiara.com\/wp-content\/uploads\/2024\/03\/Se4624defb8744d6abc7c0205c6ad31b96.webp","width":1000,"height":1000},{"@type":"BreadcrumbList","@id":"https:\/\/floratiara.com\/p\/wedding-floral-hairband-elegant-accessory\/#breadcrumb","itemListElement":[{"@type":"ListItem","position":1,"name":"Home","item":"https:\/\/floratiara.com\/"},{"@type":"ListItem","position":2,"name":"Shop","item":"https:\/\/floratiara.com\/shop\/"},{"@type":"ListItem","position":3,"name":"Bridal Flower Crown Peony Hydrangea Foliage"}]},{"@type":"WebSite","@id":"https:\/\/floratiara.com\/#website","url":"https:\/\/floratiara.com\/","name":"Flora Tiara","description":"","publisher":{"@id":"https:\/\/floratiara.com\/#organization"},"potentialAction":[{"@type":"SearchAction","target":{"@type":"EntryPoint","urlTemplate":"https:\/\/floratiara.com\/?s={search_term_string}"},"query-input":{"@type":"PropertyValueSpecification","valueRequired":true,"valueName":"search_term_string"}}],"inLanguage":"sv-SE"},{"@type":"Organization","@id":"https:\/\/floratiara.com\/#organization","name":"Flora Tiara","url":"https:\/\/floratiara.com\/","logo":{"@type":"ImageObject","inLanguage":"sv-SE","@id":"https:\/\/floratiara.com\/#\/schema\/logo\/image\/","url":"https:\/\/floratiara.com\/wp-content\/uploads\/2024\/03\/flora-tiara-logo.png","contentUrl":"https:\/\/floratiara.com\/wp-content\/uploads\/2024\/03\/flora-tiara-logo.png","width":1024,"height":274,"caption":"Flora Tiara"},"image":{"@id":"https:\/\/floratiara.com\/#\/schema\/logo\/image\/"}}]}},"_links":{"self":[{"href":"https:\/\/floratiara.com\/sv\/wp-json\/wp\/v2\/product\/619","targetHints":{"allow":["GET"]}}],"collection":[{"href":"https:\/\/floratiara.com\/sv\/wp-json\/wp\/v2\/product"}],"about":[{"href":"https:\/\/floratiara.com\/sv\/wp-json\/wp\/v2\/types\/product"}],"wp:featuredmedia":[{"embeddable":true,"href":"https:\/\/floratiara.com\/sv\/wp-json\/wp\/v2\/media\/618"}],"wp:attachment":[{"href":"https:\/\/floratiara.com\/sv\/wp-json\/wp\/v2\/media?parent=619"}],"wp:term":[{"taxonomy":"product_brand","embeddable":true,"href":"https:\/\/floratiara.com\/sv\/wp-json\/wp\/v2\/product_brand?post=619"},{"taxonomy":"product_cat","embeddable":true,"href":"https:\/\/floratiara.com\/sv\/wp-json\/wp\/v2\/product_cat?post=619"},{"taxonomy":"product_tag","embeddable":true,"href":"https:\/\/floratiara.com\/sv\/wp-json\/wp\/v2\/product_tag?post=619"}],"curies":[{"name":"wp","href":"https:\/\/api.w.org\/{rel}","templated":true}]}}