{"id":126,"date":"2024-03-16T06:53:36","date_gmt":"2024-03-16T06:53:36","guid":{"rendered":"https:\/\/floratiara.com\/?post_type=product&#038;p=126"},"modified":"2025-03-04T04:42:30","modified_gmt":"2025-03-04T04:42:30","slug":"geli%cc%87n-ci%cc%87cekli%cc%87-celenk-sac-bandi","status":"publish","type":"product","link":"https:\/\/floratiara.com\/tr\/p\/geli%cc%87n-ci%cc%87cekli%cc%87-celenk-sac-bandi\/","title":{"rendered":"Kad\u0131nlar i\u00e7in B\u00fcy\u00fcl\u00fc \u00c7i\u00e7ekli Ta\u00e7 Ba\u015fl\u0131k"},"content":{"rendered":"<p>Herhangi bir gelin veya bayram k\u0131yafetine m\u00fckemmel bir ek olan B\u00fcy\u00fcl\u00fc \u00c7i\u00e7ekli Ta\u00e7 ile stilinizi y\u00fckseltin. Do\u011fadan ilham alan g\u00fczelliklerle dolu bu ta\u00e7, yumu\u015fak beyaz ve krem \u00e7i\u00e7eklerle tamamlanan k\u0131rm\u0131z\u0131, sar\u0131 ve bordo \u00e7i\u00e7eklerin bir kar\u0131\u015f\u0131m\u0131na sahiptir. Narin ye\u015fillikler ve canl\u0131 sar\u0131 vurgular vah\u015fi bir hava katarak \u00f6ne \u00e7\u0131kman\u0131z\u0131 sa\u011flar. Ayarlanabilir tasar\u0131m\u0131 herkes i\u00e7in rahat bir uyum sa\u011flayarak d\u00fc\u011f\u00fcnler, festivaller ve \u00f6zel etkinlikler i\u00e7in idealdir. Zarafeti ve \u00e7ekicili\u011fi kucaklay\u0131n - sa\u00e7\u0131n\u0131z\u0131 bu nefes kesici \u00e7i\u00e7ek \u015faheseriyle s\u00fcsleyin ve olman\u0131z gereken tanr\u0131\u00e7aya d\u00f6n\u00fc\u015f\u00fcn.<\/p><p>Kompozisyon: k\u0131rm\u0131z\u0131, sar\u0131 ve bordo b\u00fcy\u00fck \u00e7i\u00e7ekler (gelincik veya anemonlar\u0131 and\u0131r\u0131r), beyaz ve krem \u00e7i\u00e7ekler (kozmos veya papatyalar\u0131 and\u0131r\u0131r), k\u00fc\u00e7\u00fck pembe \u00e7i\u00e7ekler, mavi \u00e7an \u015feklinde \u00e7i\u00e7ekler, ye\u015fil yapraklar ve belirgin organlar\u0131 olan sar\u0131 k\u00fc\u00e7\u00fck \u00e7i\u00e7ekler.<\/p>","protected":false},"excerpt":{"rendered":"<div style=\"width: 90%;text-align: left;margin: auto\"><p style=\"text-align:center\"><b>\ud83d\udc51 Ellerimizden Ba\u015f\u0131n\u0131za<\/b><br \/><i>Her Durum \u0130\u00e7in L\u00fcks \u00c7i\u00e7ek Ta\u00e7lar\u0131<\/i><\/p><ul><li>\u2702\ufe0f Kalbinde \u00d6zenle Haz\u0131rlanm\u0131\u015ft\u0131r <b>T\u00fcrkiye<\/b><\/li><li><b>\ud83d\udc90 Kompozisyon: k\u0131rm\u0131z\u0131, sar\u0131 ve bordo b\u00fcy\u00fck \u00e7i\u00e7ekler (gelincik veya anemonlar\u0131 and\u0131r\u0131r), beyaz ve krem \u00e7i\u00e7ekler (kozmos veya papatyalar\u0131 and\u0131r\u0131r), k\u00fc\u00e7\u00fck pembe \u00e7i\u00e7ekler, mavi \u00e7an \u015feklinde \u00e7i\u00e7ekler, ye\u015fil yapraklar ve belirgin organlar\u0131 olan sar\u0131 k\u00fc\u00e7\u00fck \u00e7i\u00e7ekler.<\/b><\/li><\/ul><\/div>","protected":false},"featured_media":125,"template":"","meta":[],"product_brand":[],"product_cat":[61,79,59],"product_tag":[],"class_list":{"0":"post-126","1":"product","2":"type-product","3":"status-publish","4":"has-post-thumbnail","6":"product_cat-bridesmaid-floral-headpiece","7":"product_cat-real-floral-headpiece","8":"product_cat-bridal-floral-headpiece","10":"first","11":"instock","12":"shipping-taxable","13":"purchasable","14":"product-type-simple"},"yoast_head":"<!-- This site is optimized with the Yoast SEO plugin v25.9 - https:\/\/yoast.com\/wordpress\/plugins\/seo\/ -->\n<title>Enchanted Floral Crown Headdress for Women - Flora Tiara<\/title>\n<meta name=\"description\" content=\"Unique and beautiful: Shop our Enchanted Floral Crown Headdress for Women. Premium high quality headpiece to make the occasion unforgettable.\" \/>\n<meta name=\"robots\" content=\"index, follow, max-snippet:-1, max-image-preview:large, max-video-preview:-1\" \/>\n<link rel=\"canonical\" href=\"https:\/\/floratiara.com\/tr\/p\/geli\u0307n-ci\u0307cekli\u0307-celenk-sac-bandi\/\" \/>\n<meta property=\"og:locale\" content=\"tr_TR\" \/>\n<meta property=\"og:type\" content=\"article\" \/>\n<meta property=\"og:title\" content=\"Enchanted Floral Crown Headdress for Women - Flora Tiara\" \/>\n<meta property=\"og:description\" content=\"Unique and beautiful: Shop our Enchanted Floral Crown Headdress for Women. Premium high quality headpiece to make the occasion unforgettable.\" \/>\n<meta property=\"og:url\" content=\"https:\/\/floratiara.com\/tr\/p\/geli\u0307n-ci\u0307cekli\u0307-celenk-sac-bandi\/\" \/>\n<meta property=\"og:site_name\" content=\"Flora Tiara\" \/>\n<meta property=\"article:modified_time\" content=\"2025-03-04T04:42:30+00:00\" \/>\n<meta property=\"og:image\" content=\"https:\/\/floratiara.com\/wp-content\/uploads\/2024\/03\/H34c978fb24c24248b640951d76dd94a7E.webp\" \/>\n\t<meta property=\"og:image:width\" content=\"1500\" \/>\n\t<meta property=\"og:image:height\" content=\"1500\" \/>\n\t<meta property=\"og:image:type\" content=\"image\/webp\" \/>\n<meta name=\"twitter:card\" content=\"summary_large_image\" \/>\n<meta name=\"twitter:label1\" content=\"Tahmini okuma s\u00fcresi\" \/>\n\t<meta name=\"twitter:data1\" content=\"1 dakika\" \/>\n<script type=\"application\/ld+json\" class=\"yoast-schema-graph\">{\"@context\":\"https:\/\/schema.org\",\"@graph\":[{\"@type\":\"WebPage\",\"@id\":\"https:\/\/floratiara.com\/p\/bridal-floral-wreath-headband\/\",\"url\":\"https:\/\/floratiara.com\/p\/bridal-floral-wreath-headband\/\",\"name\":\"Enchanted Floral Crown Headdress for Women - Flora Tiara\",\"isPartOf\":{\"@id\":\"https:\/\/floratiara.com\/#website\"},\"primaryImageOfPage\":{\"@id\":\"https:\/\/floratiara.com\/p\/bridal-floral-wreath-headband\/#primaryimage\"},\"image\":{\"@id\":\"https:\/\/floratiara.com\/p\/bridal-floral-wreath-headband\/#primaryimage\"},\"thumbnailUrl\":\"https:\/\/floratiara.com\/wp-content\/uploads\/2024\/03\/H34c978fb24c24248b640951d76dd94a7E.webp\",\"datePublished\":\"2024-03-16T06:53:36+00:00\",\"dateModified\":\"2025-03-04T04:42:30+00:00\",\"description\":\"Unique and beautiful: Shop our Enchanted Floral Crown Headdress for Women. Premium high quality headpiece to make the occasion unforgettable.\",\"breadcrumb\":{\"@id\":\"https:\/\/floratiara.com\/p\/bridal-floral-wreath-headband\/#breadcrumb\"},\"inLanguage\":\"tr\",\"potentialAction\":[{\"@type\":\"ReadAction\",\"target\":[\"https:\/\/floratiara.com\/p\/bridal-floral-wreath-headband\/\"]}]},{\"@type\":\"ImageObject\",\"inLanguage\":\"tr\",\"@id\":\"https:\/\/floratiara.com\/p\/bridal-floral-wreath-headband\/#primaryimage\",\"url\":\"https:\/\/floratiara.com\/wp-content\/uploads\/2024\/03\/H34c978fb24c24248b640951d76dd94a7E.webp\",\"contentUrl\":\"https:\/\/floratiara.com\/wp-content\/uploads\/2024\/03\/H34c978fb24c24248b640951d76dd94a7E.webp\",\"width\":1500,\"height\":1500},{\"@type\":\"BreadcrumbList\",\"@id\":\"https:\/\/floratiara.com\/p\/bridal-floral-wreath-headband\/#breadcrumb\",\"itemListElement\":[{\"@type\":\"ListItem\",\"position\":1,\"name\":\"Home\",\"item\":\"https:\/\/floratiara.com\/\"},{\"@type\":\"ListItem\",\"position\":2,\"name\":\"Shop\",\"item\":\"https:\/\/floratiara.com\/shop\/\"},{\"@type\":\"ListItem\",\"position\":3,\"name\":\"Enchanted Floral Crown Headdress for Women\"}]},{\"@type\":\"WebSite\",\"@id\":\"https:\/\/floratiara.com\/#website\",\"url\":\"https:\/\/floratiara.com\/\",\"name\":\"Flora Tiara\",\"description\":\"\",\"publisher\":{\"@id\":\"https:\/\/floratiara.com\/#organization\"},\"potentialAction\":[{\"@type\":\"SearchAction\",\"target\":{\"@type\":\"EntryPoint\",\"urlTemplate\":\"https:\/\/floratiara.com\/?s={search_term_string}\"},\"query-input\":{\"@type\":\"PropertyValueSpecification\",\"valueRequired\":true,\"valueName\":\"search_term_string\"}}],\"inLanguage\":\"tr\"},{\"@type\":\"Organization\",\"@id\":\"https:\/\/floratiara.com\/#organization\",\"name\":\"Flora Tiara\",\"url\":\"https:\/\/floratiara.com\/\",\"logo\":{\"@type\":\"ImageObject\",\"inLanguage\":\"tr\",\"@id\":\"https:\/\/floratiara.com\/#\/schema\/logo\/image\/\",\"url\":\"https:\/\/floratiara.com\/wp-content\/uploads\/2024\/03\/flora-tiara-logo.png\",\"contentUrl\":\"https:\/\/floratiara.com\/wp-content\/uploads\/2024\/03\/flora-tiara-logo.png\",\"width\":1024,\"height\":274,\"caption\":\"Flora Tiara\"},\"image\":{\"@id\":\"https:\/\/floratiara.com\/#\/schema\/logo\/image\/\"}}]}<\/script>\n<!-- \/ Yoast SEO plugin. -->","yoast_head_json":{"title":"Kad\u0131nlar i\u00e7in B\u00fcy\u00fcl\u00fc \u00c7i\u00e7ekli Ta\u00e7 Ba\u015fl\u0131k - Flora Tiara","description":"E\u015fsiz ve g\u00fczel: Kad\u0131nlar i\u00e7in B\u00fcy\u00fcl\u00fc \u00c7i\u00e7ekli Ta\u00e7 Ba\u015fl\u0131\u011f\u0131m\u0131z\u0131 sat\u0131n al\u0131n. Etkinli\u011fi unutulmaz k\u0131lmak i\u00e7in birinci s\u0131n\u0131f y\u00fcksek kaliteli ba\u015fl\u0131k.","robots":{"index":"index","follow":"follow","max-snippet":"max-snippet:-1","max-image-preview":"max-image-preview:large","max-video-preview":"max-video-preview:-1"},"canonical":"https:\/\/floratiara.com\/tr\/p\/geli\u0307n-ci\u0307cekli\u0307-celenk-sac-bandi\/","og_locale":"tr_TR","og_type":"article","og_title":"Enchanted Floral Crown Headdress for Women - Flora Tiara","og_description":"Unique and beautiful: Shop our Enchanted Floral Crown Headdress for Women. Premium high quality headpiece to make the occasion unforgettable.","og_url":"https:\/\/floratiara.com\/tr\/p\/geli\u0307n-ci\u0307cekli\u0307-celenk-sac-bandi\/","og_site_name":"Flora Tiara","article_modified_time":"2025-03-04T04:42:30+00:00","og_image":[{"width":1500,"height":1500,"url":"https:\/\/floratiara.com\/wp-content\/uploads\/2024\/03\/H34c978fb24c24248b640951d76dd94a7E.webp","type":"image\/webp"}],"twitter_card":"summary_large_image","twitter_misc":{"Tahmini okuma s\u00fcresi":"1 dakika"},"schema":{"@context":"https:\/\/schema.org","@graph":[{"@type":"WebPage","@id":"https:\/\/floratiara.com\/p\/bridal-floral-wreath-headband\/","url":"https:\/\/floratiara.com\/p\/bridal-floral-wreath-headband\/","name":"Kad\u0131nlar i\u00e7in B\u00fcy\u00fcl\u00fc \u00c7i\u00e7ekli Ta\u00e7 Ba\u015fl\u0131k - Flora Tiara","isPartOf":{"@id":"https:\/\/floratiara.com\/#website"},"primaryImageOfPage":{"@id":"https:\/\/floratiara.com\/p\/bridal-floral-wreath-headband\/#primaryimage"},"image":{"@id":"https:\/\/floratiara.com\/p\/bridal-floral-wreath-headband\/#primaryimage"},"thumbnailUrl":"https:\/\/floratiara.com\/wp-content\/uploads\/2024\/03\/H34c978fb24c24248b640951d76dd94a7E.webp","datePublished":"2024-03-16T06:53:36+00:00","dateModified":"2025-03-04T04:42:30+00:00","description":"E\u015fsiz ve g\u00fczel: Kad\u0131nlar i\u00e7in B\u00fcy\u00fcl\u00fc \u00c7i\u00e7ekli Ta\u00e7 Ba\u015fl\u0131\u011f\u0131m\u0131z\u0131 sat\u0131n al\u0131n. Etkinli\u011fi unutulmaz k\u0131lmak i\u00e7in birinci s\u0131n\u0131f y\u00fcksek kaliteli ba\u015fl\u0131k.","breadcrumb":{"@id":"https:\/\/floratiara.com\/p\/bridal-floral-wreath-headband\/#breadcrumb"},"inLanguage":"tr","potentialAction":[{"@type":"ReadAction","target":["https:\/\/floratiara.com\/p\/bridal-floral-wreath-headband\/"]}]},{"@type":"ImageObject","inLanguage":"tr","@id":"https:\/\/floratiara.com\/p\/bridal-floral-wreath-headband\/#primaryimage","url":"https:\/\/floratiara.com\/wp-content\/uploads\/2024\/03\/H34c978fb24c24248b640951d76dd94a7E.webp","contentUrl":"https:\/\/floratiara.com\/wp-content\/uploads\/2024\/03\/H34c978fb24c24248b640951d76dd94a7E.webp","width":1500,"height":1500},{"@type":"BreadcrumbList","@id":"https:\/\/floratiara.com\/p\/bridal-floral-wreath-headband\/#breadcrumb","itemListElement":[{"@type":"ListItem","position":1,"name":"Home","item":"https:\/\/floratiara.com\/"},{"@type":"ListItem","position":2,"name":"Shop","item":"https:\/\/floratiara.com\/shop\/"},{"@type":"ListItem","position":3,"name":"Enchanted Floral Crown Headdress for Women"}]},{"@type":"WebSite","@id":"https:\/\/floratiara.com\/#website","url":"https:\/\/floratiara.com\/","name":"Flora Tiara","description":"","publisher":{"@id":"https:\/\/floratiara.com\/#organization"},"potentialAction":[{"@type":"SearchAction","target":{"@type":"EntryPoint","urlTemplate":"https:\/\/floratiara.com\/?s={search_term_string}"},"query-input":{"@type":"PropertyValueSpecification","valueRequired":true,"valueName":"search_term_string"}}],"inLanguage":"tr"},{"@type":"Organization","@id":"https:\/\/floratiara.com\/#organization","name":"Flora Tiara","url":"https:\/\/floratiara.com\/","logo":{"@type":"ImageObject","inLanguage":"tr","@id":"https:\/\/floratiara.com\/#\/schema\/logo\/image\/","url":"https:\/\/floratiara.com\/wp-content\/uploads\/2024\/03\/flora-tiara-logo.png","contentUrl":"https:\/\/floratiara.com\/wp-content\/uploads\/2024\/03\/flora-tiara-logo.png","width":1024,"height":274,"caption":"Flora Tiara"},"image":{"@id":"https:\/\/floratiara.com\/#\/schema\/logo\/image\/"}}]}},"_links":{"self":[{"href":"https:\/\/floratiara.com\/tr\/wp-json\/wp\/v2\/product\/126","targetHints":{"allow":["GET"]}}],"collection":[{"href":"https:\/\/floratiara.com\/tr\/wp-json\/wp\/v2\/product"}],"about":[{"href":"https:\/\/floratiara.com\/tr\/wp-json\/wp\/v2\/types\/product"}],"wp:featuredmedia":[{"embeddable":true,"href":"https:\/\/floratiara.com\/tr\/wp-json\/wp\/v2\/media\/125"}],"wp:attachment":[{"href":"https:\/\/floratiara.com\/tr\/wp-json\/wp\/v2\/media?parent=126"}],"wp:term":[{"taxonomy":"product_brand","embeddable":true,"href":"https:\/\/floratiara.com\/tr\/wp-json\/wp\/v2\/product_brand?post=126"},{"taxonomy":"product_cat","embeddable":true,"href":"https:\/\/floratiara.com\/tr\/wp-json\/wp\/v2\/product_cat?post=126"},{"taxonomy":"product_tag","embeddable":true,"href":"https:\/\/floratiara.com\/tr\/wp-json\/wp\/v2\/product_tag?post=126"}],"curies":[{"name":"wp","href":"https:\/\/api.w.org\/{rel}","templated":true}]}}