{"id":163,"date":"2024-03-16T09:37:13","date_gmt":"2024-03-16T09:37:13","guid":{"rendered":"https:\/\/floratiara.com\/?post_type=product&#038;p=163"},"modified":"2024-12-12T01:48:24","modified_gmt":"2024-12-12T01:48:24","slug":"buyulu-cicekli-dugun-sac-bandi","status":"publish","type":"product","link":"https:\/\/floratiara.com\/tr\/p\/buyulu-cicekli-dugun-sac-bandi\/","title":{"rendered":"Serenity \u00c7i\u00e7ek Ta\u00e7 \u015e\u0131k Gelin Ba\u015fl\u0131\u011f\u0131"},"content":{"rendered":"<p>Sa\u00e7lar\u0131n\u0131z\u0131, her k\u0131yafeti an\u0131nda bir zarafet ifadesine d\u00f6n\u00fc\u015ft\u00fcren bir zarafet \u015faheseri olan Serenity \u00c7i\u00e7ek Tac\u0131 ile s\u00fcsleyin. Canl\u0131 mavi ve tertemiz beyaz \u00e7i\u00e7eklerle bezenmi\u015f bu ba\u015fl\u0131\u011f\u0131n \u00fczerinde sofistikeli\u011fin \u00f6z\u00fcn\u00fc yans\u0131tan g\u00f6z kama\u015ft\u0131r\u0131c\u0131 mavi bir m\u00fccevher bulunur. Gelinler i\u00e7in ideal olan bu ta\u00e7, \u00f6zel g\u00fcn\u00fcn\u00fcz\u00fcn k\u0131yafetini y\u00fckseltir ve \u00e7e\u015fitli sa\u00e7 stilleriyle uyum sa\u011flayarak muhte\u015fem bir \u00e7ekicilik sunar. Her t\u00fcrl\u00fc kutlama i\u00e7in m\u00fckemmel olan Serenity Crown, sizi i\u00e7inizdeki tanr\u0131\u00e7ay\u0131 ortaya \u00e7\u0131karmaya ve duru\u015funuzla \u00f6ne \u00e7\u0131kmaya davet ediyor. Bu l\u00fcks aksesuar\u0131 kucaklay\u0131n ve anlar\u0131n\u0131z\u0131 unutulmaz k\u0131l\u0131n.<\/p><p>Kompozisyon: mavi ve beyaz yapay \u00e7i\u00e7ekler, ye\u015fil yapay yapraklar, dekoratif mavi de\u011ferli ta\u015f merkez par\u00e7as\u0131.<\/p>","protected":false},"excerpt":{"rendered":"<div style=\"width: 90%;text-align: left;margin: auto\"><p style=\"text-align:center\"><b>\ud83d\udc51 Ellerimizden Ba\u015f\u0131n\u0131za<\/b><br \/><i>Her Durum \u0130\u00e7in L\u00fcks \u00c7i\u00e7ek Ta\u00e7lar\u0131<\/i><\/p><ul><li>\u2702\ufe0f Kalbinde \u00d6zenle Haz\u0131rlanm\u0131\u015ft\u0131r <b>T\u00fcrkiye<\/b><\/li><li><b>\ud83d\udc90 Kompozisyon: mavi ve beyaz yapay \u00e7i\u00e7ekler, ye\u015fil yapay yapraklar, dekoratif mavi de\u011ferli ta\u015f merkez par\u00e7as\u0131.<\/b><\/li><\/ul><\/div>","protected":false},"featured_media":162,"template":"","meta":[],"product_brand":[],"product_cat":[72,59],"product_tag":[],"class_list":{"0":"post-163","1":"product","2":"type-product","3":"status-publish","4":"has-post-thumbnail","6":"product_cat-blue-floral-headpiece","7":"product_cat-bridal-floral-headpiece","9":"first","10":"instock","11":"shipping-taxable","12":"purchasable","13":"product-type-simple"},"yoast_head":"<!-- This site is optimized with the Yoast SEO plugin v25.9 - https:\/\/yoast.com\/wordpress\/plugins\/seo\/ -->\n<title>Serenity Flower Crown Elegant Bridal Headpiece - Flora Tiara<\/title>\n<meta name=\"description\" content=\"Unique and beautiful: Shop our Serenity Flower Crown Elegant Bridal Headpiece. Premium high quality headpiece to make the occasion unforgettable.\" \/>\n<meta name=\"robots\" content=\"index, follow, max-snippet:-1, max-image-preview:large, max-video-preview:-1\" \/>\n<link rel=\"canonical\" href=\"https:\/\/floratiara.com\/tr\/p\/buyulu-cicekli-dugun-sac-bandi\/\" \/>\n<meta property=\"og:locale\" content=\"tr_TR\" \/>\n<meta property=\"og:type\" content=\"article\" \/>\n<meta property=\"og:title\" content=\"Serenity Flower Crown Elegant Bridal Headpiece - Flora Tiara\" \/>\n<meta property=\"og:description\" content=\"Unique and beautiful: Shop our Serenity Flower Crown Elegant Bridal Headpiece. Premium high quality headpiece to make the occasion unforgettable.\" \/>\n<meta property=\"og:url\" content=\"https:\/\/floratiara.com\/tr\/p\/buyulu-cicekli-dugun-sac-bandi\/\" \/>\n<meta property=\"og:site_name\" content=\"Flora Tiara\" \/>\n<meta property=\"article:modified_time\" content=\"2024-12-12T01:48:24+00:00\" \/>\n<meta property=\"og:image\" content=\"https:\/\/floratiara.com\/wp-content\/uploads\/2024\/03\/S2a887fb40a2f473da65063f901d03fb8A.webp\" \/>\n\t<meta property=\"og:image:width\" content=\"1200\" \/>\n\t<meta property=\"og:image:height\" content=\"1500\" \/>\n\t<meta property=\"og:image:type\" content=\"image\/webp\" \/>\n<meta name=\"twitter:card\" content=\"summary_large_image\" \/>\n<meta name=\"twitter:label1\" content=\"Tahmini okuma s\u00fcresi\" \/>\n\t<meta name=\"twitter:data1\" content=\"1 dakika\" \/>\n<script type=\"application\/ld+json\" class=\"yoast-schema-graph\">{\"@context\":\"https:\/\/schema.org\",\"@graph\":[{\"@type\":\"WebPage\",\"@id\":\"https:\/\/floratiara.com\/p\/enchanted-floral-wedding-headband\/\",\"url\":\"https:\/\/floratiara.com\/p\/enchanted-floral-wedding-headband\/\",\"name\":\"Serenity Flower Crown Elegant Bridal Headpiece - Flora Tiara\",\"isPartOf\":{\"@id\":\"https:\/\/floratiara.com\/#website\"},\"primaryImageOfPage\":{\"@id\":\"https:\/\/floratiara.com\/p\/enchanted-floral-wedding-headband\/#primaryimage\"},\"image\":{\"@id\":\"https:\/\/floratiara.com\/p\/enchanted-floral-wedding-headband\/#primaryimage\"},\"thumbnailUrl\":\"https:\/\/floratiara.com\/wp-content\/uploads\/2024\/03\/S2a887fb40a2f473da65063f901d03fb8A.webp\",\"datePublished\":\"2024-03-16T09:37:13+00:00\",\"dateModified\":\"2024-12-12T01:48:24+00:00\",\"description\":\"Unique and beautiful: Shop our Serenity Flower Crown Elegant Bridal Headpiece. Premium high quality headpiece to make the occasion unforgettable.\",\"breadcrumb\":{\"@id\":\"https:\/\/floratiara.com\/p\/enchanted-floral-wedding-headband\/#breadcrumb\"},\"inLanguage\":\"tr\",\"potentialAction\":[{\"@type\":\"ReadAction\",\"target\":[\"https:\/\/floratiara.com\/p\/enchanted-floral-wedding-headband\/\"]}]},{\"@type\":\"ImageObject\",\"inLanguage\":\"tr\",\"@id\":\"https:\/\/floratiara.com\/p\/enchanted-floral-wedding-headband\/#primaryimage\",\"url\":\"https:\/\/floratiara.com\/wp-content\/uploads\/2024\/03\/S2a887fb40a2f473da65063f901d03fb8A.webp\",\"contentUrl\":\"https:\/\/floratiara.com\/wp-content\/uploads\/2024\/03\/S2a887fb40a2f473da65063f901d03fb8A.webp\",\"width\":1200,\"height\":1500},{\"@type\":\"BreadcrumbList\",\"@id\":\"https:\/\/floratiara.com\/p\/enchanted-floral-wedding-headband\/#breadcrumb\",\"itemListElement\":[{\"@type\":\"ListItem\",\"position\":1,\"name\":\"Home\",\"item\":\"https:\/\/floratiara.com\/\"},{\"@type\":\"ListItem\",\"position\":2,\"name\":\"Shop\",\"item\":\"https:\/\/floratiara.com\/shop\/\"},{\"@type\":\"ListItem\",\"position\":3,\"name\":\"Serenity Flower Crown Elegant Bridal Headpiece\"}]},{\"@type\":\"WebSite\",\"@id\":\"https:\/\/floratiara.com\/#website\",\"url\":\"https:\/\/floratiara.com\/\",\"name\":\"Flora Tiara\",\"description\":\"\",\"publisher\":{\"@id\":\"https:\/\/floratiara.com\/#organization\"},\"potentialAction\":[{\"@type\":\"SearchAction\",\"target\":{\"@type\":\"EntryPoint\",\"urlTemplate\":\"https:\/\/floratiara.com\/?s={search_term_string}\"},\"query-input\":{\"@type\":\"PropertyValueSpecification\",\"valueRequired\":true,\"valueName\":\"search_term_string\"}}],\"inLanguage\":\"tr\"},{\"@type\":\"Organization\",\"@id\":\"https:\/\/floratiara.com\/#organization\",\"name\":\"Flora Tiara\",\"url\":\"https:\/\/floratiara.com\/\",\"logo\":{\"@type\":\"ImageObject\",\"inLanguage\":\"tr\",\"@id\":\"https:\/\/floratiara.com\/#\/schema\/logo\/image\/\",\"url\":\"https:\/\/floratiara.com\/wp-content\/uploads\/2024\/03\/flora-tiara-logo.png\",\"contentUrl\":\"https:\/\/floratiara.com\/wp-content\/uploads\/2024\/03\/flora-tiara-logo.png\",\"width\":1024,\"height\":274,\"caption\":\"Flora Tiara\"},\"image\":{\"@id\":\"https:\/\/floratiara.com\/#\/schema\/logo\/image\/\"}}]}<\/script>\n<!-- \/ Yoast SEO plugin. -->","yoast_head_json":{"title":"Serenity \u00c7i\u00e7ek Ta\u00e7 Zarif Gelin Ba\u015fl\u0131\u011f\u0131 - Flora Tiara","description":"E\u015fsiz ve g\u00fczel: Serenity \u00c7i\u00e7ek Tac\u0131 Zarif Gelin Ba\u015fl\u0131\u011f\u0131m\u0131z\u0131 sat\u0131n al\u0131n. Etkinli\u011fi unutulmaz k\u0131lmak i\u00e7in birinci s\u0131n\u0131f y\u00fcksek kaliteli ba\u015fl\u0131k.","robots":{"index":"index","follow":"follow","max-snippet":"max-snippet:-1","max-image-preview":"max-image-preview:large","max-video-preview":"max-video-preview:-1"},"canonical":"https:\/\/floratiara.com\/tr\/p\/buyulu-cicekli-dugun-sac-bandi\/","og_locale":"tr_TR","og_type":"article","og_title":"Serenity Flower Crown Elegant Bridal Headpiece - Flora Tiara","og_description":"Unique and beautiful: Shop our Serenity Flower Crown Elegant Bridal Headpiece. Premium high quality headpiece to make the occasion unforgettable.","og_url":"https:\/\/floratiara.com\/tr\/p\/buyulu-cicekli-dugun-sac-bandi\/","og_site_name":"Flora Tiara","article_modified_time":"2024-12-12T01:48:24+00:00","og_image":[{"width":1200,"height":1500,"url":"https:\/\/floratiara.com\/wp-content\/uploads\/2024\/03\/S2a887fb40a2f473da65063f901d03fb8A.webp","type":"image\/webp"}],"twitter_card":"summary_large_image","twitter_misc":{"Tahmini okuma s\u00fcresi":"1 dakika"},"schema":{"@context":"https:\/\/schema.org","@graph":[{"@type":"WebPage","@id":"https:\/\/floratiara.com\/p\/enchanted-floral-wedding-headband\/","url":"https:\/\/floratiara.com\/p\/enchanted-floral-wedding-headband\/","name":"Serenity \u00c7i\u00e7ek Ta\u00e7 Zarif Gelin Ba\u015fl\u0131\u011f\u0131 - Flora Tiara","isPartOf":{"@id":"https:\/\/floratiara.com\/#website"},"primaryImageOfPage":{"@id":"https:\/\/floratiara.com\/p\/enchanted-floral-wedding-headband\/#primaryimage"},"image":{"@id":"https:\/\/floratiara.com\/p\/enchanted-floral-wedding-headband\/#primaryimage"},"thumbnailUrl":"https:\/\/floratiara.com\/wp-content\/uploads\/2024\/03\/S2a887fb40a2f473da65063f901d03fb8A.webp","datePublished":"2024-03-16T09:37:13+00:00","dateModified":"2024-12-12T01:48:24+00:00","description":"E\u015fsiz ve g\u00fczel: Serenity \u00c7i\u00e7ek Tac\u0131 Zarif Gelin Ba\u015fl\u0131\u011f\u0131m\u0131z\u0131 sat\u0131n al\u0131n. Etkinli\u011fi unutulmaz k\u0131lmak i\u00e7in birinci s\u0131n\u0131f y\u00fcksek kaliteli ba\u015fl\u0131k.","breadcrumb":{"@id":"https:\/\/floratiara.com\/p\/enchanted-floral-wedding-headband\/#breadcrumb"},"inLanguage":"tr","potentialAction":[{"@type":"ReadAction","target":["https:\/\/floratiara.com\/p\/enchanted-floral-wedding-headband\/"]}]},{"@type":"ImageObject","inLanguage":"tr","@id":"https:\/\/floratiara.com\/p\/enchanted-floral-wedding-headband\/#primaryimage","url":"https:\/\/floratiara.com\/wp-content\/uploads\/2024\/03\/S2a887fb40a2f473da65063f901d03fb8A.webp","contentUrl":"https:\/\/floratiara.com\/wp-content\/uploads\/2024\/03\/S2a887fb40a2f473da65063f901d03fb8A.webp","width":1200,"height":1500},{"@type":"BreadcrumbList","@id":"https:\/\/floratiara.com\/p\/enchanted-floral-wedding-headband\/#breadcrumb","itemListElement":[{"@type":"ListItem","position":1,"name":"Home","item":"https:\/\/floratiara.com\/"},{"@type":"ListItem","position":2,"name":"Shop","item":"https:\/\/floratiara.com\/shop\/"},{"@type":"ListItem","position":3,"name":"Serenity Flower Crown Elegant Bridal Headpiece"}]},{"@type":"WebSite","@id":"https:\/\/floratiara.com\/#website","url":"https:\/\/floratiara.com\/","name":"Flora Tiara","description":"","publisher":{"@id":"https:\/\/floratiara.com\/#organization"},"potentialAction":[{"@type":"SearchAction","target":{"@type":"EntryPoint","urlTemplate":"https:\/\/floratiara.com\/?s={search_term_string}"},"query-input":{"@type":"PropertyValueSpecification","valueRequired":true,"valueName":"search_term_string"}}],"inLanguage":"tr"},{"@type":"Organization","@id":"https:\/\/floratiara.com\/#organization","name":"Flora Tiara","url":"https:\/\/floratiara.com\/","logo":{"@type":"ImageObject","inLanguage":"tr","@id":"https:\/\/floratiara.com\/#\/schema\/logo\/image\/","url":"https:\/\/floratiara.com\/wp-content\/uploads\/2024\/03\/flora-tiara-logo.png","contentUrl":"https:\/\/floratiara.com\/wp-content\/uploads\/2024\/03\/flora-tiara-logo.png","width":1024,"height":274,"caption":"Flora Tiara"},"image":{"@id":"https:\/\/floratiara.com\/#\/schema\/logo\/image\/"}}]}},"_links":{"self":[{"href":"https:\/\/floratiara.com\/tr\/wp-json\/wp\/v2\/product\/163","targetHints":{"allow":["GET"]}}],"collection":[{"href":"https:\/\/floratiara.com\/tr\/wp-json\/wp\/v2\/product"}],"about":[{"href":"https:\/\/floratiara.com\/tr\/wp-json\/wp\/v2\/types\/product"}],"wp:featuredmedia":[{"embeddable":true,"href":"https:\/\/floratiara.com\/tr\/wp-json\/wp\/v2\/media\/162"}],"wp:attachment":[{"href":"https:\/\/floratiara.com\/tr\/wp-json\/wp\/v2\/media?parent=163"}],"wp:term":[{"taxonomy":"product_brand","embeddable":true,"href":"https:\/\/floratiara.com\/tr\/wp-json\/wp\/v2\/product_brand?post=163"},{"taxonomy":"product_cat","embeddable":true,"href":"https:\/\/floratiara.com\/tr\/wp-json\/wp\/v2\/product_cat?post=163"},{"taxonomy":"product_tag","embeddable":true,"href":"https:\/\/floratiara.com\/tr\/wp-json\/wp\/v2\/product_tag?post=163"}],"curies":[{"name":"wp","href":"https:\/\/api.w.org\/{rel}","templated":true}]}}