{"id":220,"date":"2024-03-16T09:38:35","date_gmt":"2024-03-16T09:38:35","guid":{"rendered":"https:\/\/floratiara.com\/?post_type=product&#038;p=220"},"modified":"2024-12-12T01:47:22","modified_gmt":"2024-12-12T01:47:22","slug":"dugun-cicekli-sac-bandi-elegance-2","status":"publish","type":"product","link":"https:\/\/floratiara.com\/tr\/p\/dugun-cicekli-sac-bandi-elegance-2\/","title":{"rendered":"Gelin \u00c7i\u00e7ek Tac\u0131 \u015e\u0131kl\u0131\u011f\u0131 - \u015eenlikli \u00c7i\u00e7ekli Ba\u015fl\u0131klar"},"content":{"rendered":"<p>B\u00fcy\u00fcleyici bir zarafet i\u00e7in karma\u015f\u0131k bir \u015fekilde tasarlanm\u0131\u015f Gelin \u00c7i\u00e7e\u011fi Tac\u0131m\u0131z ile \u00f6zel g\u00fcn\u00fcn\u00fcze bir tutam b\u00fcy\u00fc kat\u0131n. Bozulmam\u0131\u015f beyaz \u00e7i\u00e7ekler ve canl\u0131 ye\u015fil yapraklarla tamamlanan yemye\u015fil k\u0131rm\u0131z\u0131 ve \u015feftali g\u00fclleriyle dolu bu ta\u00e7, sofistike ve do\u011fal bir \u00e7ekicilikle \u0131\u015f\u0131ld\u0131yor. \u0130ster bir gelinin sa\u00e7lar\u0131n\u0131 s\u00fcslesin, ister festival k\u0131yafetlerine \u015f\u0131kl\u0131k kats\u0131n, bu \u00e7i\u00e7ekli sa\u00e7 band\u0131 her k\u0131yafeti bir sanat eserine d\u00f6n\u00fc\u015ft\u00fcrmeyi vaat ediyor. \u0130hti\u015fam\u0131 kucaklay\u0131n ve kutlamalar\u0131n\u0131za bu bereketli, \u015fiirsel eklemeyle anlar\u0131n\u0131z\u0131 unutulmaz k\u0131l\u0131n. Bug\u00fcn el yap\u0131m\u0131 zarafet sembol\u00fcm\u00fczle g\u00fczelli\u011finizi art\u0131r\u0131n.<\/p><p>Kompozisyon: k\u0131rm\u0131z\u0131 ve \u015feftali g\u00fcller, beyaz \u00e7i\u00e7ekler, ye\u015fil yapraklar ve k\u00fc\u00e7\u00fck pembe tomurcuklar.<\/p>","protected":false},"excerpt":{"rendered":"<div style=\"width: 90%;text-align: left;margin: auto\"><p style=\"text-align:center\"><b>\ud83d\udc51 Ellerimizden Ba\u015f\u0131n\u0131za<\/b><br \/><i>Her Durum \u0130\u00e7in L\u00fcks \u00c7i\u00e7ek Ta\u00e7lar\u0131<\/i><\/p><ul><li>\u2702\ufe0f Kalbinde \u00d6zenle Haz\u0131rlanm\u0131\u015ft\u0131r <b>T\u00fcrkiye<\/b><\/li><li><b>\ud83d\udc90 Kompozisyon: k\u0131rm\u0131z\u0131 ve \u015feftali g\u00fcller, beyaz \u00e7i\u00e7ekler, ye\u015fil yapraklar ve k\u00fc\u00e7\u00fck pembe tomurcuklar.<\/b><\/li><\/ul><\/div>","protected":false},"featured_media":219,"template":"","meta":[],"product_brand":[],"product_cat":[61,77,59],"product_tag":[],"class_list":{"0":"post-220","1":"product","2":"type-product","3":"status-publish","4":"has-post-thumbnail","6":"product_cat-bridesmaid-floral-headpiece","7":"product_cat-red-floral-headpiece","8":"product_cat-bridal-floral-headpiece","10":"first","11":"instock","12":"shipping-taxable","13":"purchasable","14":"product-type-simple"},"yoast_head":"<!-- This site is optimized with the Yoast SEO plugin v25.9 - https:\/\/yoast.com\/wordpress\/plugins\/seo\/ -->\n<title>Bridal Flower Crown Elegance - Festive Floral Headwear - Flora Tiara<\/title>\n<meta name=\"description\" content=\"Unique and beautiful: Shop our Bridal Flower Crown Elegance - Festive Floral Headwear. Premium high quality headpiece to make the occasion unforgettable.\" \/>\n<meta name=\"robots\" content=\"index, follow, max-snippet:-1, max-image-preview:large, max-video-preview:-1\" \/>\n<link rel=\"canonical\" href=\"https:\/\/floratiara.com\/tr\/p\/dugun-cicekli-sac-bandi-elegance-2\/\" \/>\n<meta property=\"og:locale\" content=\"tr_TR\" \/>\n<meta property=\"og:type\" content=\"article\" \/>\n<meta property=\"og:title\" content=\"Bridal Flower Crown Elegance - Festive Floral Headwear - Flora Tiara\" \/>\n<meta property=\"og:description\" content=\"Unique and beautiful: Shop our Bridal Flower Crown Elegance - Festive Floral Headwear. Premium high quality headpiece to make the occasion unforgettable.\" \/>\n<meta property=\"og:url\" content=\"https:\/\/floratiara.com\/tr\/p\/dugun-cicekli-sac-bandi-elegance-2\/\" \/>\n<meta property=\"og:site_name\" content=\"Flora Tiara\" \/>\n<meta property=\"article:modified_time\" content=\"2024-12-12T01:47:22+00:00\" \/>\n<meta property=\"og:image\" content=\"https:\/\/floratiara.com\/wp-content\/uploads\/2024\/03\/S21cd142ed87a4aeb9a914626680932734.webp\" \/>\n\t<meta property=\"og:image:width\" content=\"1500\" \/>\n\t<meta property=\"og:image:height\" content=\"1500\" \/>\n\t<meta property=\"og:image:type\" content=\"image\/webp\" \/>\n<meta name=\"twitter:card\" content=\"summary_large_image\" \/>\n<meta name=\"twitter:label1\" content=\"Tahmini okuma s\u00fcresi\" \/>\n\t<meta name=\"twitter:data1\" content=\"1 dakika\" \/>\n<script type=\"application\/ld+json\" class=\"yoast-schema-graph\">{\"@context\":\"https:\/\/schema.org\",\"@graph\":[{\"@type\":\"WebPage\",\"@id\":\"https:\/\/floratiara.com\/p\/wedding-floral-headband-elegance-2\/\",\"url\":\"https:\/\/floratiara.com\/p\/wedding-floral-headband-elegance-2\/\",\"name\":\"Bridal Flower Crown Elegance - Festive Floral Headwear - Flora Tiara\",\"isPartOf\":{\"@id\":\"https:\/\/floratiara.com\/#website\"},\"primaryImageOfPage\":{\"@id\":\"https:\/\/floratiara.com\/p\/wedding-floral-headband-elegance-2\/#primaryimage\"},\"image\":{\"@id\":\"https:\/\/floratiara.com\/p\/wedding-floral-headband-elegance-2\/#primaryimage\"},\"thumbnailUrl\":\"https:\/\/floratiara.com\/wp-content\/uploads\/2024\/03\/S21cd142ed87a4aeb9a914626680932734.webp\",\"datePublished\":\"2024-03-16T09:38:35+00:00\",\"dateModified\":\"2024-12-12T01:47:22+00:00\",\"description\":\"Unique and beautiful: Shop our Bridal Flower Crown Elegance - Festive Floral Headwear. Premium high quality headpiece to make the occasion unforgettable.\",\"breadcrumb\":{\"@id\":\"https:\/\/floratiara.com\/p\/wedding-floral-headband-elegance-2\/#breadcrumb\"},\"inLanguage\":\"tr\",\"potentialAction\":[{\"@type\":\"ReadAction\",\"target\":[\"https:\/\/floratiara.com\/p\/wedding-floral-headband-elegance-2\/\"]}]},{\"@type\":\"ImageObject\",\"inLanguage\":\"tr\",\"@id\":\"https:\/\/floratiara.com\/p\/wedding-floral-headband-elegance-2\/#primaryimage\",\"url\":\"https:\/\/floratiara.com\/wp-content\/uploads\/2024\/03\/S21cd142ed87a4aeb9a914626680932734.webp\",\"contentUrl\":\"https:\/\/floratiara.com\/wp-content\/uploads\/2024\/03\/S21cd142ed87a4aeb9a914626680932734.webp\",\"width\":1500,\"height\":1500},{\"@type\":\"BreadcrumbList\",\"@id\":\"https:\/\/floratiara.com\/p\/wedding-floral-headband-elegance-2\/#breadcrumb\",\"itemListElement\":[{\"@type\":\"ListItem\",\"position\":1,\"name\":\"Home\",\"item\":\"https:\/\/floratiara.com\/\"},{\"@type\":\"ListItem\",\"position\":2,\"name\":\"Shop\",\"item\":\"https:\/\/floratiara.com\/shop\/\"},{\"@type\":\"ListItem\",\"position\":3,\"name\":\"Bridal Flower Crown Elegance &#8211; Festive Floral Headwear\"}]},{\"@type\":\"WebSite\",\"@id\":\"https:\/\/floratiara.com\/#website\",\"url\":\"https:\/\/floratiara.com\/\",\"name\":\"Flora Tiara\",\"description\":\"\",\"publisher\":{\"@id\":\"https:\/\/floratiara.com\/#organization\"},\"potentialAction\":[{\"@type\":\"SearchAction\",\"target\":{\"@type\":\"EntryPoint\",\"urlTemplate\":\"https:\/\/floratiara.com\/?s={search_term_string}\"},\"query-input\":{\"@type\":\"PropertyValueSpecification\",\"valueRequired\":true,\"valueName\":\"search_term_string\"}}],\"inLanguage\":\"tr\"},{\"@type\":\"Organization\",\"@id\":\"https:\/\/floratiara.com\/#organization\",\"name\":\"Flora Tiara\",\"url\":\"https:\/\/floratiara.com\/\",\"logo\":{\"@type\":\"ImageObject\",\"inLanguage\":\"tr\",\"@id\":\"https:\/\/floratiara.com\/#\/schema\/logo\/image\/\",\"url\":\"https:\/\/floratiara.com\/wp-content\/uploads\/2024\/03\/flora-tiara-logo.png\",\"contentUrl\":\"https:\/\/floratiara.com\/wp-content\/uploads\/2024\/03\/flora-tiara-logo.png\",\"width\":1024,\"height\":274,\"caption\":\"Flora Tiara\"},\"image\":{\"@id\":\"https:\/\/floratiara.com\/#\/schema\/logo\/image\/\"}}]}<\/script>\n<!-- \/ Yoast SEO plugin. -->","yoast_head_json":{"title":"Gelin \u00c7i\u00e7ek Tac\u0131 \u015e\u0131kl\u0131\u011f\u0131 - \u015eenlikli \u00c7i\u00e7ekli \u015eapkalar - Flora Tiara","description":"E\u015fsiz ve g\u00fczel: Gelin \u00c7i\u00e7ek Tac\u0131 Zarafeti - \u015eenlikli \u00c7i\u00e7ekli \u015eapkalar\u0131m\u0131z\u0131 sat\u0131n al\u0131n. Etkinli\u011fi unutulmaz k\u0131lmak i\u00e7in birinci s\u0131n\u0131f y\u00fcksek kaliteli ba\u015fl\u0131k.","robots":{"index":"index","follow":"follow","max-snippet":"max-snippet:-1","max-image-preview":"max-image-preview:large","max-video-preview":"max-video-preview:-1"},"canonical":"https:\/\/floratiara.com\/tr\/p\/dugun-cicekli-sac-bandi-elegance-2\/","og_locale":"tr_TR","og_type":"article","og_title":"Bridal Flower Crown Elegance - Festive Floral Headwear - Flora Tiara","og_description":"Unique and beautiful: Shop our Bridal Flower Crown Elegance - Festive Floral Headwear. Premium high quality headpiece to make the occasion unforgettable.","og_url":"https:\/\/floratiara.com\/tr\/p\/dugun-cicekli-sac-bandi-elegance-2\/","og_site_name":"Flora Tiara","article_modified_time":"2024-12-12T01:47:22+00:00","og_image":[{"width":1500,"height":1500,"url":"https:\/\/floratiara.com\/wp-content\/uploads\/2024\/03\/S21cd142ed87a4aeb9a914626680932734.webp","type":"image\/webp"}],"twitter_card":"summary_large_image","twitter_misc":{"Tahmini okuma s\u00fcresi":"1 dakika"},"schema":{"@context":"https:\/\/schema.org","@graph":[{"@type":"WebPage","@id":"https:\/\/floratiara.com\/p\/wedding-floral-headband-elegance-2\/","url":"https:\/\/floratiara.com\/p\/wedding-floral-headband-elegance-2\/","name":"Gelin \u00c7i\u00e7ek Tac\u0131 \u015e\u0131kl\u0131\u011f\u0131 - \u015eenlikli \u00c7i\u00e7ekli \u015eapkalar - Flora Tiara","isPartOf":{"@id":"https:\/\/floratiara.com\/#website"},"primaryImageOfPage":{"@id":"https:\/\/floratiara.com\/p\/wedding-floral-headband-elegance-2\/#primaryimage"},"image":{"@id":"https:\/\/floratiara.com\/p\/wedding-floral-headband-elegance-2\/#primaryimage"},"thumbnailUrl":"https:\/\/floratiara.com\/wp-content\/uploads\/2024\/03\/S21cd142ed87a4aeb9a914626680932734.webp","datePublished":"2024-03-16T09:38:35+00:00","dateModified":"2024-12-12T01:47:22+00:00","description":"E\u015fsiz ve g\u00fczel: Gelin \u00c7i\u00e7ek Tac\u0131 Zarafeti - \u015eenlikli \u00c7i\u00e7ekli \u015eapkalar\u0131m\u0131z\u0131 sat\u0131n al\u0131n. Etkinli\u011fi unutulmaz k\u0131lmak i\u00e7in birinci s\u0131n\u0131f y\u00fcksek kaliteli ba\u015fl\u0131k.","breadcrumb":{"@id":"https:\/\/floratiara.com\/p\/wedding-floral-headband-elegance-2\/#breadcrumb"},"inLanguage":"tr","potentialAction":[{"@type":"ReadAction","target":["https:\/\/floratiara.com\/p\/wedding-floral-headband-elegance-2\/"]}]},{"@type":"ImageObject","inLanguage":"tr","@id":"https:\/\/floratiara.com\/p\/wedding-floral-headband-elegance-2\/#primaryimage","url":"https:\/\/floratiara.com\/wp-content\/uploads\/2024\/03\/S21cd142ed87a4aeb9a914626680932734.webp","contentUrl":"https:\/\/floratiara.com\/wp-content\/uploads\/2024\/03\/S21cd142ed87a4aeb9a914626680932734.webp","width":1500,"height":1500},{"@type":"BreadcrumbList","@id":"https:\/\/floratiara.com\/p\/wedding-floral-headband-elegance-2\/#breadcrumb","itemListElement":[{"@type":"ListItem","position":1,"name":"Home","item":"https:\/\/floratiara.com\/"},{"@type":"ListItem","position":2,"name":"Shop","item":"https:\/\/floratiara.com\/shop\/"},{"@type":"ListItem","position":3,"name":"Bridal Flower Crown Elegance &#8211; Festive Floral Headwear"}]},{"@type":"WebSite","@id":"https:\/\/floratiara.com\/#website","url":"https:\/\/floratiara.com\/","name":"Flora Tiara","description":"","publisher":{"@id":"https:\/\/floratiara.com\/#organization"},"potentialAction":[{"@type":"SearchAction","target":{"@type":"EntryPoint","urlTemplate":"https:\/\/floratiara.com\/?s={search_term_string}"},"query-input":{"@type":"PropertyValueSpecification","valueRequired":true,"valueName":"search_term_string"}}],"inLanguage":"tr"},{"@type":"Organization","@id":"https:\/\/floratiara.com\/#organization","name":"Flora Tiara","url":"https:\/\/floratiara.com\/","logo":{"@type":"ImageObject","inLanguage":"tr","@id":"https:\/\/floratiara.com\/#\/schema\/logo\/image\/","url":"https:\/\/floratiara.com\/wp-content\/uploads\/2024\/03\/flora-tiara-logo.png","contentUrl":"https:\/\/floratiara.com\/wp-content\/uploads\/2024\/03\/flora-tiara-logo.png","width":1024,"height":274,"caption":"Flora Tiara"},"image":{"@id":"https:\/\/floratiara.com\/#\/schema\/logo\/image\/"}}]}},"_links":{"self":[{"href":"https:\/\/floratiara.com\/tr\/wp-json\/wp\/v2\/product\/220","targetHints":{"allow":["GET"]}}],"collection":[{"href":"https:\/\/floratiara.com\/tr\/wp-json\/wp\/v2\/product"}],"about":[{"href":"https:\/\/floratiara.com\/tr\/wp-json\/wp\/v2\/types\/product"}],"wp:featuredmedia":[{"embeddable":true,"href":"https:\/\/floratiara.com\/tr\/wp-json\/wp\/v2\/media\/219"}],"wp:attachment":[{"href":"https:\/\/floratiara.com\/tr\/wp-json\/wp\/v2\/media?parent=220"}],"wp:term":[{"taxonomy":"product_brand","embeddable":true,"href":"https:\/\/floratiara.com\/tr\/wp-json\/wp\/v2\/product_brand?post=220"},{"taxonomy":"product_cat","embeddable":true,"href":"https:\/\/floratiara.com\/tr\/wp-json\/wp\/v2\/product_cat?post=220"},{"taxonomy":"product_tag","embeddable":true,"href":"https:\/\/floratiara.com\/tr\/wp-json\/wp\/v2\/product_tag?post=220"}],"curies":[{"name":"wp","href":"https:\/\/api.w.org\/{rel}","templated":true}]}}