{"id":237,"date":"2024-03-16T09:38:53","date_gmt":"2024-03-16T09:38:53","guid":{"rendered":"https:\/\/floratiara.com\/?post_type=product&#038;p=237"},"modified":"2024-12-12T01:47:07","modified_gmt":"2024-12-12T01:47:07","slug":"gelin-cicekli-sac-bandi-celenk-2","status":"publish","type":"product","link":"https:\/\/floratiara.com\/tr\/p\/gelin-cicekli-sac-bandi-celenk-2\/","title":{"rendered":"D\u00fc\u011f\u00fcnler i\u00e7in Lavanta F\u0131s\u0131lt\u0131lar\u0131 \u00c7i\u00e7ek Tac\u0131"},"content":{"rendered":"<p>Lavanta F\u0131s\u0131lt\u0131lar\u0131 \u00c7i\u00e7ek Tac\u0131m\u0131z\u0131n ruhani zarafetiyle \u00f6zel g\u00fcn\u00fcn\u00fcz\u00fc g\u00fczelle\u015ftirin. D\u00fc\u011f\u00fcnler veya herhangi bir kutlama i\u00e7in m\u00fckemmel olan bu el yap\u0131m\u0131 ba\u015fl\u0131k, narin lavanta, zarif pembe g\u00fcller ve koyu mor \u00e7i\u00e7eklerin bir kar\u0131\u015f\u0131m\u0131na sahiptir. Yemye\u015fil ye\u015fillik, sa\u00e7\u0131n\u0131za \u015fiirsel bir renk uyumu yaratarak do\u011fal bir \u00e7ekicilik katar. \u0130ster yumu\u015fak dalgalarla ister l\u00fcks bir kabar\u0131kl\u0131kla \u015fekillendirilmi\u015f olsun, bu \u00e7i\u00e7ekli \u00e7elenk tak\u0131m\u0131n\u0131z\u0131 y\u00fckseltmeyi vaat ederek a\u015fk ve romantizm kutlaman\u0131za kar\u015f\u0131 konulmaz bir katk\u0131 sa\u011flar. Bu \u00e7i\u00e7ek \u015faheseri ile an\u0131n\u0131z\u0131 kucaklay\u0131n.<\/p><p>Kompozisyon: lavanta, pembe minyat\u00fcr g\u00fcller, koyu mor \u00e7i\u00e7ekler, ye\u015fil yapraklar.<\/p>","protected":false},"excerpt":{"rendered":"<div style=\"width: 90%;text-align: left;margin: auto\"><p style=\"text-align:center\"><b>\ud83d\udc51 Ellerimizden Ba\u015f\u0131n\u0131za<\/b><br \/><i>Her Durum \u0130\u00e7in L\u00fcks \u00c7i\u00e7ek Ta\u00e7lar\u0131<\/i><\/p><ul><li>\u2702\ufe0f Kalbinde \u00d6zenle Haz\u0131rlanm\u0131\u015ft\u0131r <b>T\u00fcrkiye<\/b><\/li><li><b>\ud83d\udc90 Kompozisyon: lavanta, pembe minyat\u00fcr g\u00fcller, koyu mor \u00e7i\u00e7ekler, ye\u015fil yapraklar.<\/b><\/li><\/ul><\/div>","protected":false},"featured_media":236,"template":"","meta":[],"product_brand":[],"product_cat":[74,59],"product_tag":[],"class_list":{"0":"post-237","1":"product","2":"type-product","3":"status-publish","4":"has-post-thumbnail","6":"product_cat-purple-floral-headpiece","7":"product_cat-bridal-floral-headpiece","9":"first","10":"instock","11":"shipping-taxable","12":"purchasable","13":"product-type-simple"},"yoast_head":"<!-- This site is optimized with the Yoast SEO plugin v25.9 - https:\/\/yoast.com\/wordpress\/plugins\/seo\/ -->\n<title>Lavender Whispers Flower Crown for Weddings - Flora Tiara<\/title>\n<meta name=\"description\" content=\"Unique and beautiful: Shop our Lavender Whispers Flower Crown for Weddings. Premium high quality headpiece to make the occasion unforgettable.\" \/>\n<meta name=\"robots\" content=\"index, follow, max-snippet:-1, max-image-preview:large, max-video-preview:-1\" \/>\n<link rel=\"canonical\" href=\"https:\/\/floratiara.com\/tr\/p\/gelin-cicekli-sac-bandi-celenk-2\/\" \/>\n<meta property=\"og:locale\" content=\"tr_TR\" \/>\n<meta property=\"og:type\" content=\"article\" \/>\n<meta property=\"og:title\" content=\"Lavender Whispers Flower Crown for Weddings - Flora Tiara\" \/>\n<meta property=\"og:description\" content=\"Unique and beautiful: Shop our Lavender Whispers Flower Crown for Weddings. Premium high quality headpiece to make the occasion unforgettable.\" \/>\n<meta property=\"og:url\" content=\"https:\/\/floratiara.com\/tr\/p\/gelin-cicekli-sac-bandi-celenk-2\/\" \/>\n<meta property=\"og:site_name\" content=\"Flora Tiara\" \/>\n<meta property=\"article:modified_time\" content=\"2024-12-12T01:47:07+00:00\" \/>\n<meta property=\"og:image\" content=\"https:\/\/floratiara.com\/wp-content\/uploads\/2024\/03\/Sf73d1a7cdc35488886ce1282d51d4d70K.webp\" \/>\n\t<meta property=\"og:image:width\" content=\"1500\" \/>\n\t<meta property=\"og:image:height\" content=\"1500\" \/>\n\t<meta property=\"og:image:type\" content=\"image\/webp\" \/>\n<meta name=\"twitter:card\" content=\"summary_large_image\" \/>\n<meta name=\"twitter:label1\" content=\"Tahmini okuma s\u00fcresi\" \/>\n\t<meta name=\"twitter:data1\" content=\"2 dakika\" \/>\n<script type=\"application\/ld+json\" class=\"yoast-schema-graph\">{\"@context\":\"https:\/\/schema.org\",\"@graph\":[{\"@type\":\"WebPage\",\"@id\":\"https:\/\/floratiara.com\/p\/bridal-floral-headband-garland-2\/\",\"url\":\"https:\/\/floratiara.com\/p\/bridal-floral-headband-garland-2\/\",\"name\":\"Lavender Whispers Flower Crown for Weddings - Flora Tiara\",\"isPartOf\":{\"@id\":\"https:\/\/floratiara.com\/#website\"},\"primaryImageOfPage\":{\"@id\":\"https:\/\/floratiara.com\/p\/bridal-floral-headband-garland-2\/#primaryimage\"},\"image\":{\"@id\":\"https:\/\/floratiara.com\/p\/bridal-floral-headband-garland-2\/#primaryimage\"},\"thumbnailUrl\":\"https:\/\/floratiara.com\/wp-content\/uploads\/2024\/03\/Sf73d1a7cdc35488886ce1282d51d4d70K.webp\",\"datePublished\":\"2024-03-16T09:38:53+00:00\",\"dateModified\":\"2024-12-12T01:47:07+00:00\",\"description\":\"Unique and beautiful: Shop our Lavender Whispers Flower Crown for Weddings. Premium high quality headpiece to make the occasion unforgettable.\",\"breadcrumb\":{\"@id\":\"https:\/\/floratiara.com\/p\/bridal-floral-headband-garland-2\/#breadcrumb\"},\"inLanguage\":\"tr\",\"potentialAction\":[{\"@type\":\"ReadAction\",\"target\":[\"https:\/\/floratiara.com\/p\/bridal-floral-headband-garland-2\/\"]}]},{\"@type\":\"ImageObject\",\"inLanguage\":\"tr\",\"@id\":\"https:\/\/floratiara.com\/p\/bridal-floral-headband-garland-2\/#primaryimage\",\"url\":\"https:\/\/floratiara.com\/wp-content\/uploads\/2024\/03\/Sf73d1a7cdc35488886ce1282d51d4d70K.webp\",\"contentUrl\":\"https:\/\/floratiara.com\/wp-content\/uploads\/2024\/03\/Sf73d1a7cdc35488886ce1282d51d4d70K.webp\",\"width\":1500,\"height\":1500},{\"@type\":\"BreadcrumbList\",\"@id\":\"https:\/\/floratiara.com\/p\/bridal-floral-headband-garland-2\/#breadcrumb\",\"itemListElement\":[{\"@type\":\"ListItem\",\"position\":1,\"name\":\"Home\",\"item\":\"https:\/\/floratiara.com\/\"},{\"@type\":\"ListItem\",\"position\":2,\"name\":\"Shop\",\"item\":\"https:\/\/floratiara.com\/shop\/\"},{\"@type\":\"ListItem\",\"position\":3,\"name\":\"Lavender Whispers Flower Crown for Weddings\"}]},{\"@type\":\"WebSite\",\"@id\":\"https:\/\/floratiara.com\/#website\",\"url\":\"https:\/\/floratiara.com\/\",\"name\":\"Flora Tiara\",\"description\":\"\",\"publisher\":{\"@id\":\"https:\/\/floratiara.com\/#organization\"},\"potentialAction\":[{\"@type\":\"SearchAction\",\"target\":{\"@type\":\"EntryPoint\",\"urlTemplate\":\"https:\/\/floratiara.com\/?s={search_term_string}\"},\"query-input\":{\"@type\":\"PropertyValueSpecification\",\"valueRequired\":true,\"valueName\":\"search_term_string\"}}],\"inLanguage\":\"tr\"},{\"@type\":\"Organization\",\"@id\":\"https:\/\/floratiara.com\/#organization\",\"name\":\"Flora Tiara\",\"url\":\"https:\/\/floratiara.com\/\",\"logo\":{\"@type\":\"ImageObject\",\"inLanguage\":\"tr\",\"@id\":\"https:\/\/floratiara.com\/#\/schema\/logo\/image\/\",\"url\":\"https:\/\/floratiara.com\/wp-content\/uploads\/2024\/03\/flora-tiara-logo.png\",\"contentUrl\":\"https:\/\/floratiara.com\/wp-content\/uploads\/2024\/03\/flora-tiara-logo.png\",\"width\":1024,\"height\":274,\"caption\":\"Flora Tiara\"},\"image\":{\"@id\":\"https:\/\/floratiara.com\/#\/schema\/logo\/image\/\"}}]}<\/script>\n<!-- \/ Yoast SEO plugin. -->","yoast_head_json":{"title":"Lavanta F\u0131s\u0131lt\u0131lar\u0131 D\u00fc\u011f\u00fcnler i\u00e7in \u00c7i\u00e7ek Tac\u0131 - Flora Tiara","description":"E\u015fsiz ve g\u00fczel: D\u00fc\u011f\u00fcnler i\u00e7in Lavanta F\u0131s\u0131lt\u0131lar\u0131 \u00c7i\u00e7ek Tac\u0131m\u0131z\u0131 sat\u0131n al\u0131n. D\u00fc\u011f\u00fcnleri unutulmaz k\u0131lmak i\u00e7in birinci s\u0131n\u0131f y\u00fcksek kaliteli ba\u015fl\u0131k.","robots":{"index":"index","follow":"follow","max-snippet":"max-snippet:-1","max-image-preview":"max-image-preview:large","max-video-preview":"max-video-preview:-1"},"canonical":"https:\/\/floratiara.com\/tr\/p\/gelin-cicekli-sac-bandi-celenk-2\/","og_locale":"tr_TR","og_type":"article","og_title":"Lavender Whispers Flower Crown for Weddings - Flora Tiara","og_description":"Unique and beautiful: Shop our Lavender Whispers Flower Crown for Weddings. Premium high quality headpiece to make the occasion unforgettable.","og_url":"https:\/\/floratiara.com\/tr\/p\/gelin-cicekli-sac-bandi-celenk-2\/","og_site_name":"Flora Tiara","article_modified_time":"2024-12-12T01:47:07+00:00","og_image":[{"width":1500,"height":1500,"url":"https:\/\/floratiara.com\/wp-content\/uploads\/2024\/03\/Sf73d1a7cdc35488886ce1282d51d4d70K.webp","type":"image\/webp"}],"twitter_card":"summary_large_image","twitter_misc":{"Tahmini okuma s\u00fcresi":"2 dakika"},"schema":{"@context":"https:\/\/schema.org","@graph":[{"@type":"WebPage","@id":"https:\/\/floratiara.com\/p\/bridal-floral-headband-garland-2\/","url":"https:\/\/floratiara.com\/p\/bridal-floral-headband-garland-2\/","name":"Lavanta F\u0131s\u0131lt\u0131lar\u0131 D\u00fc\u011f\u00fcnler i\u00e7in \u00c7i\u00e7ek Tac\u0131 - Flora Tiara","isPartOf":{"@id":"https:\/\/floratiara.com\/#website"},"primaryImageOfPage":{"@id":"https:\/\/floratiara.com\/p\/bridal-floral-headband-garland-2\/#primaryimage"},"image":{"@id":"https:\/\/floratiara.com\/p\/bridal-floral-headband-garland-2\/#primaryimage"},"thumbnailUrl":"https:\/\/floratiara.com\/wp-content\/uploads\/2024\/03\/Sf73d1a7cdc35488886ce1282d51d4d70K.webp","datePublished":"2024-03-16T09:38:53+00:00","dateModified":"2024-12-12T01:47:07+00:00","description":"E\u015fsiz ve g\u00fczel: D\u00fc\u011f\u00fcnler i\u00e7in Lavanta F\u0131s\u0131lt\u0131lar\u0131 \u00c7i\u00e7ek Tac\u0131m\u0131z\u0131 sat\u0131n al\u0131n. D\u00fc\u011f\u00fcnleri unutulmaz k\u0131lmak i\u00e7in birinci s\u0131n\u0131f y\u00fcksek kaliteli ba\u015fl\u0131k.","breadcrumb":{"@id":"https:\/\/floratiara.com\/p\/bridal-floral-headband-garland-2\/#breadcrumb"},"inLanguage":"tr","potentialAction":[{"@type":"ReadAction","target":["https:\/\/floratiara.com\/p\/bridal-floral-headband-garland-2\/"]}]},{"@type":"ImageObject","inLanguage":"tr","@id":"https:\/\/floratiara.com\/p\/bridal-floral-headband-garland-2\/#primaryimage","url":"https:\/\/floratiara.com\/wp-content\/uploads\/2024\/03\/Sf73d1a7cdc35488886ce1282d51d4d70K.webp","contentUrl":"https:\/\/floratiara.com\/wp-content\/uploads\/2024\/03\/Sf73d1a7cdc35488886ce1282d51d4d70K.webp","width":1500,"height":1500},{"@type":"BreadcrumbList","@id":"https:\/\/floratiara.com\/p\/bridal-floral-headband-garland-2\/#breadcrumb","itemListElement":[{"@type":"ListItem","position":1,"name":"Home","item":"https:\/\/floratiara.com\/"},{"@type":"ListItem","position":2,"name":"Shop","item":"https:\/\/floratiara.com\/shop\/"},{"@type":"ListItem","position":3,"name":"Lavender Whispers Flower Crown for Weddings"}]},{"@type":"WebSite","@id":"https:\/\/floratiara.com\/#website","url":"https:\/\/floratiara.com\/","name":"Flora Tiara","description":"","publisher":{"@id":"https:\/\/floratiara.com\/#organization"},"potentialAction":[{"@type":"SearchAction","target":{"@type":"EntryPoint","urlTemplate":"https:\/\/floratiara.com\/?s={search_term_string}"},"query-input":{"@type":"PropertyValueSpecification","valueRequired":true,"valueName":"search_term_string"}}],"inLanguage":"tr"},{"@type":"Organization","@id":"https:\/\/floratiara.com\/#organization","name":"Flora Tiara","url":"https:\/\/floratiara.com\/","logo":{"@type":"ImageObject","inLanguage":"tr","@id":"https:\/\/floratiara.com\/#\/schema\/logo\/image\/","url":"https:\/\/floratiara.com\/wp-content\/uploads\/2024\/03\/flora-tiara-logo.png","contentUrl":"https:\/\/floratiara.com\/wp-content\/uploads\/2024\/03\/flora-tiara-logo.png","width":1024,"height":274,"caption":"Flora Tiara"},"image":{"@id":"https:\/\/floratiara.com\/#\/schema\/logo\/image\/"}}]}},"_links":{"self":[{"href":"https:\/\/floratiara.com\/tr\/wp-json\/wp\/v2\/product\/237","targetHints":{"allow":["GET"]}}],"collection":[{"href":"https:\/\/floratiara.com\/tr\/wp-json\/wp\/v2\/product"}],"about":[{"href":"https:\/\/floratiara.com\/tr\/wp-json\/wp\/v2\/types\/product"}],"wp:featuredmedia":[{"embeddable":true,"href":"https:\/\/floratiara.com\/tr\/wp-json\/wp\/v2\/media\/236"}],"wp:attachment":[{"href":"https:\/\/floratiara.com\/tr\/wp-json\/wp\/v2\/media?parent=237"}],"wp:term":[{"taxonomy":"product_brand","embeddable":true,"href":"https:\/\/floratiara.com\/tr\/wp-json\/wp\/v2\/product_brand?post=237"},{"taxonomy":"product_cat","embeddable":true,"href":"https:\/\/floratiara.com\/tr\/wp-json\/wp\/v2\/product_cat?post=237"},{"taxonomy":"product_tag","embeddable":true,"href":"https:\/\/floratiara.com\/tr\/wp-json\/wp\/v2\/product_tag?post=237"}],"curies":[{"name":"wp","href":"https:\/\/api.w.org\/{rel}","templated":true}]}}