{"id":285,"date":"2024-03-16T09:40:03","date_gmt":"2024-03-16T09:40:03","guid":{"rendered":"https:\/\/floratiara.com\/?post_type=product&#038;p=285"},"modified":"2024-12-12T01:46:13","modified_gmt":"2024-12-12T01:46:13","slug":"muhtesem-dugun-ci%cc%87cekli%cc%87-baslik-tasli","status":"publish","type":"product","link":"https:\/\/floratiara.com\/tr\/p\/muhtesem-dugun-ci%cc%87cekli%cc%87-baslik-tasli\/","title":{"rendered":"Gelin \u015e\u0131kl\u0131\u011f\u0131 i\u00e7in B\u00fcy\u00fcl\u00fc Leylak \u00c7i\u00e7e\u011fi Ta\u00e7"},"content":{"rendered":"<p>Zarafet ve \u00e7ekicili\u011fin b\u00fcy\u00fcleyici bir kar\u0131\u015f\u0131m\u0131 olan B\u00fcy\u00fcl\u00fc Leylak \u00c7i\u00e7e\u011fi Ta\u00e7 ile buklelerinizi s\u00fcsleyin. Hem gelinler hem de bah\u00e7e partisi misafirleri i\u00e7in m\u00fckemmel olan bu el yap\u0131m\u0131 ba\u015fl\u0131kta yemye\u015fil leylaklar, narin pembe mum \u00e7i\u00e7ekleri ve yemye\u015fil yapraklar bulunur. Alt\u0131n telkari ile \u00e7evrelenmi\u015f g\u00f6ze \u00e7arpan k\u0131rm\u0131z\u0131 de\u011ferli ta\u015f, her sa\u00e7 stilini g\u00fczelden nefes kesiciye y\u00fckseltir. Zamans\u0131z an\u0131lara ilham vermeyi ve b\u00fcy\u00fclemeyi vaat eden bu g\u00f6steri\u015fli par\u00e7a ile \u00f6zel g\u00fcn\u00fcn\u00fcz\u00fcn g\u00f6r\u00fcn\u00fcm\u00fcn\u00fc y\u00fckseltin. Bu par\u00e7an\u0131n sofistikeli\u011fini kucaklay\u0131n ve varl\u0131\u011f\u0131n\u0131z\u0131 b\u00fcy\u00fcleyici bir masal asaletine d\u00f6n\u00fc\u015ft\u00fcr\u00fcn.<\/p><p>Kompozisyon: beyaz ve mor leylak, pembe mum \u00e7i\u00e7ekleri, ye\u015fil yapraklar, k\u0131rm\u0131z\u0131 de\u011ferli ta\u015f ve alt\u0131n telkari merkez par\u00e7as\u0131yla s\u00fcslenmi\u015ftir.<\/p>","protected":false},"excerpt":{"rendered":"<div style=\"width: 90%;text-align: left;margin: auto\"><p style=\"text-align:center\"><b>\ud83d\udc51 Ellerimizden Ba\u015f\u0131n\u0131za<\/b><br \/><i>Her Durum \u0130\u00e7in L\u00fcks \u00c7i\u00e7ek Ta\u00e7lar\u0131<\/i><\/p><ul><li>\u2702\ufe0f Kalbinde \u00d6zenle Haz\u0131rlanm\u0131\u015ft\u0131r <b>T\u00fcrkiye<\/b><\/li><li><b>\ud83d\udc90 Kompozisyon: beyaz ve mor leylak, pembe mum \u00e7i\u00e7ekleri, ye\u015fil yapraklar, k\u0131rm\u0131z\u0131 de\u011ferli ta\u015f ve alt\u0131n telkari merkez par\u00e7as\u0131yla s\u00fcslenmi\u015ftir.<\/b><\/li><\/ul><\/div>","protected":false},"featured_media":284,"template":"","meta":[],"product_brand":[],"product_cat":[59],"product_tag":[],"class_list":{"0":"post-285","1":"product","2":"type-product","3":"status-publish","4":"has-post-thumbnail","6":"product_cat-bridal-floral-headpiece","8":"first","9":"instock","10":"shipping-taxable","11":"purchasable","12":"product-type-simple"},"yoast_head":"<!-- This site is optimized with the Yoast SEO plugin v25.9 - https:\/\/yoast.com\/wordpress\/plugins\/seo\/ -->\n<title>Enchanted Lilac Flower Crown for Bridal Elegance - Flora Tiara<\/title>\n<meta name=\"description\" content=\"Unique and beautiful: Shop our Enchanted Lilac Flower Crown for Bridal Elegance. Premium high quality headpiece to make the occasion unforgettable.\" \/>\n<meta name=\"robots\" content=\"index, follow, max-snippet:-1, max-image-preview:large, max-video-preview:-1\" \/>\n<link rel=\"canonical\" href=\"https:\/\/floratiara.com\/tr\/p\/muhtesem-dugun-ci\u0307cekli\u0307-baslik-tasli\/\" \/>\n<meta property=\"og:locale\" content=\"tr_TR\" \/>\n<meta property=\"og:type\" content=\"article\" \/>\n<meta property=\"og:title\" content=\"Enchanted Lilac Flower Crown for Bridal Elegance - Flora Tiara\" \/>\n<meta property=\"og:description\" content=\"Unique and beautiful: Shop our Enchanted Lilac Flower Crown for Bridal Elegance. Premium high quality headpiece to make the occasion unforgettable.\" \/>\n<meta property=\"og:url\" content=\"https:\/\/floratiara.com\/tr\/p\/muhtesem-dugun-ci\u0307cekli\u0307-baslik-tasli\/\" \/>\n<meta property=\"og:site_name\" content=\"Flora Tiara\" \/>\n<meta property=\"article:modified_time\" content=\"2024-12-12T01:46:13+00:00\" \/>\n<meta property=\"og:image\" content=\"https:\/\/floratiara.com\/wp-content\/uploads\/2024\/03\/Sd34a884bbb6e4c4f983d2cfecff80f86M.webp\" \/>\n\t<meta property=\"og:image:width\" content=\"1500\" \/>\n\t<meta property=\"og:image:height\" content=\"1500\" \/>\n\t<meta property=\"og:image:type\" content=\"image\/webp\" \/>\n<meta name=\"twitter:card\" content=\"summary_large_image\" \/>\n<meta name=\"twitter:label1\" content=\"Tahmini okuma s\u00fcresi\" \/>\n\t<meta name=\"twitter:data1\" content=\"2 dakika\" \/>\n<script type=\"application\/ld+json\" class=\"yoast-schema-graph\">{\"@context\":\"https:\/\/schema.org\",\"@graph\":[{\"@type\":\"WebPage\",\"@id\":\"https:\/\/floratiara.com\/p\/regal-wedding-floral-headwear-gemstone\/\",\"url\":\"https:\/\/floratiara.com\/p\/regal-wedding-floral-headwear-gemstone\/\",\"name\":\"Enchanted Lilac Flower Crown for Bridal Elegance - Flora Tiara\",\"isPartOf\":{\"@id\":\"https:\/\/floratiara.com\/#website\"},\"primaryImageOfPage\":{\"@id\":\"https:\/\/floratiara.com\/p\/regal-wedding-floral-headwear-gemstone\/#primaryimage\"},\"image\":{\"@id\":\"https:\/\/floratiara.com\/p\/regal-wedding-floral-headwear-gemstone\/#primaryimage\"},\"thumbnailUrl\":\"https:\/\/floratiara.com\/wp-content\/uploads\/2024\/03\/Sd34a884bbb6e4c4f983d2cfecff80f86M.webp\",\"datePublished\":\"2024-03-16T09:40:03+00:00\",\"dateModified\":\"2024-12-12T01:46:13+00:00\",\"description\":\"Unique and beautiful: Shop our Enchanted Lilac Flower Crown for Bridal Elegance. Premium high quality headpiece to make the occasion unforgettable.\",\"breadcrumb\":{\"@id\":\"https:\/\/floratiara.com\/p\/regal-wedding-floral-headwear-gemstone\/#breadcrumb\"},\"inLanguage\":\"tr\",\"potentialAction\":[{\"@type\":\"ReadAction\",\"target\":[\"https:\/\/floratiara.com\/p\/regal-wedding-floral-headwear-gemstone\/\"]}]},{\"@type\":\"ImageObject\",\"inLanguage\":\"tr\",\"@id\":\"https:\/\/floratiara.com\/p\/regal-wedding-floral-headwear-gemstone\/#primaryimage\",\"url\":\"https:\/\/floratiara.com\/wp-content\/uploads\/2024\/03\/Sd34a884bbb6e4c4f983d2cfecff80f86M.webp\",\"contentUrl\":\"https:\/\/floratiara.com\/wp-content\/uploads\/2024\/03\/Sd34a884bbb6e4c4f983d2cfecff80f86M.webp\",\"width\":1500,\"height\":1500},{\"@type\":\"BreadcrumbList\",\"@id\":\"https:\/\/floratiara.com\/p\/regal-wedding-floral-headwear-gemstone\/#breadcrumb\",\"itemListElement\":[{\"@type\":\"ListItem\",\"position\":1,\"name\":\"Home\",\"item\":\"https:\/\/floratiara.com\/\"},{\"@type\":\"ListItem\",\"position\":2,\"name\":\"Shop\",\"item\":\"https:\/\/floratiara.com\/shop\/\"},{\"@type\":\"ListItem\",\"position\":3,\"name\":\"Enchanted Lilac Flower Crown for Bridal Elegance\"}]},{\"@type\":\"WebSite\",\"@id\":\"https:\/\/floratiara.com\/#website\",\"url\":\"https:\/\/floratiara.com\/\",\"name\":\"Flora Tiara\",\"description\":\"\",\"publisher\":{\"@id\":\"https:\/\/floratiara.com\/#organization\"},\"potentialAction\":[{\"@type\":\"SearchAction\",\"target\":{\"@type\":\"EntryPoint\",\"urlTemplate\":\"https:\/\/floratiara.com\/?s={search_term_string}\"},\"query-input\":{\"@type\":\"PropertyValueSpecification\",\"valueRequired\":true,\"valueName\":\"search_term_string\"}}],\"inLanguage\":\"tr\"},{\"@type\":\"Organization\",\"@id\":\"https:\/\/floratiara.com\/#organization\",\"name\":\"Flora Tiara\",\"url\":\"https:\/\/floratiara.com\/\",\"logo\":{\"@type\":\"ImageObject\",\"inLanguage\":\"tr\",\"@id\":\"https:\/\/floratiara.com\/#\/schema\/logo\/image\/\",\"url\":\"https:\/\/floratiara.com\/wp-content\/uploads\/2024\/03\/flora-tiara-logo.png\",\"contentUrl\":\"https:\/\/floratiara.com\/wp-content\/uploads\/2024\/03\/flora-tiara-logo.png\",\"width\":1024,\"height\":274,\"caption\":\"Flora Tiara\"},\"image\":{\"@id\":\"https:\/\/floratiara.com\/#\/schema\/logo\/image\/\"}}]}<\/script>\n<!-- \/ Yoast SEO plugin. -->","yoast_head_json":{"title":"Gelin \u015e\u0131kl\u0131\u011f\u0131 i\u00e7in B\u00fcy\u00fcl\u00fc Leylak \u00c7i\u00e7ek Ta\u00e7 - Flora Tiara","description":"E\u015fsiz ve g\u00fczel: Gelin \u015e\u0131kl\u0131\u011f\u0131 i\u00e7in B\u00fcy\u00fcl\u00fc Leylak \u00c7i\u00e7e\u011fi Tac\u0131m\u0131z\u0131 sat\u0131n al\u0131n. Etkinli\u011fi unutulmaz k\u0131lmak i\u00e7in birinci s\u0131n\u0131f y\u00fcksek kaliteli ba\u015fl\u0131k.","robots":{"index":"index","follow":"follow","max-snippet":"max-snippet:-1","max-image-preview":"max-image-preview:large","max-video-preview":"max-video-preview:-1"},"canonical":"https:\/\/floratiara.com\/tr\/p\/muhtesem-dugun-ci\u0307cekli\u0307-baslik-tasli\/","og_locale":"tr_TR","og_type":"article","og_title":"Enchanted Lilac Flower Crown for Bridal Elegance - Flora Tiara","og_description":"Unique and beautiful: Shop our Enchanted Lilac Flower Crown for Bridal Elegance. Premium high quality headpiece to make the occasion unforgettable.","og_url":"https:\/\/floratiara.com\/tr\/p\/muhtesem-dugun-ci\u0307cekli\u0307-baslik-tasli\/","og_site_name":"Flora Tiara","article_modified_time":"2024-12-12T01:46:13+00:00","og_image":[{"width":1500,"height":1500,"url":"https:\/\/floratiara.com\/wp-content\/uploads\/2024\/03\/Sd34a884bbb6e4c4f983d2cfecff80f86M.webp","type":"image\/webp"}],"twitter_card":"summary_large_image","twitter_misc":{"Tahmini okuma s\u00fcresi":"2 dakika"},"schema":{"@context":"https:\/\/schema.org","@graph":[{"@type":"WebPage","@id":"https:\/\/floratiara.com\/p\/regal-wedding-floral-headwear-gemstone\/","url":"https:\/\/floratiara.com\/p\/regal-wedding-floral-headwear-gemstone\/","name":"Gelin \u015e\u0131kl\u0131\u011f\u0131 i\u00e7in B\u00fcy\u00fcl\u00fc Leylak \u00c7i\u00e7ek Ta\u00e7 - Flora Tiara","isPartOf":{"@id":"https:\/\/floratiara.com\/#website"},"primaryImageOfPage":{"@id":"https:\/\/floratiara.com\/p\/regal-wedding-floral-headwear-gemstone\/#primaryimage"},"image":{"@id":"https:\/\/floratiara.com\/p\/regal-wedding-floral-headwear-gemstone\/#primaryimage"},"thumbnailUrl":"https:\/\/floratiara.com\/wp-content\/uploads\/2024\/03\/Sd34a884bbb6e4c4f983d2cfecff80f86M.webp","datePublished":"2024-03-16T09:40:03+00:00","dateModified":"2024-12-12T01:46:13+00:00","description":"E\u015fsiz ve g\u00fczel: Gelin \u015e\u0131kl\u0131\u011f\u0131 i\u00e7in B\u00fcy\u00fcl\u00fc Leylak \u00c7i\u00e7e\u011fi Tac\u0131m\u0131z\u0131 sat\u0131n al\u0131n. Etkinli\u011fi unutulmaz k\u0131lmak i\u00e7in birinci s\u0131n\u0131f y\u00fcksek kaliteli ba\u015fl\u0131k.","breadcrumb":{"@id":"https:\/\/floratiara.com\/p\/regal-wedding-floral-headwear-gemstone\/#breadcrumb"},"inLanguage":"tr","potentialAction":[{"@type":"ReadAction","target":["https:\/\/floratiara.com\/p\/regal-wedding-floral-headwear-gemstone\/"]}]},{"@type":"ImageObject","inLanguage":"tr","@id":"https:\/\/floratiara.com\/p\/regal-wedding-floral-headwear-gemstone\/#primaryimage","url":"https:\/\/floratiara.com\/wp-content\/uploads\/2024\/03\/Sd34a884bbb6e4c4f983d2cfecff80f86M.webp","contentUrl":"https:\/\/floratiara.com\/wp-content\/uploads\/2024\/03\/Sd34a884bbb6e4c4f983d2cfecff80f86M.webp","width":1500,"height":1500},{"@type":"BreadcrumbList","@id":"https:\/\/floratiara.com\/p\/regal-wedding-floral-headwear-gemstone\/#breadcrumb","itemListElement":[{"@type":"ListItem","position":1,"name":"Home","item":"https:\/\/floratiara.com\/"},{"@type":"ListItem","position":2,"name":"Shop","item":"https:\/\/floratiara.com\/shop\/"},{"@type":"ListItem","position":3,"name":"Enchanted Lilac Flower Crown for Bridal Elegance"}]},{"@type":"WebSite","@id":"https:\/\/floratiara.com\/#website","url":"https:\/\/floratiara.com\/","name":"Flora Tiara","description":"","publisher":{"@id":"https:\/\/floratiara.com\/#organization"},"potentialAction":[{"@type":"SearchAction","target":{"@type":"EntryPoint","urlTemplate":"https:\/\/floratiara.com\/?s={search_term_string}"},"query-input":{"@type":"PropertyValueSpecification","valueRequired":true,"valueName":"search_term_string"}}],"inLanguage":"tr"},{"@type":"Organization","@id":"https:\/\/floratiara.com\/#organization","name":"Flora Tiara","url":"https:\/\/floratiara.com\/","logo":{"@type":"ImageObject","inLanguage":"tr","@id":"https:\/\/floratiara.com\/#\/schema\/logo\/image\/","url":"https:\/\/floratiara.com\/wp-content\/uploads\/2024\/03\/flora-tiara-logo.png","contentUrl":"https:\/\/floratiara.com\/wp-content\/uploads\/2024\/03\/flora-tiara-logo.png","width":1024,"height":274,"caption":"Flora Tiara"},"image":{"@id":"https:\/\/floratiara.com\/#\/schema\/logo\/image\/"}}]}},"_links":{"self":[{"href":"https:\/\/floratiara.com\/tr\/wp-json\/wp\/v2\/product\/285","targetHints":{"allow":["GET"]}}],"collection":[{"href":"https:\/\/floratiara.com\/tr\/wp-json\/wp\/v2\/product"}],"about":[{"href":"https:\/\/floratiara.com\/tr\/wp-json\/wp\/v2\/types\/product"}],"wp:featuredmedia":[{"embeddable":true,"href":"https:\/\/floratiara.com\/tr\/wp-json\/wp\/v2\/media\/284"}],"wp:attachment":[{"href":"https:\/\/floratiara.com\/tr\/wp-json\/wp\/v2\/media?parent=285"}],"wp:term":[{"taxonomy":"product_brand","embeddable":true,"href":"https:\/\/floratiara.com\/tr\/wp-json\/wp\/v2\/product_brand?post=285"},{"taxonomy":"product_cat","embeddable":true,"href":"https:\/\/floratiara.com\/tr\/wp-json\/wp\/v2\/product_cat?post=285"},{"taxonomy":"product_tag","embeddable":true,"href":"https:\/\/floratiara.com\/tr\/wp-json\/wp\/v2\/product_tag?post=285"}],"curies":[{"name":"wp","href":"https:\/\/api.w.org\/{rel}","templated":true}]}}