{"id":311,"date":"2024-03-16T09:40:43","date_gmt":"2024-03-16T09:40:43","guid":{"rendered":"https:\/\/floratiara.com\/?post_type=product&#038;p=311"},"modified":"2024-12-12T01:45:42","modified_gmt":"2024-12-12T01:45:42","slug":"cicek-acan-gelin-saci-celenk","status":"publish","type":"product","link":"https:\/\/floratiara.com\/tr\/p\/cicek-acan-gelin-saci-celenk\/","title":{"rendered":"B\u00fcy\u00fcl\u00fc \u00c7i\u00e7ekli Ta\u00e7 D\u00fc\u011f\u00fcn Gelin Ba\u015fl\u0131\u011f\u0131"},"content":{"rendered":"<p>Do\u011fan\u0131n ihti\u015fam\u0131ndan bir dokunu\u015f arayan her gelin i\u00e7in m\u00fckemmel bir aksesuar olan B\u00fcy\u00fcl\u00fc \u00c7i\u00e7ekli Ta\u00e7 ile \u0131\u015f\u0131lt\u0131n\u0131z\u0131 kucaklay\u0131n. Sar\u0131 g\u00fcller, beyaz ve pembe frezyalar ve yemye\u015fil ye\u015filliklerin i\u00e7 i\u00e7e ge\u00e7ti\u011fi bu el yap\u0131m\u0131 ba\u015fl\u0131k, romantizm ve sofistike bir g\u00f6r\u00fcn\u00fcm sergiliyor. Her bir yapay \u00e7i\u00e7ek, bir bahar bah\u00e7esinin evcille\u015fmemi\u015f g\u00fczelli\u011fini yans\u0131tacak \u015fekilde titizlikle se\u00e7ilmi\u015ftir ve d\u00f6rt mevsim kullan\u0131m i\u00e7in dayan\u0131kl\u0131l\u0131k sa\u011flar. \u0130ster bir d\u00fc\u011f\u00fcn koridorunu s\u00fcslesin ister g\u00fcndelik bir k\u0131yafeti canland\u0131rs\u0131n, bu \u00e7i\u00e7ekli ta\u00e7 ne\u015fe sa\u00e7acak ve g\u00f6r\u00fcn\u00fcm\u00fcn\u00fcz\u00fc y\u00fckseltecektir. \u00c7i\u00e7ek zarafetinin \u00f6z\u00fcn\u00fc yakalay\u0131n ve bu zarif ba\u015fl\u0131kla \u00f6zel anlar\u0131n\u0131z\u0131 ger\u00e7ekten unutulmaz k\u0131l\u0131n.<\/p><p>Kompozisyon: sar\u0131 g\u00fcller, beyaz ve pembe frezya, beyaz dolgu \u00e7i\u00e7ekleri, ye\u015fil yapraklar ve ye\u015fillik.<\/p>","protected":false},"excerpt":{"rendered":"<div style=\"width: 90%;text-align: left;margin: auto\"><p style=\"text-align:center\"><b>\ud83d\udc51 Ellerimizden Ba\u015f\u0131n\u0131za<\/b><br \/><i>Her Durum \u0130\u00e7in L\u00fcks \u00c7i\u00e7ek Ta\u00e7lar\u0131<\/i><\/p><ul><li>\u2702\ufe0f Kalbinde \u00d6zenle Haz\u0131rlanm\u0131\u015ft\u0131r <b>T\u00fcrkiye<\/b><\/li><li><b>\ud83d\udc90 Kompozisyon: sar\u0131 g\u00fcller, beyaz ve pembe frezya, beyaz dolgu \u00e7i\u00e7ekler, ye\u015fil yapraklar ve ye\u015fillik.<\/b><\/li><\/ul><\/div>","protected":false},"featured_media":310,"template":"","meta":[],"product_brand":[],"product_cat":[61,76,59,71],"product_tag":[],"class_list":{"0":"post-311","1":"product","2":"type-product","3":"status-publish","4":"has-post-thumbnail","6":"product_cat-bridesmaid-floral-headpiece","7":"product_cat-gold-floral-headpiece","8":"product_cat-bridal-floral-headpiece","9":"product_cat-white-floral-headpiece","11":"first","12":"instock","13":"shipping-taxable","14":"purchasable","15":"product-type-simple"},"yoast_head":"<!-- This site is optimized with the Yoast SEO plugin v25.9 - https:\/\/yoast.com\/wordpress\/plugins\/seo\/ -->\n<title>Enchanted Floral Crown Wedding Bridal Headpiece - Flora Tiara<\/title>\n<meta name=\"description\" content=\"Unique and beautiful: Shop our Enchanted Floral Crown Wedding Bridal Headpiece. Premium high quality headpiece to make the occasion unforgettable.\" \/>\n<meta name=\"robots\" content=\"index, follow, max-snippet:-1, max-image-preview:large, max-video-preview:-1\" \/>\n<link rel=\"canonical\" href=\"https:\/\/floratiara.com\/tr\/p\/cicek-acan-gelin-saci-celenk\/\" \/>\n<meta property=\"og:locale\" content=\"tr_TR\" \/>\n<meta property=\"og:type\" content=\"article\" \/>\n<meta property=\"og:title\" content=\"Enchanted Floral Crown Wedding Bridal Headpiece - Flora Tiara\" \/>\n<meta property=\"og:description\" content=\"Unique and beautiful: Shop our Enchanted Floral Crown Wedding Bridal Headpiece. Premium high quality headpiece to make the occasion unforgettable.\" \/>\n<meta property=\"og:url\" content=\"https:\/\/floratiara.com\/tr\/p\/cicek-acan-gelin-saci-celenk\/\" \/>\n<meta property=\"og:site_name\" content=\"Flora Tiara\" \/>\n<meta property=\"article:modified_time\" content=\"2024-12-12T01:45:42+00:00\" \/>\n<meta property=\"og:image\" content=\"https:\/\/floratiara.com\/wp-content\/uploads\/2024\/03\/Ha172928ddd654883a034bfa54054687bP.webp\" \/>\n\t<meta property=\"og:image:width\" content=\"1000\" \/>\n\t<meta property=\"og:image:height\" content=\"1000\" \/>\n\t<meta property=\"og:image:type\" content=\"image\/webp\" \/>\n<meta name=\"twitter:card\" content=\"summary_large_image\" \/>\n<meta name=\"twitter:label1\" content=\"Tahmini okuma s\u00fcresi\" \/>\n\t<meta name=\"twitter:data1\" content=\"1 dakika\" \/>\n<script type=\"application\/ld+json\" class=\"yoast-schema-graph\">{\"@context\":\"https:\/\/schema.org\",\"@graph\":[{\"@type\":\"WebPage\",\"@id\":\"https:\/\/floratiara.com\/p\/blooming-bridal-hair-garland\/\",\"url\":\"https:\/\/floratiara.com\/p\/blooming-bridal-hair-garland\/\",\"name\":\"Enchanted Floral Crown Wedding Bridal Headpiece - Flora Tiara\",\"isPartOf\":{\"@id\":\"https:\/\/floratiara.com\/#website\"},\"primaryImageOfPage\":{\"@id\":\"https:\/\/floratiara.com\/p\/blooming-bridal-hair-garland\/#primaryimage\"},\"image\":{\"@id\":\"https:\/\/floratiara.com\/p\/blooming-bridal-hair-garland\/#primaryimage\"},\"thumbnailUrl\":\"https:\/\/floratiara.com\/wp-content\/uploads\/2024\/03\/Ha172928ddd654883a034bfa54054687bP.webp\",\"datePublished\":\"2024-03-16T09:40:43+00:00\",\"dateModified\":\"2024-12-12T01:45:42+00:00\",\"description\":\"Unique and beautiful: Shop our Enchanted Floral Crown Wedding Bridal Headpiece. Premium high quality headpiece to make the occasion unforgettable.\",\"breadcrumb\":{\"@id\":\"https:\/\/floratiara.com\/p\/blooming-bridal-hair-garland\/#breadcrumb\"},\"inLanguage\":\"tr\",\"potentialAction\":[{\"@type\":\"ReadAction\",\"target\":[\"https:\/\/floratiara.com\/p\/blooming-bridal-hair-garland\/\"]}]},{\"@type\":\"ImageObject\",\"inLanguage\":\"tr\",\"@id\":\"https:\/\/floratiara.com\/p\/blooming-bridal-hair-garland\/#primaryimage\",\"url\":\"https:\/\/floratiara.com\/wp-content\/uploads\/2024\/03\/Ha172928ddd654883a034bfa54054687bP.webp\",\"contentUrl\":\"https:\/\/floratiara.com\/wp-content\/uploads\/2024\/03\/Ha172928ddd654883a034bfa54054687bP.webp\",\"width\":1000,\"height\":1000},{\"@type\":\"BreadcrumbList\",\"@id\":\"https:\/\/floratiara.com\/p\/blooming-bridal-hair-garland\/#breadcrumb\",\"itemListElement\":[{\"@type\":\"ListItem\",\"position\":1,\"name\":\"Home\",\"item\":\"https:\/\/floratiara.com\/\"},{\"@type\":\"ListItem\",\"position\":2,\"name\":\"Shop\",\"item\":\"https:\/\/floratiara.com\/shop\/\"},{\"@type\":\"ListItem\",\"position\":3,\"name\":\"Enchanted Floral Crown Wedding Bridal Headpiece\"}]},{\"@type\":\"WebSite\",\"@id\":\"https:\/\/floratiara.com\/#website\",\"url\":\"https:\/\/floratiara.com\/\",\"name\":\"Flora Tiara\",\"description\":\"\",\"publisher\":{\"@id\":\"https:\/\/floratiara.com\/#organization\"},\"potentialAction\":[{\"@type\":\"SearchAction\",\"target\":{\"@type\":\"EntryPoint\",\"urlTemplate\":\"https:\/\/floratiara.com\/?s={search_term_string}\"},\"query-input\":{\"@type\":\"PropertyValueSpecification\",\"valueRequired\":true,\"valueName\":\"search_term_string\"}}],\"inLanguage\":\"tr\"},{\"@type\":\"Organization\",\"@id\":\"https:\/\/floratiara.com\/#organization\",\"name\":\"Flora Tiara\",\"url\":\"https:\/\/floratiara.com\/\",\"logo\":{\"@type\":\"ImageObject\",\"inLanguage\":\"tr\",\"@id\":\"https:\/\/floratiara.com\/#\/schema\/logo\/image\/\",\"url\":\"https:\/\/floratiara.com\/wp-content\/uploads\/2024\/03\/flora-tiara-logo.png\",\"contentUrl\":\"https:\/\/floratiara.com\/wp-content\/uploads\/2024\/03\/flora-tiara-logo.png\",\"width\":1024,\"height\":274,\"caption\":\"Flora Tiara\"},\"image\":{\"@id\":\"https:\/\/floratiara.com\/#\/schema\/logo\/image\/\"}}]}<\/script>\n<!-- \/ Yoast SEO plugin. -->","yoast_head_json":{"title":"B\u00fcy\u00fcl\u00fc \u00c7i\u00e7ekli Ta\u00e7 D\u00fc\u011f\u00fcn Gelin Ba\u015fl\u0131\u011f\u0131 - Flora Tiara","description":"E\u015fsiz ve g\u00fczel: B\u00fcy\u00fcl\u00fc \u00c7i\u00e7ekli Ta\u00e7 D\u00fc\u011f\u00fcn Gelin Ba\u015fl\u0131\u011f\u0131m\u0131z\u0131 sat\u0131n al\u0131n. Etkinli\u011fi unutulmaz k\u0131lmak i\u00e7in birinci s\u0131n\u0131f y\u00fcksek kaliteli ba\u015fl\u0131k.","robots":{"index":"index","follow":"follow","max-snippet":"max-snippet:-1","max-image-preview":"max-image-preview:large","max-video-preview":"max-video-preview:-1"},"canonical":"https:\/\/floratiara.com\/tr\/p\/cicek-acan-gelin-saci-celenk\/","og_locale":"tr_TR","og_type":"article","og_title":"Enchanted Floral Crown Wedding Bridal Headpiece - Flora Tiara","og_description":"Unique and beautiful: Shop our Enchanted Floral Crown Wedding Bridal Headpiece. Premium high quality headpiece to make the occasion unforgettable.","og_url":"https:\/\/floratiara.com\/tr\/p\/cicek-acan-gelin-saci-celenk\/","og_site_name":"Flora Tiara","article_modified_time":"2024-12-12T01:45:42+00:00","og_image":[{"width":1000,"height":1000,"url":"https:\/\/floratiara.com\/wp-content\/uploads\/2024\/03\/Ha172928ddd654883a034bfa54054687bP.webp","type":"image\/webp"}],"twitter_card":"summary_large_image","twitter_misc":{"Tahmini okuma s\u00fcresi":"1 dakika"},"schema":{"@context":"https:\/\/schema.org","@graph":[{"@type":"WebPage","@id":"https:\/\/floratiara.com\/p\/blooming-bridal-hair-garland\/","url":"https:\/\/floratiara.com\/p\/blooming-bridal-hair-garland\/","name":"B\u00fcy\u00fcl\u00fc \u00c7i\u00e7ekli Ta\u00e7 D\u00fc\u011f\u00fcn Gelin Ba\u015fl\u0131\u011f\u0131 - Flora Tiara","isPartOf":{"@id":"https:\/\/floratiara.com\/#website"},"primaryImageOfPage":{"@id":"https:\/\/floratiara.com\/p\/blooming-bridal-hair-garland\/#primaryimage"},"image":{"@id":"https:\/\/floratiara.com\/p\/blooming-bridal-hair-garland\/#primaryimage"},"thumbnailUrl":"https:\/\/floratiara.com\/wp-content\/uploads\/2024\/03\/Ha172928ddd654883a034bfa54054687bP.webp","datePublished":"2024-03-16T09:40:43+00:00","dateModified":"2024-12-12T01:45:42+00:00","description":"E\u015fsiz ve g\u00fczel: B\u00fcy\u00fcl\u00fc \u00c7i\u00e7ekli Ta\u00e7 D\u00fc\u011f\u00fcn Gelin Ba\u015fl\u0131\u011f\u0131m\u0131z\u0131 sat\u0131n al\u0131n. Etkinli\u011fi unutulmaz k\u0131lmak i\u00e7in birinci s\u0131n\u0131f y\u00fcksek kaliteli ba\u015fl\u0131k.","breadcrumb":{"@id":"https:\/\/floratiara.com\/p\/blooming-bridal-hair-garland\/#breadcrumb"},"inLanguage":"tr","potentialAction":[{"@type":"ReadAction","target":["https:\/\/floratiara.com\/p\/blooming-bridal-hair-garland\/"]}]},{"@type":"ImageObject","inLanguage":"tr","@id":"https:\/\/floratiara.com\/p\/blooming-bridal-hair-garland\/#primaryimage","url":"https:\/\/floratiara.com\/wp-content\/uploads\/2024\/03\/Ha172928ddd654883a034bfa54054687bP.webp","contentUrl":"https:\/\/floratiara.com\/wp-content\/uploads\/2024\/03\/Ha172928ddd654883a034bfa54054687bP.webp","width":1000,"height":1000},{"@type":"BreadcrumbList","@id":"https:\/\/floratiara.com\/p\/blooming-bridal-hair-garland\/#breadcrumb","itemListElement":[{"@type":"ListItem","position":1,"name":"Home","item":"https:\/\/floratiara.com\/"},{"@type":"ListItem","position":2,"name":"Shop","item":"https:\/\/floratiara.com\/shop\/"},{"@type":"ListItem","position":3,"name":"Enchanted Floral Crown Wedding Bridal Headpiece"}]},{"@type":"WebSite","@id":"https:\/\/floratiara.com\/#website","url":"https:\/\/floratiara.com\/","name":"Flora Tiara","description":"","publisher":{"@id":"https:\/\/floratiara.com\/#organization"},"potentialAction":[{"@type":"SearchAction","target":{"@type":"EntryPoint","urlTemplate":"https:\/\/floratiara.com\/?s={search_term_string}"},"query-input":{"@type":"PropertyValueSpecification","valueRequired":true,"valueName":"search_term_string"}}],"inLanguage":"tr"},{"@type":"Organization","@id":"https:\/\/floratiara.com\/#organization","name":"Flora Tiara","url":"https:\/\/floratiara.com\/","logo":{"@type":"ImageObject","inLanguage":"tr","@id":"https:\/\/floratiara.com\/#\/schema\/logo\/image\/","url":"https:\/\/floratiara.com\/wp-content\/uploads\/2024\/03\/flora-tiara-logo.png","contentUrl":"https:\/\/floratiara.com\/wp-content\/uploads\/2024\/03\/flora-tiara-logo.png","width":1024,"height":274,"caption":"Flora Tiara"},"image":{"@id":"https:\/\/floratiara.com\/#\/schema\/logo\/image\/"}}]}},"_links":{"self":[{"href":"https:\/\/floratiara.com\/tr\/wp-json\/wp\/v2\/product\/311","targetHints":{"allow":["GET"]}}],"collection":[{"href":"https:\/\/floratiara.com\/tr\/wp-json\/wp\/v2\/product"}],"about":[{"href":"https:\/\/floratiara.com\/tr\/wp-json\/wp\/v2\/types\/product"}],"wp:featuredmedia":[{"embeddable":true,"href":"https:\/\/floratiara.com\/tr\/wp-json\/wp\/v2\/media\/310"}],"wp:attachment":[{"href":"https:\/\/floratiara.com\/tr\/wp-json\/wp\/v2\/media?parent=311"}],"wp:term":[{"taxonomy":"product_brand","embeddable":true,"href":"https:\/\/floratiara.com\/tr\/wp-json\/wp\/v2\/product_brand?post=311"},{"taxonomy":"product_cat","embeddable":true,"href":"https:\/\/floratiara.com\/tr\/wp-json\/wp\/v2\/product_cat?post=311"},{"taxonomy":"product_tag","embeddable":true,"href":"https:\/\/floratiara.com\/tr\/wp-json\/wp\/v2\/product_tag?post=311"}],"curies":[{"name":"wp","href":"https:\/\/api.w.org\/{rel}","templated":true}]}}