{"id":341,"date":"2024-03-16T09:41:23","date_gmt":"2024-03-16T09:41:23","guid":{"rendered":"https:\/\/floratiara.com\/?post_type=product&#038;p=341"},"modified":"2025-03-04T04:42:35","modified_gmt":"2025-03-04T04:42:35","slug":"gelin-cicekli-sac-bandi-celenk","status":"publish","type":"product","link":"https:\/\/floratiara.com\/tr\/p\/gelin-cicekli-sac-bandi-celenk\/","title":{"rendered":"B\u00fcy\u00fcl\u00fc Bah\u00e7e \u00c7i\u00e7ek Ta\u00e7 Ba\u015fl\u0131k"},"content":{"rendered":"<p>Her gelin veya \u015fenlik kat\u0131l\u0131mc\u0131s\u0131 i\u00e7in zarafetin sembol\u00fc olan B\u00fcy\u00fcl\u00fc Bah\u00e7e \u00c7i\u00e7ek Tac\u0131m\u0131zla zarafet diyar\u0131na ad\u0131m at\u0131n. Bu el yap\u0131m\u0131 sa\u00e7 band\u0131, beyaz sprey g\u00fcllerin saf tonu ve a\u00e7\u0131k pembe astilbe'nin yumu\u015fak all\u0131\u011f\u0131 ile tamamlanan \u00e7arp\u0131c\u0131 bir pembe ve fildi\u015fi g\u00fcl dizisine sahiptir. Yemye\u015fil kartopu meyveleri ve bozulmam\u0131\u015f beyaz lisianthus b\u00fcy\u00fcl\u00fc bir etki yaratmak i\u00e7in i\u00e7 i\u00e7e ge\u00e7erken, e\u011flenceli a\u00e7\u0131k ye\u015fil spiraller tuhaf bir dokunu\u015f kat\u0131yor. \u00d6zel bir g\u00fcn k\u0131yafetini y\u00fckseltmek i\u00e7in m\u00fckemmel olan bu \u00e7i\u00e7ek tac\u0131, her g\u00f6r\u00fcn\u00fcm\u00fc b\u00fcy\u00fcleyici bir g\u00fczellik vizyonuna d\u00f6n\u00fc\u015ft\u00fcr\u00fcr.<\/p><p>Kompozisyon: pembe ve fildi\u015fi g\u00fcller, beyaz sprey g\u00fcller, a\u00e7\u0131k pembe astilbe, ye\u015fil kartopu meyveleri, beyaz lisianthus, a\u00e7\u0131k ye\u015fil dekoratif spiraller.<\/p>","protected":false},"excerpt":{"rendered":"<div style=\"width: 90%;text-align: left;margin: auto\"><p style=\"text-align:center\"><b>\ud83d\udc51 Ellerimizden Ba\u015f\u0131n\u0131za<\/b><br \/><i>Her Durum \u0130\u00e7in L\u00fcks \u00c7i\u00e7ek Ta\u00e7lar\u0131<\/i><\/p><ul><li>\u2702\ufe0f Kalbinde \u00d6zenle Haz\u0131rlanm\u0131\u015ft\u0131r <b>T\u00fcrkiye<\/b><\/li><li><b>\ud83d\udc90 Kompozisyon: pembe ve fildi\u015fi g\u00fcller, beyaz sprey g\u00fcller, a\u00e7\u0131k pembe astilbe, ye\u015fil kartopu meyveleri, beyaz lisianthus, a\u00e7\u0131k ye\u015fil dekoratif spiraller.<\/b><\/li><\/ul><\/div>","protected":false},"featured_media":340,"template":"","meta":[],"product_brand":[],"product_cat":[61,78,60,73,59],"product_tag":[],"class_list":{"0":"post-341","1":"product","2":"type-product","3":"status-publish","4":"has-post-thumbnail","6":"product_cat-bridesmaid-floral-headpiece","7":"product_cat-dried-floral-headpiece","8":"product_cat-floral-headpiece-flower-girl","9":"product_cat-pink-floral-headpiece","10":"product_cat-bridal-floral-headpiece","12":"first","13":"instock","14":"shipping-taxable","15":"purchasable","16":"product-type-simple"},"yoast_head":"<!-- This site is optimized with the Yoast SEO plugin v25.9 - https:\/\/yoast.com\/wordpress\/plugins\/seo\/ -->\n<title>Enchanted Garden Flower Crown Headdress - Flora Tiara<\/title>\n<meta name=\"description\" content=\"Unique and beautiful: Shop our Enchanted Garden Flower Crown Headdress. Premium high quality headpiece to make the occasion unforgettable.\" \/>\n<meta name=\"robots\" content=\"index, follow, max-snippet:-1, max-image-preview:large, max-video-preview:-1\" \/>\n<link rel=\"canonical\" href=\"https:\/\/floratiara.com\/tr\/p\/gelin-cicekli-sac-bandi-celenk\/\" \/>\n<meta property=\"og:locale\" content=\"tr_TR\" \/>\n<meta property=\"og:type\" content=\"article\" \/>\n<meta property=\"og:title\" content=\"Enchanted Garden Flower Crown Headdress - Flora Tiara\" \/>\n<meta property=\"og:description\" content=\"Unique and beautiful: Shop our Enchanted Garden Flower Crown Headdress. Premium high quality headpiece to make the occasion unforgettable.\" \/>\n<meta property=\"og:url\" content=\"https:\/\/floratiara.com\/tr\/p\/gelin-cicekli-sac-bandi-celenk\/\" \/>\n<meta property=\"og:site_name\" content=\"Flora Tiara\" \/>\n<meta property=\"article:modified_time\" content=\"2025-03-04T04:42:35+00:00\" \/>\n<meta property=\"og:image\" content=\"https:\/\/floratiara.com\/wp-content\/uploads\/2024\/03\/S26dd44072aa74d69be471fe6162fc223X.webp\" \/>\n\t<meta property=\"og:image:width\" content=\"1500\" \/>\n\t<meta property=\"og:image:height\" content=\"1500\" \/>\n\t<meta property=\"og:image:type\" content=\"image\/webp\" \/>\n<meta name=\"twitter:card\" content=\"summary_large_image\" \/>\n<meta name=\"twitter:label1\" content=\"Tahmini okuma s\u00fcresi\" \/>\n\t<meta name=\"twitter:data1\" content=\"5 dakika\" \/>\n<script type=\"application\/ld+json\" class=\"yoast-schema-graph\">{\"@context\":\"https:\/\/schema.org\",\"@graph\":[{\"@type\":\"WebPage\",\"@id\":\"https:\/\/floratiara.com\/p\/bridal-floral-headband-garland\/\",\"url\":\"https:\/\/floratiara.com\/p\/bridal-floral-headband-garland\/\",\"name\":\"Enchanted Garden Flower Crown Headdress - Flora Tiara\",\"isPartOf\":{\"@id\":\"https:\/\/floratiara.com\/#website\"},\"primaryImageOfPage\":{\"@id\":\"https:\/\/floratiara.com\/p\/bridal-floral-headband-garland\/#primaryimage\"},\"image\":{\"@id\":\"https:\/\/floratiara.com\/p\/bridal-floral-headband-garland\/#primaryimage\"},\"thumbnailUrl\":\"https:\/\/floratiara.com\/wp-content\/uploads\/2024\/03\/S26dd44072aa74d69be471fe6162fc223X.webp\",\"datePublished\":\"2024-03-16T09:41:23+00:00\",\"dateModified\":\"2025-03-04T04:42:35+00:00\",\"description\":\"Unique and beautiful: Shop our Enchanted Garden Flower Crown Headdress. Premium high quality headpiece to make the occasion unforgettable.\",\"breadcrumb\":{\"@id\":\"https:\/\/floratiara.com\/p\/bridal-floral-headband-garland\/#breadcrumb\"},\"inLanguage\":\"tr\",\"potentialAction\":[{\"@type\":\"ReadAction\",\"target\":[\"https:\/\/floratiara.com\/p\/bridal-floral-headband-garland\/\"]}]},{\"@type\":\"ImageObject\",\"inLanguage\":\"tr\",\"@id\":\"https:\/\/floratiara.com\/p\/bridal-floral-headband-garland\/#primaryimage\",\"url\":\"https:\/\/floratiara.com\/wp-content\/uploads\/2024\/03\/S26dd44072aa74d69be471fe6162fc223X.webp\",\"contentUrl\":\"https:\/\/floratiara.com\/wp-content\/uploads\/2024\/03\/S26dd44072aa74d69be471fe6162fc223X.webp\",\"width\":1500,\"height\":1500},{\"@type\":\"BreadcrumbList\",\"@id\":\"https:\/\/floratiara.com\/p\/bridal-floral-headband-garland\/#breadcrumb\",\"itemListElement\":[{\"@type\":\"ListItem\",\"position\":1,\"name\":\"Home\",\"item\":\"https:\/\/floratiara.com\/\"},{\"@type\":\"ListItem\",\"position\":2,\"name\":\"Shop\",\"item\":\"https:\/\/floratiara.com\/shop\/\"},{\"@type\":\"ListItem\",\"position\":3,\"name\":\"Enchanted Garden Flower Crown Headdress\"}]},{\"@type\":\"WebSite\",\"@id\":\"https:\/\/floratiara.com\/#website\",\"url\":\"https:\/\/floratiara.com\/\",\"name\":\"Flora Tiara\",\"description\":\"\",\"publisher\":{\"@id\":\"https:\/\/floratiara.com\/#organization\"},\"potentialAction\":[{\"@type\":\"SearchAction\",\"target\":{\"@type\":\"EntryPoint\",\"urlTemplate\":\"https:\/\/floratiara.com\/?s={search_term_string}\"},\"query-input\":{\"@type\":\"PropertyValueSpecification\",\"valueRequired\":true,\"valueName\":\"search_term_string\"}}],\"inLanguage\":\"tr\"},{\"@type\":\"Organization\",\"@id\":\"https:\/\/floratiara.com\/#organization\",\"name\":\"Flora Tiara\",\"url\":\"https:\/\/floratiara.com\/\",\"logo\":{\"@type\":\"ImageObject\",\"inLanguage\":\"tr\",\"@id\":\"https:\/\/floratiara.com\/#\/schema\/logo\/image\/\",\"url\":\"https:\/\/floratiara.com\/wp-content\/uploads\/2024\/03\/flora-tiara-logo.png\",\"contentUrl\":\"https:\/\/floratiara.com\/wp-content\/uploads\/2024\/03\/flora-tiara-logo.png\",\"width\":1024,\"height\":274,\"caption\":\"Flora Tiara\"},\"image\":{\"@id\":\"https:\/\/floratiara.com\/#\/schema\/logo\/image\/\"}}]}<\/script>\n<!-- \/ Yoast SEO plugin. -->","yoast_head_json":{"title":"B\u00fcy\u00fcl\u00fc Bah\u00e7e \u00c7i\u00e7ek Ta\u00e7 Ba\u015fl\u0131k - Flora Tiara","description":"E\u015fsiz ve g\u00fczel: B\u00fcy\u00fcl\u00fc Bah\u00e7e \u00c7i\u00e7ek Ta\u00e7 Ba\u015fl\u0131\u011f\u0131m\u0131z\u0131 sat\u0131n al\u0131n. Etkinli\u011fi unutulmaz k\u0131lmak i\u00e7in birinci s\u0131n\u0131f y\u00fcksek kaliteli ba\u015fl\u0131k.","robots":{"index":"index","follow":"follow","max-snippet":"max-snippet:-1","max-image-preview":"max-image-preview:large","max-video-preview":"max-video-preview:-1"},"canonical":"https:\/\/floratiara.com\/tr\/p\/gelin-cicekli-sac-bandi-celenk\/","og_locale":"tr_TR","og_type":"article","og_title":"Enchanted Garden Flower Crown Headdress - Flora Tiara","og_description":"Unique and beautiful: Shop our Enchanted Garden Flower Crown Headdress. Premium high quality headpiece to make the occasion unforgettable.","og_url":"https:\/\/floratiara.com\/tr\/p\/gelin-cicekli-sac-bandi-celenk\/","og_site_name":"Flora Tiara","article_modified_time":"2025-03-04T04:42:35+00:00","og_image":[{"width":1500,"height":1500,"url":"https:\/\/floratiara.com\/wp-content\/uploads\/2024\/03\/S26dd44072aa74d69be471fe6162fc223X.webp","type":"image\/webp"}],"twitter_card":"summary_large_image","twitter_misc":{"Tahmini okuma s\u00fcresi":"5 dakika"},"schema":{"@context":"https:\/\/schema.org","@graph":[{"@type":"WebPage","@id":"https:\/\/floratiara.com\/p\/bridal-floral-headband-garland\/","url":"https:\/\/floratiara.com\/p\/bridal-floral-headband-garland\/","name":"B\u00fcy\u00fcl\u00fc Bah\u00e7e \u00c7i\u00e7ek Ta\u00e7 Ba\u015fl\u0131k - Flora Tiara","isPartOf":{"@id":"https:\/\/floratiara.com\/#website"},"primaryImageOfPage":{"@id":"https:\/\/floratiara.com\/p\/bridal-floral-headband-garland\/#primaryimage"},"image":{"@id":"https:\/\/floratiara.com\/p\/bridal-floral-headband-garland\/#primaryimage"},"thumbnailUrl":"https:\/\/floratiara.com\/wp-content\/uploads\/2024\/03\/S26dd44072aa74d69be471fe6162fc223X.webp","datePublished":"2024-03-16T09:41:23+00:00","dateModified":"2025-03-04T04:42:35+00:00","description":"E\u015fsiz ve g\u00fczel: B\u00fcy\u00fcl\u00fc Bah\u00e7e \u00c7i\u00e7ek Ta\u00e7 Ba\u015fl\u0131\u011f\u0131m\u0131z\u0131 sat\u0131n al\u0131n. Etkinli\u011fi unutulmaz k\u0131lmak i\u00e7in birinci s\u0131n\u0131f y\u00fcksek kaliteli ba\u015fl\u0131k.","breadcrumb":{"@id":"https:\/\/floratiara.com\/p\/bridal-floral-headband-garland\/#breadcrumb"},"inLanguage":"tr","potentialAction":[{"@type":"ReadAction","target":["https:\/\/floratiara.com\/p\/bridal-floral-headband-garland\/"]}]},{"@type":"ImageObject","inLanguage":"tr","@id":"https:\/\/floratiara.com\/p\/bridal-floral-headband-garland\/#primaryimage","url":"https:\/\/floratiara.com\/wp-content\/uploads\/2024\/03\/S26dd44072aa74d69be471fe6162fc223X.webp","contentUrl":"https:\/\/floratiara.com\/wp-content\/uploads\/2024\/03\/S26dd44072aa74d69be471fe6162fc223X.webp","width":1500,"height":1500},{"@type":"BreadcrumbList","@id":"https:\/\/floratiara.com\/p\/bridal-floral-headband-garland\/#breadcrumb","itemListElement":[{"@type":"ListItem","position":1,"name":"Home","item":"https:\/\/floratiara.com\/"},{"@type":"ListItem","position":2,"name":"Shop","item":"https:\/\/floratiara.com\/shop\/"},{"@type":"ListItem","position":3,"name":"Enchanted Garden Flower Crown Headdress"}]},{"@type":"WebSite","@id":"https:\/\/floratiara.com\/#website","url":"https:\/\/floratiara.com\/","name":"Flora Tiara","description":"","publisher":{"@id":"https:\/\/floratiara.com\/#organization"},"potentialAction":[{"@type":"SearchAction","target":{"@type":"EntryPoint","urlTemplate":"https:\/\/floratiara.com\/?s={search_term_string}"},"query-input":{"@type":"PropertyValueSpecification","valueRequired":true,"valueName":"search_term_string"}}],"inLanguage":"tr"},{"@type":"Organization","@id":"https:\/\/floratiara.com\/#organization","name":"Flora Tiara","url":"https:\/\/floratiara.com\/","logo":{"@type":"ImageObject","inLanguage":"tr","@id":"https:\/\/floratiara.com\/#\/schema\/logo\/image\/","url":"https:\/\/floratiara.com\/wp-content\/uploads\/2024\/03\/flora-tiara-logo.png","contentUrl":"https:\/\/floratiara.com\/wp-content\/uploads\/2024\/03\/flora-tiara-logo.png","width":1024,"height":274,"caption":"Flora Tiara"},"image":{"@id":"https:\/\/floratiara.com\/#\/schema\/logo\/image\/"}}]}},"_links":{"self":[{"href":"https:\/\/floratiara.com\/tr\/wp-json\/wp\/v2\/product\/341","targetHints":{"allow":["GET"]}}],"collection":[{"href":"https:\/\/floratiara.com\/tr\/wp-json\/wp\/v2\/product"}],"about":[{"href":"https:\/\/floratiara.com\/tr\/wp-json\/wp\/v2\/types\/product"}],"wp:featuredmedia":[{"embeddable":true,"href":"https:\/\/floratiara.com\/tr\/wp-json\/wp\/v2\/media\/340"}],"wp:attachment":[{"href":"https:\/\/floratiara.com\/tr\/wp-json\/wp\/v2\/media?parent=341"}],"wp:term":[{"taxonomy":"product_brand","embeddable":true,"href":"https:\/\/floratiara.com\/tr\/wp-json\/wp\/v2\/product_brand?post=341"},{"taxonomy":"product_cat","embeddable":true,"href":"https:\/\/floratiara.com\/tr\/wp-json\/wp\/v2\/product_cat?post=341"},{"taxonomy":"product_tag","embeddable":true,"href":"https:\/\/floratiara.com\/tr\/wp-json\/wp\/v2\/product_tag?post=341"}],"curies":[{"name":"wp","href":"https:\/\/api.w.org\/{rel}","templated":true}]}}