{"id":357,"date":"2024-03-16T09:41:44","date_gmt":"2024-03-16T09:41:44","guid":{"rendered":"https:\/\/floratiara.com\/?post_type=product&#038;p=357"},"modified":"2024-12-12T01:44:57","modified_gmt":"2024-12-12T01:44:57","slug":"cicekli-baslik-dugun-aksesuari","status":"publish","type":"product","link":"https:\/\/floratiara.com\/tr\/p\/cicekli-baslik-dugun-aksesuari\/","title":{"rendered":"B\u00fcy\u00fcleyici \u00c7i\u00e7ek Ta\u00e7l\u0131 Gelin \u015eapkas\u0131"},"content":{"rendered":"<p>\u00d6zel g\u00fcn\u00fcn\u00fcz\u00fc romantizm ve zarafetin timsali olan B\u00fcy\u00fcleyici \u00c7i\u00e7ek Tac\u0131m\u0131zla s\u00fcsleyin. Kusursuz bir \u015fekilde tasarlanan her bir ta\u00e7, ruhani beyaz tatl\u0131 g\u00fcller ve papatyalarla e\u015fle\u015ftirilmi\u015f, el yap\u0131m\u0131 yemye\u015fil k\u0131rm\u0131z\u0131 ve pembe g\u00fcllerden olu\u015fur. Eklenen ye\u015fillik, do\u011fal bir zarafet dokunu\u015fu arayan gelinler ve nedimeler i\u00e7in m\u00fckemmel, taze ve organik bir \u00e7ekicilik kat\u0131yor. Takmas\u0131 kolay ve \u00e7ok y\u00f6nl\u00fc olan bu \u00e7i\u00e7ekli \u00e7elenk sadece bir aksesuar de\u011fil, her t\u00fcrl\u00fc kutlamay\u0131 zenginle\u015ftiren ve sizi kendi peri masal\u0131n\u0131z\u0131n merkezine d\u00f6n\u00fc\u015ft\u00fcren zamans\u0131z bir g\u00fczellik ifadesidir.<\/p><p>Kompozisyon: k\u0131rm\u0131z\u0131 g\u00fcller, toz pembe g\u00fcller, beyaz tatl\u0131 g\u00fcller, beyaz papatyalar, beyaz dolgu \u00e7i\u00e7ekleri, ye\u015fil yapraklar ve ye\u015fil dallar.<\/p>","protected":false},"excerpt":{"rendered":"<div style=\"width: 90%;text-align: left;margin: auto\"><p style=\"text-align:center\"><b>\ud83d\udc51 Ellerimizden Ba\u015f\u0131n\u0131za<\/b><br \/><i>Her Durum \u0130\u00e7in L\u00fcks \u00c7i\u00e7ek Ta\u00e7lar\u0131<\/i><\/p><ul><li>\u2702\ufe0f Kalbinde \u00d6zenle Haz\u0131rlanm\u0131\u015ft\u0131r <b>T\u00fcrkiye<\/b><\/li><li><b>\ud83d\udc90 Kompozisyon: k\u0131rm\u0131z\u0131 g\u00fcller, toz pembe g\u00fcller, beyaz tatl\u0131 g\u00fcller, beyaz papatyalar, beyaz dolgu \u00e7i\u00e7ekler, ye\u015fil yapraklar ve ye\u015fil dallar.<\/b><\/li><\/ul><\/div>","protected":false},"featured_media":356,"template":"","meta":[],"product_brand":[],"product_cat":[61,78,60,77,59],"product_tag":[],"class_list":{"0":"post-357","1":"product","2":"type-product","3":"status-publish","4":"has-post-thumbnail","6":"product_cat-bridesmaid-floral-headpiece","7":"product_cat-dried-floral-headpiece","8":"product_cat-floral-headpiece-flower-girl","9":"product_cat-red-floral-headpiece","10":"product_cat-bridal-floral-headpiece","12":"first","13":"instock","14":"shipping-taxable","15":"purchasable","16":"product-type-simple"},"yoast_head":"<!-- This site is optimized with the Yoast SEO plugin v25.9 - https:\/\/yoast.com\/wordpress\/plugins\/seo\/ -->\n<title>Enchanting Flower Crown Bridal Headwear - Flora Tiara<\/title>\n<meta name=\"description\" content=\"Unique and beautiful: Shop our Enchanting Flower Crown Bridal Headwear. Premium high quality headpiece to make the occasion unforgettable.\" \/>\n<meta name=\"robots\" content=\"index, follow, max-snippet:-1, max-image-preview:large, max-video-preview:-1\" \/>\n<link rel=\"canonical\" href=\"https:\/\/floratiara.com\/tr\/p\/cicekli-baslik-dugun-aksesuari\/\" \/>\n<meta property=\"og:locale\" content=\"tr_TR\" \/>\n<meta property=\"og:type\" content=\"article\" \/>\n<meta property=\"og:title\" content=\"Enchanting Flower Crown Bridal Headwear - Flora Tiara\" \/>\n<meta property=\"og:description\" content=\"Unique and beautiful: Shop our Enchanting Flower Crown Bridal Headwear. Premium high quality headpiece to make the occasion unforgettable.\" \/>\n<meta property=\"og:url\" content=\"https:\/\/floratiara.com\/tr\/p\/cicekli-baslik-dugun-aksesuari\/\" \/>\n<meta property=\"og:site_name\" content=\"Flora Tiara\" \/>\n<meta property=\"article:modified_time\" content=\"2024-12-12T01:44:57+00:00\" \/>\n<meta property=\"og:image\" content=\"https:\/\/floratiara.com\/wp-content\/uploads\/2024\/03\/S1ca2012cb73f4f74bc832ae5647542c6a.webp\" \/>\n\t<meta property=\"og:image:width\" content=\"1500\" \/>\n\t<meta property=\"og:image:height\" content=\"1500\" \/>\n\t<meta property=\"og:image:type\" content=\"image\/webp\" \/>\n<meta name=\"twitter:card\" content=\"summary_large_image\" \/>\n<meta name=\"twitter:label1\" content=\"Tahmini okuma s\u00fcresi\" \/>\n\t<meta name=\"twitter:data1\" content=\"5 dakika\" \/>\n<script type=\"application\/ld+json\" class=\"yoast-schema-graph\">{\"@context\":\"https:\/\/schema.org\",\"@graph\":[{\"@type\":\"WebPage\",\"@id\":\"https:\/\/floratiara.com\/p\/floral-headdress-wedding-accessory\/\",\"url\":\"https:\/\/floratiara.com\/p\/floral-headdress-wedding-accessory\/\",\"name\":\"Enchanting Flower Crown Bridal Headwear - Flora Tiara\",\"isPartOf\":{\"@id\":\"https:\/\/floratiara.com\/#website\"},\"primaryImageOfPage\":{\"@id\":\"https:\/\/floratiara.com\/p\/floral-headdress-wedding-accessory\/#primaryimage\"},\"image\":{\"@id\":\"https:\/\/floratiara.com\/p\/floral-headdress-wedding-accessory\/#primaryimage\"},\"thumbnailUrl\":\"https:\/\/floratiara.com\/wp-content\/uploads\/2024\/03\/S1ca2012cb73f4f74bc832ae5647542c6a.webp\",\"datePublished\":\"2024-03-16T09:41:44+00:00\",\"dateModified\":\"2024-12-12T01:44:57+00:00\",\"description\":\"Unique and beautiful: Shop our Enchanting Flower Crown Bridal Headwear. Premium high quality headpiece to make the occasion unforgettable.\",\"breadcrumb\":{\"@id\":\"https:\/\/floratiara.com\/p\/floral-headdress-wedding-accessory\/#breadcrumb\"},\"inLanguage\":\"tr\",\"potentialAction\":[{\"@type\":\"ReadAction\",\"target\":[\"https:\/\/floratiara.com\/p\/floral-headdress-wedding-accessory\/\"]}]},{\"@type\":\"ImageObject\",\"inLanguage\":\"tr\",\"@id\":\"https:\/\/floratiara.com\/p\/floral-headdress-wedding-accessory\/#primaryimage\",\"url\":\"https:\/\/floratiara.com\/wp-content\/uploads\/2024\/03\/S1ca2012cb73f4f74bc832ae5647542c6a.webp\",\"contentUrl\":\"https:\/\/floratiara.com\/wp-content\/uploads\/2024\/03\/S1ca2012cb73f4f74bc832ae5647542c6a.webp\",\"width\":1500,\"height\":1500},{\"@type\":\"BreadcrumbList\",\"@id\":\"https:\/\/floratiara.com\/p\/floral-headdress-wedding-accessory\/#breadcrumb\",\"itemListElement\":[{\"@type\":\"ListItem\",\"position\":1,\"name\":\"Home\",\"item\":\"https:\/\/floratiara.com\/\"},{\"@type\":\"ListItem\",\"position\":2,\"name\":\"Shop\",\"item\":\"https:\/\/floratiara.com\/shop\/\"},{\"@type\":\"ListItem\",\"position\":3,\"name\":\"Enchanting Flower Crown Bridal Headwear\"}]},{\"@type\":\"WebSite\",\"@id\":\"https:\/\/floratiara.com\/#website\",\"url\":\"https:\/\/floratiara.com\/\",\"name\":\"Flora Tiara\",\"description\":\"\",\"publisher\":{\"@id\":\"https:\/\/floratiara.com\/#organization\"},\"potentialAction\":[{\"@type\":\"SearchAction\",\"target\":{\"@type\":\"EntryPoint\",\"urlTemplate\":\"https:\/\/floratiara.com\/?s={search_term_string}\"},\"query-input\":{\"@type\":\"PropertyValueSpecification\",\"valueRequired\":true,\"valueName\":\"search_term_string\"}}],\"inLanguage\":\"tr\"},{\"@type\":\"Organization\",\"@id\":\"https:\/\/floratiara.com\/#organization\",\"name\":\"Flora Tiara\",\"url\":\"https:\/\/floratiara.com\/\",\"logo\":{\"@type\":\"ImageObject\",\"inLanguage\":\"tr\",\"@id\":\"https:\/\/floratiara.com\/#\/schema\/logo\/image\/\",\"url\":\"https:\/\/floratiara.com\/wp-content\/uploads\/2024\/03\/flora-tiara-logo.png\",\"contentUrl\":\"https:\/\/floratiara.com\/wp-content\/uploads\/2024\/03\/flora-tiara-logo.png\",\"width\":1024,\"height\":274,\"caption\":\"Flora Tiara\"},\"image\":{\"@id\":\"https:\/\/floratiara.com\/#\/schema\/logo\/image\/\"}}]}<\/script>\n<!-- \/ Yoast SEO plugin. -->","yoast_head_json":{"title":"B\u00fcy\u00fcleyici \u00c7i\u00e7ek Ta\u00e7 Gelin \u015eapkas\u0131 - Flora Tiara","description":"E\u015fsiz ve g\u00fczel: B\u00fcy\u00fcleyici \u00c7i\u00e7ek Ta\u00e7 Gelin \u015eapkalar\u0131m\u0131z\u0131 sat\u0131n al\u0131n. Etkinli\u011fi unutulmaz k\u0131lmak i\u00e7in birinci s\u0131n\u0131f y\u00fcksek kaliteli ba\u015fl\u0131k.","robots":{"index":"index","follow":"follow","max-snippet":"max-snippet:-1","max-image-preview":"max-image-preview:large","max-video-preview":"max-video-preview:-1"},"canonical":"https:\/\/floratiara.com\/tr\/p\/cicekli-baslik-dugun-aksesuari\/","og_locale":"tr_TR","og_type":"article","og_title":"Enchanting Flower Crown Bridal Headwear - Flora Tiara","og_description":"Unique and beautiful: Shop our Enchanting Flower Crown Bridal Headwear. Premium high quality headpiece to make the occasion unforgettable.","og_url":"https:\/\/floratiara.com\/tr\/p\/cicekli-baslik-dugun-aksesuari\/","og_site_name":"Flora Tiara","article_modified_time":"2024-12-12T01:44:57+00:00","og_image":[{"width":1500,"height":1500,"url":"https:\/\/floratiara.com\/wp-content\/uploads\/2024\/03\/S1ca2012cb73f4f74bc832ae5647542c6a.webp","type":"image\/webp"}],"twitter_card":"summary_large_image","twitter_misc":{"Tahmini okuma s\u00fcresi":"5 dakika"},"schema":{"@context":"https:\/\/schema.org","@graph":[{"@type":"WebPage","@id":"https:\/\/floratiara.com\/p\/floral-headdress-wedding-accessory\/","url":"https:\/\/floratiara.com\/p\/floral-headdress-wedding-accessory\/","name":"B\u00fcy\u00fcleyici \u00c7i\u00e7ek Ta\u00e7 Gelin \u015eapkas\u0131 - Flora Tiara","isPartOf":{"@id":"https:\/\/floratiara.com\/#website"},"primaryImageOfPage":{"@id":"https:\/\/floratiara.com\/p\/floral-headdress-wedding-accessory\/#primaryimage"},"image":{"@id":"https:\/\/floratiara.com\/p\/floral-headdress-wedding-accessory\/#primaryimage"},"thumbnailUrl":"https:\/\/floratiara.com\/wp-content\/uploads\/2024\/03\/S1ca2012cb73f4f74bc832ae5647542c6a.webp","datePublished":"2024-03-16T09:41:44+00:00","dateModified":"2024-12-12T01:44:57+00:00","description":"E\u015fsiz ve g\u00fczel: B\u00fcy\u00fcleyici \u00c7i\u00e7ek Ta\u00e7 Gelin \u015eapkalar\u0131m\u0131z\u0131 sat\u0131n al\u0131n. Etkinli\u011fi unutulmaz k\u0131lmak i\u00e7in birinci s\u0131n\u0131f y\u00fcksek kaliteli ba\u015fl\u0131k.","breadcrumb":{"@id":"https:\/\/floratiara.com\/p\/floral-headdress-wedding-accessory\/#breadcrumb"},"inLanguage":"tr","potentialAction":[{"@type":"ReadAction","target":["https:\/\/floratiara.com\/p\/floral-headdress-wedding-accessory\/"]}]},{"@type":"ImageObject","inLanguage":"tr","@id":"https:\/\/floratiara.com\/p\/floral-headdress-wedding-accessory\/#primaryimage","url":"https:\/\/floratiara.com\/wp-content\/uploads\/2024\/03\/S1ca2012cb73f4f74bc832ae5647542c6a.webp","contentUrl":"https:\/\/floratiara.com\/wp-content\/uploads\/2024\/03\/S1ca2012cb73f4f74bc832ae5647542c6a.webp","width":1500,"height":1500},{"@type":"BreadcrumbList","@id":"https:\/\/floratiara.com\/p\/floral-headdress-wedding-accessory\/#breadcrumb","itemListElement":[{"@type":"ListItem","position":1,"name":"Home","item":"https:\/\/floratiara.com\/"},{"@type":"ListItem","position":2,"name":"Shop","item":"https:\/\/floratiara.com\/shop\/"},{"@type":"ListItem","position":3,"name":"Enchanting Flower Crown Bridal Headwear"}]},{"@type":"WebSite","@id":"https:\/\/floratiara.com\/#website","url":"https:\/\/floratiara.com\/","name":"Flora Tiara","description":"","publisher":{"@id":"https:\/\/floratiara.com\/#organization"},"potentialAction":[{"@type":"SearchAction","target":{"@type":"EntryPoint","urlTemplate":"https:\/\/floratiara.com\/?s={search_term_string}"},"query-input":{"@type":"PropertyValueSpecification","valueRequired":true,"valueName":"search_term_string"}}],"inLanguage":"tr"},{"@type":"Organization","@id":"https:\/\/floratiara.com\/#organization","name":"Flora Tiara","url":"https:\/\/floratiara.com\/","logo":{"@type":"ImageObject","inLanguage":"tr","@id":"https:\/\/floratiara.com\/#\/schema\/logo\/image\/","url":"https:\/\/floratiara.com\/wp-content\/uploads\/2024\/03\/flora-tiara-logo.png","contentUrl":"https:\/\/floratiara.com\/wp-content\/uploads\/2024\/03\/flora-tiara-logo.png","width":1024,"height":274,"caption":"Flora Tiara"},"image":{"@id":"https:\/\/floratiara.com\/#\/schema\/logo\/image\/"}}]}},"_links":{"self":[{"href":"https:\/\/floratiara.com\/tr\/wp-json\/wp\/v2\/product\/357","targetHints":{"allow":["GET"]}}],"collection":[{"href":"https:\/\/floratiara.com\/tr\/wp-json\/wp\/v2\/product"}],"about":[{"href":"https:\/\/floratiara.com\/tr\/wp-json\/wp\/v2\/types\/product"}],"wp:featuredmedia":[{"embeddable":true,"href":"https:\/\/floratiara.com\/tr\/wp-json\/wp\/v2\/media\/356"}],"wp:attachment":[{"href":"https:\/\/floratiara.com\/tr\/wp-json\/wp\/v2\/media?parent=357"}],"wp:term":[{"taxonomy":"product_brand","embeddable":true,"href":"https:\/\/floratiara.com\/tr\/wp-json\/wp\/v2\/product_brand?post=357"},{"taxonomy":"product_cat","embeddable":true,"href":"https:\/\/floratiara.com\/tr\/wp-json\/wp\/v2\/product_cat?post=357"},{"taxonomy":"product_tag","embeddable":true,"href":"https:\/\/floratiara.com\/tr\/wp-json\/wp\/v2\/product_tag?post=357"}],"curies":[{"name":"wp","href":"https:\/\/api.w.org\/{rel}","templated":true}]}}