{"id":365,"date":"2024-03-16T09:41:53","date_gmt":"2024-03-16T09:41:53","guid":{"rendered":"https:\/\/floratiara.com\/?post_type=product&#038;p=365"},"modified":"2024-12-12T01:44:49","modified_gmt":"2024-12-12T01:44:49","slug":"geli%cc%87n-ci%cc%87cekli%cc%87-baslik-kadin-aksesuarlari","status":"publish","type":"product","link":"https:\/\/floratiara.com\/tr\/p\/geli%cc%87n-ci%cc%87cekli%cc%87-baslik-kadin-aksesuarlari\/","title":{"rendered":"D\u00fc\u011f\u00fcnler ve Partiler i\u00e7in \u00c7i\u00e7ekli Ta\u00e7 Sa\u00e7 Band\u0131"},"content":{"rendered":"<p>\u00d6zel etkinlikleriniz i\u00e7in romantizm ve zarafetin m\u00fckemmel bir kar\u0131\u015f\u0131m\u0131 olan bu b\u00fcy\u00fcleyici \u00c7i\u00e7ekli Ta\u00e7 Ba\u015f Band\u0131 ile g\u00f6r\u00fcn\u00fcm\u00fcn\u00fcz\u00fc y\u00fckseltin. Pembe papatyalar ve tamamlay\u0131c\u0131 ye\u015fil yapraklarla incelikle tasarlanm\u0131\u015f bu ba\u015fl\u0131k, kapris ve zarafet yayar. Hem yeti\u015fkinler hem de \u00e7ocuklar i\u00e7in ayarlanabilir ve her kullan\u0131c\u0131 i\u00e7in rahat bir uyum sa\u011flar. D\u00fc\u011f\u00fcnler, partiler veya g\u00fcnl\u00fck k\u0131yafetlerinize do\u011fadan ilham alan bir g\u00fczellik dokunu\u015fu eklemek i\u00e7in ideal olan bu \u00e7i\u00e7ekli ta\u00e7, k\u0131yafetinizi b\u00fcy\u00fcleyici bir vizyona d\u00f6n\u00fc\u015ft\u00fcrecektir. B\u00fcy\u00fcleyici olmay\u0131 vaat eden bu aksesuarla anlar\u0131n\u0131z\u0131 unutulmaz k\u0131l\u0131n.<\/p><p>Kompozisyon: pembe papatyalar, beyaz ve ye\u015fil dolgu \u00e7i\u00e7ekler, ye\u015fil yapraklar<\/p>","protected":false},"excerpt":{"rendered":"<div style=\"width: 90%;text-align: left;margin: auto\"><p style=\"text-align:center\"><b>\ud83d\udc51 Ellerimizden Ba\u015f\u0131n\u0131za<\/b><br \/><i>Her Durum \u0130\u00e7in L\u00fcks \u00c7i\u00e7ek Ta\u00e7lar\u0131<\/i><\/p><ul><li>\u2702\ufe0f Kalbinde \u00d6zenle Haz\u0131rlanm\u0131\u015ft\u0131r <b>T\u00fcrkiye<\/b><\/li><li><b>\ud83d\udc90 Kompozisyon: pembe papatyalar, beyaz ve ye\u015fil dolgu \u00e7i\u00e7ekler, ye\u015fil yapraklar<\/b><\/li><\/ul><\/div>","protected":false},"featured_media":364,"template":"","meta":[],"product_brand":[],"product_cat":[76,59],"product_tag":[],"class_list":{"0":"post-365","1":"product","2":"type-product","3":"status-publish","4":"has-post-thumbnail","6":"product_cat-gold-floral-headpiece","7":"product_cat-bridal-floral-headpiece","9":"first","10":"instock","11":"shipping-taxable","12":"purchasable","13":"product-type-simple"},"yoast_head":"<!-- This site is optimized with the Yoast SEO plugin v25.9 - https:\/\/yoast.com\/wordpress\/plugins\/seo\/ -->\n<title>Floral Crown Headband for Weddings &amp; Parties - Flora Tiara<\/title>\n<meta name=\"description\" content=\"Unique and beautiful: Shop our Floral Crown Headband for Weddings &amp; Parties. Premium high quality headpiece to make the occasion unforgettable.\" \/>\n<meta name=\"robots\" content=\"index, follow, max-snippet:-1, max-image-preview:large, max-video-preview:-1\" \/>\n<link rel=\"canonical\" href=\"https:\/\/floratiara.com\/tr\/p\/geli\u0307n-ci\u0307cekli\u0307-baslik-kadin-aksesuarlari\/\" \/>\n<meta property=\"og:locale\" content=\"tr_TR\" \/>\n<meta property=\"og:type\" content=\"article\" \/>\n<meta property=\"og:title\" content=\"Floral Crown Headband for Weddings &amp; Parties - Flora Tiara\" \/>\n<meta property=\"og:description\" content=\"Unique and beautiful: Shop our Floral Crown Headband for Weddings &amp; Parties. Premium high quality headpiece to make the occasion unforgettable.\" \/>\n<meta property=\"og:url\" content=\"https:\/\/floratiara.com\/tr\/p\/geli\u0307n-ci\u0307cekli\u0307-baslik-kadin-aksesuarlari\/\" \/>\n<meta property=\"og:site_name\" content=\"Flora Tiara\" \/>\n<meta property=\"article:modified_time\" content=\"2024-12-12T01:44:49+00:00\" \/>\n<meta property=\"og:image\" content=\"https:\/\/floratiara.com\/wp-content\/uploads\/2024\/03\/Se8980c649aec483d9d358749819e21c1A.webp\" \/>\n\t<meta property=\"og:image:width\" content=\"1500\" \/>\n\t<meta property=\"og:image:height\" content=\"1500\" \/>\n\t<meta property=\"og:image:type\" content=\"image\/webp\" \/>\n<meta name=\"twitter:card\" content=\"summary_large_image\" \/>\n<meta name=\"twitter:label1\" content=\"Tahmini okuma s\u00fcresi\" \/>\n\t<meta name=\"twitter:data1\" content=\"2 dakika\" \/>\n<script type=\"application\/ld+json\" class=\"yoast-schema-graph\">{\"@context\":\"https:\/\/schema.org\",\"@graph\":[{\"@type\":\"WebPage\",\"@id\":\"https:\/\/floratiara.com\/p\/bridal-flower-headpiece-women-accessories\/\",\"url\":\"https:\/\/floratiara.com\/p\/bridal-flower-headpiece-women-accessories\/\",\"name\":\"Floral Crown Headband for Weddings &amp; Parties - Flora Tiara\",\"isPartOf\":{\"@id\":\"https:\/\/floratiara.com\/#website\"},\"primaryImageOfPage\":{\"@id\":\"https:\/\/floratiara.com\/p\/bridal-flower-headpiece-women-accessories\/#primaryimage\"},\"image\":{\"@id\":\"https:\/\/floratiara.com\/p\/bridal-flower-headpiece-women-accessories\/#primaryimage\"},\"thumbnailUrl\":\"https:\/\/floratiara.com\/wp-content\/uploads\/2024\/03\/Se8980c649aec483d9d358749819e21c1A.webp\",\"datePublished\":\"2024-03-16T09:41:53+00:00\",\"dateModified\":\"2024-12-12T01:44:49+00:00\",\"description\":\"Unique and beautiful: Shop our Floral Crown Headband for Weddings &amp; Parties. Premium high quality headpiece to make the occasion unforgettable.\",\"breadcrumb\":{\"@id\":\"https:\/\/floratiara.com\/p\/bridal-flower-headpiece-women-accessories\/#breadcrumb\"},\"inLanguage\":\"tr\",\"potentialAction\":[{\"@type\":\"ReadAction\",\"target\":[\"https:\/\/floratiara.com\/p\/bridal-flower-headpiece-women-accessories\/\"]}]},{\"@type\":\"ImageObject\",\"inLanguage\":\"tr\",\"@id\":\"https:\/\/floratiara.com\/p\/bridal-flower-headpiece-women-accessories\/#primaryimage\",\"url\":\"https:\/\/floratiara.com\/wp-content\/uploads\/2024\/03\/Se8980c649aec483d9d358749819e21c1A.webp\",\"contentUrl\":\"https:\/\/floratiara.com\/wp-content\/uploads\/2024\/03\/Se8980c649aec483d9d358749819e21c1A.webp\",\"width\":1500,\"height\":1500},{\"@type\":\"BreadcrumbList\",\"@id\":\"https:\/\/floratiara.com\/p\/bridal-flower-headpiece-women-accessories\/#breadcrumb\",\"itemListElement\":[{\"@type\":\"ListItem\",\"position\":1,\"name\":\"Home\",\"item\":\"https:\/\/floratiara.com\/\"},{\"@type\":\"ListItem\",\"position\":2,\"name\":\"Shop\",\"item\":\"https:\/\/floratiara.com\/shop\/\"},{\"@type\":\"ListItem\",\"position\":3,\"name\":\"Floral Crown Headband for Weddings &amp; Parties\"}]},{\"@type\":\"WebSite\",\"@id\":\"https:\/\/floratiara.com\/#website\",\"url\":\"https:\/\/floratiara.com\/\",\"name\":\"Flora Tiara\",\"description\":\"\",\"publisher\":{\"@id\":\"https:\/\/floratiara.com\/#organization\"},\"potentialAction\":[{\"@type\":\"SearchAction\",\"target\":{\"@type\":\"EntryPoint\",\"urlTemplate\":\"https:\/\/floratiara.com\/?s={search_term_string}\"},\"query-input\":{\"@type\":\"PropertyValueSpecification\",\"valueRequired\":true,\"valueName\":\"search_term_string\"}}],\"inLanguage\":\"tr\"},{\"@type\":\"Organization\",\"@id\":\"https:\/\/floratiara.com\/#organization\",\"name\":\"Flora Tiara\",\"url\":\"https:\/\/floratiara.com\/\",\"logo\":{\"@type\":\"ImageObject\",\"inLanguage\":\"tr\",\"@id\":\"https:\/\/floratiara.com\/#\/schema\/logo\/image\/\",\"url\":\"https:\/\/floratiara.com\/wp-content\/uploads\/2024\/03\/flora-tiara-logo.png\",\"contentUrl\":\"https:\/\/floratiara.com\/wp-content\/uploads\/2024\/03\/flora-tiara-logo.png\",\"width\":1024,\"height\":274,\"caption\":\"Flora Tiara\"},\"image\":{\"@id\":\"https:\/\/floratiara.com\/#\/schema\/logo\/image\/\"}}]}<\/script>\n<!-- \/ Yoast SEO plugin. -->","yoast_head_json":{"title":"D\u00fc\u011f\u00fcnler ve Partiler i\u00e7in \u00c7i\u00e7ekli Ta\u00e7 Sa\u00e7 Band\u0131 - Flora Tiara","description":"E\u015fsiz ve g\u00fczel: D\u00fc\u011f\u00fcnler ve Partiler i\u00e7in \u00c7i\u00e7ekli Ta\u00e7 Kafa Band\u0131m\u0131z\u0131 sat\u0131n al\u0131n. Etkinli\u011fi unutulmaz k\u0131lmak i\u00e7in birinci s\u0131n\u0131f y\u00fcksek kaliteli ba\u015fl\u0131k.","robots":{"index":"index","follow":"follow","max-snippet":"max-snippet:-1","max-image-preview":"max-image-preview:large","max-video-preview":"max-video-preview:-1"},"canonical":"https:\/\/floratiara.com\/tr\/p\/geli\u0307n-ci\u0307cekli\u0307-baslik-kadin-aksesuarlari\/","og_locale":"tr_TR","og_type":"article","og_title":"Floral Crown Headband for Weddings &amp; Parties - Flora Tiara","og_description":"Unique and beautiful: Shop our Floral Crown Headband for Weddings &amp; Parties. Premium high quality headpiece to make the occasion unforgettable.","og_url":"https:\/\/floratiara.com\/tr\/p\/geli\u0307n-ci\u0307cekli\u0307-baslik-kadin-aksesuarlari\/","og_site_name":"Flora Tiara","article_modified_time":"2024-12-12T01:44:49+00:00","og_image":[{"width":1500,"height":1500,"url":"https:\/\/floratiara.com\/wp-content\/uploads\/2024\/03\/Se8980c649aec483d9d358749819e21c1A.webp","type":"image\/webp"}],"twitter_card":"summary_large_image","twitter_misc":{"Tahmini okuma s\u00fcresi":"2 dakika"},"schema":{"@context":"https:\/\/schema.org","@graph":[{"@type":"WebPage","@id":"https:\/\/floratiara.com\/p\/bridal-flower-headpiece-women-accessories\/","url":"https:\/\/floratiara.com\/p\/bridal-flower-headpiece-women-accessories\/","name":"D\u00fc\u011f\u00fcnler ve Partiler i\u00e7in \u00c7i\u00e7ekli Ta\u00e7 Sa\u00e7 Band\u0131 - Flora Tiara","isPartOf":{"@id":"https:\/\/floratiara.com\/#website"},"primaryImageOfPage":{"@id":"https:\/\/floratiara.com\/p\/bridal-flower-headpiece-women-accessories\/#primaryimage"},"image":{"@id":"https:\/\/floratiara.com\/p\/bridal-flower-headpiece-women-accessories\/#primaryimage"},"thumbnailUrl":"https:\/\/floratiara.com\/wp-content\/uploads\/2024\/03\/Se8980c649aec483d9d358749819e21c1A.webp","datePublished":"2024-03-16T09:41:53+00:00","dateModified":"2024-12-12T01:44:49+00:00","description":"E\u015fsiz ve g\u00fczel: D\u00fc\u011f\u00fcnler ve Partiler i\u00e7in \u00c7i\u00e7ekli Ta\u00e7 Kafa Band\u0131m\u0131z\u0131 sat\u0131n al\u0131n. Etkinli\u011fi unutulmaz k\u0131lmak i\u00e7in birinci s\u0131n\u0131f y\u00fcksek kaliteli ba\u015fl\u0131k.","breadcrumb":{"@id":"https:\/\/floratiara.com\/p\/bridal-flower-headpiece-women-accessories\/#breadcrumb"},"inLanguage":"tr","potentialAction":[{"@type":"ReadAction","target":["https:\/\/floratiara.com\/p\/bridal-flower-headpiece-women-accessories\/"]}]},{"@type":"ImageObject","inLanguage":"tr","@id":"https:\/\/floratiara.com\/p\/bridal-flower-headpiece-women-accessories\/#primaryimage","url":"https:\/\/floratiara.com\/wp-content\/uploads\/2024\/03\/Se8980c649aec483d9d358749819e21c1A.webp","contentUrl":"https:\/\/floratiara.com\/wp-content\/uploads\/2024\/03\/Se8980c649aec483d9d358749819e21c1A.webp","width":1500,"height":1500},{"@type":"BreadcrumbList","@id":"https:\/\/floratiara.com\/p\/bridal-flower-headpiece-women-accessories\/#breadcrumb","itemListElement":[{"@type":"ListItem","position":1,"name":"Home","item":"https:\/\/floratiara.com\/"},{"@type":"ListItem","position":2,"name":"Shop","item":"https:\/\/floratiara.com\/shop\/"},{"@type":"ListItem","position":3,"name":"Floral Crown Headband for Weddings &amp; Parties"}]},{"@type":"WebSite","@id":"https:\/\/floratiara.com\/#website","url":"https:\/\/floratiara.com\/","name":"Flora Tiara","description":"","publisher":{"@id":"https:\/\/floratiara.com\/#organization"},"potentialAction":[{"@type":"SearchAction","target":{"@type":"EntryPoint","urlTemplate":"https:\/\/floratiara.com\/?s={search_term_string}"},"query-input":{"@type":"PropertyValueSpecification","valueRequired":true,"valueName":"search_term_string"}}],"inLanguage":"tr"},{"@type":"Organization","@id":"https:\/\/floratiara.com\/#organization","name":"Flora Tiara","url":"https:\/\/floratiara.com\/","logo":{"@type":"ImageObject","inLanguage":"tr","@id":"https:\/\/floratiara.com\/#\/schema\/logo\/image\/","url":"https:\/\/floratiara.com\/wp-content\/uploads\/2024\/03\/flora-tiara-logo.png","contentUrl":"https:\/\/floratiara.com\/wp-content\/uploads\/2024\/03\/flora-tiara-logo.png","width":1024,"height":274,"caption":"Flora Tiara"},"image":{"@id":"https:\/\/floratiara.com\/#\/schema\/logo\/image\/"}}]}},"_links":{"self":[{"href":"https:\/\/floratiara.com\/tr\/wp-json\/wp\/v2\/product\/365","targetHints":{"allow":["GET"]}}],"collection":[{"href":"https:\/\/floratiara.com\/tr\/wp-json\/wp\/v2\/product"}],"about":[{"href":"https:\/\/floratiara.com\/tr\/wp-json\/wp\/v2\/types\/product"}],"wp:featuredmedia":[{"embeddable":true,"href":"https:\/\/floratiara.com\/tr\/wp-json\/wp\/v2\/media\/364"}],"wp:attachment":[{"href":"https:\/\/floratiara.com\/tr\/wp-json\/wp\/v2\/media?parent=365"}],"wp:term":[{"taxonomy":"product_brand","embeddable":true,"href":"https:\/\/floratiara.com\/tr\/wp-json\/wp\/v2\/product_brand?post=365"},{"taxonomy":"product_cat","embeddable":true,"href":"https:\/\/floratiara.com\/tr\/wp-json\/wp\/v2\/product_cat?post=365"},{"taxonomy":"product_tag","embeddable":true,"href":"https:\/\/floratiara.com\/tr\/wp-json\/wp\/v2\/product_tag?post=365"}],"curies":[{"name":"wp","href":"https:\/\/api.w.org\/{rel}","templated":true}]}}