{"id":429,"date":"2024-03-16T09:43:22","date_gmt":"2024-03-16T09:43:22","guid":{"rendered":"https:\/\/floratiara.com\/?post_type=product&#038;p=429"},"modified":"2024-12-12T01:43:39","modified_gmt":"2024-12-12T01:43:39","slug":"dugun-cicek-basligi-zarif-celenk","status":"publish","type":"product","link":"https:\/\/floratiara.com\/tr\/p\/dugun-cicek-basligi-zarif-celenk\/","title":{"rendered":"Gelin \u00c7i\u00e7e\u011fi Tac\u0131, Sar\u0131 G\u00fcl &amp; Beyaz Frezya"},"content":{"rendered":"<p>Canl\u0131 sar\u0131 g\u00fcller, saf beyaz frezya ve bir tutam beyaz \u00e7ilekle \u00f6zenle bir araya getirilmi\u015f Gelin \u00c7i\u00e7e\u011fi Tac\u0131m\u0131zla bahar\u0131n \u00f6z\u00fcn\u00fc kucaklay\u0131n. Zengin ye\u015fil yapraklar\u0131n fon olu\u015fturdu\u011fu bu b\u00fcy\u00fcleyici ba\u015fl\u0131k, d\u00fc\u011f\u00fcn k\u0131yafetlerinize do\u011fadan ilham alan sofistike bir dokunu\u015f katmay\u0131 garanti ediyor. Ayarlanabilir boyutu, her gelin i\u00e7in kusursuz bir uyum vaat ederek romantizm ve zarafetin pitoresk bir havas\u0131n\u0131 yarat\u0131r. A\u015fk ve safl\u0131\u011f\u0131n bu g\u00fczel i\u015flenmi\u015f sembol\u00fc ile gelin g\u00f6r\u00fcn\u00fcm\u00fcn\u00fcz\u00fc y\u00fckseltin ve koridordaki y\u00fcr\u00fcy\u00fc\u015f\u00fcn\u00fcz\u00fc unutulmaz k\u0131l\u0131n.<\/p><p>Kompozisyon: sar\u0131 g\u00fcller, beyaz frezya, beyaz meyveler, ye\u015fil yapraklar.<\/p>","protected":false},"excerpt":{"rendered":"<div style=\"width: 90%;text-align: left;margin: auto\"><p style=\"text-align:center\"><b>\ud83d\udc51 Ellerimizden Ba\u015f\u0131n\u0131za<\/b><br \/><i>Her Durum \u0130\u00e7in L\u00fcks \u00c7i\u00e7ek Ta\u00e7lar\u0131<\/i><\/p><ul><li>\u2702\ufe0f Kalbinde \u00d6zenle Haz\u0131rlanm\u0131\u015ft\u0131r <b>T\u00fcrkiye<\/b><\/li><li><b>\ud83d\udc90 Kompozisyon: sar\u0131 g\u00fcller, beyaz frezya, beyaz meyveler, ye\u015fil yapraklar.<\/b><\/li><\/ul><\/div>","protected":false},"featured_media":428,"template":"","meta":[],"product_brand":[],"product_cat":[61,76,59],"product_tag":[],"class_list":{"0":"post-429","1":"product","2":"type-product","3":"status-publish","4":"has-post-thumbnail","6":"product_cat-bridesmaid-floral-headpiece","7":"product_cat-gold-floral-headpiece","8":"product_cat-bridal-floral-headpiece","10":"first","11":"instock","12":"shipping-taxable","13":"purchasable","14":"product-type-simple"},"yoast_head":"<!-- This site is optimized with the Yoast SEO plugin v25.9 - https:\/\/yoast.com\/wordpress\/plugins\/seo\/ -->\n<title>Bridal Flower Crown, Yellow Rose &amp; White Freesia - Flora Tiara<\/title>\n<meta name=\"description\" content=\"Unique and beautiful: Shop our Bridal Flower Crown, Yellow Rose &amp; White Freesia. Premium high quality headpiece to make the occasion unforgettable.\" \/>\n<meta name=\"robots\" content=\"index, follow, max-snippet:-1, max-image-preview:large, max-video-preview:-1\" \/>\n<link rel=\"canonical\" href=\"https:\/\/floratiara.com\/tr\/p\/dugun-cicek-basligi-zarif-celenk\/\" \/>\n<meta property=\"og:locale\" content=\"tr_TR\" \/>\n<meta property=\"og:type\" content=\"article\" \/>\n<meta property=\"og:title\" content=\"Bridal Flower Crown, Yellow Rose &amp; White Freesia - Flora Tiara\" \/>\n<meta property=\"og:description\" content=\"Unique and beautiful: Shop our Bridal Flower Crown, Yellow Rose &amp; White Freesia. Premium high quality headpiece to make the occasion unforgettable.\" \/>\n<meta property=\"og:url\" content=\"https:\/\/floratiara.com\/tr\/p\/dugun-cicek-basligi-zarif-celenk\/\" \/>\n<meta property=\"og:site_name\" content=\"Flora Tiara\" \/>\n<meta property=\"article:modified_time\" content=\"2024-12-12T01:43:39+00:00\" \/>\n<meta property=\"og:image\" content=\"https:\/\/floratiara.com\/wp-content\/uploads\/2024\/03\/S4c0fcd0381244f27a1aa73cee017126aO.webp\" \/>\n\t<meta property=\"og:image:width\" content=\"1500\" \/>\n\t<meta property=\"og:image:height\" content=\"1500\" \/>\n\t<meta property=\"og:image:type\" content=\"image\/webp\" \/>\n<meta name=\"twitter:card\" content=\"summary_large_image\" \/>\n<script type=\"application\/ld+json\" class=\"yoast-schema-graph\">{\"@context\":\"https:\/\/schema.org\",\"@graph\":[{\"@type\":\"WebPage\",\"@id\":\"https:\/\/floratiara.com\/p\/wedding-floral-headpiece-elegant-garland\/\",\"url\":\"https:\/\/floratiara.com\/p\/wedding-floral-headpiece-elegant-garland\/\",\"name\":\"Bridal Flower Crown, Yellow Rose &amp; White Freesia - Flora Tiara\",\"isPartOf\":{\"@id\":\"https:\/\/floratiara.com\/#website\"},\"primaryImageOfPage\":{\"@id\":\"https:\/\/floratiara.com\/p\/wedding-floral-headpiece-elegant-garland\/#primaryimage\"},\"image\":{\"@id\":\"https:\/\/floratiara.com\/p\/wedding-floral-headpiece-elegant-garland\/#primaryimage\"},\"thumbnailUrl\":\"https:\/\/floratiara.com\/wp-content\/uploads\/2024\/03\/S4c0fcd0381244f27a1aa73cee017126aO.webp\",\"datePublished\":\"2024-03-16T09:43:22+00:00\",\"dateModified\":\"2024-12-12T01:43:39+00:00\",\"description\":\"Unique and beautiful: Shop our Bridal Flower Crown, Yellow Rose &amp; White Freesia. Premium high quality headpiece to make the occasion unforgettable.\",\"breadcrumb\":{\"@id\":\"https:\/\/floratiara.com\/p\/wedding-floral-headpiece-elegant-garland\/#breadcrumb\"},\"inLanguage\":\"tr\",\"potentialAction\":[{\"@type\":\"ReadAction\",\"target\":[\"https:\/\/floratiara.com\/p\/wedding-floral-headpiece-elegant-garland\/\"]}]},{\"@type\":\"ImageObject\",\"inLanguage\":\"tr\",\"@id\":\"https:\/\/floratiara.com\/p\/wedding-floral-headpiece-elegant-garland\/#primaryimage\",\"url\":\"https:\/\/floratiara.com\/wp-content\/uploads\/2024\/03\/S4c0fcd0381244f27a1aa73cee017126aO.webp\",\"contentUrl\":\"https:\/\/floratiara.com\/wp-content\/uploads\/2024\/03\/S4c0fcd0381244f27a1aa73cee017126aO.webp\",\"width\":1500,\"height\":1500},{\"@type\":\"BreadcrumbList\",\"@id\":\"https:\/\/floratiara.com\/p\/wedding-floral-headpiece-elegant-garland\/#breadcrumb\",\"itemListElement\":[{\"@type\":\"ListItem\",\"position\":1,\"name\":\"Home\",\"item\":\"https:\/\/floratiara.com\/\"},{\"@type\":\"ListItem\",\"position\":2,\"name\":\"Shop\",\"item\":\"https:\/\/floratiara.com\/shop\/\"},{\"@type\":\"ListItem\",\"position\":3,\"name\":\"Bridal Flower Crown, Yellow Rose &amp; White Freesia\"}]},{\"@type\":\"WebSite\",\"@id\":\"https:\/\/floratiara.com\/#website\",\"url\":\"https:\/\/floratiara.com\/\",\"name\":\"Flora Tiara\",\"description\":\"\",\"publisher\":{\"@id\":\"https:\/\/floratiara.com\/#organization\"},\"potentialAction\":[{\"@type\":\"SearchAction\",\"target\":{\"@type\":\"EntryPoint\",\"urlTemplate\":\"https:\/\/floratiara.com\/?s={search_term_string}\"},\"query-input\":{\"@type\":\"PropertyValueSpecification\",\"valueRequired\":true,\"valueName\":\"search_term_string\"}}],\"inLanguage\":\"tr\"},{\"@type\":\"Organization\",\"@id\":\"https:\/\/floratiara.com\/#organization\",\"name\":\"Flora Tiara\",\"url\":\"https:\/\/floratiara.com\/\",\"logo\":{\"@type\":\"ImageObject\",\"inLanguage\":\"tr\",\"@id\":\"https:\/\/floratiara.com\/#\/schema\/logo\/image\/\",\"url\":\"https:\/\/floratiara.com\/wp-content\/uploads\/2024\/03\/flora-tiara-logo.png\",\"contentUrl\":\"https:\/\/floratiara.com\/wp-content\/uploads\/2024\/03\/flora-tiara-logo.png\",\"width\":1024,\"height\":274,\"caption\":\"Flora Tiara\"},\"image\":{\"@id\":\"https:\/\/floratiara.com\/#\/schema\/logo\/image\/\"}}]}<\/script>\n<!-- \/ Yoast SEO plugin. -->","yoast_head_json":{"title":"Gelin \u00c7i\u00e7e\u011fi Tac\u0131, Sar\u0131 G\u00fcl ve Beyaz Frezya - Flora Tiara","description":"E\u015fsiz ve g\u00fczel: Gelin \u00c7i\u00e7e\u011fi Tac\u0131, Sar\u0131 G\u00fcl ve Beyaz Frezya \u00fcr\u00fcnlerimizi sat\u0131n al\u0131n. Etkinli\u011fi unutulmaz k\u0131lmak i\u00e7in birinci s\u0131n\u0131f y\u00fcksek kaliteli ba\u015fl\u0131k.","robots":{"index":"index","follow":"follow","max-snippet":"max-snippet:-1","max-image-preview":"max-image-preview:large","max-video-preview":"max-video-preview:-1"},"canonical":"https:\/\/floratiara.com\/tr\/p\/dugun-cicek-basligi-zarif-celenk\/","og_locale":"tr_TR","og_type":"article","og_title":"Bridal Flower Crown, Yellow Rose &amp; White Freesia - Flora Tiara","og_description":"Unique and beautiful: Shop our Bridal Flower Crown, Yellow Rose &amp; White Freesia. Premium high quality headpiece to make the occasion unforgettable.","og_url":"https:\/\/floratiara.com\/tr\/p\/dugun-cicek-basligi-zarif-celenk\/","og_site_name":"Flora Tiara","article_modified_time":"2024-12-12T01:43:39+00:00","og_image":[{"width":1500,"height":1500,"url":"https:\/\/floratiara.com\/wp-content\/uploads\/2024\/03\/S4c0fcd0381244f27a1aa73cee017126aO.webp","type":"image\/webp"}],"twitter_card":"summary_large_image","schema":{"@context":"https:\/\/schema.org","@graph":[{"@type":"WebPage","@id":"https:\/\/floratiara.com\/p\/wedding-floral-headpiece-elegant-garland\/","url":"https:\/\/floratiara.com\/p\/wedding-floral-headpiece-elegant-garland\/","name":"Gelin \u00c7i\u00e7e\u011fi Tac\u0131, Sar\u0131 G\u00fcl ve Beyaz Frezya - Flora Tiara","isPartOf":{"@id":"https:\/\/floratiara.com\/#website"},"primaryImageOfPage":{"@id":"https:\/\/floratiara.com\/p\/wedding-floral-headpiece-elegant-garland\/#primaryimage"},"image":{"@id":"https:\/\/floratiara.com\/p\/wedding-floral-headpiece-elegant-garland\/#primaryimage"},"thumbnailUrl":"https:\/\/floratiara.com\/wp-content\/uploads\/2024\/03\/S4c0fcd0381244f27a1aa73cee017126aO.webp","datePublished":"2024-03-16T09:43:22+00:00","dateModified":"2024-12-12T01:43:39+00:00","description":"E\u015fsiz ve g\u00fczel: Gelin \u00c7i\u00e7e\u011fi Tac\u0131, Sar\u0131 G\u00fcl ve Beyaz Frezya \u00fcr\u00fcnlerimizi sat\u0131n al\u0131n. Etkinli\u011fi unutulmaz k\u0131lmak i\u00e7in birinci s\u0131n\u0131f y\u00fcksek kaliteli ba\u015fl\u0131k.","breadcrumb":{"@id":"https:\/\/floratiara.com\/p\/wedding-floral-headpiece-elegant-garland\/#breadcrumb"},"inLanguage":"tr","potentialAction":[{"@type":"ReadAction","target":["https:\/\/floratiara.com\/p\/wedding-floral-headpiece-elegant-garland\/"]}]},{"@type":"ImageObject","inLanguage":"tr","@id":"https:\/\/floratiara.com\/p\/wedding-floral-headpiece-elegant-garland\/#primaryimage","url":"https:\/\/floratiara.com\/wp-content\/uploads\/2024\/03\/S4c0fcd0381244f27a1aa73cee017126aO.webp","contentUrl":"https:\/\/floratiara.com\/wp-content\/uploads\/2024\/03\/S4c0fcd0381244f27a1aa73cee017126aO.webp","width":1500,"height":1500},{"@type":"BreadcrumbList","@id":"https:\/\/floratiara.com\/p\/wedding-floral-headpiece-elegant-garland\/#breadcrumb","itemListElement":[{"@type":"ListItem","position":1,"name":"Home","item":"https:\/\/floratiara.com\/"},{"@type":"ListItem","position":2,"name":"Shop","item":"https:\/\/floratiara.com\/shop\/"},{"@type":"ListItem","position":3,"name":"Bridal Flower Crown, Yellow Rose &amp; White Freesia"}]},{"@type":"WebSite","@id":"https:\/\/floratiara.com\/#website","url":"https:\/\/floratiara.com\/","name":"Flora Tiara","description":"","publisher":{"@id":"https:\/\/floratiara.com\/#organization"},"potentialAction":[{"@type":"SearchAction","target":{"@type":"EntryPoint","urlTemplate":"https:\/\/floratiara.com\/?s={search_term_string}"},"query-input":{"@type":"PropertyValueSpecification","valueRequired":true,"valueName":"search_term_string"}}],"inLanguage":"tr"},{"@type":"Organization","@id":"https:\/\/floratiara.com\/#organization","name":"Flora Tiara","url":"https:\/\/floratiara.com\/","logo":{"@type":"ImageObject","inLanguage":"tr","@id":"https:\/\/floratiara.com\/#\/schema\/logo\/image\/","url":"https:\/\/floratiara.com\/wp-content\/uploads\/2024\/03\/flora-tiara-logo.png","contentUrl":"https:\/\/floratiara.com\/wp-content\/uploads\/2024\/03\/flora-tiara-logo.png","width":1024,"height":274,"caption":"Flora Tiara"},"image":{"@id":"https:\/\/floratiara.com\/#\/schema\/logo\/image\/"}}]}},"_links":{"self":[{"href":"https:\/\/floratiara.com\/tr\/wp-json\/wp\/v2\/product\/429","targetHints":{"allow":["GET"]}}],"collection":[{"href":"https:\/\/floratiara.com\/tr\/wp-json\/wp\/v2\/product"}],"about":[{"href":"https:\/\/floratiara.com\/tr\/wp-json\/wp\/v2\/types\/product"}],"wp:featuredmedia":[{"embeddable":true,"href":"https:\/\/floratiara.com\/tr\/wp-json\/wp\/v2\/media\/428"}],"wp:attachment":[{"href":"https:\/\/floratiara.com\/tr\/wp-json\/wp\/v2\/media?parent=429"}],"wp:term":[{"taxonomy":"product_brand","embeddable":true,"href":"https:\/\/floratiara.com\/tr\/wp-json\/wp\/v2\/product_brand?post=429"},{"taxonomy":"product_cat","embeddable":true,"href":"https:\/\/floratiara.com\/tr\/wp-json\/wp\/v2\/product_cat?post=429"},{"taxonomy":"product_tag","embeddable":true,"href":"https:\/\/floratiara.com\/tr\/wp-json\/wp\/v2\/product_tag?post=429"}],"curies":[{"name":"wp","href":"https:\/\/api.w.org\/{rel}","templated":true}]}}