{"id":475,"date":"2024-03-16T09:45:04","date_gmt":"2024-03-16T09:45:04","guid":{"rendered":"https:\/\/floratiara.com\/?post_type=product&#038;p=475"},"modified":"2025-10-15T03:31:04","modified_gmt":"2025-10-15T03:31:04","slug":"zarif-cicekli-sac-celengi","status":"publish","type":"product","link":"https:\/\/floratiara.com\/tr\/p\/zarif-cicekli-sac-celengi\/","title":{"rendered":"Elysian \u00c7i\u00e7ek Ta\u00e7 Gelin Ba\u015fl\u0131\u011f\u0131"},"content":{"rendered":"<p>B\u00fcy\u00fc arayan her gelin veya parti m\u00fcdavimi i\u00e7in \u015fiirsel bir aksesuar olan Elysian \u00c7i\u00e7ek Tac\u0131 ile zamans\u0131z zarafeti ya\u015fay\u0131n. Canl\u0131 pembe g\u00fcller, zengin bordo kozmoslar, narin beyaz ve pembe papatyalar, yemye\u015fil karanfiller ve g\u00fcm\u00fc\u015fi okalipt\u00fcs yapraklar\u0131 aras\u0131nda yer alan her bir par\u00e7a l\u00fcks\u00fc yans\u0131t\u0131yor. D\u00fc\u011f\u00fcnler veya festivaller i\u00e7in m\u00fckemmel olan bu birinci s\u0131n\u0131f ba\u015fl\u0131k, romantik ve tuhaf cazibesiyle g\u00f6r\u00fcn\u00fcm\u00fcn\u00fcz\u00fc y\u00fckseltmeyi vaat ediyor. Bu el yap\u0131m\u0131 g\u00f6steri\u015fli par\u00e7ay\u0131 gard\u0131robunuza ekleyerek an\u0131nda botanik zarafet ve sofistike bir g\u00f6r\u00fcn\u00fcm elde edin.<\/p><p>Kompozisyon: pembe g\u00fcller, bordo kozmoslar, beyaz ve pembe papatyalar, pembe karanfiller, g\u00fcm\u00fc\u015f dolar okalipt\u00fcs.<\/p>","protected":false},"excerpt":{"rendered":"<div style=\"width: 90%;text-align: left;margin: auto\"><p style=\"text-align:center\"><b>\ud83d\udc51 Ellerimizden Ba\u015f\u0131n\u0131za<\/b><br \/><i>Her Durum \u0130\u00e7in L\u00fcks \u00c7i\u00e7ek Ta\u00e7lar\u0131<\/i><\/p><ul><li>\u2702\ufe0f Kalbinde \u00d6zenle Haz\u0131rlanm\u0131\u015ft\u0131r <b>T\u00fcrkiye<\/b><\/li><li><b>\ud83d\udc90 Kompozisyon: pembe g\u00fcller, bordo kozmos, beyaz ve pembe papatyalar, pembe karanfiller, g\u00fcm\u00fc\u015f dolar okalipt\u00fcs.<\/b><\/li><\/ul><\/div>","protected":false},"featured_media":474,"template":"","meta":[],"product_brand":[],"product_cat":[61,60,73,77,59],"product_tag":[],"class_list":{"0":"post-475","1":"product","2":"type-product","3":"status-publish","4":"has-post-thumbnail","6":"product_cat-bridesmaid-floral-headpiece","7":"product_cat-floral-headpiece-flower-girl","8":"product_cat-pink-floral-headpiece","9":"product_cat-red-floral-headpiece","10":"product_cat-bridal-floral-headpiece","12":"first","13":"outofstock","14":"shipping-taxable","15":"purchasable","16":"product-type-simple"},"yoast_head":"<!-- This site is optimized with the Yoast SEO plugin v25.9 - https:\/\/yoast.com\/wordpress\/plugins\/seo\/ -->\n<title>Elysian Flower Crown Bridal Headpiece - Flora Tiara<\/title>\n<meta name=\"description\" content=\"Unique and beautiful: Shop our Elysian Flower Crown Bridal Headpiece. Premium high quality headpiece to make the occasion unforgettable.\" \/>\n<meta name=\"robots\" content=\"index, follow, max-snippet:-1, max-image-preview:large, max-video-preview:-1\" \/>\n<link rel=\"canonical\" href=\"https:\/\/floratiara.com\/tr\/p\/zarif-cicekli-sac-celengi\/\" \/>\n<meta property=\"og:locale\" content=\"tr_TR\" \/>\n<meta property=\"og:type\" content=\"article\" \/>\n<meta property=\"og:title\" content=\"Elysian Flower Crown Bridal Headpiece - Flora Tiara\" \/>\n<meta property=\"og:description\" content=\"Unique and beautiful: Shop our Elysian Flower Crown Bridal Headpiece. Premium high quality headpiece to make the occasion unforgettable.\" \/>\n<meta property=\"og:url\" content=\"https:\/\/floratiara.com\/tr\/p\/zarif-cicekli-sac-celengi\/\" \/>\n<meta property=\"og:site_name\" content=\"Flora Tiara\" \/>\n<meta property=\"article:modified_time\" content=\"2025-10-15T03:31:04+00:00\" \/>\n<meta property=\"og:image\" content=\"https:\/\/floratiara.com\/wp-content\/uploads\/2024\/03\/S5d660647fae44fa3b8876f05c543be7fq.webp\" \/>\n\t<meta property=\"og:image:width\" content=\"1500\" \/>\n\t<meta property=\"og:image:height\" content=\"1500\" \/>\n\t<meta property=\"og:image:type\" content=\"image\/webp\" \/>\n<meta name=\"twitter:card\" content=\"summary_large_image\" \/>\n<meta name=\"twitter:label1\" content=\"Tahmini okuma s\u00fcresi\" \/>\n\t<meta name=\"twitter:data1\" content=\"1 dakika\" \/>\n<script type=\"application\/ld+json\" class=\"yoast-schema-graph\">{\"@context\":\"https:\/\/schema.org\",\"@graph\":[{\"@type\":\"WebPage\",\"@id\":\"https:\/\/floratiara.com\/p\/elegant-floral-hair-garland\/\",\"url\":\"https:\/\/floratiara.com\/p\/elegant-floral-hair-garland\/\",\"name\":\"Elysian Flower Crown Bridal Headpiece - Flora Tiara\",\"isPartOf\":{\"@id\":\"https:\/\/floratiara.com\/#website\"},\"primaryImageOfPage\":{\"@id\":\"https:\/\/floratiara.com\/p\/elegant-floral-hair-garland\/#primaryimage\"},\"image\":{\"@id\":\"https:\/\/floratiara.com\/p\/elegant-floral-hair-garland\/#primaryimage\"},\"thumbnailUrl\":\"https:\/\/floratiara.com\/wp-content\/uploads\/2024\/03\/S5d660647fae44fa3b8876f05c543be7fq.webp\",\"datePublished\":\"2024-03-16T09:45:04+00:00\",\"dateModified\":\"2025-10-15T03:31:04+00:00\",\"description\":\"Unique and beautiful: Shop our Elysian Flower Crown Bridal Headpiece. Premium high quality headpiece to make the occasion unforgettable.\",\"breadcrumb\":{\"@id\":\"https:\/\/floratiara.com\/p\/elegant-floral-hair-garland\/#breadcrumb\"},\"inLanguage\":\"tr\",\"potentialAction\":[{\"@type\":\"ReadAction\",\"target\":[\"https:\/\/floratiara.com\/p\/elegant-floral-hair-garland\/\"]}]},{\"@type\":\"ImageObject\",\"inLanguage\":\"tr\",\"@id\":\"https:\/\/floratiara.com\/p\/elegant-floral-hair-garland\/#primaryimage\",\"url\":\"https:\/\/floratiara.com\/wp-content\/uploads\/2024\/03\/S5d660647fae44fa3b8876f05c543be7fq.webp\",\"contentUrl\":\"https:\/\/floratiara.com\/wp-content\/uploads\/2024\/03\/S5d660647fae44fa3b8876f05c543be7fq.webp\",\"width\":1500,\"height\":1500},{\"@type\":\"BreadcrumbList\",\"@id\":\"https:\/\/floratiara.com\/p\/elegant-floral-hair-garland\/#breadcrumb\",\"itemListElement\":[{\"@type\":\"ListItem\",\"position\":1,\"name\":\"Home\",\"item\":\"https:\/\/floratiara.com\/\"},{\"@type\":\"ListItem\",\"position\":2,\"name\":\"Shop\",\"item\":\"https:\/\/floratiara.com\/shop\/\"},{\"@type\":\"ListItem\",\"position\":3,\"name\":\"Elysian Flower Crown Bridal Headpiece\"}]},{\"@type\":\"WebSite\",\"@id\":\"https:\/\/floratiara.com\/#website\",\"url\":\"https:\/\/floratiara.com\/\",\"name\":\"Flora Tiara\",\"description\":\"\",\"publisher\":{\"@id\":\"https:\/\/floratiara.com\/#organization\"},\"potentialAction\":[{\"@type\":\"SearchAction\",\"target\":{\"@type\":\"EntryPoint\",\"urlTemplate\":\"https:\/\/floratiara.com\/?s={search_term_string}\"},\"query-input\":{\"@type\":\"PropertyValueSpecification\",\"valueRequired\":true,\"valueName\":\"search_term_string\"}}],\"inLanguage\":\"tr\"},{\"@type\":\"Organization\",\"@id\":\"https:\/\/floratiara.com\/#organization\",\"name\":\"Flora Tiara\",\"url\":\"https:\/\/floratiara.com\/\",\"logo\":{\"@type\":\"ImageObject\",\"inLanguage\":\"tr\",\"@id\":\"https:\/\/floratiara.com\/#\/schema\/logo\/image\/\",\"url\":\"https:\/\/floratiara.com\/wp-content\/uploads\/2024\/03\/flora-tiara-logo.png\",\"contentUrl\":\"https:\/\/floratiara.com\/wp-content\/uploads\/2024\/03\/flora-tiara-logo.png\",\"width\":1024,\"height\":274,\"caption\":\"Flora Tiara\"},\"image\":{\"@id\":\"https:\/\/floratiara.com\/#\/schema\/logo\/image\/\"}}]}<\/script>\n<!-- \/ Yoast SEO plugin. -->","yoast_head_json":{"title":"Elysian \u00c7i\u00e7ek Ta\u00e7 Gelin Ba\u015fl\u0131\u011f\u0131 - Flora Tiara","description":"E\u015fsiz ve g\u00fczel: Elysian \u00c7i\u00e7ek Tac\u0131 Gelin Ba\u015fl\u0131\u011f\u0131m\u0131z\u0131 sat\u0131n al\u0131n. Etkinli\u011fi unutulmaz k\u0131lmak i\u00e7in birinci s\u0131n\u0131f y\u00fcksek kaliteli ba\u015fl\u0131k.","robots":{"index":"index","follow":"follow","max-snippet":"max-snippet:-1","max-image-preview":"max-image-preview:large","max-video-preview":"max-video-preview:-1"},"canonical":"https:\/\/floratiara.com\/tr\/p\/zarif-cicekli-sac-celengi\/","og_locale":"tr_TR","og_type":"article","og_title":"Elysian Flower Crown Bridal Headpiece - Flora Tiara","og_description":"Unique and beautiful: Shop our Elysian Flower Crown Bridal Headpiece. Premium high quality headpiece to make the occasion unforgettable.","og_url":"https:\/\/floratiara.com\/tr\/p\/zarif-cicekli-sac-celengi\/","og_site_name":"Flora Tiara","article_modified_time":"2025-10-15T03:31:04+00:00","og_image":[{"width":1500,"height":1500,"url":"https:\/\/floratiara.com\/wp-content\/uploads\/2024\/03\/S5d660647fae44fa3b8876f05c543be7fq.webp","type":"image\/webp"}],"twitter_card":"summary_large_image","twitter_misc":{"Tahmini okuma s\u00fcresi":"1 dakika"},"schema":{"@context":"https:\/\/schema.org","@graph":[{"@type":"WebPage","@id":"https:\/\/floratiara.com\/p\/elegant-floral-hair-garland\/","url":"https:\/\/floratiara.com\/p\/elegant-floral-hair-garland\/","name":"Elysian \u00c7i\u00e7ek Ta\u00e7 Gelin Ba\u015fl\u0131\u011f\u0131 - Flora Tiara","isPartOf":{"@id":"https:\/\/floratiara.com\/#website"},"primaryImageOfPage":{"@id":"https:\/\/floratiara.com\/p\/elegant-floral-hair-garland\/#primaryimage"},"image":{"@id":"https:\/\/floratiara.com\/p\/elegant-floral-hair-garland\/#primaryimage"},"thumbnailUrl":"https:\/\/floratiara.com\/wp-content\/uploads\/2024\/03\/S5d660647fae44fa3b8876f05c543be7fq.webp","datePublished":"2024-03-16T09:45:04+00:00","dateModified":"2025-10-15T03:31:04+00:00","description":"E\u015fsiz ve g\u00fczel: Elysian \u00c7i\u00e7ek Tac\u0131 Gelin Ba\u015fl\u0131\u011f\u0131m\u0131z\u0131 sat\u0131n al\u0131n. Etkinli\u011fi unutulmaz k\u0131lmak i\u00e7in birinci s\u0131n\u0131f y\u00fcksek kaliteli ba\u015fl\u0131k.","breadcrumb":{"@id":"https:\/\/floratiara.com\/p\/elegant-floral-hair-garland\/#breadcrumb"},"inLanguage":"tr","potentialAction":[{"@type":"ReadAction","target":["https:\/\/floratiara.com\/p\/elegant-floral-hair-garland\/"]}]},{"@type":"ImageObject","inLanguage":"tr","@id":"https:\/\/floratiara.com\/p\/elegant-floral-hair-garland\/#primaryimage","url":"https:\/\/floratiara.com\/wp-content\/uploads\/2024\/03\/S5d660647fae44fa3b8876f05c543be7fq.webp","contentUrl":"https:\/\/floratiara.com\/wp-content\/uploads\/2024\/03\/S5d660647fae44fa3b8876f05c543be7fq.webp","width":1500,"height":1500},{"@type":"BreadcrumbList","@id":"https:\/\/floratiara.com\/p\/elegant-floral-hair-garland\/#breadcrumb","itemListElement":[{"@type":"ListItem","position":1,"name":"Home","item":"https:\/\/floratiara.com\/"},{"@type":"ListItem","position":2,"name":"Shop","item":"https:\/\/floratiara.com\/shop\/"},{"@type":"ListItem","position":3,"name":"Elysian Flower Crown Bridal Headpiece"}]},{"@type":"WebSite","@id":"https:\/\/floratiara.com\/#website","url":"https:\/\/floratiara.com\/","name":"Flora Tiara","description":"","publisher":{"@id":"https:\/\/floratiara.com\/#organization"},"potentialAction":[{"@type":"SearchAction","target":{"@type":"EntryPoint","urlTemplate":"https:\/\/floratiara.com\/?s={search_term_string}"},"query-input":{"@type":"PropertyValueSpecification","valueRequired":true,"valueName":"search_term_string"}}],"inLanguage":"tr"},{"@type":"Organization","@id":"https:\/\/floratiara.com\/#organization","name":"Flora Tiara","url":"https:\/\/floratiara.com\/","logo":{"@type":"ImageObject","inLanguage":"tr","@id":"https:\/\/floratiara.com\/#\/schema\/logo\/image\/","url":"https:\/\/floratiara.com\/wp-content\/uploads\/2024\/03\/flora-tiara-logo.png","contentUrl":"https:\/\/floratiara.com\/wp-content\/uploads\/2024\/03\/flora-tiara-logo.png","width":1024,"height":274,"caption":"Flora Tiara"},"image":{"@id":"https:\/\/floratiara.com\/#\/schema\/logo\/image\/"}}]}},"_links":{"self":[{"href":"https:\/\/floratiara.com\/tr\/wp-json\/wp\/v2\/product\/475","targetHints":{"allow":["GET"]}}],"collection":[{"href":"https:\/\/floratiara.com\/tr\/wp-json\/wp\/v2\/product"}],"about":[{"href":"https:\/\/floratiara.com\/tr\/wp-json\/wp\/v2\/types\/product"}],"wp:featuredmedia":[{"embeddable":true,"href":"https:\/\/floratiara.com\/tr\/wp-json\/wp\/v2\/media\/474"}],"wp:attachment":[{"href":"https:\/\/floratiara.com\/tr\/wp-json\/wp\/v2\/media?parent=475"}],"wp:term":[{"taxonomy":"product_brand","embeddable":true,"href":"https:\/\/floratiara.com\/tr\/wp-json\/wp\/v2\/product_brand?post=475"},{"taxonomy":"product_cat","embeddable":true,"href":"https:\/\/floratiara.com\/tr\/wp-json\/wp\/v2\/product_cat?post=475"},{"taxonomy":"product_tag","embeddable":true,"href":"https:\/\/floratiara.com\/tr\/wp-json\/wp\/v2\/product_tag?post=475"}],"curies":[{"name":"wp","href":"https:\/\/api.w.org\/{rel}","templated":true}]}}