{"id":492,"date":"2024-03-16T09:45:23","date_gmt":"2024-03-16T09:45:23","guid":{"rendered":"https:\/\/floratiara.com\/?post_type=product&#038;p=492"},"modified":"2024-12-12T01:42:37","modified_gmt":"2024-12-12T01:42:37","slug":"buyulu-dut-yapragi-sac-bandi","status":"publish","type":"product","link":"https:\/\/floratiara.com\/tr\/p\/buyulu-dut-yapragi-sac-bandi\/","title":{"rendered":"B\u00fcy\u00fcl\u00fc Orman Berry \u00c7i\u00e7ek Ta\u00e7 Ba\u015fl\u0131k"},"content":{"rendered":"<p>B\u00fcy\u00fclemek i\u00e7in tasarlanm\u0131\u015f l\u00fcks bir ba\u015fl\u0131k olan Enchanted Forest Berry Flower Crown ile b\u00fcy\u00fcl\u00fc bir cazibe d\u00fcnyas\u0131na ad\u0131m at\u0131n. Parlak k\u0131rm\u0131z\u0131 ve mor meyveler, tatl\u0131 ye\u015fil yapraklarla i\u00e7 i\u00e7e ge\u00e7erek d\u00fc\u011f\u00fcnler, festivaller veya herhangi bir \u00f6zel etkinlik i\u00e7in m\u00fckemmel olan ruhani bir g\u00f6r\u00fcn\u00fcm yarat\u0131r. Ayarlanabilir uyum, her sa\u00e7 stilinde rahatl\u0131k ve kusursuz bir estetik vaat ediyor. K\u0131yafetlerinde zarafet ve fantezi dokunu\u015funa de\u011fer verenler i\u00e7in ideal olan bu b\u00fcy\u00fcleyici aksesuarla moda ifadenizi y\u00fckseltin ve kendinizi do\u011fan\u0131n g\u00fczelli\u011finin ihti\u015fam\u0131na b\u0131rak\u0131n.<\/p><p>Bile\u015fimi: k\u0131rm\u0131z\u0131 ve mor meyveler, ye\u015fil yapraklar.<\/p>","protected":false},"excerpt":{"rendered":"<div style=\"width: 90%;text-align: left;margin: auto\"><p style=\"text-align:center\"><b>\ud83d\udc51 Ellerimizden Ba\u015f\u0131n\u0131za<\/b><br \/><i>Her Durum \u0130\u00e7in L\u00fcks \u00c7i\u00e7ek Ta\u00e7lar\u0131<\/i><\/p><ul><li>\u2702\ufe0f Kalbinde \u00d6zenle Haz\u0131rlanm\u0131\u015ft\u0131r <b>T\u00fcrkiye<\/b><\/li><li><b>\ud83d\udc90 Kompozisyon: k\u0131rm\u0131z\u0131 ve mor meyveler, ye\u015fil yapraklar.<\/b><\/li><\/ul><\/div>","protected":false},"featured_media":491,"template":"","meta":[],"product_brand":[],"product_cat":[61,77,59],"product_tag":[],"class_list":{"0":"post-492","1":"product","2":"type-product","3":"status-publish","4":"has-post-thumbnail","6":"product_cat-bridesmaid-floral-headpiece","7":"product_cat-red-floral-headpiece","8":"product_cat-bridal-floral-headpiece","10":"first","11":"instock","12":"shipping-taxable","13":"purchasable","14":"product-type-simple"},"yoast_head":"<!-- This site is optimized with the Yoast SEO plugin v25.9 - https:\/\/yoast.com\/wordpress\/plugins\/seo\/ -->\n<title>Enchanted Forest Berry Flower Crown Headpiece - Flora Tiara<\/title>\n<meta name=\"description\" content=\"Unique and beautiful: Shop our Enchanted Forest Berry Flower Crown Headpiece. Premium high quality headpiece to make the occasion unforgettable.\" \/>\n<meta name=\"robots\" content=\"index, follow, max-snippet:-1, max-image-preview:large, max-video-preview:-1\" \/>\n<link rel=\"canonical\" href=\"https:\/\/floratiara.com\/tr\/p\/buyulu-dut-yapragi-sac-bandi\/\" \/>\n<meta property=\"og:locale\" content=\"tr_TR\" \/>\n<meta property=\"og:type\" content=\"article\" \/>\n<meta property=\"og:title\" content=\"Enchanted Forest Berry Flower Crown Headpiece - Flora Tiara\" \/>\n<meta property=\"og:description\" content=\"Unique and beautiful: Shop our Enchanted Forest Berry Flower Crown Headpiece. Premium high quality headpiece to make the occasion unforgettable.\" \/>\n<meta property=\"og:url\" content=\"https:\/\/floratiara.com\/tr\/p\/buyulu-dut-yapragi-sac-bandi\/\" \/>\n<meta property=\"og:site_name\" content=\"Flora Tiara\" \/>\n<meta property=\"article:modified_time\" content=\"2024-12-12T01:42:37+00:00\" \/>\n<meta property=\"og:image\" content=\"https:\/\/floratiara.com\/wp-content\/uploads\/2024\/03\/Hc9a41e10810949e8bb1858cbbed7716aj.webp\" \/>\n\t<meta property=\"og:image:width\" content=\"1500\" \/>\n\t<meta property=\"og:image:height\" content=\"1500\" \/>\n\t<meta property=\"og:image:type\" content=\"image\/webp\" \/>\n<meta name=\"twitter:card\" content=\"summary_large_image\" \/>\n<script type=\"application\/ld+json\" class=\"yoast-schema-graph\">{\"@context\":\"https:\/\/schema.org\",\"@graph\":[{\"@type\":\"WebPage\",\"@id\":\"https:\/\/floratiara.com\/p\/enchanted-berry-leaf-headband\/\",\"url\":\"https:\/\/floratiara.com\/p\/enchanted-berry-leaf-headband\/\",\"name\":\"Enchanted Forest Berry Flower Crown Headpiece - Flora Tiara\",\"isPartOf\":{\"@id\":\"https:\/\/floratiara.com\/#website\"},\"primaryImageOfPage\":{\"@id\":\"https:\/\/floratiara.com\/p\/enchanted-berry-leaf-headband\/#primaryimage\"},\"image\":{\"@id\":\"https:\/\/floratiara.com\/p\/enchanted-berry-leaf-headband\/#primaryimage\"},\"thumbnailUrl\":\"https:\/\/floratiara.com\/wp-content\/uploads\/2024\/03\/Hc9a41e10810949e8bb1858cbbed7716aj.webp\",\"datePublished\":\"2024-03-16T09:45:23+00:00\",\"dateModified\":\"2024-12-12T01:42:37+00:00\",\"description\":\"Unique and beautiful: Shop our Enchanted Forest Berry Flower Crown Headpiece. Premium high quality headpiece to make the occasion unforgettable.\",\"breadcrumb\":{\"@id\":\"https:\/\/floratiara.com\/p\/enchanted-berry-leaf-headband\/#breadcrumb\"},\"inLanguage\":\"tr\",\"potentialAction\":[{\"@type\":\"ReadAction\",\"target\":[\"https:\/\/floratiara.com\/p\/enchanted-berry-leaf-headband\/\"]}]},{\"@type\":\"ImageObject\",\"inLanguage\":\"tr\",\"@id\":\"https:\/\/floratiara.com\/p\/enchanted-berry-leaf-headband\/#primaryimage\",\"url\":\"https:\/\/floratiara.com\/wp-content\/uploads\/2024\/03\/Hc9a41e10810949e8bb1858cbbed7716aj.webp\",\"contentUrl\":\"https:\/\/floratiara.com\/wp-content\/uploads\/2024\/03\/Hc9a41e10810949e8bb1858cbbed7716aj.webp\",\"width\":1500,\"height\":1500},{\"@type\":\"BreadcrumbList\",\"@id\":\"https:\/\/floratiara.com\/p\/enchanted-berry-leaf-headband\/#breadcrumb\",\"itemListElement\":[{\"@type\":\"ListItem\",\"position\":1,\"name\":\"Home\",\"item\":\"https:\/\/floratiara.com\/\"},{\"@type\":\"ListItem\",\"position\":2,\"name\":\"Shop\",\"item\":\"https:\/\/floratiara.com\/shop\/\"},{\"@type\":\"ListItem\",\"position\":3,\"name\":\"Enchanted Forest Berry Flower Crown Headpiece\"}]},{\"@type\":\"WebSite\",\"@id\":\"https:\/\/floratiara.com\/#website\",\"url\":\"https:\/\/floratiara.com\/\",\"name\":\"Flora Tiara\",\"description\":\"\",\"publisher\":{\"@id\":\"https:\/\/floratiara.com\/#organization\"},\"potentialAction\":[{\"@type\":\"SearchAction\",\"target\":{\"@type\":\"EntryPoint\",\"urlTemplate\":\"https:\/\/floratiara.com\/?s={search_term_string}\"},\"query-input\":{\"@type\":\"PropertyValueSpecification\",\"valueRequired\":true,\"valueName\":\"search_term_string\"}}],\"inLanguage\":\"tr\"},{\"@type\":\"Organization\",\"@id\":\"https:\/\/floratiara.com\/#organization\",\"name\":\"Flora Tiara\",\"url\":\"https:\/\/floratiara.com\/\",\"logo\":{\"@type\":\"ImageObject\",\"inLanguage\":\"tr\",\"@id\":\"https:\/\/floratiara.com\/#\/schema\/logo\/image\/\",\"url\":\"https:\/\/floratiara.com\/wp-content\/uploads\/2024\/03\/flora-tiara-logo.png\",\"contentUrl\":\"https:\/\/floratiara.com\/wp-content\/uploads\/2024\/03\/flora-tiara-logo.png\",\"width\":1024,\"height\":274,\"caption\":\"Flora Tiara\"},\"image\":{\"@id\":\"https:\/\/floratiara.com\/#\/schema\/logo\/image\/\"}}]}<\/script>\n<!-- \/ Yoast SEO plugin. -->","yoast_head_json":{"title":"B\u00fcy\u00fcl\u00fc Orman Berry \u00c7i\u00e7ek Ta\u00e7 Ba\u015fl\u0131k - Flora Tiara","description":"E\u015fsiz ve g\u00fczel: B\u00fcy\u00fcl\u00fc Orman Berry \u00c7i\u00e7ek Ta\u00e7 Ba\u015fl\u0131\u011f\u0131m\u0131z\u0131 sat\u0131n al\u0131n. Etkinli\u011fi unutulmaz k\u0131lmak i\u00e7in birinci s\u0131n\u0131f y\u00fcksek kaliteli ba\u015fl\u0131k.","robots":{"index":"index","follow":"follow","max-snippet":"max-snippet:-1","max-image-preview":"max-image-preview:large","max-video-preview":"max-video-preview:-1"},"canonical":"https:\/\/floratiara.com\/tr\/p\/buyulu-dut-yapragi-sac-bandi\/","og_locale":"tr_TR","og_type":"article","og_title":"Enchanted Forest Berry Flower Crown Headpiece - Flora Tiara","og_description":"Unique and beautiful: Shop our Enchanted Forest Berry Flower Crown Headpiece. Premium high quality headpiece to make the occasion unforgettable.","og_url":"https:\/\/floratiara.com\/tr\/p\/buyulu-dut-yapragi-sac-bandi\/","og_site_name":"Flora Tiara","article_modified_time":"2024-12-12T01:42:37+00:00","og_image":[{"width":1500,"height":1500,"url":"https:\/\/floratiara.com\/wp-content\/uploads\/2024\/03\/Hc9a41e10810949e8bb1858cbbed7716aj.webp","type":"image\/webp"}],"twitter_card":"summary_large_image","schema":{"@context":"https:\/\/schema.org","@graph":[{"@type":"WebPage","@id":"https:\/\/floratiara.com\/p\/enchanted-berry-leaf-headband\/","url":"https:\/\/floratiara.com\/p\/enchanted-berry-leaf-headband\/","name":"B\u00fcy\u00fcl\u00fc Orman Berry \u00c7i\u00e7ek Ta\u00e7 Ba\u015fl\u0131k - Flora Tiara","isPartOf":{"@id":"https:\/\/floratiara.com\/#website"},"primaryImageOfPage":{"@id":"https:\/\/floratiara.com\/p\/enchanted-berry-leaf-headband\/#primaryimage"},"image":{"@id":"https:\/\/floratiara.com\/p\/enchanted-berry-leaf-headband\/#primaryimage"},"thumbnailUrl":"https:\/\/floratiara.com\/wp-content\/uploads\/2024\/03\/Hc9a41e10810949e8bb1858cbbed7716aj.webp","datePublished":"2024-03-16T09:45:23+00:00","dateModified":"2024-12-12T01:42:37+00:00","description":"E\u015fsiz ve g\u00fczel: B\u00fcy\u00fcl\u00fc Orman Berry \u00c7i\u00e7ek Ta\u00e7 Ba\u015fl\u0131\u011f\u0131m\u0131z\u0131 sat\u0131n al\u0131n. Etkinli\u011fi unutulmaz k\u0131lmak i\u00e7in birinci s\u0131n\u0131f y\u00fcksek kaliteli ba\u015fl\u0131k.","breadcrumb":{"@id":"https:\/\/floratiara.com\/p\/enchanted-berry-leaf-headband\/#breadcrumb"},"inLanguage":"tr","potentialAction":[{"@type":"ReadAction","target":["https:\/\/floratiara.com\/p\/enchanted-berry-leaf-headband\/"]}]},{"@type":"ImageObject","inLanguage":"tr","@id":"https:\/\/floratiara.com\/p\/enchanted-berry-leaf-headband\/#primaryimage","url":"https:\/\/floratiara.com\/wp-content\/uploads\/2024\/03\/Hc9a41e10810949e8bb1858cbbed7716aj.webp","contentUrl":"https:\/\/floratiara.com\/wp-content\/uploads\/2024\/03\/Hc9a41e10810949e8bb1858cbbed7716aj.webp","width":1500,"height":1500},{"@type":"BreadcrumbList","@id":"https:\/\/floratiara.com\/p\/enchanted-berry-leaf-headband\/#breadcrumb","itemListElement":[{"@type":"ListItem","position":1,"name":"Home","item":"https:\/\/floratiara.com\/"},{"@type":"ListItem","position":2,"name":"Shop","item":"https:\/\/floratiara.com\/shop\/"},{"@type":"ListItem","position":3,"name":"Enchanted Forest Berry Flower Crown Headpiece"}]},{"@type":"WebSite","@id":"https:\/\/floratiara.com\/#website","url":"https:\/\/floratiara.com\/","name":"Flora Tiara","description":"","publisher":{"@id":"https:\/\/floratiara.com\/#organization"},"potentialAction":[{"@type":"SearchAction","target":{"@type":"EntryPoint","urlTemplate":"https:\/\/floratiara.com\/?s={search_term_string}"},"query-input":{"@type":"PropertyValueSpecification","valueRequired":true,"valueName":"search_term_string"}}],"inLanguage":"tr"},{"@type":"Organization","@id":"https:\/\/floratiara.com\/#organization","name":"Flora Tiara","url":"https:\/\/floratiara.com\/","logo":{"@type":"ImageObject","inLanguage":"tr","@id":"https:\/\/floratiara.com\/#\/schema\/logo\/image\/","url":"https:\/\/floratiara.com\/wp-content\/uploads\/2024\/03\/flora-tiara-logo.png","contentUrl":"https:\/\/floratiara.com\/wp-content\/uploads\/2024\/03\/flora-tiara-logo.png","width":1024,"height":274,"caption":"Flora Tiara"},"image":{"@id":"https:\/\/floratiara.com\/#\/schema\/logo\/image\/"}}]}},"_links":{"self":[{"href":"https:\/\/floratiara.com\/tr\/wp-json\/wp\/v2\/product\/492","targetHints":{"allow":["GET"]}}],"collection":[{"href":"https:\/\/floratiara.com\/tr\/wp-json\/wp\/v2\/product"}],"about":[{"href":"https:\/\/floratiara.com\/tr\/wp-json\/wp\/v2\/types\/product"}],"wp:featuredmedia":[{"embeddable":true,"href":"https:\/\/floratiara.com\/tr\/wp-json\/wp\/v2\/media\/491"}],"wp:attachment":[{"href":"https:\/\/floratiara.com\/tr\/wp-json\/wp\/v2\/media?parent=492"}],"wp:term":[{"taxonomy":"product_brand","embeddable":true,"href":"https:\/\/floratiara.com\/tr\/wp-json\/wp\/v2\/product_brand?post=492"},{"taxonomy":"product_cat","embeddable":true,"href":"https:\/\/floratiara.com\/tr\/wp-json\/wp\/v2\/product_cat?post=492"},{"taxonomy":"product_tag","embeddable":true,"href":"https:\/\/floratiara.com\/tr\/wp-json\/wp\/v2\/product_tag?post=492"}],"curies":[{"name":"wp","href":"https:\/\/api.w.org\/{rel}","templated":true}]}}