{"id":505,"date":"2024-03-16T09:45:43","date_gmt":"2024-03-16T09:45:43","guid":{"rendered":"https:\/\/floratiara.com\/?post_type=product&#038;p=505"},"modified":"2024-12-12T01:42:22","modified_gmt":"2024-12-12T01:42:22","slug":"buyuleyici-dugun-cicekli-sac-bandi","status":"publish","type":"product","link":"https:\/\/floratiara.com\/tr\/p\/buyuleyici-dugun-cicekli-sac-bandi\/","title":{"rendered":"Gelin Sa\u00e7\u0131 Aksesuar\u0131 i\u00e7in Zarif \u00c7i\u00e7ek Tac\u0131"},"content":{"rendered":"<p>Gelin g\u00f6r\u00fcn\u00fcm\u00fcn\u00fcze kapris ve romantizm katmak i\u00e7in tasarlanm\u0131\u015f, do\u011fan\u0131n zarafetinin i\u015flenmi\u015f bir m\u00fccevheri olan b\u00fcy\u00fcleyici \u00e7i\u00e7ek tac\u0131m\u0131zla \u00f6zel g\u00fcn\u00fcn\u00fcz\u00fc y\u00fcceltin. Zarif pembe g\u00fcller, saf beyaz papatyalar ve yumu\u015fak frezyalar i\u00e7eren Rosa Flora ta\u00e7, d\u00fc\u011f\u00fcnler, partiler veya herhangi bir kutlama etkinli\u011fi i\u00e7in m\u00fckemmel bir masal ambiyans\u0131 yarat\u0131r. Ayarlanabilir boyutu hem yeti\u015fkinlere hem de \u00e7ocuklara uygundur ve ba\u015flar\u0131 d\u00f6nd\u00fcr\u00fcp kalpleri fethedecek titizlikle el yap\u0131m\u0131 son dokunu\u015f olmay\u0131 vaat eder. Bu \u00e7i\u00e7ek \u015faheseriyle an\u0131n\u0131z\u0131 kucaklay\u0131n ve sonsuza dek \u00e7i\u00e7ek a\u00e7acak an\u0131lar biriktirin.<\/p><p>Kompozisyon: pembe g\u00fcller, beyaz papatyalar, beyaz frezyalar, pembe astilbe, ye\u015fil yapraklar, beyaz bebek nefesi (gypsophila).<\/p>","protected":false},"excerpt":{"rendered":"<div style=\"width: 90%;text-align: left;margin: auto\"><p style=\"text-align:center\"><b>\ud83d\udc51 Ellerimizden Ba\u015f\u0131n\u0131za<\/b><br \/><i>Her Durum \u0130\u00e7in L\u00fcks \u00c7i\u00e7ek Ta\u00e7lar\u0131<\/i><\/p><ul><li>\u2702\ufe0f Kalbinde \u00d6zenle Haz\u0131rlanm\u0131\u015ft\u0131r <b>T\u00fcrkiye<\/b><\/li><li><b>\ud83d\udc90 Kompozisyon: pembe g\u00fcller, beyaz papatyalar, beyaz frezyalar, pembe astilbe, ye\u015fil yapraklar, beyaz bebek nefesi (gypsophila).<\/b><\/li><\/ul><\/div>","protected":false},"featured_media":504,"template":"","meta":[],"product_brand":[],"product_cat":[61,60,70,59,71],"product_tag":[],"class_list":{"0":"post-505","1":"product","2":"type-product","3":"status-publish","4":"has-post-thumbnail","6":"product_cat-bridesmaid-floral-headpiece","7":"product_cat-floral-headpiece-flower-girl","8":"product_cat-rose-floral-headpiece","9":"product_cat-bridal-floral-headpiece","10":"product_cat-white-floral-headpiece","12":"first","13":"instock","14":"shipping-taxable","15":"purchasable","16":"product-type-simple"},"yoast_head":"<!-- This site is optimized with the Yoast SEO plugin v25.9 - https:\/\/yoast.com\/wordpress\/plugins\/seo\/ -->\n<title>Elegant Flower Crown for Bridal Hair Accessory - Flora Tiara<\/title>\n<meta name=\"description\" content=\"Unique and beautiful: Shop our Elegant Flower Crown for Bridal Hair Accessory. Premium high quality headpiece to make the occasion unforgettable.\" \/>\n<meta name=\"robots\" content=\"index, follow, max-snippet:-1, max-image-preview:large, max-video-preview:-1\" \/>\n<link rel=\"canonical\" href=\"https:\/\/floratiara.com\/tr\/p\/buyuleyici-dugun-cicekli-sac-bandi\/\" \/>\n<meta property=\"og:locale\" content=\"tr_TR\" \/>\n<meta property=\"og:type\" content=\"article\" \/>\n<meta property=\"og:title\" content=\"Elegant Flower Crown for Bridal Hair Accessory - Flora Tiara\" \/>\n<meta property=\"og:description\" content=\"Unique and beautiful: Shop our Elegant Flower Crown for Bridal Hair Accessory. Premium high quality headpiece to make the occasion unforgettable.\" \/>\n<meta property=\"og:url\" content=\"https:\/\/floratiara.com\/tr\/p\/buyuleyici-dugun-cicekli-sac-bandi\/\" \/>\n<meta property=\"og:site_name\" content=\"Flora Tiara\" \/>\n<meta property=\"article:modified_time\" content=\"2024-12-12T01:42:22+00:00\" \/>\n<meta property=\"og:image\" content=\"https:\/\/floratiara.com\/wp-content\/uploads\/2024\/03\/S064fb0b3768340edb3bd829844dffee9c.webp\" \/>\n\t<meta property=\"og:image:width\" content=\"1500\" \/>\n\t<meta property=\"og:image:height\" content=\"1500\" \/>\n\t<meta property=\"og:image:type\" content=\"image\/webp\" \/>\n<meta name=\"twitter:card\" content=\"summary_large_image\" \/>\n<meta name=\"twitter:label1\" content=\"Tahmini okuma s\u00fcresi\" \/>\n\t<meta name=\"twitter:data1\" content=\"5 dakika\" \/>\n<script type=\"application\/ld+json\" class=\"yoast-schema-graph\">{\"@context\":\"https:\/\/schema.org\",\"@graph\":[{\"@type\":\"WebPage\",\"@id\":\"https:\/\/floratiara.com\/p\/enchanting-wedding-floral-headband\/\",\"url\":\"https:\/\/floratiara.com\/p\/enchanting-wedding-floral-headband\/\",\"name\":\"Elegant Flower Crown for Bridal Hair Accessory - Flora Tiara\",\"isPartOf\":{\"@id\":\"https:\/\/floratiara.com\/#website\"},\"primaryImageOfPage\":{\"@id\":\"https:\/\/floratiara.com\/p\/enchanting-wedding-floral-headband\/#primaryimage\"},\"image\":{\"@id\":\"https:\/\/floratiara.com\/p\/enchanting-wedding-floral-headband\/#primaryimage\"},\"thumbnailUrl\":\"https:\/\/floratiara.com\/wp-content\/uploads\/2024\/03\/S064fb0b3768340edb3bd829844dffee9c.webp\",\"datePublished\":\"2024-03-16T09:45:43+00:00\",\"dateModified\":\"2024-12-12T01:42:22+00:00\",\"description\":\"Unique and beautiful: Shop our Elegant Flower Crown for Bridal Hair Accessory. Premium high quality headpiece to make the occasion unforgettable.\",\"breadcrumb\":{\"@id\":\"https:\/\/floratiara.com\/p\/enchanting-wedding-floral-headband\/#breadcrumb\"},\"inLanguage\":\"tr\",\"potentialAction\":[{\"@type\":\"ReadAction\",\"target\":[\"https:\/\/floratiara.com\/p\/enchanting-wedding-floral-headband\/\"]}]},{\"@type\":\"ImageObject\",\"inLanguage\":\"tr\",\"@id\":\"https:\/\/floratiara.com\/p\/enchanting-wedding-floral-headband\/#primaryimage\",\"url\":\"https:\/\/floratiara.com\/wp-content\/uploads\/2024\/03\/S064fb0b3768340edb3bd829844dffee9c.webp\",\"contentUrl\":\"https:\/\/floratiara.com\/wp-content\/uploads\/2024\/03\/S064fb0b3768340edb3bd829844dffee9c.webp\",\"width\":1500,\"height\":1500},{\"@type\":\"BreadcrumbList\",\"@id\":\"https:\/\/floratiara.com\/p\/enchanting-wedding-floral-headband\/#breadcrumb\",\"itemListElement\":[{\"@type\":\"ListItem\",\"position\":1,\"name\":\"Home\",\"item\":\"https:\/\/floratiara.com\/\"},{\"@type\":\"ListItem\",\"position\":2,\"name\":\"Shop\",\"item\":\"https:\/\/floratiara.com\/shop\/\"},{\"@type\":\"ListItem\",\"position\":3,\"name\":\"Elegant Flower Crown for Bridal Hair Accessory\"}]},{\"@type\":\"WebSite\",\"@id\":\"https:\/\/floratiara.com\/#website\",\"url\":\"https:\/\/floratiara.com\/\",\"name\":\"Flora Tiara\",\"description\":\"\",\"publisher\":{\"@id\":\"https:\/\/floratiara.com\/#organization\"},\"potentialAction\":[{\"@type\":\"SearchAction\",\"target\":{\"@type\":\"EntryPoint\",\"urlTemplate\":\"https:\/\/floratiara.com\/?s={search_term_string}\"},\"query-input\":{\"@type\":\"PropertyValueSpecification\",\"valueRequired\":true,\"valueName\":\"search_term_string\"}}],\"inLanguage\":\"tr\"},{\"@type\":\"Organization\",\"@id\":\"https:\/\/floratiara.com\/#organization\",\"name\":\"Flora Tiara\",\"url\":\"https:\/\/floratiara.com\/\",\"logo\":{\"@type\":\"ImageObject\",\"inLanguage\":\"tr\",\"@id\":\"https:\/\/floratiara.com\/#\/schema\/logo\/image\/\",\"url\":\"https:\/\/floratiara.com\/wp-content\/uploads\/2024\/03\/flora-tiara-logo.png\",\"contentUrl\":\"https:\/\/floratiara.com\/wp-content\/uploads\/2024\/03\/flora-tiara-logo.png\",\"width\":1024,\"height\":274,\"caption\":\"Flora Tiara\"},\"image\":{\"@id\":\"https:\/\/floratiara.com\/#\/schema\/logo\/image\/\"}}]}<\/script>\n<!-- \/ Yoast SEO plugin. -->","yoast_head_json":{"title":"Gelin Sa\u00e7\u0131 Aksesuar\u0131 i\u00e7in Zarif \u00c7i\u00e7ek Ta\u00e7 - Flora Tiara","description":"E\u015fsiz ve g\u00fczel: Gelin Sa\u00e7\u0131 Aksesuar\u0131 i\u00e7in Zarif \u00c7i\u00e7ek Tac\u0131m\u0131z\u0131 sat\u0131n al\u0131n. Etkinli\u011fi unutulmaz k\u0131lmak i\u00e7in birinci s\u0131n\u0131f y\u00fcksek kaliteli ba\u015fl\u0131k.","robots":{"index":"index","follow":"follow","max-snippet":"max-snippet:-1","max-image-preview":"max-image-preview:large","max-video-preview":"max-video-preview:-1"},"canonical":"https:\/\/floratiara.com\/tr\/p\/buyuleyici-dugun-cicekli-sac-bandi\/","og_locale":"tr_TR","og_type":"article","og_title":"Elegant Flower Crown for Bridal Hair Accessory - Flora Tiara","og_description":"Unique and beautiful: Shop our Elegant Flower Crown for Bridal Hair Accessory. Premium high quality headpiece to make the occasion unforgettable.","og_url":"https:\/\/floratiara.com\/tr\/p\/buyuleyici-dugun-cicekli-sac-bandi\/","og_site_name":"Flora Tiara","article_modified_time":"2024-12-12T01:42:22+00:00","og_image":[{"width":1500,"height":1500,"url":"https:\/\/floratiara.com\/wp-content\/uploads\/2024\/03\/S064fb0b3768340edb3bd829844dffee9c.webp","type":"image\/webp"}],"twitter_card":"summary_large_image","twitter_misc":{"Tahmini okuma s\u00fcresi":"5 dakika"},"schema":{"@context":"https:\/\/schema.org","@graph":[{"@type":"WebPage","@id":"https:\/\/floratiara.com\/p\/enchanting-wedding-floral-headband\/","url":"https:\/\/floratiara.com\/p\/enchanting-wedding-floral-headband\/","name":"Gelin Sa\u00e7\u0131 Aksesuar\u0131 i\u00e7in Zarif \u00c7i\u00e7ek Ta\u00e7 - Flora Tiara","isPartOf":{"@id":"https:\/\/floratiara.com\/#website"},"primaryImageOfPage":{"@id":"https:\/\/floratiara.com\/p\/enchanting-wedding-floral-headband\/#primaryimage"},"image":{"@id":"https:\/\/floratiara.com\/p\/enchanting-wedding-floral-headband\/#primaryimage"},"thumbnailUrl":"https:\/\/floratiara.com\/wp-content\/uploads\/2024\/03\/S064fb0b3768340edb3bd829844dffee9c.webp","datePublished":"2024-03-16T09:45:43+00:00","dateModified":"2024-12-12T01:42:22+00:00","description":"E\u015fsiz ve g\u00fczel: Gelin Sa\u00e7\u0131 Aksesuar\u0131 i\u00e7in Zarif \u00c7i\u00e7ek Tac\u0131m\u0131z\u0131 sat\u0131n al\u0131n. Etkinli\u011fi unutulmaz k\u0131lmak i\u00e7in birinci s\u0131n\u0131f y\u00fcksek kaliteli ba\u015fl\u0131k.","breadcrumb":{"@id":"https:\/\/floratiara.com\/p\/enchanting-wedding-floral-headband\/#breadcrumb"},"inLanguage":"tr","potentialAction":[{"@type":"ReadAction","target":["https:\/\/floratiara.com\/p\/enchanting-wedding-floral-headband\/"]}]},{"@type":"ImageObject","inLanguage":"tr","@id":"https:\/\/floratiara.com\/p\/enchanting-wedding-floral-headband\/#primaryimage","url":"https:\/\/floratiara.com\/wp-content\/uploads\/2024\/03\/S064fb0b3768340edb3bd829844dffee9c.webp","contentUrl":"https:\/\/floratiara.com\/wp-content\/uploads\/2024\/03\/S064fb0b3768340edb3bd829844dffee9c.webp","width":1500,"height":1500},{"@type":"BreadcrumbList","@id":"https:\/\/floratiara.com\/p\/enchanting-wedding-floral-headband\/#breadcrumb","itemListElement":[{"@type":"ListItem","position":1,"name":"Home","item":"https:\/\/floratiara.com\/"},{"@type":"ListItem","position":2,"name":"Shop","item":"https:\/\/floratiara.com\/shop\/"},{"@type":"ListItem","position":3,"name":"Elegant Flower Crown for Bridal Hair Accessory"}]},{"@type":"WebSite","@id":"https:\/\/floratiara.com\/#website","url":"https:\/\/floratiara.com\/","name":"Flora Tiara","description":"","publisher":{"@id":"https:\/\/floratiara.com\/#organization"},"potentialAction":[{"@type":"SearchAction","target":{"@type":"EntryPoint","urlTemplate":"https:\/\/floratiara.com\/?s={search_term_string}"},"query-input":{"@type":"PropertyValueSpecification","valueRequired":true,"valueName":"search_term_string"}}],"inLanguage":"tr"},{"@type":"Organization","@id":"https:\/\/floratiara.com\/#organization","name":"Flora Tiara","url":"https:\/\/floratiara.com\/","logo":{"@type":"ImageObject","inLanguage":"tr","@id":"https:\/\/floratiara.com\/#\/schema\/logo\/image\/","url":"https:\/\/floratiara.com\/wp-content\/uploads\/2024\/03\/flora-tiara-logo.png","contentUrl":"https:\/\/floratiara.com\/wp-content\/uploads\/2024\/03\/flora-tiara-logo.png","width":1024,"height":274,"caption":"Flora Tiara"},"image":{"@id":"https:\/\/floratiara.com\/#\/schema\/logo\/image\/"}}]}},"_links":{"self":[{"href":"https:\/\/floratiara.com\/tr\/wp-json\/wp\/v2\/product\/505","targetHints":{"allow":["GET"]}}],"collection":[{"href":"https:\/\/floratiara.com\/tr\/wp-json\/wp\/v2\/product"}],"about":[{"href":"https:\/\/floratiara.com\/tr\/wp-json\/wp\/v2\/types\/product"}],"wp:featuredmedia":[{"embeddable":true,"href":"https:\/\/floratiara.com\/tr\/wp-json\/wp\/v2\/media\/504"}],"wp:attachment":[{"href":"https:\/\/floratiara.com\/tr\/wp-json\/wp\/v2\/media?parent=505"}],"wp:term":[{"taxonomy":"product_brand","embeddable":true,"href":"https:\/\/floratiara.com\/tr\/wp-json\/wp\/v2\/product_brand?post=505"},{"taxonomy":"product_cat","embeddable":true,"href":"https:\/\/floratiara.com\/tr\/wp-json\/wp\/v2\/product_cat?post=505"},{"taxonomy":"product_tag","embeddable":true,"href":"https:\/\/floratiara.com\/tr\/wp-json\/wp\/v2\/product_tag?post=505"}],"curies":[{"name":"wp","href":"https:\/\/api.w.org\/{rel}","templated":true}]}}