{"id":574,"date":"2024-03-16T09:47:23","date_gmt":"2024-03-16T09:47:23","guid":{"rendered":"https:\/\/floratiara.com\/?post_type=product&#038;p=574"},"modified":"2025-03-04T04:42:43","modified_gmt":"2025-03-04T04:42:43","slug":"kis-zarafeti-cicekli-tac-sac-bandi","status":"publish","type":"product","link":"https:\/\/floratiara.com\/tr\/p\/kis-zarafeti-cicekli-tac-sac-bandi\/","title":{"rendered":"Zarif K\u0131\u015f \u00c7i\u00e7ekli Ta\u00e7 Ba\u015fl\u0131k"},"content":{"rendered":"<p>Her t\u00fcrl\u00fc kutlama i\u00e7in m\u00fckemmel olan Winter Elegance \u00c7i\u00e7ek Tac\u0131m\u0131zla mevsimin cazibesini kucaklay\u0131n. Zarif koyu k\u0131rm\u0131z\u0131 g\u00fcller, beyaz \u00e7i\u00e7ekler ve \u0131\u015f\u0131lt\u0131l\u0131 alt\u0131n yapraklar g\u00f6r\u00fcn\u00fcm\u00fcn\u00fcz\u00fc l\u00fcks bir \u015fenlik dokunu\u015fuyla de\u011fi\u015ftiriyor. Par\u0131ldayan buzlu meyveler bu el yap\u0131m\u0131 ba\u015fl\u0131\u011fa b\u00fcy\u00fcl\u00fc bir cazibe kat\u0131yor. K\u0131\u015f d\u00fc\u011f\u00fcnleri veya \u00f6zel etkinlikler i\u00e7in ideal olan bu par\u00e7a, do\u011fal zarafet ve stil ile uyumlu bir \u015fekilde harmanlanm\u0131\u015ft\u0131r. Onu gard\u0131robunuzun ba\u015f tac\u0131 yap\u0131n ve zamans\u0131z g\u00fczelli\u011fiyle her oday\u0131 ayd\u0131nlat\u0131n. \u015eimdi sat\u0131n al\u0131n ve kendinizi sofistike bir \u015fekilde s\u00fcsleyin.<\/p><p>Kompozisyon: k\u0131rm\u0131z\u0131 g\u00fcller, beyaz k\u00fc\u00e7\u00fck \u00e7i\u00e7ekler, yapay k\u0131rm\u0131z\u0131 meyveler, alt\u0131n boyal\u0131 yapraklar, buzlu meyveler ve yaprak d\u00f6kmeyen dallar.<\/p>","protected":false},"excerpt":{"rendered":"<div style=\"width: 90%;text-align: left;margin: auto\"><p style=\"text-align:center\"><b>\ud83d\udc51 Ellerimizden Ba\u015f\u0131n\u0131za<\/b><br \/><i>Her Durum \u0130\u00e7in L\u00fcks \u00c7i\u00e7ek Ta\u00e7lar\u0131<\/i><\/p><ul><li>\u2702\ufe0f Kalbinde \u00d6zenle Haz\u0131rlanm\u0131\u015ft\u0131r <b>T\u00fcrkiye<\/b><\/li><li><b>\ud83d\udc90 Kompozisyon: k\u0131rm\u0131z\u0131 g\u00fcller, beyaz k\u00fc\u00e7\u00fck \u00e7i\u00e7ekler, yapay k\u0131rm\u0131z\u0131 meyveler, alt\u0131n boyal\u0131 yapraklar, buzlu meyveler ve yaprak d\u00f6kmeyen dallar.<\/b><\/li><\/ul><\/div>","protected":false},"featured_media":573,"template":"","meta":[],"product_brand":[],"product_cat":[61,77,59],"product_tag":[],"class_list":{"0":"post-574","1":"product","2":"type-product","3":"status-publish","4":"has-post-thumbnail","6":"product_cat-bridesmaid-floral-headpiece","7":"product_cat-red-floral-headpiece","8":"product_cat-bridal-floral-headpiece","10":"first","11":"instock","12":"shipping-taxable","13":"purchasable","14":"product-type-simple"},"yoast_head":"<!-- This site is optimized with the Yoast SEO plugin v25.9 - https:\/\/yoast.com\/wordpress\/plugins\/seo\/ -->\n<title>Elegant Winter Flower Crown Headdress - Flora Tiara<\/title>\n<meta name=\"description\" content=\"Unique and beautiful: Shop our Elegant Winter Flower Crown Headdress. Premium high quality headpiece to make the occasion unforgettable.\" \/>\n<meta name=\"robots\" content=\"index, follow, max-snippet:-1, max-image-preview:large, max-video-preview:-1\" \/>\n<link rel=\"canonical\" href=\"https:\/\/floratiara.com\/tr\/p\/kis-zarafeti-cicekli-tac-sac-bandi\/\" \/>\n<meta property=\"og:locale\" content=\"tr_TR\" \/>\n<meta property=\"og:type\" content=\"article\" \/>\n<meta property=\"og:title\" content=\"Elegant Winter Flower Crown Headdress - Flora Tiara\" \/>\n<meta property=\"og:description\" content=\"Unique and beautiful: Shop our Elegant Winter Flower Crown Headdress. Premium high quality headpiece to make the occasion unforgettable.\" \/>\n<meta property=\"og:url\" content=\"https:\/\/floratiara.com\/tr\/p\/kis-zarafeti-cicekli-tac-sac-bandi\/\" \/>\n<meta property=\"og:site_name\" content=\"Flora Tiara\" \/>\n<meta property=\"article:modified_time\" content=\"2025-03-04T04:42:43+00:00\" \/>\n<meta property=\"og:image\" content=\"https:\/\/floratiara.com\/wp-content\/uploads\/2024\/03\/Hc76411a1373c4863837cd97e6bb1315aY.webp\" \/>\n\t<meta property=\"og:image:width\" content=\"1500\" \/>\n\t<meta property=\"og:image:height\" content=\"1500\" \/>\n\t<meta property=\"og:image:type\" content=\"image\/webp\" \/>\n<meta name=\"twitter:card\" content=\"summary_large_image\" \/>\n<meta name=\"twitter:label1\" content=\"Tahmini okuma s\u00fcresi\" \/>\n\t<meta name=\"twitter:data1\" content=\"1 dakika\" \/>\n<script type=\"application\/ld+json\" class=\"yoast-schema-graph\">{\"@context\":\"https:\/\/schema.org\",\"@graph\":[{\"@type\":\"WebPage\",\"@id\":\"https:\/\/floratiara.com\/p\/winter-elegance-floral-crown-headband\/\",\"url\":\"https:\/\/floratiara.com\/p\/winter-elegance-floral-crown-headband\/\",\"name\":\"Elegant Winter Flower Crown Headdress - Flora Tiara\",\"isPartOf\":{\"@id\":\"https:\/\/floratiara.com\/#website\"},\"primaryImageOfPage\":{\"@id\":\"https:\/\/floratiara.com\/p\/winter-elegance-floral-crown-headband\/#primaryimage\"},\"image\":{\"@id\":\"https:\/\/floratiara.com\/p\/winter-elegance-floral-crown-headband\/#primaryimage\"},\"thumbnailUrl\":\"https:\/\/floratiara.com\/wp-content\/uploads\/2024\/03\/Hc76411a1373c4863837cd97e6bb1315aY.webp\",\"datePublished\":\"2024-03-16T09:47:23+00:00\",\"dateModified\":\"2025-03-04T04:42:43+00:00\",\"description\":\"Unique and beautiful: Shop our Elegant Winter Flower Crown Headdress. Premium high quality headpiece to make the occasion unforgettable.\",\"breadcrumb\":{\"@id\":\"https:\/\/floratiara.com\/p\/winter-elegance-floral-crown-headband\/#breadcrumb\"},\"inLanguage\":\"tr\",\"potentialAction\":[{\"@type\":\"ReadAction\",\"target\":[\"https:\/\/floratiara.com\/p\/winter-elegance-floral-crown-headband\/\"]}]},{\"@type\":\"ImageObject\",\"inLanguage\":\"tr\",\"@id\":\"https:\/\/floratiara.com\/p\/winter-elegance-floral-crown-headband\/#primaryimage\",\"url\":\"https:\/\/floratiara.com\/wp-content\/uploads\/2024\/03\/Hc76411a1373c4863837cd97e6bb1315aY.webp\",\"contentUrl\":\"https:\/\/floratiara.com\/wp-content\/uploads\/2024\/03\/Hc76411a1373c4863837cd97e6bb1315aY.webp\",\"width\":1500,\"height\":1500},{\"@type\":\"BreadcrumbList\",\"@id\":\"https:\/\/floratiara.com\/p\/winter-elegance-floral-crown-headband\/#breadcrumb\",\"itemListElement\":[{\"@type\":\"ListItem\",\"position\":1,\"name\":\"Home\",\"item\":\"https:\/\/floratiara.com\/\"},{\"@type\":\"ListItem\",\"position\":2,\"name\":\"Shop\",\"item\":\"https:\/\/floratiara.com\/shop\/\"},{\"@type\":\"ListItem\",\"position\":3,\"name\":\"Elegant Winter Flower Crown Headdress\"}]},{\"@type\":\"WebSite\",\"@id\":\"https:\/\/floratiara.com\/#website\",\"url\":\"https:\/\/floratiara.com\/\",\"name\":\"Flora Tiara\",\"description\":\"\",\"publisher\":{\"@id\":\"https:\/\/floratiara.com\/#organization\"},\"potentialAction\":[{\"@type\":\"SearchAction\",\"target\":{\"@type\":\"EntryPoint\",\"urlTemplate\":\"https:\/\/floratiara.com\/?s={search_term_string}\"},\"query-input\":{\"@type\":\"PropertyValueSpecification\",\"valueRequired\":true,\"valueName\":\"search_term_string\"}}],\"inLanguage\":\"tr\"},{\"@type\":\"Organization\",\"@id\":\"https:\/\/floratiara.com\/#organization\",\"name\":\"Flora Tiara\",\"url\":\"https:\/\/floratiara.com\/\",\"logo\":{\"@type\":\"ImageObject\",\"inLanguage\":\"tr\",\"@id\":\"https:\/\/floratiara.com\/#\/schema\/logo\/image\/\",\"url\":\"https:\/\/floratiara.com\/wp-content\/uploads\/2024\/03\/flora-tiara-logo.png\",\"contentUrl\":\"https:\/\/floratiara.com\/wp-content\/uploads\/2024\/03\/flora-tiara-logo.png\",\"width\":1024,\"height\":274,\"caption\":\"Flora Tiara\"},\"image\":{\"@id\":\"https:\/\/floratiara.com\/#\/schema\/logo\/image\/\"}}]}<\/script>\n<!-- \/ Yoast SEO plugin. -->","yoast_head_json":{"title":"Zarif K\u0131\u015f \u00c7i\u00e7ekli Ta\u00e7 Ba\u015fl\u0131k - Flora Tiara","description":"E\u015fsiz ve g\u00fczel: Zarif K\u0131\u015f \u00c7i\u00e7ek Ta\u00e7 Ba\u015fl\u0131\u011f\u0131m\u0131z\u0131 sat\u0131n al\u0131n. Etkinli\u011fi unutulmaz k\u0131lmak i\u00e7in birinci s\u0131n\u0131f y\u00fcksek kaliteli ba\u015fl\u0131k.","robots":{"index":"index","follow":"follow","max-snippet":"max-snippet:-1","max-image-preview":"max-image-preview:large","max-video-preview":"max-video-preview:-1"},"canonical":"https:\/\/floratiara.com\/tr\/p\/kis-zarafeti-cicekli-tac-sac-bandi\/","og_locale":"tr_TR","og_type":"article","og_title":"Elegant Winter Flower Crown Headdress - Flora Tiara","og_description":"Unique and beautiful: Shop our Elegant Winter Flower Crown Headdress. Premium high quality headpiece to make the occasion unforgettable.","og_url":"https:\/\/floratiara.com\/tr\/p\/kis-zarafeti-cicekli-tac-sac-bandi\/","og_site_name":"Flora Tiara","article_modified_time":"2025-03-04T04:42:43+00:00","og_image":[{"width":1500,"height":1500,"url":"https:\/\/floratiara.com\/wp-content\/uploads\/2024\/03\/Hc76411a1373c4863837cd97e6bb1315aY.webp","type":"image\/webp"}],"twitter_card":"summary_large_image","twitter_misc":{"Tahmini okuma s\u00fcresi":"1 dakika"},"schema":{"@context":"https:\/\/schema.org","@graph":[{"@type":"WebPage","@id":"https:\/\/floratiara.com\/p\/winter-elegance-floral-crown-headband\/","url":"https:\/\/floratiara.com\/p\/winter-elegance-floral-crown-headband\/","name":"Zarif K\u0131\u015f \u00c7i\u00e7ekli Ta\u00e7 Ba\u015fl\u0131k - Flora Tiara","isPartOf":{"@id":"https:\/\/floratiara.com\/#website"},"primaryImageOfPage":{"@id":"https:\/\/floratiara.com\/p\/winter-elegance-floral-crown-headband\/#primaryimage"},"image":{"@id":"https:\/\/floratiara.com\/p\/winter-elegance-floral-crown-headband\/#primaryimage"},"thumbnailUrl":"https:\/\/floratiara.com\/wp-content\/uploads\/2024\/03\/Hc76411a1373c4863837cd97e6bb1315aY.webp","datePublished":"2024-03-16T09:47:23+00:00","dateModified":"2025-03-04T04:42:43+00:00","description":"E\u015fsiz ve g\u00fczel: Zarif K\u0131\u015f \u00c7i\u00e7ek Ta\u00e7 Ba\u015fl\u0131\u011f\u0131m\u0131z\u0131 sat\u0131n al\u0131n. Etkinli\u011fi unutulmaz k\u0131lmak i\u00e7in birinci s\u0131n\u0131f y\u00fcksek kaliteli ba\u015fl\u0131k.","breadcrumb":{"@id":"https:\/\/floratiara.com\/p\/winter-elegance-floral-crown-headband\/#breadcrumb"},"inLanguage":"tr","potentialAction":[{"@type":"ReadAction","target":["https:\/\/floratiara.com\/p\/winter-elegance-floral-crown-headband\/"]}]},{"@type":"ImageObject","inLanguage":"tr","@id":"https:\/\/floratiara.com\/p\/winter-elegance-floral-crown-headband\/#primaryimage","url":"https:\/\/floratiara.com\/wp-content\/uploads\/2024\/03\/Hc76411a1373c4863837cd97e6bb1315aY.webp","contentUrl":"https:\/\/floratiara.com\/wp-content\/uploads\/2024\/03\/Hc76411a1373c4863837cd97e6bb1315aY.webp","width":1500,"height":1500},{"@type":"BreadcrumbList","@id":"https:\/\/floratiara.com\/p\/winter-elegance-floral-crown-headband\/#breadcrumb","itemListElement":[{"@type":"ListItem","position":1,"name":"Home","item":"https:\/\/floratiara.com\/"},{"@type":"ListItem","position":2,"name":"Shop","item":"https:\/\/floratiara.com\/shop\/"},{"@type":"ListItem","position":3,"name":"Elegant Winter Flower Crown Headdress"}]},{"@type":"WebSite","@id":"https:\/\/floratiara.com\/#website","url":"https:\/\/floratiara.com\/","name":"Flora Tiara","description":"","publisher":{"@id":"https:\/\/floratiara.com\/#organization"},"potentialAction":[{"@type":"SearchAction","target":{"@type":"EntryPoint","urlTemplate":"https:\/\/floratiara.com\/?s={search_term_string}"},"query-input":{"@type":"PropertyValueSpecification","valueRequired":true,"valueName":"search_term_string"}}],"inLanguage":"tr"},{"@type":"Organization","@id":"https:\/\/floratiara.com\/#organization","name":"Flora Tiara","url":"https:\/\/floratiara.com\/","logo":{"@type":"ImageObject","inLanguage":"tr","@id":"https:\/\/floratiara.com\/#\/schema\/logo\/image\/","url":"https:\/\/floratiara.com\/wp-content\/uploads\/2024\/03\/flora-tiara-logo.png","contentUrl":"https:\/\/floratiara.com\/wp-content\/uploads\/2024\/03\/flora-tiara-logo.png","width":1024,"height":274,"caption":"Flora Tiara"},"image":{"@id":"https:\/\/floratiara.com\/#\/schema\/logo\/image\/"}}]}},"_links":{"self":[{"href":"https:\/\/floratiara.com\/tr\/wp-json\/wp\/v2\/product\/574","targetHints":{"allow":["GET"]}}],"collection":[{"href":"https:\/\/floratiara.com\/tr\/wp-json\/wp\/v2\/product"}],"about":[{"href":"https:\/\/floratiara.com\/tr\/wp-json\/wp\/v2\/types\/product"}],"wp:featuredmedia":[{"embeddable":true,"href":"https:\/\/floratiara.com\/tr\/wp-json\/wp\/v2\/media\/573"}],"wp:attachment":[{"href":"https:\/\/floratiara.com\/tr\/wp-json\/wp\/v2\/media?parent=574"}],"wp:term":[{"taxonomy":"product_brand","embeddable":true,"href":"https:\/\/floratiara.com\/tr\/wp-json\/wp\/v2\/product_brand?post=574"},{"taxonomy":"product_cat","embeddable":true,"href":"https:\/\/floratiara.com\/tr\/wp-json\/wp\/v2\/product_cat?post=574"},{"taxonomy":"product_tag","embeddable":true,"href":"https:\/\/floratiara.com\/tr\/wp-json\/wp\/v2\/product_tag?post=574"}],"curies":[{"name":"wp","href":"https:\/\/api.w.org\/{rel}","templated":true}]}}