{"id":619,"date":"2024-03-16T10:24:44","date_gmt":"2024-03-16T10:24:44","guid":{"rendered":"https:\/\/floratiara.com\/?post_type=product&#038;p=619"},"modified":"2025-07-22T03:50:46","modified_gmt":"2025-07-22T03:50:46","slug":"dugun-cicekli-sac-bandi-zarif-aksesuar","status":"publish","type":"product","link":"https:\/\/floratiara.com\/tr\/p\/dugun-cicekli-sac-bandi-zarif-aksesuar\/","title":{"rendered":"Gelin \u00c7i\u00e7e\u011fi Tac\u0131 \u015eakay\u0131k Ortanca Ye\u015fillik"},"content":{"rendered":"<p>Yemye\u015fil ortanca tomurcuklar\u0131 ve yemye\u015fil yapraklarla vurgulanan beyaz ve \u015feftali tonlar\u0131nda bozulmam\u0131\u015f yapay \u015fakay\u0131klara sahip b\u00fcy\u00fcleyici Gelin \u00c7i\u00e7e\u011fi Tac\u0131m\u0131zla \u00f6zel g\u00fcn\u00fcn\u00fcz\u00fc d\u00f6n\u00fc\u015ft\u00fcr\u00fcn. Bu zarif tasar\u0131ml\u0131 ba\u015fl\u0131k d\u00fc\u011f\u00fcnler i\u00e7in m\u00fckemmeldir ve her gelin g\u00f6r\u00fcn\u00fcm\u00fcne masals\u0131 bir dokunu\u015f katar. Titizlikle i\u015flenmi\u015f el yap\u0131m\u0131 yapraklar, tac\u0131n\u0131z\u0131n g\u00fczelli\u011fini korumas\u0131n\u0131 sa\u011flayarak kal\u0131c\u0131 ve taze bir g\u00f6r\u00fcn\u00fcm sunar. \u0130ster d\u00f6k\u00fcml\u00fc buklelerle ister \u015f\u0131k bir kabar\u0131kl\u0131kla \u015fekillendirilsin, bu \u00e7i\u00e7ek ta\u00e7 tak\u0131m\u0131n\u0131z\u0131 zenginle\u015ftirmek ve \u00f6nemli g\u00fcn\u00fcn\u00fczde kal\u0131c\u0131 bir izlenim b\u0131rakmak i\u00e7in b\u00fcy\u00fcleyici bir se\u00e7imdir.<\/p><p>Kompozisyon: beyaz ve \u015feftali rengi yapay \u015fakay\u0131klar, ye\u015fil ortanca tomurcuklar\u0131, ye\u015fil yapraklar.<\/p>","protected":false},"excerpt":{"rendered":"<div style=\"width: 90%;text-align: left;margin: auto\"><p style=\"text-align:center\"><b>\ud83d\udc51 Ellerimizden Ba\u015f\u0131n\u0131za<\/b><br \/><i>Her Durum \u0130\u00e7in L\u00fcks \u00c7i\u00e7ek Ta\u00e7lar\u0131<\/i><\/p><ul><li>\u2702\ufe0f Kalbinde \u00d6zenle Haz\u0131rlanm\u0131\u015ft\u0131r <b>T\u00fcrkiye<\/b><\/li><li><b>\ud83d\udc90 Kompozisyon: beyaz ve \u015feftali yapay \u015fakay\u0131klar, ye\u015fil ortanca tomurcuklar\u0131, ye\u015fil yapraklar.<\/b><\/li><\/ul><\/div>","protected":false},"featured_media":618,"template":"","meta":[],"product_brand":[],"product_cat":[68],"product_tag":[],"class_list":{"0":"post-619","1":"product","2":"type-product","3":"status-publish","4":"has-post-thumbnail","6":"product_cat-floral-headpiece-headband","8":"first","9":"instock","10":"shipping-taxable","11":"purchasable","12":"product-type-simple"},"yoast_head":"<!-- This site is optimized with the Yoast SEO plugin v25.9 - https:\/\/yoast.com\/wordpress\/plugins\/seo\/ -->\n<title>Bridal Flower Crown Peony Hydrangea Foliage - Flora Tiara<\/title>\n<meta name=\"description\" content=\"Unique and beautiful: Shop our Bridal Flower Crown Peony Hydrangea Foliage. Premium high quality headpiece to make the occasion unforgettable.\" \/>\n<meta name=\"robots\" content=\"index, follow, max-snippet:-1, max-image-preview:large, max-video-preview:-1\" \/>\n<link rel=\"canonical\" href=\"https:\/\/floratiara.com\/tr\/p\/dugun-cicekli-sac-bandi-zarif-aksesuar\/\" \/>\n<meta property=\"og:locale\" content=\"tr_TR\" \/>\n<meta property=\"og:type\" content=\"article\" \/>\n<meta property=\"og:title\" content=\"Bridal Flower Crown Peony Hydrangea Foliage - Flora Tiara\" \/>\n<meta property=\"og:description\" content=\"Unique and beautiful: Shop our Bridal Flower Crown Peony Hydrangea Foliage. Premium high quality headpiece to make the occasion unforgettable.\" \/>\n<meta property=\"og:url\" content=\"https:\/\/floratiara.com\/tr\/p\/dugun-cicekli-sac-bandi-zarif-aksesuar\/\" \/>\n<meta property=\"og:site_name\" content=\"Flora Tiara\" \/>\n<meta property=\"article:modified_time\" content=\"2025-07-22T03:50:46+00:00\" \/>\n<meta property=\"og:image\" content=\"https:\/\/floratiara.com\/wp-content\/uploads\/2024\/03\/Se4624defb8744d6abc7c0205c6ad31b96.webp\" \/>\n\t<meta property=\"og:image:width\" content=\"1000\" \/>\n\t<meta property=\"og:image:height\" content=\"1000\" \/>\n\t<meta property=\"og:image:type\" content=\"image\/webp\" \/>\n<meta name=\"twitter:card\" content=\"summary_large_image\" \/>\n<meta name=\"twitter:label1\" content=\"Tahmini okuma s\u00fcresi\" \/>\n\t<meta name=\"twitter:data1\" content=\"1 dakika\" \/>\n<script type=\"application\/ld+json\" class=\"yoast-schema-graph\">{\"@context\":\"https:\/\/schema.org\",\"@graph\":[{\"@type\":\"WebPage\",\"@id\":\"https:\/\/floratiara.com\/p\/wedding-floral-hairband-elegant-accessory\/\",\"url\":\"https:\/\/floratiara.com\/p\/wedding-floral-hairband-elegant-accessory\/\",\"name\":\"Bridal Flower Crown Peony Hydrangea Foliage - Flora Tiara\",\"isPartOf\":{\"@id\":\"https:\/\/floratiara.com\/#website\"},\"primaryImageOfPage\":{\"@id\":\"https:\/\/floratiara.com\/p\/wedding-floral-hairband-elegant-accessory\/#primaryimage\"},\"image\":{\"@id\":\"https:\/\/floratiara.com\/p\/wedding-floral-hairband-elegant-accessory\/#primaryimage\"},\"thumbnailUrl\":\"https:\/\/floratiara.com\/wp-content\/uploads\/2024\/03\/Se4624defb8744d6abc7c0205c6ad31b96.webp\",\"datePublished\":\"2024-03-16T10:24:44+00:00\",\"dateModified\":\"2025-07-22T03:50:46+00:00\",\"description\":\"Unique and beautiful: Shop our Bridal Flower Crown Peony Hydrangea Foliage. Premium high quality headpiece to make the occasion unforgettable.\",\"breadcrumb\":{\"@id\":\"https:\/\/floratiara.com\/p\/wedding-floral-hairband-elegant-accessory\/#breadcrumb\"},\"inLanguage\":\"tr\",\"potentialAction\":[{\"@type\":\"ReadAction\",\"target\":[\"https:\/\/floratiara.com\/p\/wedding-floral-hairband-elegant-accessory\/\"]}]},{\"@type\":\"ImageObject\",\"inLanguage\":\"tr\",\"@id\":\"https:\/\/floratiara.com\/p\/wedding-floral-hairband-elegant-accessory\/#primaryimage\",\"url\":\"https:\/\/floratiara.com\/wp-content\/uploads\/2024\/03\/Se4624defb8744d6abc7c0205c6ad31b96.webp\",\"contentUrl\":\"https:\/\/floratiara.com\/wp-content\/uploads\/2024\/03\/Se4624defb8744d6abc7c0205c6ad31b96.webp\",\"width\":1000,\"height\":1000},{\"@type\":\"BreadcrumbList\",\"@id\":\"https:\/\/floratiara.com\/p\/wedding-floral-hairband-elegant-accessory\/#breadcrumb\",\"itemListElement\":[{\"@type\":\"ListItem\",\"position\":1,\"name\":\"Home\",\"item\":\"https:\/\/floratiara.com\/\"},{\"@type\":\"ListItem\",\"position\":2,\"name\":\"Shop\",\"item\":\"https:\/\/floratiara.com\/shop\/\"},{\"@type\":\"ListItem\",\"position\":3,\"name\":\"Bridal Flower Crown Peony Hydrangea Foliage\"}]},{\"@type\":\"WebSite\",\"@id\":\"https:\/\/floratiara.com\/#website\",\"url\":\"https:\/\/floratiara.com\/\",\"name\":\"Flora Tiara\",\"description\":\"\",\"publisher\":{\"@id\":\"https:\/\/floratiara.com\/#organization\"},\"potentialAction\":[{\"@type\":\"SearchAction\",\"target\":{\"@type\":\"EntryPoint\",\"urlTemplate\":\"https:\/\/floratiara.com\/?s={search_term_string}\"},\"query-input\":{\"@type\":\"PropertyValueSpecification\",\"valueRequired\":true,\"valueName\":\"search_term_string\"}}],\"inLanguage\":\"tr\"},{\"@type\":\"Organization\",\"@id\":\"https:\/\/floratiara.com\/#organization\",\"name\":\"Flora Tiara\",\"url\":\"https:\/\/floratiara.com\/\",\"logo\":{\"@type\":\"ImageObject\",\"inLanguage\":\"tr\",\"@id\":\"https:\/\/floratiara.com\/#\/schema\/logo\/image\/\",\"url\":\"https:\/\/floratiara.com\/wp-content\/uploads\/2024\/03\/flora-tiara-logo.png\",\"contentUrl\":\"https:\/\/floratiara.com\/wp-content\/uploads\/2024\/03\/flora-tiara-logo.png\",\"width\":1024,\"height\":274,\"caption\":\"Flora Tiara\"},\"image\":{\"@id\":\"https:\/\/floratiara.com\/#\/schema\/logo\/image\/\"}}]}<\/script>\n<!-- \/ Yoast SEO plugin. -->","yoast_head_json":{"title":"Gelin \u00c7i\u00e7ek Tac\u0131 \u015eakay\u0131k Ortanca Ye\u015fillik - Flora Tiara","description":"E\u015fsiz ve g\u00fczel: Gelin \u00c7i\u00e7ek Tac\u0131 \u015eakay\u0131k Ortanca Ye\u015fillik \u00fcr\u00fcn\u00fcm\u00fcz\u00fc sat\u0131n al\u0131n. Etkinli\u011fi unutulmaz k\u0131lmak i\u00e7in birinci s\u0131n\u0131f y\u00fcksek kaliteli ba\u015fl\u0131k.","robots":{"index":"index","follow":"follow","max-snippet":"max-snippet:-1","max-image-preview":"max-image-preview:large","max-video-preview":"max-video-preview:-1"},"canonical":"https:\/\/floratiara.com\/tr\/p\/dugun-cicekli-sac-bandi-zarif-aksesuar\/","og_locale":"tr_TR","og_type":"article","og_title":"Bridal Flower Crown Peony Hydrangea Foliage - Flora Tiara","og_description":"Unique and beautiful: Shop our Bridal Flower Crown Peony Hydrangea Foliage. Premium high quality headpiece to make the occasion unforgettable.","og_url":"https:\/\/floratiara.com\/tr\/p\/dugun-cicekli-sac-bandi-zarif-aksesuar\/","og_site_name":"Flora Tiara","article_modified_time":"2025-07-22T03:50:46+00:00","og_image":[{"width":1000,"height":1000,"url":"https:\/\/floratiara.com\/wp-content\/uploads\/2024\/03\/Se4624defb8744d6abc7c0205c6ad31b96.webp","type":"image\/webp"}],"twitter_card":"summary_large_image","twitter_misc":{"Tahmini okuma s\u00fcresi":"1 dakika"},"schema":{"@context":"https:\/\/schema.org","@graph":[{"@type":"WebPage","@id":"https:\/\/floratiara.com\/p\/wedding-floral-hairband-elegant-accessory\/","url":"https:\/\/floratiara.com\/p\/wedding-floral-hairband-elegant-accessory\/","name":"Gelin \u00c7i\u00e7ek Tac\u0131 \u015eakay\u0131k Ortanca Ye\u015fillik - Flora Tiara","isPartOf":{"@id":"https:\/\/floratiara.com\/#website"},"primaryImageOfPage":{"@id":"https:\/\/floratiara.com\/p\/wedding-floral-hairband-elegant-accessory\/#primaryimage"},"image":{"@id":"https:\/\/floratiara.com\/p\/wedding-floral-hairband-elegant-accessory\/#primaryimage"},"thumbnailUrl":"https:\/\/floratiara.com\/wp-content\/uploads\/2024\/03\/Se4624defb8744d6abc7c0205c6ad31b96.webp","datePublished":"2024-03-16T10:24:44+00:00","dateModified":"2025-07-22T03:50:46+00:00","description":"E\u015fsiz ve g\u00fczel: Gelin \u00c7i\u00e7ek Tac\u0131 \u015eakay\u0131k Ortanca Ye\u015fillik \u00fcr\u00fcn\u00fcm\u00fcz\u00fc sat\u0131n al\u0131n. Etkinli\u011fi unutulmaz k\u0131lmak i\u00e7in birinci s\u0131n\u0131f y\u00fcksek kaliteli ba\u015fl\u0131k.","breadcrumb":{"@id":"https:\/\/floratiara.com\/p\/wedding-floral-hairband-elegant-accessory\/#breadcrumb"},"inLanguage":"tr","potentialAction":[{"@type":"ReadAction","target":["https:\/\/floratiara.com\/p\/wedding-floral-hairband-elegant-accessory\/"]}]},{"@type":"ImageObject","inLanguage":"tr","@id":"https:\/\/floratiara.com\/p\/wedding-floral-hairband-elegant-accessory\/#primaryimage","url":"https:\/\/floratiara.com\/wp-content\/uploads\/2024\/03\/Se4624defb8744d6abc7c0205c6ad31b96.webp","contentUrl":"https:\/\/floratiara.com\/wp-content\/uploads\/2024\/03\/Se4624defb8744d6abc7c0205c6ad31b96.webp","width":1000,"height":1000},{"@type":"BreadcrumbList","@id":"https:\/\/floratiara.com\/p\/wedding-floral-hairband-elegant-accessory\/#breadcrumb","itemListElement":[{"@type":"ListItem","position":1,"name":"Home","item":"https:\/\/floratiara.com\/"},{"@type":"ListItem","position":2,"name":"Shop","item":"https:\/\/floratiara.com\/shop\/"},{"@type":"ListItem","position":3,"name":"Bridal Flower Crown Peony Hydrangea Foliage"}]},{"@type":"WebSite","@id":"https:\/\/floratiara.com\/#website","url":"https:\/\/floratiara.com\/","name":"Flora Tiara","description":"","publisher":{"@id":"https:\/\/floratiara.com\/#organization"},"potentialAction":[{"@type":"SearchAction","target":{"@type":"EntryPoint","urlTemplate":"https:\/\/floratiara.com\/?s={search_term_string}"},"query-input":{"@type":"PropertyValueSpecification","valueRequired":true,"valueName":"search_term_string"}}],"inLanguage":"tr"},{"@type":"Organization","@id":"https:\/\/floratiara.com\/#organization","name":"Flora Tiara","url":"https:\/\/floratiara.com\/","logo":{"@type":"ImageObject","inLanguage":"tr","@id":"https:\/\/floratiara.com\/#\/schema\/logo\/image\/","url":"https:\/\/floratiara.com\/wp-content\/uploads\/2024\/03\/flora-tiara-logo.png","contentUrl":"https:\/\/floratiara.com\/wp-content\/uploads\/2024\/03\/flora-tiara-logo.png","width":1024,"height":274,"caption":"Flora Tiara"},"image":{"@id":"https:\/\/floratiara.com\/#\/schema\/logo\/image\/"}}]}},"_links":{"self":[{"href":"https:\/\/floratiara.com\/tr\/wp-json\/wp\/v2\/product\/619","targetHints":{"allow":["GET"]}}],"collection":[{"href":"https:\/\/floratiara.com\/tr\/wp-json\/wp\/v2\/product"}],"about":[{"href":"https:\/\/floratiara.com\/tr\/wp-json\/wp\/v2\/types\/product"}],"wp:featuredmedia":[{"embeddable":true,"href":"https:\/\/floratiara.com\/tr\/wp-json\/wp\/v2\/media\/618"}],"wp:attachment":[{"href":"https:\/\/floratiara.com\/tr\/wp-json\/wp\/v2\/media?parent=619"}],"wp:term":[{"taxonomy":"product_brand","embeddable":true,"href":"https:\/\/floratiara.com\/tr\/wp-json\/wp\/v2\/product_brand?post=619"},{"taxonomy":"product_cat","embeddable":true,"href":"https:\/\/floratiara.com\/tr\/wp-json\/wp\/v2\/product_cat?post=619"},{"taxonomy":"product_tag","embeddable":true,"href":"https:\/\/floratiara.com\/tr\/wp-json\/wp\/v2\/product_tag?post=619"}],"curies":[{"name":"wp","href":"https:\/\/api.w.org\/{rel}","templated":true}]}}