{"id":62,"date":"2024-03-16T06:43:11","date_gmt":"2024-03-16T06:43:11","guid":{"rendered":"https:\/\/floratiara.com\/?post_type=product&#038;p=62"},"modified":"2024-12-12T01:49:33","modified_gmt":"2024-12-12T01:49:33","slug":"geli%cc%87n-gul-ci%cc%87cekli%cc%87-sac-bandi-elegance","status":"publish","type":"product","link":"https:\/\/floratiara.com\/tr\/p\/geli%cc%87n-gul-ci%cc%87cekli%cc%87-sac-bandi-elegance\/","title":{"rendered":"B\u00fcy\u00fcleyici Sonbahar \u00c7i\u00e7ek Tac\u0131 D\u00fc\u011f\u00fcn Ba\u015fl\u0131\u011f\u0131"},"content":{"rendered":"<p>\u00d6zel anlar\u0131n\u0131z\u0131, sofistike bir g\u00f6r\u00fcn\u00fcm sergileyen ger\u00e7ekten l\u00fcks bir ba\u015fl\u0131k olan B\u00fcy\u00fcleyici Sonbahar \u00c7i\u00e7ek Tac\u0131 ile s\u00fcsleyin. Gelinler i\u00e7in m\u00fckemmel olan bu zarif aksesuar, koyu k\u0131rm\u0131z\u0131 g\u00fcl vurgular\u0131yla e\u015fle\u015ftirilmi\u015f yemye\u015fil \u015feftali ve al g\u00fcllere sahiptir. Pembe \u00e7i\u00e7ekler ve beyaz dolgu \u00e7i\u00e7ekleri, s\u0131cak bir sonbahar hissi i\u00e7in zengin bordo yapraklarla vurgulanan \u00e7arp\u0131c\u0131 bir dizi olu\u015fturmak i\u00e7in i\u00e7 i\u00e7e ge\u00e7er. \u00c7ok y\u00f6nl\u00fc ve ayarlanabilir, hem yeti\u015fkinler hem de \u00e7ocuklar i\u00e7in ideal olan bu sa\u00e7 modeli, zamans\u0131z cazibesiyle her sa\u00e7 stilini zenginle\u015ftirir. Bu b\u00fcy\u00fcleyici \u00e7i\u00e7ekli \u00e7elenk ile d\u00fc\u011f\u00fcn veya parti tak\u0131m\u0131n\u0131z\u0131 y\u00fckseltin ve g\u00fcn\u00fcn\u00fcz\u00fc zarafet ve stil ile kucaklay\u0131n.<\/p><p>Kompozisyon: \u015feftali ve al g\u00fcller, koyu k\u0131rm\u0131z\u0131 g\u00fcller, pembe \u00e7i\u00e7ekler, beyaz dolgu \u00e7i\u00e7ekleri ve bordo yapraklar.<\/p>","protected":false},"excerpt":{"rendered":"<div style=\"width: 90%;text-align: left;margin: auto\"><p style=\"text-align:center\"><b>\ud83d\udc51 Ellerimizden Ba\u015f\u0131n\u0131za<\/b><br \/><i>Her Durum \u0130\u00e7in L\u00fcks \u00c7i\u00e7ek Ta\u00e7lar\u0131<\/i><\/p><ul><li>\u2702\ufe0f Kalbinde \u00d6zenle Haz\u0131rlanm\u0131\u015ft\u0131r <b>T\u00fcrkiye<\/b><\/li><li><b>\ud83d\udc90 Kompozisyon: \u015feftali ve al g\u00fcller, koyu k\u0131rm\u0131z\u0131 g\u00fcller, pembe \u00e7i\u00e7ekler, beyaz dolgu \u00e7i\u00e7ekler ve bordo yapraklar.<\/b><\/li><\/ul><\/div>","protected":false},"featured_media":61,"template":"","meta":[],"product_brand":[],"product_cat":[61,78,77,59],"product_tag":[],"class_list":{"0":"post-62","1":"product","2":"type-product","3":"status-publish","4":"has-post-thumbnail","6":"product_cat-bridesmaid-floral-headpiece","7":"product_cat-dried-floral-headpiece","8":"product_cat-red-floral-headpiece","9":"product_cat-bridal-floral-headpiece","11":"first","12":"instock","13":"shipping-taxable","14":"purchasable","15":"product-type-simple"},"yoast_head":"<!-- This site is optimized with the Yoast SEO plugin v25.9 - https:\/\/yoast.com\/wordpress\/plugins\/seo\/ -->\n<title>Enchanting Autumn Flower Crown Wedding Headpiece - Flora Tiara<\/title>\n<meta name=\"description\" content=\"Unique and beautiful: Shop our Enchanting Autumn Flower Crown Wedding Headpiece. Premium high quality headpiece to make the occasion unforgettable.\" \/>\n<meta name=\"robots\" content=\"index, follow, max-snippet:-1, max-image-preview:large, max-video-preview:-1\" \/>\n<link rel=\"canonical\" href=\"https:\/\/floratiara.com\/tr\/p\/geli\u0307n-gul-ci\u0307cekli\u0307-sac-bandi-elegance\/\" \/>\n<meta property=\"og:locale\" content=\"tr_TR\" \/>\n<meta property=\"og:type\" content=\"article\" \/>\n<meta property=\"og:title\" content=\"Enchanting Autumn Flower Crown Wedding Headpiece - Flora Tiara\" \/>\n<meta property=\"og:description\" content=\"Unique and beautiful: Shop our Enchanting Autumn Flower Crown Wedding Headpiece. Premium high quality headpiece to make the occasion unforgettable.\" \/>\n<meta property=\"og:url\" content=\"https:\/\/floratiara.com\/tr\/p\/geli\u0307n-gul-ci\u0307cekli\u0307-sac-bandi-elegance\/\" \/>\n<meta property=\"og:site_name\" content=\"Flora Tiara\" \/>\n<meta property=\"article:modified_time\" content=\"2024-12-12T01:49:33+00:00\" \/>\n<meta property=\"og:image\" content=\"https:\/\/floratiara.com\/wp-content\/uploads\/2024\/03\/S43a2f6cec780417699c411aa5ec4352dX.webp\" \/>\n\t<meta property=\"og:image:width\" content=\"1500\" \/>\n\t<meta property=\"og:image:height\" content=\"1500\" \/>\n\t<meta property=\"og:image:type\" content=\"image\/webp\" \/>\n<meta name=\"twitter:card\" content=\"summary_large_image\" \/>\n<meta name=\"twitter:label1\" content=\"Tahmini okuma s\u00fcresi\" \/>\n\t<meta name=\"twitter:data1\" content=\"1 dakika\" \/>\n<script type=\"application\/ld+json\" class=\"yoast-schema-graph\">{\"@context\":\"https:\/\/schema.org\",\"@graph\":[{\"@type\":\"WebPage\",\"@id\":\"https:\/\/floratiara.com\/p\/bridal-rose-floral-headband-elegance\/\",\"url\":\"https:\/\/floratiara.com\/p\/bridal-rose-floral-headband-elegance\/\",\"name\":\"Enchanting Autumn Flower Crown Wedding Headpiece - Flora Tiara\",\"isPartOf\":{\"@id\":\"https:\/\/floratiara.com\/#website\"},\"primaryImageOfPage\":{\"@id\":\"https:\/\/floratiara.com\/p\/bridal-rose-floral-headband-elegance\/#primaryimage\"},\"image\":{\"@id\":\"https:\/\/floratiara.com\/p\/bridal-rose-floral-headband-elegance\/#primaryimage\"},\"thumbnailUrl\":\"https:\/\/floratiara.com\/wp-content\/uploads\/2024\/03\/S43a2f6cec780417699c411aa5ec4352dX.webp\",\"datePublished\":\"2024-03-16T06:43:11+00:00\",\"dateModified\":\"2024-12-12T01:49:33+00:00\",\"description\":\"Unique and beautiful: Shop our Enchanting Autumn Flower Crown Wedding Headpiece. Premium high quality headpiece to make the occasion unforgettable.\",\"breadcrumb\":{\"@id\":\"https:\/\/floratiara.com\/p\/bridal-rose-floral-headband-elegance\/#breadcrumb\"},\"inLanguage\":\"tr\",\"potentialAction\":[{\"@type\":\"ReadAction\",\"target\":[\"https:\/\/floratiara.com\/p\/bridal-rose-floral-headband-elegance\/\"]}]},{\"@type\":\"ImageObject\",\"inLanguage\":\"tr\",\"@id\":\"https:\/\/floratiara.com\/p\/bridal-rose-floral-headband-elegance\/#primaryimage\",\"url\":\"https:\/\/floratiara.com\/wp-content\/uploads\/2024\/03\/S43a2f6cec780417699c411aa5ec4352dX.webp\",\"contentUrl\":\"https:\/\/floratiara.com\/wp-content\/uploads\/2024\/03\/S43a2f6cec780417699c411aa5ec4352dX.webp\",\"width\":1500,\"height\":1500},{\"@type\":\"BreadcrumbList\",\"@id\":\"https:\/\/floratiara.com\/p\/bridal-rose-floral-headband-elegance\/#breadcrumb\",\"itemListElement\":[{\"@type\":\"ListItem\",\"position\":1,\"name\":\"Home\",\"item\":\"https:\/\/floratiara.com\/\"},{\"@type\":\"ListItem\",\"position\":2,\"name\":\"Shop\",\"item\":\"https:\/\/floratiara.com\/shop\/\"},{\"@type\":\"ListItem\",\"position\":3,\"name\":\"Enchanting Autumn Flower Crown Wedding Headpiece\"}]},{\"@type\":\"WebSite\",\"@id\":\"https:\/\/floratiara.com\/#website\",\"url\":\"https:\/\/floratiara.com\/\",\"name\":\"Flora Tiara\",\"description\":\"\",\"publisher\":{\"@id\":\"https:\/\/floratiara.com\/#organization\"},\"potentialAction\":[{\"@type\":\"SearchAction\",\"target\":{\"@type\":\"EntryPoint\",\"urlTemplate\":\"https:\/\/floratiara.com\/?s={search_term_string}\"},\"query-input\":{\"@type\":\"PropertyValueSpecification\",\"valueRequired\":true,\"valueName\":\"search_term_string\"}}],\"inLanguage\":\"tr\"},{\"@type\":\"Organization\",\"@id\":\"https:\/\/floratiara.com\/#organization\",\"name\":\"Flora Tiara\",\"url\":\"https:\/\/floratiara.com\/\",\"logo\":{\"@type\":\"ImageObject\",\"inLanguage\":\"tr\",\"@id\":\"https:\/\/floratiara.com\/#\/schema\/logo\/image\/\",\"url\":\"https:\/\/floratiara.com\/wp-content\/uploads\/2024\/03\/flora-tiara-logo.png\",\"contentUrl\":\"https:\/\/floratiara.com\/wp-content\/uploads\/2024\/03\/flora-tiara-logo.png\",\"width\":1024,\"height\":274,\"caption\":\"Flora Tiara\"},\"image\":{\"@id\":\"https:\/\/floratiara.com\/#\/schema\/logo\/image\/\"}}]}<\/script>\n<!-- \/ Yoast SEO plugin. -->","yoast_head_json":{"title":"B\u00fcy\u00fcleyici Sonbahar \u00c7i\u00e7ek Tac\u0131 D\u00fc\u011f\u00fcn Ba\u015fl\u0131\u011f\u0131 - Flora Tiara","description":"E\u015fsiz ve g\u00fczel: B\u00fcy\u00fcleyici Sonbahar \u00c7i\u00e7ek Tac\u0131 D\u00fc\u011f\u00fcn Ba\u015fl\u0131\u011f\u0131m\u0131z\u0131 sat\u0131n al\u0131n. Etkinli\u011fi unutulmaz k\u0131lmak i\u00e7in birinci s\u0131n\u0131f y\u00fcksek kaliteli ba\u015fl\u0131k.","robots":{"index":"index","follow":"follow","max-snippet":"max-snippet:-1","max-image-preview":"max-image-preview:large","max-video-preview":"max-video-preview:-1"},"canonical":"https:\/\/floratiara.com\/tr\/p\/geli\u0307n-gul-ci\u0307cekli\u0307-sac-bandi-elegance\/","og_locale":"tr_TR","og_type":"article","og_title":"Enchanting Autumn Flower Crown Wedding Headpiece - Flora Tiara","og_description":"Unique and beautiful: Shop our Enchanting Autumn Flower Crown Wedding Headpiece. Premium high quality headpiece to make the occasion unforgettable.","og_url":"https:\/\/floratiara.com\/tr\/p\/geli\u0307n-gul-ci\u0307cekli\u0307-sac-bandi-elegance\/","og_site_name":"Flora Tiara","article_modified_time":"2024-12-12T01:49:33+00:00","og_image":[{"width":1500,"height":1500,"url":"https:\/\/floratiara.com\/wp-content\/uploads\/2024\/03\/S43a2f6cec780417699c411aa5ec4352dX.webp","type":"image\/webp"}],"twitter_card":"summary_large_image","twitter_misc":{"Tahmini okuma s\u00fcresi":"1 dakika"},"schema":{"@context":"https:\/\/schema.org","@graph":[{"@type":"WebPage","@id":"https:\/\/floratiara.com\/p\/bridal-rose-floral-headband-elegance\/","url":"https:\/\/floratiara.com\/p\/bridal-rose-floral-headband-elegance\/","name":"B\u00fcy\u00fcleyici Sonbahar \u00c7i\u00e7ek Tac\u0131 D\u00fc\u011f\u00fcn Ba\u015fl\u0131\u011f\u0131 - Flora Tiara","isPartOf":{"@id":"https:\/\/floratiara.com\/#website"},"primaryImageOfPage":{"@id":"https:\/\/floratiara.com\/p\/bridal-rose-floral-headband-elegance\/#primaryimage"},"image":{"@id":"https:\/\/floratiara.com\/p\/bridal-rose-floral-headband-elegance\/#primaryimage"},"thumbnailUrl":"https:\/\/floratiara.com\/wp-content\/uploads\/2024\/03\/S43a2f6cec780417699c411aa5ec4352dX.webp","datePublished":"2024-03-16T06:43:11+00:00","dateModified":"2024-12-12T01:49:33+00:00","description":"E\u015fsiz ve g\u00fczel: B\u00fcy\u00fcleyici Sonbahar \u00c7i\u00e7ek Tac\u0131 D\u00fc\u011f\u00fcn Ba\u015fl\u0131\u011f\u0131m\u0131z\u0131 sat\u0131n al\u0131n. Etkinli\u011fi unutulmaz k\u0131lmak i\u00e7in birinci s\u0131n\u0131f y\u00fcksek kaliteli ba\u015fl\u0131k.","breadcrumb":{"@id":"https:\/\/floratiara.com\/p\/bridal-rose-floral-headband-elegance\/#breadcrumb"},"inLanguage":"tr","potentialAction":[{"@type":"ReadAction","target":["https:\/\/floratiara.com\/p\/bridal-rose-floral-headband-elegance\/"]}]},{"@type":"ImageObject","inLanguage":"tr","@id":"https:\/\/floratiara.com\/p\/bridal-rose-floral-headband-elegance\/#primaryimage","url":"https:\/\/floratiara.com\/wp-content\/uploads\/2024\/03\/S43a2f6cec780417699c411aa5ec4352dX.webp","contentUrl":"https:\/\/floratiara.com\/wp-content\/uploads\/2024\/03\/S43a2f6cec780417699c411aa5ec4352dX.webp","width":1500,"height":1500},{"@type":"BreadcrumbList","@id":"https:\/\/floratiara.com\/p\/bridal-rose-floral-headband-elegance\/#breadcrumb","itemListElement":[{"@type":"ListItem","position":1,"name":"Home","item":"https:\/\/floratiara.com\/"},{"@type":"ListItem","position":2,"name":"Shop","item":"https:\/\/floratiara.com\/shop\/"},{"@type":"ListItem","position":3,"name":"Enchanting Autumn Flower Crown Wedding Headpiece"}]},{"@type":"WebSite","@id":"https:\/\/floratiara.com\/#website","url":"https:\/\/floratiara.com\/","name":"Flora Tiara","description":"","publisher":{"@id":"https:\/\/floratiara.com\/#organization"},"potentialAction":[{"@type":"SearchAction","target":{"@type":"EntryPoint","urlTemplate":"https:\/\/floratiara.com\/?s={search_term_string}"},"query-input":{"@type":"PropertyValueSpecification","valueRequired":true,"valueName":"search_term_string"}}],"inLanguage":"tr"},{"@type":"Organization","@id":"https:\/\/floratiara.com\/#organization","name":"Flora Tiara","url":"https:\/\/floratiara.com\/","logo":{"@type":"ImageObject","inLanguage":"tr","@id":"https:\/\/floratiara.com\/#\/schema\/logo\/image\/","url":"https:\/\/floratiara.com\/wp-content\/uploads\/2024\/03\/flora-tiara-logo.png","contentUrl":"https:\/\/floratiara.com\/wp-content\/uploads\/2024\/03\/flora-tiara-logo.png","width":1024,"height":274,"caption":"Flora Tiara"},"image":{"@id":"https:\/\/floratiara.com\/#\/schema\/logo\/image\/"}}]}},"_links":{"self":[{"href":"https:\/\/floratiara.com\/tr\/wp-json\/wp\/v2\/product\/62","targetHints":{"allow":["GET"]}}],"collection":[{"href":"https:\/\/floratiara.com\/tr\/wp-json\/wp\/v2\/product"}],"about":[{"href":"https:\/\/floratiara.com\/tr\/wp-json\/wp\/v2\/types\/product"}],"wp:featuredmedia":[{"embeddable":true,"href":"https:\/\/floratiara.com\/tr\/wp-json\/wp\/v2\/media\/61"}],"wp:attachment":[{"href":"https:\/\/floratiara.com\/tr\/wp-json\/wp\/v2\/media?parent=62"}],"wp:term":[{"taxonomy":"product_brand","embeddable":true,"href":"https:\/\/floratiara.com\/tr\/wp-json\/wp\/v2\/product_brand?post=62"},{"taxonomy":"product_cat","embeddable":true,"href":"https:\/\/floratiara.com\/tr\/wp-json\/wp\/v2\/product_cat?post=62"},{"taxonomy":"product_tag","embeddable":true,"href":"https:\/\/floratiara.com\/tr\/wp-json\/wp\/v2\/product_tag?post=62"}],"curies":[{"name":"wp","href":"https:\/\/api.w.org\/{rel}","templated":true}]}}