{"id":645,"date":"2024-03-16T10:30:19","date_gmt":"2024-03-16T10:30:19","guid":{"rendered":"https:\/\/floratiara.com\/?post_type=product&#038;p=645"},"modified":"2025-07-22T03:50:46","modified_gmt":"2025-07-22T03:50:46","slug":"bohem-sti%cc%87l-geli%cc%87n-ci%cc%87cek-basligi","status":"publish","type":"product","link":"https:\/\/floratiara.com\/tr\/p\/bohem-sti%cc%87l-geli%cc%87n-ci%cc%87cek-basligi\/","title":{"rendered":"D\u00fc\u011f\u00fcnler i\u00e7in Boho Chic \u00c7i\u00e7ekli Ta\u00e7 Sa\u00e7 Band\u0131"},"content":{"rendered":"<p>\u00d6zel g\u00fcn\u00fcn\u00fcze zarif bir katk\u0131 sa\u011flayacak olan Boho Chic \u00c7i\u00e7ekli Ta\u00e7 Ba\u015f Band\u0131m\u0131zla s\u00fcslenmi\u015f olarak koridorda y\u00fcr\u00fcd\u00fc\u011f\u00fcn\u00fcz\u00fc hayal edin. Her bir ta\u00e7, canl\u0131 krem ve pembe \u015fakay\u0131klar, k\u0131rm\u0131z\u0131 kamelyalar ve pembe kiraz \u00e7i\u00e7ekleri ile sevgiyle el yap\u0131m\u0131 olarak \u00fcretilmi\u015f olup, tuhaf k\u0131rm\u0131z\u0131 meyveler ve yemye\u015fil yapraklarla tamamlanm\u0131\u015ft\u0131r. Bu b\u00fcy\u00fcleyici ba\u015fl\u0131k, her sa\u00e7 stiline sorunsuzca uyum sa\u011flayarak \u00e7ok y\u00f6nl\u00fc bir \u00e7ekicilik sunar. D\u00fc\u011f\u00fcn g\u00f6r\u00fcn\u00fcm\u00fcn\u00fcz\u00fc tamamlayan bir zarafet ve renk dokunu\u015fu ekleyerek m\u00fckemmel bir sohbet ba\u015flat\u0131c\u0131d\u0131r. Bu zarif, birinci s\u0131n\u0131f \u00e7i\u00e7ekli sa\u00e7 aksesuar\u0131 ile kutlaman\u0131z\u0131 unutulmaz k\u0131l\u0131n.<\/p><p>Kompozisyon: krem \u015fakay\u0131klar, pembe \u015fakay\u0131klar, k\u0131rm\u0131z\u0131 kamelyalar, pembe kiraz \u00e7i\u00e7ekleri, k\u00fc\u00e7\u00fck k\u0131rm\u0131z\u0131 meyveler ve ye\u015fil yapraklar.<\/p>","protected":false},"excerpt":{"rendered":"<div style=\"width: 90%;text-align: left;margin: auto\"><p style=\"text-align:center\"><b>\ud83d\udc51 Ellerimizden Ba\u015f\u0131n\u0131za<\/b><br \/><i>Her Durum \u0130\u00e7in L\u00fcks \u00c7i\u00e7ek Ta\u00e7lar\u0131<\/i><\/p><ul><li>\u2702\ufe0f Kalbinde \u00d6zenle Haz\u0131rlanm\u0131\u015ft\u0131r <b>T\u00fcrkiye<\/b><\/li><li><b>\ud83d\udc90 Kompozisyon: krem \u015fakay\u0131klar, pembe \u015fakay\u0131klar, k\u0131rm\u0131z\u0131 kamelyalar, pembe kiraz \u00e7i\u00e7ekleri, k\u00fc\u00e7\u00fck k\u0131rm\u0131z\u0131 meyveler ve ye\u015fil yapraklar.<\/b><\/li><\/ul><\/div>","protected":false},"featured_media":644,"template":"","meta":[],"product_brand":[],"product_cat":[68],"product_tag":[],"class_list":{"0":"post-645","1":"product","2":"type-product","3":"status-publish","4":"has-post-thumbnail","6":"product_cat-floral-headpiece-headband","8":"first","9":"instock","10":"shipping-taxable","11":"purchasable","12":"product-type-simple"},"yoast_head":"<!-- This site is optimized with the Yoast SEO plugin v25.9 - https:\/\/yoast.com\/wordpress\/plugins\/seo\/ -->\n<title>Boho Chic Floral Crown Headband for Weddings - Flora Tiara<\/title>\n<meta name=\"description\" content=\"Unique and beautiful: Shop our Boho Chic Floral Crown Headband for Weddings. Premium high quality headpiece to make the occasion unforgettable.\" \/>\n<meta name=\"robots\" content=\"index, follow, max-snippet:-1, max-image-preview:large, max-video-preview:-1\" \/>\n<link rel=\"canonical\" href=\"https:\/\/floratiara.com\/tr\/p\/bohem-sti\u0307l-geli\u0307n-ci\u0307cek-basligi\/\" \/>\n<meta property=\"og:locale\" content=\"tr_TR\" \/>\n<meta property=\"og:type\" content=\"article\" \/>\n<meta property=\"og:title\" content=\"Boho Chic Floral Crown Headband for Weddings - Flora Tiara\" \/>\n<meta property=\"og:description\" content=\"Unique and beautiful: Shop our Boho Chic Floral Crown Headband for Weddings. Premium high quality headpiece to make the occasion unforgettable.\" \/>\n<meta property=\"og:url\" content=\"https:\/\/floratiara.com\/tr\/p\/bohem-sti\u0307l-geli\u0307n-ci\u0307cek-basligi\/\" \/>\n<meta property=\"og:site_name\" content=\"Flora Tiara\" \/>\n<meta property=\"article:modified_time\" content=\"2025-07-22T03:50:46+00:00\" \/>\n<meta property=\"og:image\" content=\"https:\/\/floratiara.com\/wp-content\/uploads\/2024\/03\/S43ecedcc7745403dbc459d1bcd79154eQ.webp\" \/>\n\t<meta property=\"og:image:width\" content=\"900\" \/>\n\t<meta property=\"og:image:height\" content=\"900\" \/>\n\t<meta property=\"og:image:type\" content=\"image\/webp\" \/>\n<meta name=\"twitter:card\" content=\"summary_large_image\" \/>\n<meta name=\"twitter:label1\" content=\"Tahmini okuma s\u00fcresi\" \/>\n\t<meta name=\"twitter:data1\" content=\"1 dakika\" \/>\n<script type=\"application\/ld+json\" class=\"yoast-schema-graph\">{\"@context\":\"https:\/\/schema.org\",\"@graph\":[{\"@type\":\"WebPage\",\"@id\":\"https:\/\/floratiara.com\/p\/bohemian-style-bridal-flower-headpiece\/\",\"url\":\"https:\/\/floratiara.com\/p\/bohemian-style-bridal-flower-headpiece\/\",\"name\":\"Boho Chic Floral Crown Headband for Weddings - Flora Tiara\",\"isPartOf\":{\"@id\":\"https:\/\/floratiara.com\/#website\"},\"primaryImageOfPage\":{\"@id\":\"https:\/\/floratiara.com\/p\/bohemian-style-bridal-flower-headpiece\/#primaryimage\"},\"image\":{\"@id\":\"https:\/\/floratiara.com\/p\/bohemian-style-bridal-flower-headpiece\/#primaryimage\"},\"thumbnailUrl\":\"https:\/\/floratiara.com\/wp-content\/uploads\/2024\/03\/S43ecedcc7745403dbc459d1bcd79154eQ.webp\",\"datePublished\":\"2024-03-16T10:30:19+00:00\",\"dateModified\":\"2025-07-22T03:50:46+00:00\",\"description\":\"Unique and beautiful: Shop our Boho Chic Floral Crown Headband for Weddings. Premium high quality headpiece to make the occasion unforgettable.\",\"breadcrumb\":{\"@id\":\"https:\/\/floratiara.com\/p\/bohemian-style-bridal-flower-headpiece\/#breadcrumb\"},\"inLanguage\":\"tr\",\"potentialAction\":[{\"@type\":\"ReadAction\",\"target\":[\"https:\/\/floratiara.com\/p\/bohemian-style-bridal-flower-headpiece\/\"]}]},{\"@type\":\"ImageObject\",\"inLanguage\":\"tr\",\"@id\":\"https:\/\/floratiara.com\/p\/bohemian-style-bridal-flower-headpiece\/#primaryimage\",\"url\":\"https:\/\/floratiara.com\/wp-content\/uploads\/2024\/03\/S43ecedcc7745403dbc459d1bcd79154eQ.webp\",\"contentUrl\":\"https:\/\/floratiara.com\/wp-content\/uploads\/2024\/03\/S43ecedcc7745403dbc459d1bcd79154eQ.webp\",\"width\":900,\"height\":900},{\"@type\":\"BreadcrumbList\",\"@id\":\"https:\/\/floratiara.com\/p\/bohemian-style-bridal-flower-headpiece\/#breadcrumb\",\"itemListElement\":[{\"@type\":\"ListItem\",\"position\":1,\"name\":\"Home\",\"item\":\"https:\/\/floratiara.com\/\"},{\"@type\":\"ListItem\",\"position\":2,\"name\":\"Shop\",\"item\":\"https:\/\/floratiara.com\/shop\/\"},{\"@type\":\"ListItem\",\"position\":3,\"name\":\"Boho Chic Floral Crown Headband for Weddings\"}]},{\"@type\":\"WebSite\",\"@id\":\"https:\/\/floratiara.com\/#website\",\"url\":\"https:\/\/floratiara.com\/\",\"name\":\"Flora Tiara\",\"description\":\"\",\"publisher\":{\"@id\":\"https:\/\/floratiara.com\/#organization\"},\"potentialAction\":[{\"@type\":\"SearchAction\",\"target\":{\"@type\":\"EntryPoint\",\"urlTemplate\":\"https:\/\/floratiara.com\/?s={search_term_string}\"},\"query-input\":{\"@type\":\"PropertyValueSpecification\",\"valueRequired\":true,\"valueName\":\"search_term_string\"}}],\"inLanguage\":\"tr\"},{\"@type\":\"Organization\",\"@id\":\"https:\/\/floratiara.com\/#organization\",\"name\":\"Flora Tiara\",\"url\":\"https:\/\/floratiara.com\/\",\"logo\":{\"@type\":\"ImageObject\",\"inLanguage\":\"tr\",\"@id\":\"https:\/\/floratiara.com\/#\/schema\/logo\/image\/\",\"url\":\"https:\/\/floratiara.com\/wp-content\/uploads\/2024\/03\/flora-tiara-logo.png\",\"contentUrl\":\"https:\/\/floratiara.com\/wp-content\/uploads\/2024\/03\/flora-tiara-logo.png\",\"width\":1024,\"height\":274,\"caption\":\"Flora Tiara\"},\"image\":{\"@id\":\"https:\/\/floratiara.com\/#\/schema\/logo\/image\/\"}}]}<\/script>\n<!-- \/ Yoast SEO plugin. -->","yoast_head_json":{"title":"D\u00fc\u011f\u00fcnler i\u00e7in Boho Chic \u00c7i\u00e7ekli Ta\u00e7 Sa\u00e7 Band\u0131 - Flora Tiara","description":"E\u015fsiz ve g\u00fczel: D\u00fc\u011f\u00fcnler i\u00e7in Boho Chic \u00c7i\u00e7ekli Ta\u00e7 Kafa Band\u0131m\u0131z\u0131 sat\u0131n al\u0131n. Etkinli\u011fi unutulmaz k\u0131lmak i\u00e7in birinci s\u0131n\u0131f y\u00fcksek kaliteli ba\u015fl\u0131k.","robots":{"index":"index","follow":"follow","max-snippet":"max-snippet:-1","max-image-preview":"max-image-preview:large","max-video-preview":"max-video-preview:-1"},"canonical":"https:\/\/floratiara.com\/tr\/p\/bohem-sti\u0307l-geli\u0307n-ci\u0307cek-basligi\/","og_locale":"tr_TR","og_type":"article","og_title":"Boho Chic Floral Crown Headband for Weddings - Flora Tiara","og_description":"Unique and beautiful: Shop our Boho Chic Floral Crown Headband for Weddings. Premium high quality headpiece to make the occasion unforgettable.","og_url":"https:\/\/floratiara.com\/tr\/p\/bohem-sti\u0307l-geli\u0307n-ci\u0307cek-basligi\/","og_site_name":"Flora Tiara","article_modified_time":"2025-07-22T03:50:46+00:00","og_image":[{"width":900,"height":900,"url":"https:\/\/floratiara.com\/wp-content\/uploads\/2024\/03\/S43ecedcc7745403dbc459d1bcd79154eQ.webp","type":"image\/webp"}],"twitter_card":"summary_large_image","twitter_misc":{"Tahmini okuma s\u00fcresi":"1 dakika"},"schema":{"@context":"https:\/\/schema.org","@graph":[{"@type":"WebPage","@id":"https:\/\/floratiara.com\/p\/bohemian-style-bridal-flower-headpiece\/","url":"https:\/\/floratiara.com\/p\/bohemian-style-bridal-flower-headpiece\/","name":"D\u00fc\u011f\u00fcnler i\u00e7in Boho Chic \u00c7i\u00e7ekli Ta\u00e7 Sa\u00e7 Band\u0131 - Flora Tiara","isPartOf":{"@id":"https:\/\/floratiara.com\/#website"},"primaryImageOfPage":{"@id":"https:\/\/floratiara.com\/p\/bohemian-style-bridal-flower-headpiece\/#primaryimage"},"image":{"@id":"https:\/\/floratiara.com\/p\/bohemian-style-bridal-flower-headpiece\/#primaryimage"},"thumbnailUrl":"https:\/\/floratiara.com\/wp-content\/uploads\/2024\/03\/S43ecedcc7745403dbc459d1bcd79154eQ.webp","datePublished":"2024-03-16T10:30:19+00:00","dateModified":"2025-07-22T03:50:46+00:00","description":"E\u015fsiz ve g\u00fczel: D\u00fc\u011f\u00fcnler i\u00e7in Boho Chic \u00c7i\u00e7ekli Ta\u00e7 Kafa Band\u0131m\u0131z\u0131 sat\u0131n al\u0131n. Etkinli\u011fi unutulmaz k\u0131lmak i\u00e7in birinci s\u0131n\u0131f y\u00fcksek kaliteli ba\u015fl\u0131k.","breadcrumb":{"@id":"https:\/\/floratiara.com\/p\/bohemian-style-bridal-flower-headpiece\/#breadcrumb"},"inLanguage":"tr","potentialAction":[{"@type":"ReadAction","target":["https:\/\/floratiara.com\/p\/bohemian-style-bridal-flower-headpiece\/"]}]},{"@type":"ImageObject","inLanguage":"tr","@id":"https:\/\/floratiara.com\/p\/bohemian-style-bridal-flower-headpiece\/#primaryimage","url":"https:\/\/floratiara.com\/wp-content\/uploads\/2024\/03\/S43ecedcc7745403dbc459d1bcd79154eQ.webp","contentUrl":"https:\/\/floratiara.com\/wp-content\/uploads\/2024\/03\/S43ecedcc7745403dbc459d1bcd79154eQ.webp","width":900,"height":900},{"@type":"BreadcrumbList","@id":"https:\/\/floratiara.com\/p\/bohemian-style-bridal-flower-headpiece\/#breadcrumb","itemListElement":[{"@type":"ListItem","position":1,"name":"Home","item":"https:\/\/floratiara.com\/"},{"@type":"ListItem","position":2,"name":"Shop","item":"https:\/\/floratiara.com\/shop\/"},{"@type":"ListItem","position":3,"name":"Boho Chic Floral Crown Headband for Weddings"}]},{"@type":"WebSite","@id":"https:\/\/floratiara.com\/#website","url":"https:\/\/floratiara.com\/","name":"Flora Tiara","description":"","publisher":{"@id":"https:\/\/floratiara.com\/#organization"},"potentialAction":[{"@type":"SearchAction","target":{"@type":"EntryPoint","urlTemplate":"https:\/\/floratiara.com\/?s={search_term_string}"},"query-input":{"@type":"PropertyValueSpecification","valueRequired":true,"valueName":"search_term_string"}}],"inLanguage":"tr"},{"@type":"Organization","@id":"https:\/\/floratiara.com\/#organization","name":"Flora Tiara","url":"https:\/\/floratiara.com\/","logo":{"@type":"ImageObject","inLanguage":"tr","@id":"https:\/\/floratiara.com\/#\/schema\/logo\/image\/","url":"https:\/\/floratiara.com\/wp-content\/uploads\/2024\/03\/flora-tiara-logo.png","contentUrl":"https:\/\/floratiara.com\/wp-content\/uploads\/2024\/03\/flora-tiara-logo.png","width":1024,"height":274,"caption":"Flora Tiara"},"image":{"@id":"https:\/\/floratiara.com\/#\/schema\/logo\/image\/"}}]}},"_links":{"self":[{"href":"https:\/\/floratiara.com\/tr\/wp-json\/wp\/v2\/product\/645","targetHints":{"allow":["GET"]}}],"collection":[{"href":"https:\/\/floratiara.com\/tr\/wp-json\/wp\/v2\/product"}],"about":[{"href":"https:\/\/floratiara.com\/tr\/wp-json\/wp\/v2\/types\/product"}],"wp:featuredmedia":[{"embeddable":true,"href":"https:\/\/floratiara.com\/tr\/wp-json\/wp\/v2\/media\/644"}],"wp:attachment":[{"href":"https:\/\/floratiara.com\/tr\/wp-json\/wp\/v2\/media?parent=645"}],"wp:term":[{"taxonomy":"product_brand","embeddable":true,"href":"https:\/\/floratiara.com\/tr\/wp-json\/wp\/v2\/product_brand?post=645"},{"taxonomy":"product_cat","embeddable":true,"href":"https:\/\/floratiara.com\/tr\/wp-json\/wp\/v2\/product_cat?post=645"},{"taxonomy":"product_tag","embeddable":true,"href":"https:\/\/floratiara.com\/tr\/wp-json\/wp\/v2\/product_tag?post=645"}],"curies":[{"name":"wp","href":"https:\/\/api.w.org\/{rel}","templated":true}]}}