{"id":655,"date":"2024-03-16T10:30:34","date_gmt":"2024-03-16T10:30:34","guid":{"rendered":"https:\/\/floratiara.com\/?post_type=product&#038;p=655"},"modified":"2025-07-22T03:50:46","modified_gmt":"2025-07-22T03:50:46","slug":"cicekli-sac-bandi-gelin-bohem-tarzi","status":"publish","type":"product","link":"https:\/\/floratiara.com\/tr\/p\/cicekli-sac-bandi-gelin-bohem-tarzi\/","title":{"rendered":"D\u00fc\u011f\u00fcnler ve Festivaller i\u00e7in Boho Chic \u00c7i\u00e7ek Tac\u0131"},"content":{"rendered":"<p>Zarafet ve \u015f\u0131kl\u0131\u011f\u0131n el yap\u0131m\u0131 bir sembol\u00fc olan Boho Chic \u00c7i\u00e7ek Ta\u00e7 ile g\u00f6r\u00fcn\u00fcm\u00fcn\u00fcz\u00fc y\u00fckseltin. Hem gelinler hem de festival m\u00fcdavimleri i\u00e7in ideal olan bu \u00e7i\u00e7ekli ba\u015fl\u0131k, her k\u0131yafete tuhaf bir dokunu\u015f ve do\u011fal bir cazibe katmay\u0131 vaat ediyor. Kar\u0131\u015f\u0131k g\u00fcller, \u015fakay\u0131klar, a\u00e7elyalar, nergisler ve kiraz \u00e7i\u00e7eklerinin romantizmiyle kendinizi \u015f\u0131mart\u0131n, en iyi ifade par\u00e7as\u0131 i\u00e7in ustal\u0131kla d\u00fczenlenmi\u015f. Dayan\u0131kl\u0131 ama rahat olan bu \u00fcr\u00fcn, stilinizi \u015fafaktan g\u00fcn bat\u0131m\u0131na kadar korumak i\u00e7in tasarlanm\u0131\u015ft\u0131r. Bu b\u00fcy\u00fcleyici aksesuarla l\u00fcks\u00fcn tad\u0131n\u0131 \u00e7\u0131kar\u0131n ve bir sonraki etkinli\u011finizde kal\u0131c\u0131 bir izlenim b\u0131rak\u0131n. Gard\u0131robunuzu s\u00fcslemek i\u00e7in hemen al\u0131\u015fveri\u015f yap\u0131n!<\/p><p>Kompozisyon: pi\u015fmi\u015f toprak g\u00fcller, beyaz g\u00fcller, pembe \u015fakay\u0131klar, fu\u015fya a\u00e7elyalar, kay\u0131s\u0131 g\u00fclleri, sar\u0131 nergisler, pembe kiraz \u00e7i\u00e7ekleri ve k\u00fc\u00e7\u00fck vurgu \u00e7i\u00e7ekleri.<\/p>","protected":false},"excerpt":{"rendered":"<div style=\"width: 90%;text-align: left;margin: auto\"><p style=\"text-align:center\"><b>\ud83d\udc51 Ellerimizden Ba\u015f\u0131n\u0131za<\/b><br \/><i>Her Durum \u0130\u00e7in L\u00fcks \u00c7i\u00e7ek Ta\u00e7lar\u0131<\/i><\/p><ul><li>\u2702\ufe0f Kalbinde \u00d6zenle Haz\u0131rlanm\u0131\u015ft\u0131r <b>T\u00fcrkiye<\/b><\/li><li><b>\ud83d\udc90 Kompozisyon: pi\u015fmi\u015f toprak g\u00fcller, beyaz g\u00fcller, pembe \u015fakay\u0131klar, fu\u015fya a\u00e7elyalar, kay\u0131s\u0131 g\u00fclleri, sar\u0131 nergisler, pembe kiraz \u00e7i\u00e7ekleri ve k\u00fc\u00e7\u00fck vurgu \u00e7i\u00e7ekleri.<\/b><\/li><\/ul><\/div>","protected":false},"featured_media":654,"template":"","meta":[],"product_brand":[],"product_cat":[68],"product_tag":[],"class_list":{"0":"post-655","1":"product","2":"type-product","3":"status-publish","4":"has-post-thumbnail","6":"product_cat-floral-headpiece-headband","8":"first","9":"instock","10":"shipping-taxable","11":"purchasable","12":"product-type-simple"},"yoast_head":"<!-- This site is optimized with the Yoast SEO plugin v25.9 - https:\/\/yoast.com\/wordpress\/plugins\/seo\/ -->\n<title>Boho Chic Flower Crown for Weddings &amp; Festivals - Flora Tiara<\/title>\n<meta name=\"description\" content=\"Unique and beautiful: Shop our Boho Chic Flower Crown for Weddings &amp; Festivals. Premium high quality headpiece to make the occasion unforgettable.\" \/>\n<meta name=\"robots\" content=\"index, follow, max-snippet:-1, max-image-preview:large, max-video-preview:-1\" \/>\n<link rel=\"canonical\" href=\"https:\/\/floratiara.com\/tr\/p\/cicekli-sac-bandi-gelin-bohem-tarzi\/\" \/>\n<meta property=\"og:locale\" content=\"tr_TR\" \/>\n<meta property=\"og:type\" content=\"article\" \/>\n<meta property=\"og:title\" content=\"Boho Chic Flower Crown for Weddings &amp; Festivals - Flora Tiara\" \/>\n<meta property=\"og:description\" content=\"Unique and beautiful: Shop our Boho Chic Flower Crown for Weddings &amp; Festivals. Premium high quality headpiece to make the occasion unforgettable.\" \/>\n<meta property=\"og:url\" content=\"https:\/\/floratiara.com\/tr\/p\/cicekli-sac-bandi-gelin-bohem-tarzi\/\" \/>\n<meta property=\"og:site_name\" content=\"Flora Tiara\" \/>\n<meta property=\"article:modified_time\" content=\"2025-07-22T03:50:46+00:00\" \/>\n<meta property=\"og:image\" content=\"https:\/\/floratiara.com\/wp-content\/uploads\/2024\/03\/Sa06779c957c24d2c80f53aa32878e2bdW.webp\" \/>\n\t<meta property=\"og:image:width\" content=\"900\" \/>\n\t<meta property=\"og:image:height\" content=\"900\" \/>\n\t<meta property=\"og:image:type\" content=\"image\/webp\" \/>\n<meta name=\"twitter:card\" content=\"summary_large_image\" \/>\n<meta name=\"twitter:label1\" content=\"Tahmini okuma s\u00fcresi\" \/>\n\t<meta name=\"twitter:data1\" content=\"1 dakika\" \/>\n<script type=\"application\/ld+json\" class=\"yoast-schema-graph\">{\"@context\":\"https:\/\/schema.org\",\"@graph\":[{\"@type\":\"WebPage\",\"@id\":\"https:\/\/floratiara.com\/p\/floral-headband-bridal-bohemian-style\/\",\"url\":\"https:\/\/floratiara.com\/p\/floral-headband-bridal-bohemian-style\/\",\"name\":\"Boho Chic Flower Crown for Weddings &amp; Festivals - Flora Tiara\",\"isPartOf\":{\"@id\":\"https:\/\/floratiara.com\/#website\"},\"primaryImageOfPage\":{\"@id\":\"https:\/\/floratiara.com\/p\/floral-headband-bridal-bohemian-style\/#primaryimage\"},\"image\":{\"@id\":\"https:\/\/floratiara.com\/p\/floral-headband-bridal-bohemian-style\/#primaryimage\"},\"thumbnailUrl\":\"https:\/\/floratiara.com\/wp-content\/uploads\/2024\/03\/Sa06779c957c24d2c80f53aa32878e2bdW.webp\",\"datePublished\":\"2024-03-16T10:30:34+00:00\",\"dateModified\":\"2025-07-22T03:50:46+00:00\",\"description\":\"Unique and beautiful: Shop our Boho Chic Flower Crown for Weddings &amp; Festivals. Premium high quality headpiece to make the occasion unforgettable.\",\"breadcrumb\":{\"@id\":\"https:\/\/floratiara.com\/p\/floral-headband-bridal-bohemian-style\/#breadcrumb\"},\"inLanguage\":\"tr\",\"potentialAction\":[{\"@type\":\"ReadAction\",\"target\":[\"https:\/\/floratiara.com\/p\/floral-headband-bridal-bohemian-style\/\"]}]},{\"@type\":\"ImageObject\",\"inLanguage\":\"tr\",\"@id\":\"https:\/\/floratiara.com\/p\/floral-headband-bridal-bohemian-style\/#primaryimage\",\"url\":\"https:\/\/floratiara.com\/wp-content\/uploads\/2024\/03\/Sa06779c957c24d2c80f53aa32878e2bdW.webp\",\"contentUrl\":\"https:\/\/floratiara.com\/wp-content\/uploads\/2024\/03\/Sa06779c957c24d2c80f53aa32878e2bdW.webp\",\"width\":900,\"height\":900},{\"@type\":\"BreadcrumbList\",\"@id\":\"https:\/\/floratiara.com\/p\/floral-headband-bridal-bohemian-style\/#breadcrumb\",\"itemListElement\":[{\"@type\":\"ListItem\",\"position\":1,\"name\":\"Home\",\"item\":\"https:\/\/floratiara.com\/\"},{\"@type\":\"ListItem\",\"position\":2,\"name\":\"Shop\",\"item\":\"https:\/\/floratiara.com\/shop\/\"},{\"@type\":\"ListItem\",\"position\":3,\"name\":\"Boho Chic Flower Crown for Weddings &amp; Festivals\"}]},{\"@type\":\"WebSite\",\"@id\":\"https:\/\/floratiara.com\/#website\",\"url\":\"https:\/\/floratiara.com\/\",\"name\":\"Flora Tiara\",\"description\":\"\",\"publisher\":{\"@id\":\"https:\/\/floratiara.com\/#organization\"},\"potentialAction\":[{\"@type\":\"SearchAction\",\"target\":{\"@type\":\"EntryPoint\",\"urlTemplate\":\"https:\/\/floratiara.com\/?s={search_term_string}\"},\"query-input\":{\"@type\":\"PropertyValueSpecification\",\"valueRequired\":true,\"valueName\":\"search_term_string\"}}],\"inLanguage\":\"tr\"},{\"@type\":\"Organization\",\"@id\":\"https:\/\/floratiara.com\/#organization\",\"name\":\"Flora Tiara\",\"url\":\"https:\/\/floratiara.com\/\",\"logo\":{\"@type\":\"ImageObject\",\"inLanguage\":\"tr\",\"@id\":\"https:\/\/floratiara.com\/#\/schema\/logo\/image\/\",\"url\":\"https:\/\/floratiara.com\/wp-content\/uploads\/2024\/03\/flora-tiara-logo.png\",\"contentUrl\":\"https:\/\/floratiara.com\/wp-content\/uploads\/2024\/03\/flora-tiara-logo.png\",\"width\":1024,\"height\":274,\"caption\":\"Flora Tiara\"},\"image\":{\"@id\":\"https:\/\/floratiara.com\/#\/schema\/logo\/image\/\"}}]}<\/script>\n<!-- \/ Yoast SEO plugin. -->","yoast_head_json":{"title":"D\u00fc\u011f\u00fcnler ve Festivaller i\u00e7in Boho Chic \u00c7i\u00e7ek Tac\u0131 - Flora Tiara","description":"E\u015fsiz ve g\u00fczel: D\u00fc\u011f\u00fcnler ve Festivaller i\u00e7in Boho Chic \u00c7i\u00e7ek Tac\u0131m\u0131z\u0131 sat\u0131n al\u0131n. Etkinli\u011fi unutulmaz k\u0131lmak i\u00e7in birinci s\u0131n\u0131f y\u00fcksek kaliteli ba\u015fl\u0131k.","robots":{"index":"index","follow":"follow","max-snippet":"max-snippet:-1","max-image-preview":"max-image-preview:large","max-video-preview":"max-video-preview:-1"},"canonical":"https:\/\/floratiara.com\/tr\/p\/cicekli-sac-bandi-gelin-bohem-tarzi\/","og_locale":"tr_TR","og_type":"article","og_title":"Boho Chic Flower Crown for Weddings &amp; Festivals - Flora Tiara","og_description":"Unique and beautiful: Shop our Boho Chic Flower Crown for Weddings &amp; Festivals. Premium high quality headpiece to make the occasion unforgettable.","og_url":"https:\/\/floratiara.com\/tr\/p\/cicekli-sac-bandi-gelin-bohem-tarzi\/","og_site_name":"Flora Tiara","article_modified_time":"2025-07-22T03:50:46+00:00","og_image":[{"width":900,"height":900,"url":"https:\/\/floratiara.com\/wp-content\/uploads\/2024\/03\/Sa06779c957c24d2c80f53aa32878e2bdW.webp","type":"image\/webp"}],"twitter_card":"summary_large_image","twitter_misc":{"Tahmini okuma s\u00fcresi":"1 dakika"},"schema":{"@context":"https:\/\/schema.org","@graph":[{"@type":"WebPage","@id":"https:\/\/floratiara.com\/p\/floral-headband-bridal-bohemian-style\/","url":"https:\/\/floratiara.com\/p\/floral-headband-bridal-bohemian-style\/","name":"D\u00fc\u011f\u00fcnler ve Festivaller i\u00e7in Boho Chic \u00c7i\u00e7ek Tac\u0131 - Flora Tiara","isPartOf":{"@id":"https:\/\/floratiara.com\/#website"},"primaryImageOfPage":{"@id":"https:\/\/floratiara.com\/p\/floral-headband-bridal-bohemian-style\/#primaryimage"},"image":{"@id":"https:\/\/floratiara.com\/p\/floral-headband-bridal-bohemian-style\/#primaryimage"},"thumbnailUrl":"https:\/\/floratiara.com\/wp-content\/uploads\/2024\/03\/Sa06779c957c24d2c80f53aa32878e2bdW.webp","datePublished":"2024-03-16T10:30:34+00:00","dateModified":"2025-07-22T03:50:46+00:00","description":"E\u015fsiz ve g\u00fczel: D\u00fc\u011f\u00fcnler ve Festivaller i\u00e7in Boho Chic \u00c7i\u00e7ek Tac\u0131m\u0131z\u0131 sat\u0131n al\u0131n. Etkinli\u011fi unutulmaz k\u0131lmak i\u00e7in birinci s\u0131n\u0131f y\u00fcksek kaliteli ba\u015fl\u0131k.","breadcrumb":{"@id":"https:\/\/floratiara.com\/p\/floral-headband-bridal-bohemian-style\/#breadcrumb"},"inLanguage":"tr","potentialAction":[{"@type":"ReadAction","target":["https:\/\/floratiara.com\/p\/floral-headband-bridal-bohemian-style\/"]}]},{"@type":"ImageObject","inLanguage":"tr","@id":"https:\/\/floratiara.com\/p\/floral-headband-bridal-bohemian-style\/#primaryimage","url":"https:\/\/floratiara.com\/wp-content\/uploads\/2024\/03\/Sa06779c957c24d2c80f53aa32878e2bdW.webp","contentUrl":"https:\/\/floratiara.com\/wp-content\/uploads\/2024\/03\/Sa06779c957c24d2c80f53aa32878e2bdW.webp","width":900,"height":900},{"@type":"BreadcrumbList","@id":"https:\/\/floratiara.com\/p\/floral-headband-bridal-bohemian-style\/#breadcrumb","itemListElement":[{"@type":"ListItem","position":1,"name":"Home","item":"https:\/\/floratiara.com\/"},{"@type":"ListItem","position":2,"name":"Shop","item":"https:\/\/floratiara.com\/shop\/"},{"@type":"ListItem","position":3,"name":"Boho Chic Flower Crown for Weddings &amp; Festivals"}]},{"@type":"WebSite","@id":"https:\/\/floratiara.com\/#website","url":"https:\/\/floratiara.com\/","name":"Flora Tiara","description":"","publisher":{"@id":"https:\/\/floratiara.com\/#organization"},"potentialAction":[{"@type":"SearchAction","target":{"@type":"EntryPoint","urlTemplate":"https:\/\/floratiara.com\/?s={search_term_string}"},"query-input":{"@type":"PropertyValueSpecification","valueRequired":true,"valueName":"search_term_string"}}],"inLanguage":"tr"},{"@type":"Organization","@id":"https:\/\/floratiara.com\/#organization","name":"Flora Tiara","url":"https:\/\/floratiara.com\/","logo":{"@type":"ImageObject","inLanguage":"tr","@id":"https:\/\/floratiara.com\/#\/schema\/logo\/image\/","url":"https:\/\/floratiara.com\/wp-content\/uploads\/2024\/03\/flora-tiara-logo.png","contentUrl":"https:\/\/floratiara.com\/wp-content\/uploads\/2024\/03\/flora-tiara-logo.png","width":1024,"height":274,"caption":"Flora Tiara"},"image":{"@id":"https:\/\/floratiara.com\/#\/schema\/logo\/image\/"}}]}},"_links":{"self":[{"href":"https:\/\/floratiara.com\/tr\/wp-json\/wp\/v2\/product\/655","targetHints":{"allow":["GET"]}}],"collection":[{"href":"https:\/\/floratiara.com\/tr\/wp-json\/wp\/v2\/product"}],"about":[{"href":"https:\/\/floratiara.com\/tr\/wp-json\/wp\/v2\/types\/product"}],"wp:featuredmedia":[{"embeddable":true,"href":"https:\/\/floratiara.com\/tr\/wp-json\/wp\/v2\/media\/654"}],"wp:attachment":[{"href":"https:\/\/floratiara.com\/tr\/wp-json\/wp\/v2\/media?parent=655"}],"wp:term":[{"taxonomy":"product_brand","embeddable":true,"href":"https:\/\/floratiara.com\/tr\/wp-json\/wp\/v2\/product_brand?post=655"},{"taxonomy":"product_cat","embeddable":true,"href":"https:\/\/floratiara.com\/tr\/wp-json\/wp\/v2\/product_cat?post=655"},{"taxonomy":"product_tag","embeddable":true,"href":"https:\/\/floratiara.com\/tr\/wp-json\/wp\/v2\/product_tag?post=655"}],"curies":[{"name":"wp","href":"https:\/\/api.w.org\/{rel}","templated":true}]}}