{"id":688,"date":"2024-03-16T10:35:53","date_gmt":"2024-03-16T10:35:53","guid":{"rendered":"https:\/\/floratiara.com\/?post_type=product&#038;p=688"},"modified":"2025-03-04T04:42:50","modified_gmt":"2025-03-04T04:42:50","slug":"fildisi-pembe-gul-cicekli-halka","status":"publish","type":"product","link":"https:\/\/floratiara.com\/tr\/p\/fildisi-pembe-gul-cicekli-halka\/","title":{"rendered":"Zarif Tozlu Pembe G\u00fcl \u00c7i\u00e7ek Ta\u00e7 Sa\u00e7 Band\u0131"},"content":{"rendered":"<p>Fildi\u015fi tonlar\u0131n\u0131n sakinli\u011fini tozlu pembenin hafif zarafetiyle birle\u015ftiren, el yap\u0131m\u0131 bir harika olan b\u00fcy\u00fcleyici g\u00fcl \u00e7i\u00e7e\u011fi tac\u0131m\u0131zla stilinizi y\u00fckseltin. \u00d6zel g\u00fcnler i\u00e7in m\u00fckemmel olan bu ta\u00e7, her k\u0131yafete tuhaf bir sofistike dokunu\u015f getiriyor. \u00c7ok y\u00f6nl\u00fc dantel kurdelesi son derece rahat bir \u015fekilde tak\u0131l\u0131r ve kutlamalar\u0131n\u0131za \u00fcst\u00fcn bir zarafetle e\u015flik etmeyi vaat eder. Bohem hayalleriniz i\u00e7in ideal bir tamamlay\u0131c\u0131 olan bu zarif aksesuarla do\u011fal bir romantizm ifadesi yarat\u0131n. Cazibeyi kucaklay\u0131n ve bu \u00e7i\u00e7ek tac\u0131n\u0131 gard\u0131robunuzun ta\u00e7land\u0131r\u0131c\u0131 m\u00fccevheri haline getirin.<\/p><p>Kompozisyon: fildi\u015fi kuma\u015f \u00e7i\u00e7ekler, tozlu pembe g\u00fcller, k\u00fc\u00e7\u00fck fildi\u015fi tomurcuklar, dantel kurdele.<\/p>","protected":false},"excerpt":{"rendered":"<div style=\"width: 90%;text-align: left;margin: auto\"><p style=\"text-align:center\"><b>\ud83d\udc51 Ellerimizden Ba\u015f\u0131n\u0131za<\/b><br \/><i>Her Durum \u0130\u00e7in L\u00fcks \u00c7i\u00e7ek Ta\u00e7lar\u0131<\/i><\/p><ul><li>\u2702\ufe0f Kalbinde \u00d6zenle Haz\u0131rlanm\u0131\u015ft\u0131r <b>T\u00fcrkiye<\/b><\/li><li><b>\ud83d\udc90 Kompozisyon: fildi\u015fi kuma\u015f \u00e7i\u00e7ekler, tozlu pembe g\u00fcller, k\u00fc\u00e7\u00fck fildi\u015fi tomurcuklar, dantel kurdele.<\/b><\/li><\/ul><\/div>","protected":false},"featured_media":687,"template":"","meta":[],"product_brand":[],"product_cat":[80],"product_tag":[],"class_list":{"0":"post-688","1":"product","2":"type-product","3":"status-publish","4":"has-post-thumbnail","6":"product_cat-toddler-flower-crown","8":"first","9":"instock","10":"shipping-taxable","11":"purchasable","12":"product-type-simple"},"yoast_head":"<!-- This site is optimized with the Yoast SEO plugin v25.9 - https:\/\/yoast.com\/wordpress\/plugins\/seo\/ -->\n<title>Elegant Dusty Pink Rose Flower Crown Headband - Flora Tiara<\/title>\n<meta name=\"description\" content=\"Unique and beautiful: Shop our Elegant Dusty Pink Rose Flower Crown Headband. Premium high quality headpiece to make the occasion unforgettable.\" \/>\n<meta name=\"robots\" content=\"index, follow, max-snippet:-1, max-image-preview:large, max-video-preview:-1\" \/>\n<link rel=\"canonical\" href=\"https:\/\/floratiara.com\/tr\/p\/fildisi-pembe-gul-cicekli-halka\/\" \/>\n<meta property=\"og:locale\" content=\"tr_TR\" \/>\n<meta property=\"og:type\" content=\"article\" \/>\n<meta property=\"og:title\" content=\"Elegant Dusty Pink Rose Flower Crown Headband - Flora Tiara\" \/>\n<meta property=\"og:description\" content=\"Unique and beautiful: Shop our Elegant Dusty Pink Rose Flower Crown Headband. Premium high quality headpiece to make the occasion unforgettable.\" \/>\n<meta property=\"og:url\" content=\"https:\/\/floratiara.com\/tr\/p\/fildisi-pembe-gul-cicekli-halka\/\" \/>\n<meta property=\"og:site_name\" content=\"Flora Tiara\" \/>\n<meta property=\"article:modified_time\" content=\"2025-03-04T04:42:50+00:00\" \/>\n<meta property=\"og:image\" content=\"https:\/\/floratiara.com\/wp-content\/uploads\/2024\/03\/S7637aad187934dc6b91f54eef69be7c5X.webp\" \/>\n\t<meta property=\"og:image:width\" content=\"800\" \/>\n\t<meta property=\"og:image:height\" content=\"800\" \/>\n\t<meta property=\"og:image:type\" content=\"image\/webp\" \/>\n<meta name=\"twitter:card\" content=\"summary_large_image\" \/>\n<script type=\"application\/ld+json\" class=\"yoast-schema-graph\">{\"@context\":\"https:\/\/schema.org\",\"@graph\":[{\"@type\":\"WebPage\",\"@id\":\"https:\/\/floratiara.com\/p\/ivory-pink-rose-floral-circlet\/\",\"url\":\"https:\/\/floratiara.com\/p\/ivory-pink-rose-floral-circlet\/\",\"name\":\"Elegant Dusty Pink Rose Flower Crown Headband - Flora Tiara\",\"isPartOf\":{\"@id\":\"https:\/\/floratiara.com\/#website\"},\"primaryImageOfPage\":{\"@id\":\"https:\/\/floratiara.com\/p\/ivory-pink-rose-floral-circlet\/#primaryimage\"},\"image\":{\"@id\":\"https:\/\/floratiara.com\/p\/ivory-pink-rose-floral-circlet\/#primaryimage\"},\"thumbnailUrl\":\"https:\/\/floratiara.com\/wp-content\/uploads\/2024\/03\/S7637aad187934dc6b91f54eef69be7c5X.webp\",\"datePublished\":\"2024-03-16T10:35:53+00:00\",\"dateModified\":\"2025-03-04T04:42:50+00:00\",\"description\":\"Unique and beautiful: Shop our Elegant Dusty Pink Rose Flower Crown Headband. Premium high quality headpiece to make the occasion unforgettable.\",\"breadcrumb\":{\"@id\":\"https:\/\/floratiara.com\/p\/ivory-pink-rose-floral-circlet\/#breadcrumb\"},\"inLanguage\":\"tr\",\"potentialAction\":[{\"@type\":\"ReadAction\",\"target\":[\"https:\/\/floratiara.com\/p\/ivory-pink-rose-floral-circlet\/\"]}]},{\"@type\":\"ImageObject\",\"inLanguage\":\"tr\",\"@id\":\"https:\/\/floratiara.com\/p\/ivory-pink-rose-floral-circlet\/#primaryimage\",\"url\":\"https:\/\/floratiara.com\/wp-content\/uploads\/2024\/03\/S7637aad187934dc6b91f54eef69be7c5X.webp\",\"contentUrl\":\"https:\/\/floratiara.com\/wp-content\/uploads\/2024\/03\/S7637aad187934dc6b91f54eef69be7c5X.webp\",\"width\":800,\"height\":800},{\"@type\":\"BreadcrumbList\",\"@id\":\"https:\/\/floratiara.com\/p\/ivory-pink-rose-floral-circlet\/#breadcrumb\",\"itemListElement\":[{\"@type\":\"ListItem\",\"position\":1,\"name\":\"Home\",\"item\":\"https:\/\/floratiara.com\/\"},{\"@type\":\"ListItem\",\"position\":2,\"name\":\"Shop\",\"item\":\"https:\/\/floratiara.com\/shop\/\"},{\"@type\":\"ListItem\",\"position\":3,\"name\":\"Elegant Dusty Pink Rose Flower Crown Headband\"}]},{\"@type\":\"WebSite\",\"@id\":\"https:\/\/floratiara.com\/#website\",\"url\":\"https:\/\/floratiara.com\/\",\"name\":\"Flora Tiara\",\"description\":\"\",\"publisher\":{\"@id\":\"https:\/\/floratiara.com\/#organization\"},\"potentialAction\":[{\"@type\":\"SearchAction\",\"target\":{\"@type\":\"EntryPoint\",\"urlTemplate\":\"https:\/\/floratiara.com\/?s={search_term_string}\"},\"query-input\":{\"@type\":\"PropertyValueSpecification\",\"valueRequired\":true,\"valueName\":\"search_term_string\"}}],\"inLanguage\":\"tr\"},{\"@type\":\"Organization\",\"@id\":\"https:\/\/floratiara.com\/#organization\",\"name\":\"Flora Tiara\",\"url\":\"https:\/\/floratiara.com\/\",\"logo\":{\"@type\":\"ImageObject\",\"inLanguage\":\"tr\",\"@id\":\"https:\/\/floratiara.com\/#\/schema\/logo\/image\/\",\"url\":\"https:\/\/floratiara.com\/wp-content\/uploads\/2024\/03\/flora-tiara-logo.png\",\"contentUrl\":\"https:\/\/floratiara.com\/wp-content\/uploads\/2024\/03\/flora-tiara-logo.png\",\"width\":1024,\"height\":274,\"caption\":\"Flora Tiara\"},\"image\":{\"@id\":\"https:\/\/floratiara.com\/#\/schema\/logo\/image\/\"}}]}<\/script>\n<!-- \/ Yoast SEO plugin. -->","yoast_head_json":{"title":"Zarif Tozlu Pembe G\u00fcl \u00c7i\u00e7ek Ta\u00e7 Sa\u00e7 Band\u0131 - Flora Tiara","description":"E\u015fsiz ve g\u00fczel: Zarif Tozlu Pembe G\u00fcl \u00c7i\u00e7ek Ta\u00e7 Kafa Band\u0131m\u0131z\u0131 sat\u0131n al\u0131n. Etkinli\u011fi unutulmaz k\u0131lmak i\u00e7in birinci s\u0131n\u0131f y\u00fcksek kaliteli ba\u015fl\u0131k.","robots":{"index":"index","follow":"follow","max-snippet":"max-snippet:-1","max-image-preview":"max-image-preview:large","max-video-preview":"max-video-preview:-1"},"canonical":"https:\/\/floratiara.com\/tr\/p\/fildisi-pembe-gul-cicekli-halka\/","og_locale":"tr_TR","og_type":"article","og_title":"Elegant Dusty Pink Rose Flower Crown Headband - Flora Tiara","og_description":"Unique and beautiful: Shop our Elegant Dusty Pink Rose Flower Crown Headband. Premium high quality headpiece to make the occasion unforgettable.","og_url":"https:\/\/floratiara.com\/tr\/p\/fildisi-pembe-gul-cicekli-halka\/","og_site_name":"Flora Tiara","article_modified_time":"2025-03-04T04:42:50+00:00","og_image":[{"width":800,"height":800,"url":"https:\/\/floratiara.com\/wp-content\/uploads\/2024\/03\/S7637aad187934dc6b91f54eef69be7c5X.webp","type":"image\/webp"}],"twitter_card":"summary_large_image","schema":{"@context":"https:\/\/schema.org","@graph":[{"@type":"WebPage","@id":"https:\/\/floratiara.com\/p\/ivory-pink-rose-floral-circlet\/","url":"https:\/\/floratiara.com\/p\/ivory-pink-rose-floral-circlet\/","name":"Zarif Tozlu Pembe G\u00fcl \u00c7i\u00e7ek Ta\u00e7 Sa\u00e7 Band\u0131 - Flora Tiara","isPartOf":{"@id":"https:\/\/floratiara.com\/#website"},"primaryImageOfPage":{"@id":"https:\/\/floratiara.com\/p\/ivory-pink-rose-floral-circlet\/#primaryimage"},"image":{"@id":"https:\/\/floratiara.com\/p\/ivory-pink-rose-floral-circlet\/#primaryimage"},"thumbnailUrl":"https:\/\/floratiara.com\/wp-content\/uploads\/2024\/03\/S7637aad187934dc6b91f54eef69be7c5X.webp","datePublished":"2024-03-16T10:35:53+00:00","dateModified":"2025-03-04T04:42:50+00:00","description":"E\u015fsiz ve g\u00fczel: Zarif Tozlu Pembe G\u00fcl \u00c7i\u00e7ek Ta\u00e7 Kafa Band\u0131m\u0131z\u0131 sat\u0131n al\u0131n. Etkinli\u011fi unutulmaz k\u0131lmak i\u00e7in birinci s\u0131n\u0131f y\u00fcksek kaliteli ba\u015fl\u0131k.","breadcrumb":{"@id":"https:\/\/floratiara.com\/p\/ivory-pink-rose-floral-circlet\/#breadcrumb"},"inLanguage":"tr","potentialAction":[{"@type":"ReadAction","target":["https:\/\/floratiara.com\/p\/ivory-pink-rose-floral-circlet\/"]}]},{"@type":"ImageObject","inLanguage":"tr","@id":"https:\/\/floratiara.com\/p\/ivory-pink-rose-floral-circlet\/#primaryimage","url":"https:\/\/floratiara.com\/wp-content\/uploads\/2024\/03\/S7637aad187934dc6b91f54eef69be7c5X.webp","contentUrl":"https:\/\/floratiara.com\/wp-content\/uploads\/2024\/03\/S7637aad187934dc6b91f54eef69be7c5X.webp","width":800,"height":800},{"@type":"BreadcrumbList","@id":"https:\/\/floratiara.com\/p\/ivory-pink-rose-floral-circlet\/#breadcrumb","itemListElement":[{"@type":"ListItem","position":1,"name":"Home","item":"https:\/\/floratiara.com\/"},{"@type":"ListItem","position":2,"name":"Shop","item":"https:\/\/floratiara.com\/shop\/"},{"@type":"ListItem","position":3,"name":"Elegant Dusty Pink Rose Flower Crown Headband"}]},{"@type":"WebSite","@id":"https:\/\/floratiara.com\/#website","url":"https:\/\/floratiara.com\/","name":"Flora Tiara","description":"","publisher":{"@id":"https:\/\/floratiara.com\/#organization"},"potentialAction":[{"@type":"SearchAction","target":{"@type":"EntryPoint","urlTemplate":"https:\/\/floratiara.com\/?s={search_term_string}"},"query-input":{"@type":"PropertyValueSpecification","valueRequired":true,"valueName":"search_term_string"}}],"inLanguage":"tr"},{"@type":"Organization","@id":"https:\/\/floratiara.com\/#organization","name":"Flora Tiara","url":"https:\/\/floratiara.com\/","logo":{"@type":"ImageObject","inLanguage":"tr","@id":"https:\/\/floratiara.com\/#\/schema\/logo\/image\/","url":"https:\/\/floratiara.com\/wp-content\/uploads\/2024\/03\/flora-tiara-logo.png","contentUrl":"https:\/\/floratiara.com\/wp-content\/uploads\/2024\/03\/flora-tiara-logo.png","width":1024,"height":274,"caption":"Flora Tiara"},"image":{"@id":"https:\/\/floratiara.com\/#\/schema\/logo\/image\/"}}]}},"_links":{"self":[{"href":"https:\/\/floratiara.com\/tr\/wp-json\/wp\/v2\/product\/688","targetHints":{"allow":["GET"]}}],"collection":[{"href":"https:\/\/floratiara.com\/tr\/wp-json\/wp\/v2\/product"}],"about":[{"href":"https:\/\/floratiara.com\/tr\/wp-json\/wp\/v2\/types\/product"}],"wp:featuredmedia":[{"embeddable":true,"href":"https:\/\/floratiara.com\/tr\/wp-json\/wp\/v2\/media\/687"}],"wp:attachment":[{"href":"https:\/\/floratiara.com\/tr\/wp-json\/wp\/v2\/media?parent=688"}],"wp:term":[{"taxonomy":"product_brand","embeddable":true,"href":"https:\/\/floratiara.com\/tr\/wp-json\/wp\/v2\/product_brand?post=688"},{"taxonomy":"product_cat","embeddable":true,"href":"https:\/\/floratiara.com\/tr\/wp-json\/wp\/v2\/product_cat?post=688"},{"taxonomy":"product_tag","embeddable":true,"href":"https:\/\/floratiara.com\/tr\/wp-json\/wp\/v2\/product_tag?post=688"}],"curies":[{"name":"wp","href":"https:\/\/api.w.org\/{rel}","templated":true}]}}