{"id":89,"date":"2024-03-16T06:46:41","date_gmt":"2024-03-16T06:46:41","guid":{"rendered":"https:\/\/floratiara.com\/?post_type=product&#038;p=89"},"modified":"2025-03-04T04:42:29","modified_gmt":"2025-03-04T04:42:29","slug":"gelin-sac-bandi-cicekli-postis-siklik","status":"publish","type":"product","link":"https:\/\/floratiara.com\/tr\/p\/gelin-sac-bandi-cicekli-postis-siklik\/","title":{"rendered":"D\u00fc\u011f\u00fcnler ve Festivaller i\u00e7in B\u00fcy\u00fcleyici \u00c7i\u00e7ekli Ta\u00e7"},"content":{"rendered":"<p>\u00d6zel g\u00fcn\u00fcn\u00fcz\u00fc m\u00fckemmelle\u015ftirmek i\u00e7in tasarlanm\u0131\u015f bir ba\u015fyap\u0131t olan el yap\u0131m\u0131 \u00c7i\u00e7ekli Tac\u0131m\u0131z\u0131n b\u00fcy\u00fcs\u00fcn\u00fc kucaklay\u0131n. \u015eeftali g\u00fclleri, kremsi dahlialar ve narin bebek nefesi ile s\u00fcslenmi\u015f bu \u0131smarlama aksesuar, her t\u00fcrl\u00fc gelin veya festival g\u00f6r\u00fcn\u00fcm\u00fcne do\u011fadan ilham alan bir zarafet katar. Pembe meyveler e\u011flenceli bir hava katarken, amaranthus dallar\u0131 tuhaf bir hava kat\u0131yor. Sa\u00e7\u0131n\u0131z\u0131n cazibesini y\u00fckseltmek ve her unutulmaz anda g\u00fczelli\u011fin \u00f6z\u00fcn\u00fc yakalamak i\u00e7in m\u00fckemmel olan bu giyilebilir sanat\u0131n romantizmine ve sofistikeli\u011fine kendinizi b\u0131rak\u0131n.<\/p><p>Kompozisyon: \u015feftali g\u00fclleri, krem dahlialar, pembe dut salk\u0131mlar\u0131, beyaz bebek nefesi (gypsophila), ye\u015fil yapraklar ve sarkan ye\u015fil amaranthus.<\/p>","protected":false},"excerpt":{"rendered":"<div style=\"width: 90%;text-align: left;margin: auto\"><p style=\"text-align:center\"><b>\ud83d\udc51 Ellerimizden Ba\u015f\u0131n\u0131za<\/b><br \/><i>Her Durum \u0130\u00e7in L\u00fcks \u00c7i\u00e7ek Ta\u00e7lar\u0131<\/i><\/p><ul><li>\u2702\ufe0f Kalbinde \u00d6zenle Haz\u0131rlanm\u0131\u015ft\u0131r <b>T\u00fcrkiye<\/b><\/li><li><b>\ud83d\udc90 Kompozisyon: \u015feftali g\u00fcller, krem dahlialar, pembe dut salk\u0131mlar\u0131, beyaz bebek nefesi (gypsophila), ye\u015fil yapraklar ve sarkan ye\u015fil amaranthus.<\/b><\/li><\/ul><\/div>","protected":false},"featured_media":88,"template":"","meta":[],"product_brand":[],"product_cat":[61,78,73,70,59],"product_tag":[],"class_list":{"0":"post-89","1":"product","2":"type-product","3":"status-publish","4":"has-post-thumbnail","6":"product_cat-bridesmaid-floral-headpiece","7":"product_cat-dried-floral-headpiece","8":"product_cat-pink-floral-headpiece","9":"product_cat-rose-floral-headpiece","10":"product_cat-bridal-floral-headpiece","12":"first","13":"instock","14":"shipping-taxable","15":"purchasable","16":"product-type-simple"},"yoast_head":"<!-- This site is optimized with the Yoast SEO plugin v25.9 - https:\/\/yoast.com\/wordpress\/plugins\/seo\/ -->\n<title>Enchanting Floral Crown for Weddings &amp; Festivals - Flora Tiara<\/title>\n<meta name=\"description\" content=\"Unique and beautiful: Shop our Enchanting Floral Crown for Weddings &amp; Festivals. Premium high quality headpiece to make the occasion unforgettable.\" \/>\n<meta name=\"robots\" content=\"index, follow, max-snippet:-1, max-image-preview:large, max-video-preview:-1\" \/>\n<link rel=\"canonical\" href=\"https:\/\/floratiara.com\/tr\/p\/gelin-sac-bandi-cicekli-postis-siklik\/\" \/>\n<meta property=\"og:locale\" content=\"tr_TR\" \/>\n<meta property=\"og:type\" content=\"article\" \/>\n<meta property=\"og:title\" content=\"Enchanting Floral Crown for Weddings &amp; Festivals - Flora Tiara\" \/>\n<meta property=\"og:description\" content=\"Unique and beautiful: Shop our Enchanting Floral Crown for Weddings &amp; Festivals. Premium high quality headpiece to make the occasion unforgettable.\" \/>\n<meta property=\"og:url\" content=\"https:\/\/floratiara.com\/tr\/p\/gelin-sac-bandi-cicekli-postis-siklik\/\" \/>\n<meta property=\"og:site_name\" content=\"Flora Tiara\" \/>\n<meta property=\"article:modified_time\" content=\"2025-03-04T04:42:29+00:00\" \/>\n<meta property=\"og:image\" content=\"https:\/\/floratiara.com\/wp-content\/uploads\/2024\/03\/S2fcb7aa16db941128b204e952f1ac5b9O-1.webp\" \/>\n\t<meta property=\"og:image:width\" content=\"1500\" \/>\n\t<meta property=\"og:image:height\" content=\"1500\" \/>\n\t<meta property=\"og:image:type\" content=\"image\/webp\" \/>\n<meta name=\"twitter:card\" content=\"summary_large_image\" \/>\n<meta name=\"twitter:label1\" content=\"Tahmini okuma s\u00fcresi\" \/>\n\t<meta name=\"twitter:data1\" content=\"1 dakika\" \/>\n<script type=\"application\/ld+json\" class=\"yoast-schema-graph\">{\"@context\":\"https:\/\/schema.org\",\"@graph\":[{\"@type\":\"WebPage\",\"@id\":\"https:\/\/floratiara.com\/p\/bridal-headband-floral-hairpiece-elegance\/\",\"url\":\"https:\/\/floratiara.com\/p\/bridal-headband-floral-hairpiece-elegance\/\",\"name\":\"Enchanting Floral Crown for Weddings &amp; Festivals - Flora Tiara\",\"isPartOf\":{\"@id\":\"https:\/\/floratiara.com\/#website\"},\"primaryImageOfPage\":{\"@id\":\"https:\/\/floratiara.com\/p\/bridal-headband-floral-hairpiece-elegance\/#primaryimage\"},\"image\":{\"@id\":\"https:\/\/floratiara.com\/p\/bridal-headband-floral-hairpiece-elegance\/#primaryimage\"},\"thumbnailUrl\":\"https:\/\/floratiara.com\/wp-content\/uploads\/2024\/03\/S2fcb7aa16db941128b204e952f1ac5b9O-1.webp\",\"datePublished\":\"2024-03-16T06:46:41+00:00\",\"dateModified\":\"2025-03-04T04:42:29+00:00\",\"description\":\"Unique and beautiful: Shop our Enchanting Floral Crown for Weddings &amp; Festivals. Premium high quality headpiece to make the occasion unforgettable.\",\"breadcrumb\":{\"@id\":\"https:\/\/floratiara.com\/p\/bridal-headband-floral-hairpiece-elegance\/#breadcrumb\"},\"inLanguage\":\"tr\",\"potentialAction\":[{\"@type\":\"ReadAction\",\"target\":[\"https:\/\/floratiara.com\/p\/bridal-headband-floral-hairpiece-elegance\/\"]}]},{\"@type\":\"ImageObject\",\"inLanguage\":\"tr\",\"@id\":\"https:\/\/floratiara.com\/p\/bridal-headband-floral-hairpiece-elegance\/#primaryimage\",\"url\":\"https:\/\/floratiara.com\/wp-content\/uploads\/2024\/03\/S2fcb7aa16db941128b204e952f1ac5b9O-1.webp\",\"contentUrl\":\"https:\/\/floratiara.com\/wp-content\/uploads\/2024\/03\/S2fcb7aa16db941128b204e952f1ac5b9O-1.webp\",\"width\":1500,\"height\":1500},{\"@type\":\"BreadcrumbList\",\"@id\":\"https:\/\/floratiara.com\/p\/bridal-headband-floral-hairpiece-elegance\/#breadcrumb\",\"itemListElement\":[{\"@type\":\"ListItem\",\"position\":1,\"name\":\"Home\",\"item\":\"https:\/\/floratiara.com\/\"},{\"@type\":\"ListItem\",\"position\":2,\"name\":\"Shop\",\"item\":\"https:\/\/floratiara.com\/shop\/\"},{\"@type\":\"ListItem\",\"position\":3,\"name\":\"Enchanting Floral Crown for Weddings &amp; Festivals\"}]},{\"@type\":\"WebSite\",\"@id\":\"https:\/\/floratiara.com\/#website\",\"url\":\"https:\/\/floratiara.com\/\",\"name\":\"Flora Tiara\",\"description\":\"\",\"publisher\":{\"@id\":\"https:\/\/floratiara.com\/#organization\"},\"potentialAction\":[{\"@type\":\"SearchAction\",\"target\":{\"@type\":\"EntryPoint\",\"urlTemplate\":\"https:\/\/floratiara.com\/?s={search_term_string}\"},\"query-input\":{\"@type\":\"PropertyValueSpecification\",\"valueRequired\":true,\"valueName\":\"search_term_string\"}}],\"inLanguage\":\"tr\"},{\"@type\":\"Organization\",\"@id\":\"https:\/\/floratiara.com\/#organization\",\"name\":\"Flora Tiara\",\"url\":\"https:\/\/floratiara.com\/\",\"logo\":{\"@type\":\"ImageObject\",\"inLanguage\":\"tr\",\"@id\":\"https:\/\/floratiara.com\/#\/schema\/logo\/image\/\",\"url\":\"https:\/\/floratiara.com\/wp-content\/uploads\/2024\/03\/flora-tiara-logo.png\",\"contentUrl\":\"https:\/\/floratiara.com\/wp-content\/uploads\/2024\/03\/flora-tiara-logo.png\",\"width\":1024,\"height\":274,\"caption\":\"Flora Tiara\"},\"image\":{\"@id\":\"https:\/\/floratiara.com\/#\/schema\/logo\/image\/\"}}]}<\/script>\n<!-- \/ Yoast SEO plugin. -->","yoast_head_json":{"title":"D\u00fc\u011f\u00fcnler ve Festivaller i\u00e7in B\u00fcy\u00fcleyici \u00c7i\u00e7ekli Ta\u00e7 - Flora Tiara","description":"E\u015fsiz ve g\u00fczel: D\u00fc\u011f\u00fcnler ve Festivaller i\u00e7in B\u00fcy\u00fcleyici \u00c7i\u00e7ekli Ta\u00e7 \u00fcr\u00fcn\u00fcm\u00fcz\u00fc sat\u0131n al\u0131n. Etkinli\u011fi unutulmaz k\u0131lmak i\u00e7in birinci s\u0131n\u0131f y\u00fcksek kaliteli ba\u015fl\u0131k.","robots":{"index":"index","follow":"follow","max-snippet":"max-snippet:-1","max-image-preview":"max-image-preview:large","max-video-preview":"max-video-preview:-1"},"canonical":"https:\/\/floratiara.com\/tr\/p\/gelin-sac-bandi-cicekli-postis-siklik\/","og_locale":"tr_TR","og_type":"article","og_title":"Enchanting Floral Crown for Weddings &amp; Festivals - Flora Tiara","og_description":"Unique and beautiful: Shop our Enchanting Floral Crown for Weddings &amp; Festivals. Premium high quality headpiece to make the occasion unforgettable.","og_url":"https:\/\/floratiara.com\/tr\/p\/gelin-sac-bandi-cicekli-postis-siklik\/","og_site_name":"Flora Tiara","article_modified_time":"2025-03-04T04:42:29+00:00","og_image":[{"width":1500,"height":1500,"url":"https:\/\/floratiara.com\/wp-content\/uploads\/2024\/03\/S2fcb7aa16db941128b204e952f1ac5b9O-1.webp","type":"image\/webp"}],"twitter_card":"summary_large_image","twitter_misc":{"Tahmini okuma s\u00fcresi":"1 dakika"},"schema":{"@context":"https:\/\/schema.org","@graph":[{"@type":"WebPage","@id":"https:\/\/floratiara.com\/p\/bridal-headband-floral-hairpiece-elegance\/","url":"https:\/\/floratiara.com\/p\/bridal-headband-floral-hairpiece-elegance\/","name":"D\u00fc\u011f\u00fcnler ve Festivaller i\u00e7in B\u00fcy\u00fcleyici \u00c7i\u00e7ekli Ta\u00e7 - Flora Tiara","isPartOf":{"@id":"https:\/\/floratiara.com\/#website"},"primaryImageOfPage":{"@id":"https:\/\/floratiara.com\/p\/bridal-headband-floral-hairpiece-elegance\/#primaryimage"},"image":{"@id":"https:\/\/floratiara.com\/p\/bridal-headband-floral-hairpiece-elegance\/#primaryimage"},"thumbnailUrl":"https:\/\/floratiara.com\/wp-content\/uploads\/2024\/03\/S2fcb7aa16db941128b204e952f1ac5b9O-1.webp","datePublished":"2024-03-16T06:46:41+00:00","dateModified":"2025-03-04T04:42:29+00:00","description":"E\u015fsiz ve g\u00fczel: D\u00fc\u011f\u00fcnler ve Festivaller i\u00e7in B\u00fcy\u00fcleyici \u00c7i\u00e7ekli Ta\u00e7 \u00fcr\u00fcn\u00fcm\u00fcz\u00fc sat\u0131n al\u0131n. Etkinli\u011fi unutulmaz k\u0131lmak i\u00e7in birinci s\u0131n\u0131f y\u00fcksek kaliteli ba\u015fl\u0131k.","breadcrumb":{"@id":"https:\/\/floratiara.com\/p\/bridal-headband-floral-hairpiece-elegance\/#breadcrumb"},"inLanguage":"tr","potentialAction":[{"@type":"ReadAction","target":["https:\/\/floratiara.com\/p\/bridal-headband-floral-hairpiece-elegance\/"]}]},{"@type":"ImageObject","inLanguage":"tr","@id":"https:\/\/floratiara.com\/p\/bridal-headband-floral-hairpiece-elegance\/#primaryimage","url":"https:\/\/floratiara.com\/wp-content\/uploads\/2024\/03\/S2fcb7aa16db941128b204e952f1ac5b9O-1.webp","contentUrl":"https:\/\/floratiara.com\/wp-content\/uploads\/2024\/03\/S2fcb7aa16db941128b204e952f1ac5b9O-1.webp","width":1500,"height":1500},{"@type":"BreadcrumbList","@id":"https:\/\/floratiara.com\/p\/bridal-headband-floral-hairpiece-elegance\/#breadcrumb","itemListElement":[{"@type":"ListItem","position":1,"name":"Home","item":"https:\/\/floratiara.com\/"},{"@type":"ListItem","position":2,"name":"Shop","item":"https:\/\/floratiara.com\/shop\/"},{"@type":"ListItem","position":3,"name":"Enchanting Floral Crown for Weddings &amp; Festivals"}]},{"@type":"WebSite","@id":"https:\/\/floratiara.com\/#website","url":"https:\/\/floratiara.com\/","name":"Flora Tiara","description":"","publisher":{"@id":"https:\/\/floratiara.com\/#organization"},"potentialAction":[{"@type":"SearchAction","target":{"@type":"EntryPoint","urlTemplate":"https:\/\/floratiara.com\/?s={search_term_string}"},"query-input":{"@type":"PropertyValueSpecification","valueRequired":true,"valueName":"search_term_string"}}],"inLanguage":"tr"},{"@type":"Organization","@id":"https:\/\/floratiara.com\/#organization","name":"Flora Tiara","url":"https:\/\/floratiara.com\/","logo":{"@type":"ImageObject","inLanguage":"tr","@id":"https:\/\/floratiara.com\/#\/schema\/logo\/image\/","url":"https:\/\/floratiara.com\/wp-content\/uploads\/2024\/03\/flora-tiara-logo.png","contentUrl":"https:\/\/floratiara.com\/wp-content\/uploads\/2024\/03\/flora-tiara-logo.png","width":1024,"height":274,"caption":"Flora Tiara"},"image":{"@id":"https:\/\/floratiara.com\/#\/schema\/logo\/image\/"}}]}},"_links":{"self":[{"href":"https:\/\/floratiara.com\/tr\/wp-json\/wp\/v2\/product\/89","targetHints":{"allow":["GET"]}}],"collection":[{"href":"https:\/\/floratiara.com\/tr\/wp-json\/wp\/v2\/product"}],"about":[{"href":"https:\/\/floratiara.com\/tr\/wp-json\/wp\/v2\/types\/product"}],"wp:featuredmedia":[{"embeddable":true,"href":"https:\/\/floratiara.com\/tr\/wp-json\/wp\/v2\/media\/88"}],"wp:attachment":[{"href":"https:\/\/floratiara.com\/tr\/wp-json\/wp\/v2\/media?parent=89"}],"wp:term":[{"taxonomy":"product_brand","embeddable":true,"href":"https:\/\/floratiara.com\/tr\/wp-json\/wp\/v2\/product_brand?post=89"},{"taxonomy":"product_cat","embeddable":true,"href":"https:\/\/floratiara.com\/tr\/wp-json\/wp\/v2\/product_cat?post=89"},{"taxonomy":"product_tag","embeddable":true,"href":"https:\/\/floratiara.com\/tr\/wp-json\/wp\/v2\/product_tag?post=89"}],"curies":[{"name":"wp","href":"https:\/\/api.w.org\/{rel}","templated":true}]}}